{"id":4653,"date":"2018-05-17T17:36:34","date_gmt":"2018-05-17T15:36:34","guid":{"rendered":"https:\/\/akiarabooks.com\/politica-de-vendes\/"},"modified":"2018-09-28T14:54:07","modified_gmt":"2018-09-28T12:54:07","slug":"politica-de-ventas","status":"publish","type":"page","link":"https:\/\/akiarabooks.com\/es\/politica-de-ventas\/","title":{"rendered":"Pol\u00edtica de ventas"},"content":{"rendered":"<p>&nbsp;<\/p>\n<p><strong>1.CONDICIONES DE CONTRATACI\u00d3N<\/strong><\/p>\n<p>Las presentes condiciones de contrataci\u00f3n se aplicar\u00e1n a todas las compras hechas en la web <a href=\"http:\/\/www.akiarabooks.com\">www.akiarabooks.com<\/a>, titularidad de AKIARA books, SLU (en adelante, AKIARA), domiciliada en la Pla\u00e7a del Nord, 4, pral. 1.\u00aa, de Barcelona, inscrita en el Registro Mercantil de Barcelona, tomo 46.248, folio 7, hoja B 514.169, con el NIF B-67144550 y el VAT ESB-67144550. Para cualquier consulta, rogamos env\u00ede un mensaje de correo electr\u00f3nico a info@akiarabooks.com \u00a0o llame al tel\u00e9fono 93 217 20 31, en horario comercial.<\/p>\n<p>Las presentes condiciones de contrataci\u00f3n tienen por objeto describir e informar el usuario de las condiciones que se aplican a las compras hechas <em>online<\/em> a trav\u00e9s de la web <a href=\"http:\/\/www.akiarabooks.com\">www.akiarabooks.com<\/a> de los productos que en cada momento se ofrecen. Se complementan con la informaci\u00f3n que se hace constar en el apartado \u00abT\u00e9rminos legales\u00bb de la web y con la que conste para cada producto en particular.<\/p>\n<p>Estas condiciones podr\u00e1n ser modificadas en cualquier momento por AKIARA, pero se proceder\u00e1 inmediatamente a publicarlas a fin de que puedan ser conocidas siempre previamente por el usuario.<\/p>\n<p>&nbsp;<\/p>\n<p><strong>2. COMPROMISO DEL USUARIO<\/strong><\/p>\n<p>El usuario manifiesta conocer y aceptar estas condiciones, por el solo hecho de validar el pedido de cualquier de los productos que AKIARA ofrezca a trav\u00e9s de la web <a href=\"http:\/\/www.akiarabooks.com\">www.akiarabooks.com<\/a> en la modalidad de comercio electr\u00f3nico, seg\u00fan la Ley 34\/2002, de 11 de julio, de Servicios de la Sociedad de la Informaci\u00f3n y el Comercio Electr\u00f3nico.<\/p>\n<p>El usuario se compromete a proporcionar informaci\u00f3n veraz. En el caso de menores, es necesario que los padres, tutores o representantes legales den su consentimiento expreso. Teniendo en cuenta que AKIARA no puede comprobar la veracidad de los datos que proporcione el usuario, se reserva el derecho de atender los pedidos previa comprobaci\u00f3n de los datos, cuando as\u00ed lo decida discrecionalmente, sin que esto suponga ninguna aceptaci\u00f3n de veracidad de los que no compruebe.<\/p>\n<p>M\u00e1s concretamente, el usuario se obliga a proporcionar informaci\u00f3n veraz, a mantenerla actualizada y a posibilitar la entrega del pedido, proporcionando una direcci\u00f3n correcta y un horario de recepci\u00f3n viable. En caso contrario, AKIARA no se responsabiliza por el retraso en la entrega de los pedidos.<\/p>\n<p>&nbsp;<\/p>\n<p><strong>3. PROCESO DE COMPRA<\/strong><\/p>\n<p>Los precios que se indican en la web son con IVA incluido y respetan la cl\u00e1usula <em>del precio fijo<\/em>\u00a0de la\u00a0<em>Ley del Libro en vigor. AKIARA no desea, en ning\u00fan caso, hacer la competencia a las librer\u00edas, principal canal de venta de libros.<\/em><\/p>\n<p>Para realizar una compra ser\u00e1 indispensable que vaya a la p\u00e1gina del libro o libros que quiere comprar y marque la opci\u00f3n \u00abcomprar\u00bb, especificando la cantidad deseada en la casilla correspondiente. En la esquina superior derecha de la web aparecer\u00e1 el icono de la cesta de la compra con los ejemplares que ha elegido. Si pulsa ese bot\u00f3n, le remitir\u00e1 directamente en la tienda electr\u00f3nica, donde tendr\u00e1 que rellenar un formulario (siguiendo las instrucciones que se soliciten en cada momento) y validar el pedido. Se le informar\u00e1 entonces del precio definitivo de los productos, as\u00ed como de los plazos aproximados de entrega. Pasar\u00e1 autom\u00e1ticamente a la pasarela virtual (TPV virtual) del Banco de Sabadell, donde podr\u00e1 realizar el pago mediante una tarjeta de cr\u00e9dito.<\/p>\n<p>En todo momento el usuario tendr\u00e1 informaci\u00f3n del proceso de compra. La validaci\u00f3n de la compra supone la aceptaci\u00f3n de estas condiciones generales y constituye una prueba del conocimiento y conformidad por parte del cliente.<\/p>\n<p>Una vez realizado el pedido y recibido el pago correspondiente, AKIARA proceder\u00e1 a emitir y enviar una factura al cliente, a la direcci\u00f3n que figure en el formulario de compra. En el plazo m\u00e1s breve posible, AKIARA pasar\u00e1 a tramitar el pedido. Esta brevedad podr\u00e1 verse alterada durante los periodos de vacaciones, concretamente antes de Reyes, de Pascua o durante el mes de agosto, circunstancia por la que AKIARA pide desde ya disculpas a los usuarios de su web.<\/p>\n<p>&nbsp;<\/p>\n<p><strong>4. DATOS PERSONALES<\/strong><\/p>\n<p>Los datos facilitados por los usuarios se incluir\u00e1n en un fichero de datos de car\u00e1cter personal y se utilizar\u00e1n \u00fanicamente para poder tramitar el pedido. En cualquier momento el usuario podr\u00e1 ejercer los derechos de acceso, de oposici\u00f3n, de rectificaci\u00f3n y cancelaci\u00f3n previstos en la Ley Org\u00e1nica 15\/1999 de Protecci\u00f3n de Datos de Car\u00e1cter Personal, de 13 de diciembre, enviando un correo electr\u00f3nico a <a href=\"mailto:info@akiarabooks.com\">info@akiarabooks.com<\/a>, o enviando una carta a la direcci\u00f3n postal de AKIARA, que consta al principio de las presentes condiciones.<\/p>\n<p>&nbsp;<\/p>\n<p><strong>5. PROCESO DE PAGO<\/strong><\/p>\n<p>El pago de las compras en la tienda <em>online<\/em> de AKIARA deber\u00e1 hacerse mediante tarjeta de cr\u00e9dito Visa o MasterCard. El cobro se har\u00e1 en el momento del env\u00edo. El pago con tarjeta de cr\u00e9dito se hace a trav\u00e9s del servidor de la entidad bancaria, que garantiza la seguridad del cliente gracias al protocolo basado en el est\u00e1ndar SSL, que hace que los datos viajen cifrados por la red y nadie pueda interceptarlos ni utilizarlos de manera fraudulenta. Los datos de la tarjeta de cr\u00e9dito se transmiten protegidos directamente al banco y esta informaci\u00f3n nunca llega a ninguno otro destinatario.<\/p>\n<p>En caso de denegaci\u00f3n del pago, el pedido se cancelar\u00e1 y se informar\u00e1 el usuario con un mensaje electr\u00f3nico. En caso de pagos con tarjetas emitidas en otro pa\u00eds distinto a Espa\u00f1a, el banco emisor deber\u00e1 estar acogido al Protocolo de Seguridad de Comercio Electr\u00f3nico Seguro (CES).<\/p>\n<p>&nbsp;<\/p>\n<p><strong>6. GASTOS DE ENV\u00cdO<\/strong><\/p>\n<p>Para pedidos en Espa\u00f1a o Portugal, el env\u00edo de los productos se hace por mensajer\u00eda urgente (24 o 48 horas entre pedido y entrega) y los gastos de env\u00edo son gratuitos.<\/p>\n<p>Para pedidos del resto de Europa, el env\u00edo de los productos se hace por mensajer\u00eda urgente (3 o 4 d\u00edas h\u00e1biles entre pedido y entrega) y se suman 8 euros de gastos de env\u00edo.<\/p>\n<p>Para pedidos en las Islas Canarias, Ceuta, Melilla, Andorra, Madeira o Azores, as\u00ed como en otras zonas de Europa que no pertenecen a la Uni\u00f3n Aduanera Europea, el env\u00edo se hace por correo postal y se suman 5 euros de gastos de env\u00edo. En principio, con la \u00abtarifa libro\u00bb el env\u00edo est\u00e1 exento de la aplicaci\u00f3n de impuestos de importaci\u00f3n. En el supuesto de que los haya, deber\u00e1n ser pagados en destino por el receptor del producto adquirido. Las pol\u00edticas aduaneras var\u00edan mucho en funci\u00f3n de cada pa\u00eds, de forma que, para m\u00e1s informaci\u00f3n, el consumidor deber\u00e1 ponerse en contacto con su oficina local de aduanas.<\/p>\n<p>Para pedidos a otras partes del mundo, rogamos consulten las condiciones enviando un correo electr\u00f3nico a <a href=\"mailto:info@akiarabooks.com\">info@akiarabooks.com<\/a>.<\/p>\n<p>&nbsp;<\/p>\n<p><strong>7. INCIDENCIAS<\/strong><\/p>\n<p>La entrega de cualquier de los productos objeto de compraventa al amparo de las presentes condiciones generales est\u00e1 condicionada por el plan de disponibilidad de AKIARA, que har\u00e1 cuanto est\u00e9 en su mano para efectuar las entregas en la fecha prevista, ofrecida o confirmada. Si no dispone de stocks inmediatos de los libros pedidos, proceder\u00e1 a informar inmediatamente el comprador.<\/p>\n<p>Si se produce un retraso en el reparto del pedido por parte del transportista, el usuario podr\u00e1 dirigirse a AKIARA, que har\u00e1 la reclamaci\u00f3n al transportista o a Correos y le ir\u00e1 informando puntualmente del tr\u00e1mite. Sin embargo, AKIARA no adquirir\u00e1 responsabilidad alguna si se incumplen estas fechas siempre que sea por causas ajenas.<\/p>\n<p>Si el retraso en la entrega es imputable a AKIARA y supera los 15 d\u00edas (con excepci\u00f3n del periodo de vacaciones), se proceder\u00e1, si as\u00ed lo pide por escrito el cliente, a la devoluci\u00f3n \u00edntegra del importe ya abonado por la mercanc\u00eda cuya entrega se ha retrasado. Asimismo, AKIARA no se har\u00e1 responsable de ning\u00fan lucro cesante o da\u00f1o emergente, directo o indirecto, y su responsabilidad m\u00e1xima en cualquier caso ser\u00e1 el valor de la mercanc\u00eda.<\/p>\n<p>&nbsp;<\/p>\n<p><strong>\u00a0<\/strong><strong>8. DERECHO DE DEVOLUCI\u00d3N<\/strong><\/p>\n<p><strong>\u00a0<\/strong>El usuario puede desistir de la compra en un plazo de 14 d\u00edas h\u00e1biles desde la recepci\u00f3n del pedido por parte de AKIARA. En ese caso, deber\u00e1 ponerse en contacto por tel\u00e9fono (93 217 20 31) o por correo electr\u00f3nico (<a href=\"mailto:info@akiarabooks.com\">info@akiarabooks.com<\/a>) con AKIARA, que tramitar\u00e1 la devoluci\u00f3n, siempre que se llegue a un acuerdo entre ambas partes implicadas. Se puede ejercer el derecho de desistimiento si se produce alguna de las situaciones siguientes:<\/p>\n<p>a) Si el producto adquirido no satisface al usuario. Se puede devolver el producto a AKIARA por el medio elegido por el usuario. En este caso, AKIARA reembolsar\u00e1 el precio del producto pero no los gastos de env\u00edo y devoluci\u00f3n.<\/p>\n<p>b) Si el producto adquirido es defectuoso de origen. Una vez AKIARA reciba el producto devuelto, enviar\u00e1 otro con la misma referencia. En este caso, se facturar\u00e1 solo el primer env\u00edo y AKIARA se har\u00e1 cargo de la devoluci\u00f3n y del env\u00edo subsiguiente. En caso de cambio por otro producto, los gastos del nuevo env\u00edo y devoluci\u00f3n ser\u00e1n asumidos por el usuario.<\/p>\n<p>c) Si el producto entregado es err\u00f3neo. Entonces, AKIARA asumir\u00e1 los gastos de recogida y entrega del producto correcto.<\/p>\n<p>d) Si el producto no se puede entregar en el plazo previamente indicado por AKIARA en el momento de responder al pedido.<\/p>\n<p>e) Si AKIARA, por causas directas o indirectas, se ve imposibilitada para servir el producto.<\/p>\n<p>AKIARA no admitir\u00e1 devoluciones de aquellos productos que puedan haber sido reproducidos, copiados o utilizados previamente. AKIARA solo aceptar\u00e1 la devoluci\u00f3n de la mercanc\u00eda f\u00edsica si esta est\u00e1 en el mismo estado en que fue entregada al comprador.<\/p>\n<p>El reembolso se efectuar\u00e1 a trav\u00e9s del medio de pago que el comprador emple\u00f3 en el momento de hacer el pedido. Cualquier reembolso se har\u00e1 una vez se haya comprobado y validado el estado del producto devuelto a la sede de AKIARA. El reembolso se efectuar\u00e1 en un plazo m\u00e1ximo de 30 d\u00edas.<\/p>\n<p>&nbsp;<\/p>\n<p><strong>9. GARANT\u00cdA<\/strong><\/p>\n<p>La garant\u00eda se aplicar\u00e1 solo cuando un producto sea utilizado bajo las condiciones normales de explotaci\u00f3n determinadas por los fabricantes. AKIARA no est\u00e1 obligada a indemnizar al usuario o a terceros por las consecuencias del uso del producto, ya sean da\u00f1os directos o indirectos, accidentes sufridos por personas, p\u00e9rdidas de beneficio o lucro, da\u00f1os que provengan de un deterioro o p\u00e9rdidas de datos.<\/p>\n<p>AKIARA no responder\u00e1 bajo ning\u00fan concepto de los posibles fallos o defectos que puedan tener los productos proporcionados. Ser\u00e1 el propio fabricante quien, con su garant\u00eda, responder\u00e1 de los posibles desperfectos que tenga el producto. Los productos quedan fuera de garant\u00eda si han sufrido, una vez entregados al cliente, alg\u00fan deterioro a causa de hechos externos, accidentes o seguimiento incorrecto de las instrucciones del fabricante.<\/p>\n<p>&nbsp;<\/p>\n<p><strong>10. LEGISLACI\u00d3N Y JURISDICCI\u00d3N APLICABLES<\/strong><\/p>\n<p>Las operaciones realizadas a trav\u00e9s de la web <a href=\"http:\/\/www.akiarabooks.com\">www.akiarabooks.com<\/a> quedar\u00e1n sujetas a la legislaci\u00f3n de aplicaci\u00f3n en Catalu\u00f1a. En caso de conflicto en la interpretaci\u00f3n o aplicaci\u00f3n de estas condiciones, la v\u00eda jurisdiccional corresponder\u00e1 a los juzgados y tribunales que establezca la normativa aplicable en materia de consumidores finales (lugar del domicilio del comprador). En caso de venta fuera de Espa\u00f1a o no hecha por el consumidor final, las partes se someten expresamente a la jurisdicci\u00f3n de los juzgados y tribunales de la ciudad de Barcelona.<\/p>\n<p>Las presentes Condiciones Generales quedar\u00e1n autom\u00e1ticamente resueltas por la extinci\u00f3n de AKIARA o por la presentaci\u00f3n de solicitudes de declaraci\u00f3n de quiebra (voluntaria o necesaria), suspensi\u00f3n de pagos, concurso de acreedores, cesi\u00f3n general de bienes a favor de acreedores, cese de las actividades propias de la sociedad, petici\u00f3n de quita o espera, etc. En virtud de lo dispuesto en la Ley de Ordenaci\u00f3n del Comercio Minorista \u2014as\u00ed como en lo regulado por la normativa comunitaria (Directiva 97\/7\/CE)\u2014, AKIARA otorgar\u00e1 un plazo de 15 d\u00edas para la resoluci\u00f3n o desistimiento del contrato.<\/p>\n","protected":false},"excerpt":{"rendered":"<p>&nbsp; 1.CONDICIONES DE CONTRATACI\u00d3N Las presentes condiciones de contrataci\u00f3n se aplicar\u00e1n a todas las compras hechas en la web www.akiarabooks.com, titularidad de AKIARA&hellip;<\/p>\n","protected":false},"author":7,"featured_media":0,"parent":0,"menu_order":0,"comment_status":"closed","ping_status":"closed","template":"page-templates\/no-sidebar.php","meta":{"_acf_changed":false,"footnotes":""},"class_list":["post-4653","page","type-page","status-publish","hentry"],"acf":[],"yoast_head":"<!-- This site is optimized with the Yoast SEO plugin v27.1.1 - https:\/\/yoast.com\/product\/yoast-seo-wordpress\/ -->\n<title>Pol\u00edtica de ventas - AKIARA books<\/title>\n<meta name=\"robots\" content=\"index, follow, max-snippet:-1, max-image-preview:large, max-video-preview:-1\" \/>\n<link rel=\"canonical\" href=\"https:\/\/akiarabooks.com\/es\/politica-de-ventas\/\" \/>\n<meta property=\"og:locale\" content=\"es_ES\" \/>\n<meta property=\"og:type\" content=\"article\" \/>\n<meta property=\"og:title\" content=\"Pol\u00edtica de ventas - AKIARA books\" \/>\n<meta property=\"og:description\" content=\"&nbsp; 1.CONDICIONES DE CONTRATACI\u00d3N Las presentes condiciones de contrataci\u00f3n se aplicar\u00e1n a todas las compras hechas en la web www.akiarabooks.com, titularidad de AKIARA&hellip;\" \/>\n<meta property=\"og:url\" content=\"https:\/\/akiarabooks.com\/es\/politica-de-ventas\/\" \/>\n<meta property=\"og:site_name\" content=\"AKIARA books\" \/>\n<meta property=\"article:modified_time\" content=\"2018-09-28T12:54:07+00:00\" \/>\n<meta name=\"twitter:card\" content=\"summary_large_image\" \/>\n<meta name=\"twitter:label1\" content=\"Est. reading time\" \/>\n\t<meta name=\"twitter:data1\" content=\"10 minutes\" \/>\n<script type=\"application\/ld+json\" class=\"yoast-schema-graph\">{\"@context\":\"https:\/\/schema.org\",\"@graph\":[{\"@type\":\"WebPage\",\"@id\":\"https:\/\/akiarabooks.com\/es\/politica-de-ventas\/\",\"url\":\"https:\/\/akiarabooks.com\/es\/politica-de-ventas\/\",\"name\":\"Pol\u00edtica de ventas - AKIARA books\",\"isPartOf\":{\"@id\":\"https:\/\/akiarabooks.com\/es\/#website\"},\"datePublished\":\"2018-05-17T15:36:34+00:00\",\"dateModified\":\"2018-09-28T12:54:07+00:00\",\"breadcrumb\":{\"@id\":\"https:\/\/akiarabooks.com\/es\/politica-de-ventas\/#breadcrumb\"},\"inLanguage\":\"es-ES\",\"potentialAction\":[{\"@type\":\"ReadAction\",\"target\":[\"https:\/\/akiarabooks.com\/es\/politica-de-ventas\/\"]}]},{\"@type\":\"BreadcrumbList\",\"@id\":\"https:\/\/akiarabooks.com\/es\/politica-de-ventas\/#breadcrumb\",\"itemListElement\":[{\"@type\":\"ListItem\",\"position\":1,\"name\":\"Inici\",\"item\":\"https:\/\/akiarabooks.com\/es\/\"},{\"@type\":\"ListItem\",\"position\":2,\"name\":\"Pol\u00edtica de ventas\"}]},{\"@type\":\"WebSite\",\"@id\":\"https:\/\/akiarabooks.com\/es\/#website\",\"url\":\"https:\/\/akiarabooks.com\/es\/\",\"name\":\"AKIARA books\",\"description\":\"Llibres inspiradors per a petits i grans\",\"publisher\":{\"@id\":\"https:\/\/akiarabooks.com\/es\/#organization\"},\"potentialAction\":[{\"@type\":\"SearchAction\",\"target\":{\"@type\":\"EntryPoint\",\"urlTemplate\":\"https:\/\/akiarabooks.com\/es\/?s={search_term_string}\"},\"query-input\":{\"@type\":\"PropertyValueSpecification\",\"valueRequired\":true,\"valueName\":\"search_term_string\"}}],\"inLanguage\":\"es-ES\"},{\"@type\":\"Organization\",\"@id\":\"https:\/\/akiarabooks.com\/es\/#organization\",\"name\":\"AKIARA books\",\"url\":\"https:\/\/akiarabooks.com\/es\/\",\"logo\":{\"@type\":\"ImageObject\",\"inLanguage\":\"es-ES\",\"@id\":\"https:\/\/akiarabooks.com\/es\/#\/schema\/logo\/image\/\",\"url\":\"https:\/\/akiarabooks.com\/wp-content\/uploads\/2018\/02\/cropped-akiara-black.png\",\"contentUrl\":\"https:\/\/akiarabooks.com\/wp-content\/uploads\/2018\/02\/cropped-akiara-black.png\",\"width\":520,\"height\":236,\"caption\":\"AKIARA books\"},\"image\":{\"@id\":\"https:\/\/akiarabooks.com\/es\/#\/schema\/logo\/image\/\"}}]}<\/script>\n<!-- \/ Yoast SEO plugin. -->","yoast_head_json":{"title":"Pol\u00edtica de ventas - AKIARA books","robots":{"index":"index","follow":"follow","max-snippet":"max-snippet:-1","max-image-preview":"max-image-preview:large","max-video-preview":"max-video-preview:-1"},"canonical":"https:\/\/akiarabooks.com\/es\/politica-de-ventas\/","og_locale":"es_ES","og_type":"article","og_title":"Pol\u00edtica de ventas - AKIARA books","og_description":"&nbsp; 1.CONDICIONES DE CONTRATACI\u00d3N Las presentes condiciones de contrataci\u00f3n se aplicar\u00e1n a todas las compras hechas en la web www.akiarabooks.com, titularidad de AKIARA&hellip;","og_url":"https:\/\/akiarabooks.com\/es\/politica-de-ventas\/","og_site_name":"AKIARA books","article_modified_time":"2018-09-28T12:54:07+00:00","twitter_card":"summary_large_image","twitter_misc":{"Est. reading time":"10 minutes"},"schema":{"@context":"https:\/\/schema.org","@graph":[{"@type":"WebPage","@id":"https:\/\/akiarabooks.com\/es\/politica-de-ventas\/","url":"https:\/\/akiarabooks.com\/es\/politica-de-ventas\/","name":"Pol\u00edtica de ventas - AKIARA books","isPartOf":{"@id":"https:\/\/akiarabooks.com\/es\/#website"},"datePublished":"2018-05-17T15:36:34+00:00","dateModified":"2018-09-28T12:54:07+00:00","breadcrumb":{"@id":"https:\/\/akiarabooks.com\/es\/politica-de-ventas\/#breadcrumb"},"inLanguage":"es-ES","potentialAction":[{"@type":"ReadAction","target":["https:\/\/akiarabooks.com\/es\/politica-de-ventas\/"]}]},{"@type":"BreadcrumbList","@id":"https:\/\/akiarabooks.com\/es\/politica-de-ventas\/#breadcrumb","itemListElement":[{"@type":"ListItem","position":1,"name":"Inici","item":"https:\/\/akiarabooks.com\/es\/"},{"@type":"ListItem","position":2,"name":"Pol\u00edtica de ventas"}]},{"@type":"WebSite","@id":"https:\/\/akiarabooks.com\/es\/#website","url":"https:\/\/akiarabooks.com\/es\/","name":"AKIARA books","description":"Llibres inspiradors per a petits i grans","publisher":{"@id":"https:\/\/akiarabooks.com\/es\/#organization"},"potentialAction":[{"@type":"SearchAction","target":{"@type":"EntryPoint","urlTemplate":"https:\/\/akiarabooks.com\/es\/?s={search_term_string}"},"query-input":{"@type":"PropertyValueSpecification","valueRequired":true,"valueName":"search_term_string"}}],"inLanguage":"es-ES"},{"@type":"Organization","@id":"https:\/\/akiarabooks.com\/es\/#organization","name":"AKIARA books","url":"https:\/\/akiarabooks.com\/es\/","logo":{"@type":"ImageObject","inLanguage":"es-ES","@id":"https:\/\/akiarabooks.com\/es\/#\/schema\/logo\/image\/","url":"https:\/\/akiarabooks.com\/wp-content\/uploads\/2018\/02\/cropped-akiara-black.png","contentUrl":"https:\/\/akiarabooks.com\/wp-content\/uploads\/2018\/02\/cropped-akiara-black.png","width":520,"height":236,"caption":"AKIARA books"},"image":{"@id":"https:\/\/akiarabooks.com\/es\/#\/schema\/logo\/image\/"}}]}},"_links":{"self":[{"href":"https:\/\/akiarabooks.com\/es\/wp-json\/wp\/v2\/pages\/4653","targetHints":{"allow":["GET"]}}],"collection":[{"href":"https:\/\/akiarabooks.com\/es\/wp-json\/wp\/v2\/pages"}],"about":[{"href":"https:\/\/akiarabooks.com\/es\/wp-json\/wp\/v2\/types\/page"}],"author":[{"embeddable":true,"href":"https:\/\/akiarabooks.com\/es\/wp-json\/wp\/v2\/users\/7"}],"replies":[{"embeddable":true,"href":"https:\/\/akiarabooks.com\/es\/wp-json\/wp\/v2\/comments?post=4653"}],"version-history":[{"count":3,"href":"https:\/\/akiarabooks.com\/es\/wp-json\/wp\/v2\/pages\/4653\/revisions"}],"predecessor-version":[{"id":4669,"href":"https:\/\/akiarabooks.com\/es\/wp-json\/wp\/v2\/pages\/4653\/revisions\/4669"}],"wp:attachment":[{"href":"https:\/\/akiarabooks.com\/es\/wp-json\/wp\/v2\/media?parent=4653"}],"curies":[{"name":"wp","href":"https:\/\/api.w.org\/{rel}","templated":true}]}}