{"id":4654,"date":"2018-05-17T17:35:49","date_gmt":"2018-05-17T15:35:49","guid":{"rendered":"https:\/\/akiarabooks.com\/termes-legals\/"},"modified":"2018-09-28T14:48:43","modified_gmt":"2018-09-28T12:48:43","slug":"terminos-legales","status":"publish","type":"page","link":"https:\/\/akiarabooks.com\/es\/terminos-legales\/","title":{"rendered":"T\u00e9rminos legales"},"content":{"rendered":"<p>&nbsp;<\/p>\n<p><strong>1. INFORMACI\u00d3N GENERAL DE LA WEB<\/strong><\/p>\n<p>\u200bLa web\u00a0<a href=\"http:\/\/www.akiarabooks.com\">www.akiarabooks.com<\/a> es el portal\u200b de referencia de la editorial AKIARA books, una editorial independiente nacida a principios del 2018 en Barcelona.\u200b \u200bLa web pone a disposici\u00f3n de los usuarios determinados contenidos de car\u00e1cter informativo sobre los libros que publica, los autores y las actividades relacionadas, y permite tambi\u00e9n la compra de estos libros mediante el TPV virtual del Banco de Sabadell.\u200b<\/p>\n<p>AKIARA books, SLU (en adelante, AKIARA) est\u00e1 domiciliada en la Pla\u00e7a del Nord, 4, pral. 1.\u00aa, de Barcelona, con el tel\u00e9fono 93 217 20 31. Inscrita en el Registro Mercantil de Barcelona, tomo 46.248, folio 7, hoja B 514.169, tiene el NIF B-67144550 y el VAT ESB-67144550.<\/p>\n<p>El presente aviso legal incorpora las condiciones de uso de\u200b la web, tanto generales como particulares. El acceso a la web\u00a0y su uso implican la aceptaci\u00f3n de estas condiciones, a las que se puede acceder desde cualquier lugar de\u200b la\u200b web. En algunas secciones de la web constan condiciones de uso que complementan las que \u200bse describen\u00a0en este aviso legal. En el caso de comunicaci\u00f3n de datos personales o de contrataci\u00f3n electr\u00f3nica, estas condiciones de uso son de lectura imprescindible para poder llevar a cabo las funcionalidades espec\u00edficas o acceder a los servicios.<\/p>\n<p><strong>\u200b2.\u00a0ACCESO A LA WEB<\/strong><\/p>\n<p>\u200bEl acceso a la web de AKIARA implica, sin reservas, la aceptaci\u00f3n de las presentes condiciones generales de uso, que el usuario afirma comprender en su totalidad. El usuario se compromete a no utilizar la web ni los servicios que se ofrecen para la realizaci\u00f3n de actividades contrarias a la ley y a respetar en todo momento las condiciones generales aqu\u00ed expuestas.<\/p>\n<p>El acceso a la web de AKIARA es libre y gratuito, pero, para acceder a determinadas funcionalidades (compra\u00a0<em>online<\/em>, suscripci\u00f3n a la newsletter\u200b, etc.), \u200bhay que\u00a0registrarse previamente\u200b. En ese caso, \u200blos datos personales que se comuniquen ser\u00e1n tratados exclusivamente para los usos que se indiquen. AKIARA garantiza la seguridad y confidencialidad de los datos, de acuerdo con la legislaci\u00f3n de protecci\u00f3n de datos personales. A tal efecto,\u200b\u00a0los datos personales o cualquier otra informaci\u00f3n comunicada deber\u00e1n ser ver\u00eddicos y corresponder al usuario, quedando AKIARA eximida de cualquier responsabilidad en caso de inexactitud o falsedad.<\/p>\n<p><strong>3. USO DE LA WEB<\/strong><\/p>\n<p>El uso de la web deber\u00e1 regirse conforme a las condiciones que constan en el presente aviso legal, al que se puede acceder en cualquier momento y de forma inmediata. \u200bTambi\u00e9n quedar\u00e1 sujeto a las condiciones que se muestran para el acceso a determinadas funcionalidades y a los preceptos legales de aplicaci\u00f3n, como en el caso de la tienda electr\u00f3nica.<\/p>\n<p>Los usuarios menores de edad deber\u00e1n tener la autorizaci\u00f3n de los padres, tutores o representantes legales\u200b\u200b para navegar por la web. A pesar de que los contenidos de la web est\u00e1n m\u00e1s dirigidos a un p\u00fablico adulto, en ning\u00fan momento atentan contra los derechos de los menores.<\/p>\n<p>Con excepci\u00f3n del derecho de cita o de referencia, se\u00a0proh\u00edbe el uso con fines comerciales de la informaci\u00f3n y de los elementos de\u200b la web\u00a0sin autorizaci\u00f3n previa, as\u00ed como cualquier acto de apropiaci\u00f3n de los contenidos y elementos\u00a0\u200bque aparezcan, especialmente de aquellos materiales sujetos a derechos de autor, sin autorizaci\u00f3n previa. El usuario se compromete a no utilizar los contenidos y servicios de la web para actividades ilegales, para difundir propaganda de car\u00e1cter racista, xen\u00f3fobo, pornogr\u00e1fico o de apolog\u00eda del terrorismo o que atente contra los derechos humanos. El usuario renuncia a provocar da\u00f1os en los sistemas f\u00edsicos y l\u00f3gicos de AKIARA, de sus proveedores o de terceros, as\u00ed como a introducir virus inform\u00e1ticos en la red o utilizar cuentas de correo electr\u00f3nico de otros usuarios o manipular sus mensajes.<\/p>\n<p><strong>4. PROTECCI\u00d3N DE DATOS<\/strong><\/p>\n<p>Los datos personales que se recogen a trav\u00e9s de la web\u00a0<u>www.akiarabooks.com<\/u>\u00a0se integran en un fichero de datos personales que AKIARA tiene declarado a la Agencia Espa\u00f1ola de Protecci\u00f3n de Datos (AEPD), para llevar a cabo una gesti\u00f3n correcta de acuerdo con la finalidad para la cual han sido facilitados. El usuario deber\u00e1 aceptarlo previamente a recibir el servicio o activar la funci\u00f3n interesada. En cualquier momento podr\u00e1 ejercer el derecho de acceso, oposici\u00f3n, rectificaci\u00f3n y cancelaci\u00f3n que establece la Ley Org\u00e0nica15\/1999 de Protecci\u00f3n de Datos de Car\u00e1cter Personal, de 13 de diciembre, dirigiendo su petici\u00f3n por correo electr\u00f3nico a la direcci\u00f3n <a href=\"mailto:info@akiarabooks.com\">info@akiarabooks.com<\/a>. Aun as\u00ed, AKIARA informa de que da cumplimiento a la Ley 34\/2002, de 11 de julio, de Servicios de la Sociedad de la Informaci\u00f3n y el Comercio Electr\u00f3nico, y que en cada momento solicitar\u00e1 el consentimiento de los usuarios al tratamiento de su correo electr\u00f3nico con fines comerciales.<\/p>\n<p>AKIARA garantiza la confidencialidad de la informaci\u00f3n relativa a datos personales que los usuarios le comuniquen y adopta las medidas precisas de acuerdo con la tecnolog\u00eda vigente. La comunicaci\u00f3n de datos personales a terceros tendr\u00e1 que ser consentida por el titular de los datos. A los usuarios registrados y a aquellos que lo autoricen, se les enviar\u00e1 informaci\u00f3n mediante un bolet\u00edn con las novedades, noticias y servicios de AKIARA. En cualquier momento el usuario podr\u00e1 revocar su consentimiento.<\/p>\n<p><strong>5. USO DE <em>COOKIES<\/em><\/strong><\/p>\n<p>Esta web utiliza <em>cookies<\/em> o datos de navegaci\u00f3n, necesarios en el uso de los protocolos de comunicaci\u00f3n de Internet. Las <em>cookies<\/em> son peque\u00f1os ficheros de datos generados en el ordenador del usuario y que permiten que sea el propio usuario quien almacene la informaci\u00f3n que genera su actividad en la red. Las <em>cookies<\/em> permiten en una p\u00e1gina web, entre otras cosas, recuperar informaci\u00f3n sobre los h\u00e1bitos de navegaci\u00f3n de un usuario o de su equipo y, dependiendo de la informaci\u00f3n que contienen y de la forma en la que el usuario utiliza el equipo, se pueden utilizar como registro de visitas y accesos (se puede recoger la direcci\u00f3n IP que utiliza el ordenador para conectarse a la web, la direcci\u00f3n URL de la p\u00e1gina web solicitada, la hora de la conexi\u00f3n u otros par\u00e1metros relativos al sistema operativo inform\u00e1tico del usuario). Cuando un usuario navega por <u>www.akiarabooks.com<\/u>, se guarda informaci\u00f3n an\u00f3nima para facilitar el posterior acceso a la informaci\u00f3n.<\/p>\n<p>Sin perjuicio de lo indicado anteriormente, el usuario tiene la posibilidad de controlar el uso de <em>cookies<\/em> por parte de las p\u00e1ginas web que visita, redefiniendo la configuraci\u00f3n de privacidad de su navegador para que le avise de la recepci\u00f3n de <em>cookies<\/em> e impida que se instalen en su equipo. Sin embargo, la desactivaci\u00f3n completa de las <em>cookies<\/em> puede afectar al correcto funcionamiento de ciertas secciones de nuestra web.<\/p>\n<p><strong>6. \u200bPROPIEDAD INDUSTRIAL E INTELECTUAL<\/strong><\/p>\n<p>AKIARA books, SLU, por s\u00ed misma o por cesi\u00f3n a terceros, es titular de todos los derechos de propiedad intelectual e industrial de su p\u00e1gina web, as\u00ed como de los elementos contenidos en la misma: im\u00e1genes, audio, v\u00eddeo, software y textos; marcas, logotipos, combinaci\u00f3n de colores, c\u00f3digo fuente, estructura de navegaci\u00f3n, dise\u00f1o y otras funcionalidades inform\u00e1ticas; bases de datos. RESERVADOS TODOS LOS DERECHOS.<\/p>\n<p>En virtud de lo dispuesto en los art\u00edculos 8 y 32.1, p\u00e1rrafo segundo, de la Ley de Propiedad Intelectual, quedan expresamente prohibidas la reproducci\u00f3n, la distribuci\u00f3n y la comunicaci\u00f3n p\u00fablica (incluida su modalidad de puesta a disposici\u00f3n) de la totalidad o parte de los contenidos de esta web con finalidades comerciales, en cualquier soporte y por cualquier medio t\u00e9cnico, sin la autorizaci\u00f3n de AKIARA. Si no se indica expresamente, le corresponden en exclusiva a AKIARA los derechos de explotaci\u00f3n en cualquier modalidad.<\/p>\n<p>El usuario se compromete a respetar los derechos de Propiedad Intelectual e Industrial, titularidad de AKIARA. Podr\u00e1 visualizar los elementos de la web e incluso imprimirlos, copiarlos y archivarlos en el disco duro de su ordenador o en cualquiera otro soporte f\u00edsico, siempre y cuando sea, \u00fanica y exclusivamente, para su uso personal y privado. El usuario se abstendr\u00e1 de hacer ning\u00fan acto de explotaci\u00f3n \u2014reproducci\u00f3n (que no sea para uso privado), comunicaci\u00f3n p\u00fablica, distribuci\u00f3n o transformaci\u00f3n\u2014 que pueda perjudicar los derechos morales de los autores, incluidas su manipulaci\u00f3n o alteraci\u00f3n y la atribuci\u00f3n indebida de autor\u00eda.<\/p>\n<p><strong>7. RESPONSABILIDADES<\/strong><\/p>\n<p>AKIARA books\u00a0no se responsabiliza de los da\u00f1os y prejuicios que pueda ocasionar el uso que se haga de la web por parte de terceros, ni tampoco de su funcionamiento deficiente por causas ajenas imputables a terceros: falta de disponibilidad de la web; dificultades de acceso, descarga o copia; interrupciones, interferencias, aver\u00edas y bloqueos; errores u omisiones en los contenidos; transmisi\u00f3n de virus o programas maliciosos derivados del acceso a enlaces externos, etc. Sobre esto AKIARA no tiene ning\u00fan control ni facultad de intervenci\u00f3n, a pesar de haber adoptado las medidas tecnol\u00f3gicas necesarias para evitarlo.<\/p>\n<p><strong>8. ENLACES<\/strong><\/p>\n<p>La web de AKIARA puede acoger contenidos publicitarios o el patrocinio de terceros. En este caso, solo los anunciantes y patrocinadores son responsables de los contenidos publicitarios y de la eventual infracci\u00f3n de la legislaci\u00f3n vigente. En ning\u00fan caso AKIARA asumir\u00e1 responsabilidades ni garantizar\u00e1 la disponibilidad t\u00e9cnica, la calidad, la fiabilidad, la exactitud, la amplitud, la veracidad, la validez o la constitucionalidad de cualquier material o informaci\u00f3n contenida en ninguno de dichos hiperv\u00ednculos o en otros lugares de internet. Del mismo modo, la inclusi\u00f3n de estas conexiones externas no implicar\u00e1 ning\u00fan tipo de asociaci\u00f3n, fusi\u00f3n o participaci\u00f3n con las entidades conectadas.<\/p>\n<p><strong>9. MODIFICACI\u00d3N DE LAS CONDICIONES<\/strong><\/p>\n<p>AKIARA podr\u00e1 modificar el presente aviso legal y las condiciones que en \u00e9l se establecen en cualquier momento, para adecuarlos ya sea a la legislaci\u00f3n vigente, as\u00ed como a los contenidos, funcionalidades y servicios que en cada momento se incluyan, se supriman o se modifiquen, con arreglo a las decisiones adoptadas bajo criterios de gesti\u00f3n empresarial.<\/p>\n<p><strong>10. LEGISLACI\u00d3N Y JURISDICCI\u00d3N APLICABLES<\/strong><\/p>\n<p>Las reclamaciones y litigios derivados de la interpretaci\u00f3n y aplicaci\u00f3n de este aviso legal se regir\u00e1n por la legislaci\u00f3n catalana y espa\u00f1ola, y su resoluci\u00f3n se someter\u00e1 a la jurisdicci\u00f3n de los juzgados y tribunales de la ciudad de Barcelona. AKIARA perseguir\u00e1 el incumplimiento de las condiciones presentes o de cualquier uso indebido de la web ejerciendo todas las acciones civiles y penales que le puedan corresponder por derecho.<\/p>\n","protected":false},"excerpt":{"rendered":"<p>&nbsp; 1. INFORMACI\u00d3N GENERAL DE LA WEB \u200bLa web\u00a0www.akiarabooks.com es el portal\u200b de referencia de la editorial AKIARA books, una editorial independiente nacida&hellip;<\/p>\n","protected":false},"author":7,"featured_media":0,"parent":0,"menu_order":0,"comment_status":"closed","ping_status":"closed","template":"page-templates\/no-sidebar.php","meta":{"_acf_changed":false,"footnotes":""},"class_list":["post-4654","page","type-page","status-publish","hentry"],"acf":[],"yoast_head":"<!-- This site is optimized with the Yoast SEO plugin v27.1.1 - https:\/\/yoast.com\/product\/yoast-seo-wordpress\/ -->\n<title>T\u00e9rminos legales - AKIARA books<\/title>\n<meta name=\"robots\" content=\"index, follow, max-snippet:-1, max-image-preview:large, max-video-preview:-1\" \/>\n<link rel=\"canonical\" href=\"https:\/\/akiarabooks.com\/es\/terminos-legales\/\" \/>\n<meta property=\"og:locale\" content=\"es_ES\" \/>\n<meta property=\"og:type\" content=\"article\" \/>\n<meta property=\"og:title\" content=\"T\u00e9rminos legales - AKIARA books\" \/>\n<meta property=\"og:description\" content=\"&nbsp; 1. INFORMACI\u00d3N GENERAL DE LA WEB \u200bLa web\u00a0www.akiarabooks.com es el portal\u200b de referencia de la editorial AKIARA books, una editorial independiente nacida&hellip;\" \/>\n<meta property=\"og:url\" content=\"https:\/\/akiarabooks.com\/es\/terminos-legales\/\" \/>\n<meta property=\"og:site_name\" content=\"AKIARA books\" \/>\n<meta property=\"article:modified_time\" content=\"2018-09-28T12:48:43+00:00\" \/>\n<meta name=\"twitter:card\" content=\"summary_large_image\" \/>\n<meta name=\"twitter:label1\" content=\"Est. reading time\" \/>\n\t<meta name=\"twitter:data1\" content=\"9 minutes\" \/>\n<script type=\"application\/ld+json\" class=\"yoast-schema-graph\">{\"@context\":\"https:\/\/schema.org\",\"@graph\":[{\"@type\":\"WebPage\",\"@id\":\"https:\/\/akiarabooks.com\/es\/terminos-legales\/\",\"url\":\"https:\/\/akiarabooks.com\/es\/terminos-legales\/\",\"name\":\"T\u00e9rminos legales - AKIARA books\",\"isPartOf\":{\"@id\":\"https:\/\/akiarabooks.com\/es\/#website\"},\"datePublished\":\"2018-05-17T15:35:49+00:00\",\"dateModified\":\"2018-09-28T12:48:43+00:00\",\"breadcrumb\":{\"@id\":\"https:\/\/akiarabooks.com\/es\/terminos-legales\/#breadcrumb\"},\"inLanguage\":\"es-ES\",\"potentialAction\":[{\"@type\":\"ReadAction\",\"target\":[\"https:\/\/akiarabooks.com\/es\/terminos-legales\/\"]}]},{\"@type\":\"BreadcrumbList\",\"@id\":\"https:\/\/akiarabooks.com\/es\/terminos-legales\/#breadcrumb\",\"itemListElement\":[{\"@type\":\"ListItem\",\"position\":1,\"name\":\"Inici\",\"item\":\"https:\/\/akiarabooks.com\/es\/\"},{\"@type\":\"ListItem\",\"position\":2,\"name\":\"T\u00e9rminos legales\"}]},{\"@type\":\"WebSite\",\"@id\":\"https:\/\/akiarabooks.com\/es\/#website\",\"url\":\"https:\/\/akiarabooks.com\/es\/\",\"name\":\"AKIARA books\",\"description\":\"Llibres inspiradors per a petits i grans\",\"publisher\":{\"@id\":\"https:\/\/akiarabooks.com\/es\/#organization\"},\"potentialAction\":[{\"@type\":\"SearchAction\",\"target\":{\"@type\":\"EntryPoint\",\"urlTemplate\":\"https:\/\/akiarabooks.com\/es\/?s={search_term_string}\"},\"query-input\":{\"@type\":\"PropertyValueSpecification\",\"valueRequired\":true,\"valueName\":\"search_term_string\"}}],\"inLanguage\":\"es-ES\"},{\"@type\":\"Organization\",\"@id\":\"https:\/\/akiarabooks.com\/es\/#organization\",\"name\":\"AKIARA books\",\"url\":\"https:\/\/akiarabooks.com\/es\/\",\"logo\":{\"@type\":\"ImageObject\",\"inLanguage\":\"es-ES\",\"@id\":\"https:\/\/akiarabooks.com\/es\/#\/schema\/logo\/image\/\",\"url\":\"https:\/\/akiarabooks.com\/wp-content\/uploads\/2018\/02\/cropped-akiara-black.png\",\"contentUrl\":\"https:\/\/akiarabooks.com\/wp-content\/uploads\/2018\/02\/cropped-akiara-black.png\",\"width\":520,\"height\":236,\"caption\":\"AKIARA books\"},\"image\":{\"@id\":\"https:\/\/akiarabooks.com\/es\/#\/schema\/logo\/image\/\"}}]}<\/script>\n<!-- \/ Yoast SEO plugin. -->","yoast_head_json":{"title":"T\u00e9rminos legales - AKIARA books","robots":{"index":"index","follow":"follow","max-snippet":"max-snippet:-1","max-image-preview":"max-image-preview:large","max-video-preview":"max-video-preview:-1"},"canonical":"https:\/\/akiarabooks.com\/es\/terminos-legales\/","og_locale":"es_ES","og_type":"article","og_title":"T\u00e9rminos legales - AKIARA books","og_description":"&nbsp; 1. INFORMACI\u00d3N GENERAL DE LA WEB \u200bLa web\u00a0www.akiarabooks.com es el portal\u200b de referencia de la editorial AKIARA books, una editorial independiente nacida&hellip;","og_url":"https:\/\/akiarabooks.com\/es\/terminos-legales\/","og_site_name":"AKIARA books","article_modified_time":"2018-09-28T12:48:43+00:00","twitter_card":"summary_large_image","twitter_misc":{"Est. reading time":"9 minutes"},"schema":{"@context":"https:\/\/schema.org","@graph":[{"@type":"WebPage","@id":"https:\/\/akiarabooks.com\/es\/terminos-legales\/","url":"https:\/\/akiarabooks.com\/es\/terminos-legales\/","name":"T\u00e9rminos legales - AKIARA books","isPartOf":{"@id":"https:\/\/akiarabooks.com\/es\/#website"},"datePublished":"2018-05-17T15:35:49+00:00","dateModified":"2018-09-28T12:48:43+00:00","breadcrumb":{"@id":"https:\/\/akiarabooks.com\/es\/terminos-legales\/#breadcrumb"},"inLanguage":"es-ES","potentialAction":[{"@type":"ReadAction","target":["https:\/\/akiarabooks.com\/es\/terminos-legales\/"]}]},{"@type":"BreadcrumbList","@id":"https:\/\/akiarabooks.com\/es\/terminos-legales\/#breadcrumb","itemListElement":[{"@type":"ListItem","position":1,"name":"Inici","item":"https:\/\/akiarabooks.com\/es\/"},{"@type":"ListItem","position":2,"name":"T\u00e9rminos legales"}]},{"@type":"WebSite","@id":"https:\/\/akiarabooks.com\/es\/#website","url":"https:\/\/akiarabooks.com\/es\/","name":"AKIARA books","description":"Llibres inspiradors per a petits i grans","publisher":{"@id":"https:\/\/akiarabooks.com\/es\/#organization"},"potentialAction":[{"@type":"SearchAction","target":{"@type":"EntryPoint","urlTemplate":"https:\/\/akiarabooks.com\/es\/?s={search_term_string}"},"query-input":{"@type":"PropertyValueSpecification","valueRequired":true,"valueName":"search_term_string"}}],"inLanguage":"es-ES"},{"@type":"Organization","@id":"https:\/\/akiarabooks.com\/es\/#organization","name":"AKIARA books","url":"https:\/\/akiarabooks.com\/es\/","logo":{"@type":"ImageObject","inLanguage":"es-ES","@id":"https:\/\/akiarabooks.com\/es\/#\/schema\/logo\/image\/","url":"https:\/\/akiarabooks.com\/wp-content\/uploads\/2018\/02\/cropped-akiara-black.png","contentUrl":"https:\/\/akiarabooks.com\/wp-content\/uploads\/2018\/02\/cropped-akiara-black.png","width":520,"height":236,"caption":"AKIARA books"},"image":{"@id":"https:\/\/akiarabooks.com\/es\/#\/schema\/logo\/image\/"}}]}},"_links":{"self":[{"href":"https:\/\/akiarabooks.com\/es\/wp-json\/wp\/v2\/pages\/4654","targetHints":{"allow":["GET"]}}],"collection":[{"href":"https:\/\/akiarabooks.com\/es\/wp-json\/wp\/v2\/pages"}],"about":[{"href":"https:\/\/akiarabooks.com\/es\/wp-json\/wp\/v2\/types\/page"}],"author":[{"embeddable":true,"href":"https:\/\/akiarabooks.com\/es\/wp-json\/wp\/v2\/users\/7"}],"replies":[{"embeddable":true,"href":"https:\/\/akiarabooks.com\/es\/wp-json\/wp\/v2\/comments?post=4654"}],"version-history":[{"count":3,"href":"https:\/\/akiarabooks.com\/es\/wp-json\/wp\/v2\/pages\/4654\/revisions"}],"predecessor-version":[{"id":4666,"href":"https:\/\/akiarabooks.com\/es\/wp-json\/wp\/v2\/pages\/4654\/revisions\/4666"}],"wp:attachment":[{"href":"https:\/\/akiarabooks.com\/es\/wp-json\/wp\/v2\/media?parent=4654"}],"curies":[{"name":"wp","href":"https:\/\/api.w.org\/{rel}","templated":true}]}}