{"id":4685,"date":"2016-12-30T02:12:47","date_gmt":"2016-12-30T02:12:47","guid":{"rendered":"https:\/\/akiarabooks.com\/editorial\/"},"modified":"2024-02-14T09:45:42","modified_gmt":"2024-02-14T07:45:42","slug":"editorial","status":"publish","type":"page","link":"https:\/\/akiarabooks.com\/es\/editorial\/","title":{"rendered":"Editorial"},"content":{"rendered":"<p>AKIARA naci\u00f3 en Barcelona en 2018 bajo la direcci\u00f3n de In\u00eas Castel-Branco, como continuaci\u00f3n de <a href=\"http:\/\/www.fragmenta.cat\/es\/fragmentos\/peque%C3%B1o-fragmenta_429242\">Peque\u00f1o Fragmenta<\/a>, la colecci\u00f3n infantil de Fragmenta Editorial que la editora hab\u00eda creado y dirigido desde 2015.<\/p>\n<p>AKIARA suena como la contracci\u00f3n de \u00abaqu\u00ed y ahora\u00bb (con una K, la letra m\u00e1s juguetona de los ni\u00f1os) y juega tambi\u00e9n con el nombre japon\u00e9s\u00a0\u00a0 Akira\u00a0<span class=\"trn\">\u660e<\/span>, que significa \u2018luminoso, luminosa\u2019.<\/p>\n<p>AKIARA publica \u00fanicamente <strong>libros de producci\u00f3n propia<\/strong>, cuidadosamente escritos e ilustrados, para ni\u00f1os y j\u00f3venes de todas las edades, orientados al cultivo de la interioridad y la calidad humana.<\/p>\n<p>Con textos e ilustraciones inspiradores, los libros de AKIARA ampl\u00edan horizontes y despiertan el sentido de asombro ante el mundo, a la vez que estimulan el arte de leer, de pensar, de argumentar, de contemplar y de conocerse a s\u00ed mismo\/a.<\/p>\n<p>Trabajamos con criterios de <strong>sostenibilidad<\/strong>, minimizando el uso de pl\u00e1sticos y el impacto ambiental. Imprimimos localmente (nunca hemos imprimido en China) y sobre papel certificado FSC.<\/p>\n<p>Nuestros libros, publicados en espa\u00f1ol, catal\u00e1n y portugu\u00e9s, son apreciados internacionalmente y ya han sido <strong>traducidos a m\u00e1s de una quincena de lenguas<\/strong>: ingl\u00e9s (Estados Unidos), franc\u00e9s (Francia y Quebec), italiano, alem\u00e1n (Alemania y Suiza), polaco, dan\u00e9s, lituano, ruso, ucraniano, griego, turco, persa, portugu\u00e9s de Brasil, chino, coreano y japon\u00e9s.<\/p>\n<p>&nbsp;<\/p>\n<p><a href=\"https:\/\/akiarabooks.com\/es\/nosotros-ecoeditamos\/\">QUIERES CONOCER NUESTROS PRINCIPIOS DE ECOEDICI\u00d3N?<\/a><\/p>\n","protected":false},"excerpt":{"rendered":"<p>AKIARA naci\u00f3 en Barcelona en 2018 bajo la direcci\u00f3n de In\u00eas Castel-Branco, como continuaci\u00f3n de Peque\u00f1o Fragmenta, la colecci\u00f3n infantil de Fragmenta Editorial&hellip;<\/p>\n","protected":false},"author":7,"featured_media":0,"parent":0,"menu_order":0,"comment_status":"closed","ping_status":"closed","template":"page-templates\/editorial.php","meta":{"_acf_changed":false,"footnotes":""},"class_list":["post-4685","page","type-page","status-publish","hentry"],"acf":[],"yoast_head":"<!-- This site is optimized with the Yoast SEO plugin v27.1.1 - https:\/\/yoast.com\/product\/yoast-seo-wordpress\/ -->\n<title>Editorial - AKIARA books<\/title>\n<meta name=\"robots\" content=\"index, follow, max-snippet:-1, max-image-preview:large, max-video-preview:-1\" \/>\n<link rel=\"canonical\" href=\"https:\/\/akiarabooks.com\/es\/editorial\/\" \/>\n<meta property=\"og:locale\" content=\"es_ES\" \/>\n<meta property=\"og:type\" content=\"article\" \/>\n<meta property=\"og:title\" content=\"Editorial - AKIARA books\" \/>\n<meta property=\"og:description\" content=\"AKIARA naci\u00f3 en Barcelona en 2018 bajo la direcci\u00f3n de In\u00eas Castel-Branco, como continuaci\u00f3n de Peque\u00f1o Fragmenta, la colecci\u00f3n infantil de Fragmenta Editorial&hellip;\" \/>\n<meta property=\"og:url\" content=\"https:\/\/akiarabooks.com\/es\/editorial\/\" \/>\n<meta property=\"og:site_name\" content=\"AKIARA books\" \/>\n<meta property=\"article:modified_time\" content=\"2024-02-14T07:45:42+00:00\" \/>\n<meta name=\"twitter:card\" content=\"summary_large_image\" \/>\n<meta name=\"twitter:label1\" content=\"Est. reading time\" \/>\n\t<meta name=\"twitter:data1\" content=\"2 minutes\" \/>\n<script type=\"application\/ld+json\" class=\"yoast-schema-graph\">{\"@context\":\"https:\/\/schema.org\",\"@graph\":[{\"@type\":\"WebPage\",\"@id\":\"https:\/\/akiarabooks.com\/es\/editorial\/\",\"url\":\"https:\/\/akiarabooks.com\/es\/editorial\/\",\"name\":\"Editorial - AKIARA books\",\"isPartOf\":{\"@id\":\"https:\/\/akiarabooks.com\/es\/#website\"},\"datePublished\":\"2016-12-30T02:12:47+00:00\",\"dateModified\":\"2024-02-14T07:45:42+00:00\",\"breadcrumb\":{\"@id\":\"https:\/\/akiarabooks.com\/es\/editorial\/#breadcrumb\"},\"inLanguage\":\"es-ES\",\"potentialAction\":[{\"@type\":\"ReadAction\",\"target\":[\"https:\/\/akiarabooks.com\/es\/editorial\/\"]}]},{\"@type\":\"BreadcrumbList\",\"@id\":\"https:\/\/akiarabooks.com\/es\/editorial\/#breadcrumb\",\"itemListElement\":[{\"@type\":\"ListItem\",\"position\":1,\"name\":\"Inici\",\"item\":\"https:\/\/akiarabooks.com\/es\/\"},{\"@type\":\"ListItem\",\"position\":2,\"name\":\"Editorial\"}]},{\"@type\":\"WebSite\",\"@id\":\"https:\/\/akiarabooks.com\/es\/#website\",\"url\":\"https:\/\/akiarabooks.com\/es\/\",\"name\":\"AKIARA books\",\"description\":\"Llibres inspiradors per a petits i grans\",\"publisher\":{\"@id\":\"https:\/\/akiarabooks.com\/es\/#organization\"},\"potentialAction\":[{\"@type\":\"SearchAction\",\"target\":{\"@type\":\"EntryPoint\",\"urlTemplate\":\"https:\/\/akiarabooks.com\/es\/?s={search_term_string}\"},\"query-input\":{\"@type\":\"PropertyValueSpecification\",\"valueRequired\":true,\"valueName\":\"search_term_string\"}}],\"inLanguage\":\"es-ES\"},{\"@type\":\"Organization\",\"@id\":\"https:\/\/akiarabooks.com\/es\/#organization\",\"name\":\"AKIARA books\",\"url\":\"https:\/\/akiarabooks.com\/es\/\",\"logo\":{\"@type\":\"ImageObject\",\"inLanguage\":\"es-ES\",\"@id\":\"https:\/\/akiarabooks.com\/es\/#\/schema\/logo\/image\/\",\"url\":\"https:\/\/akiarabooks.com\/wp-content\/uploads\/2018\/02\/cropped-akiara-black.png\",\"contentUrl\":\"https:\/\/akiarabooks.com\/wp-content\/uploads\/2018\/02\/cropped-akiara-black.png\",\"width\":520,\"height\":236,\"caption\":\"AKIARA books\"},\"image\":{\"@id\":\"https:\/\/akiarabooks.com\/es\/#\/schema\/logo\/image\/\"}}]}<\/script>\n<!-- \/ Yoast SEO plugin. -->","yoast_head_json":{"title":"Editorial - AKIARA books","robots":{"index":"index","follow":"follow","max-snippet":"max-snippet:-1","max-image-preview":"max-image-preview:large","max-video-preview":"max-video-preview:-1"},"canonical":"https:\/\/akiarabooks.com\/es\/editorial\/","og_locale":"es_ES","og_type":"article","og_title":"Editorial - AKIARA books","og_description":"AKIARA naci\u00f3 en Barcelona en 2018 bajo la direcci\u00f3n de In\u00eas Castel-Branco, como continuaci\u00f3n de Peque\u00f1o Fragmenta, la colecci\u00f3n infantil de Fragmenta Editorial&hellip;","og_url":"https:\/\/akiarabooks.com\/es\/editorial\/","og_site_name":"AKIARA books","article_modified_time":"2024-02-14T07:45:42+00:00","twitter_card":"summary_large_image","twitter_misc":{"Est. reading time":"2 minutes"},"schema":{"@context":"https:\/\/schema.org","@graph":[{"@type":"WebPage","@id":"https:\/\/akiarabooks.com\/es\/editorial\/","url":"https:\/\/akiarabooks.com\/es\/editorial\/","name":"Editorial - AKIARA books","isPartOf":{"@id":"https:\/\/akiarabooks.com\/es\/#website"},"datePublished":"2016-12-30T02:12:47+00:00","dateModified":"2024-02-14T07:45:42+00:00","breadcrumb":{"@id":"https:\/\/akiarabooks.com\/es\/editorial\/#breadcrumb"},"inLanguage":"es-ES","potentialAction":[{"@type":"ReadAction","target":["https:\/\/akiarabooks.com\/es\/editorial\/"]}]},{"@type":"BreadcrumbList","@id":"https:\/\/akiarabooks.com\/es\/editorial\/#breadcrumb","itemListElement":[{"@type":"ListItem","position":1,"name":"Inici","item":"https:\/\/akiarabooks.com\/es\/"},{"@type":"ListItem","position":2,"name":"Editorial"}]},{"@type":"WebSite","@id":"https:\/\/akiarabooks.com\/es\/#website","url":"https:\/\/akiarabooks.com\/es\/","name":"AKIARA books","description":"Llibres inspiradors per a petits i grans","publisher":{"@id":"https:\/\/akiarabooks.com\/es\/#organization"},"potentialAction":[{"@type":"SearchAction","target":{"@type":"EntryPoint","urlTemplate":"https:\/\/akiarabooks.com\/es\/?s={search_term_string}"},"query-input":{"@type":"PropertyValueSpecification","valueRequired":true,"valueName":"search_term_string"}}],"inLanguage":"es-ES"},{"@type":"Organization","@id":"https:\/\/akiarabooks.com\/es\/#organization","name":"AKIARA books","url":"https:\/\/akiarabooks.com\/es\/","logo":{"@type":"ImageObject","inLanguage":"es-ES","@id":"https:\/\/akiarabooks.com\/es\/#\/schema\/logo\/image\/","url":"https:\/\/akiarabooks.com\/wp-content\/uploads\/2018\/02\/cropped-akiara-black.png","contentUrl":"https:\/\/akiarabooks.com\/wp-content\/uploads\/2018\/02\/cropped-akiara-black.png","width":520,"height":236,"caption":"AKIARA books"},"image":{"@id":"https:\/\/akiarabooks.com\/es\/#\/schema\/logo\/image\/"}}]}},"_links":{"self":[{"href":"https:\/\/akiarabooks.com\/es\/wp-json\/wp\/v2\/pages\/4685","targetHints":{"allow":["GET"]}}],"collection":[{"href":"https:\/\/akiarabooks.com\/es\/wp-json\/wp\/v2\/pages"}],"about":[{"href":"https:\/\/akiarabooks.com\/es\/wp-json\/wp\/v2\/types\/page"}],"author":[{"embeddable":true,"href":"https:\/\/akiarabooks.com\/es\/wp-json\/wp\/v2\/users\/7"}],"replies":[{"embeddable":true,"href":"https:\/\/akiarabooks.com\/es\/wp-json\/wp\/v2\/comments?post=4685"}],"version-history":[{"count":24,"href":"https:\/\/akiarabooks.com\/es\/wp-json\/wp\/v2\/pages\/4685\/revisions"}],"predecessor-version":[{"id":12848,"href":"https:\/\/akiarabooks.com\/es\/wp-json\/wp\/v2\/pages\/4685\/revisions\/12848"}],"wp:attachment":[{"href":"https:\/\/akiarabooks.com\/es\/wp-json\/wp\/v2\/media?parent=4685"}],"curies":[{"name":"wp","href":"https:\/\/api.w.org\/{rel}","templated":true}]}}