{"id":10178,"date":"2022-02-13T16:55:46","date_gmt":"2022-02-13T14:55:46","guid":{"rendered":"https:\/\/akiarabooks.com\/?post_type=product&#038;p=10178"},"modified":"2024-01-30T14:35:49","modified_gmt":"2024-01-30T12:35:49","slug":"colas-de-suenos","status":"publish","type":"product","link":"https:\/\/akiarabooks.com\/es\/libro\/colas-de-suenos\/","title":{"rendered":"Colas de sue\u00f1os"},"content":{"rendered":"<p>El campamento al que nos han tra\u00eddo es como una gran ciudad de tiendas de campa\u00f1a. Todo est\u00e1 lejos, siempre hay mucha gente en todas partes y para cualquier cosa hay que esperar en una cola muy larga.<\/p>\n<p>Pap\u00e1 no lo sabe, pero con lo que yo sue\u00f1o de verdad, de verdad, es con una cola que nos lleve de vuelta a casa.<\/p>\n<p>Un cuento sobre la crisis de los refugiados a trav\u00e9s de los ojos de un ni\u00f1o encerrado en un campo de acogida. Inspirado en el peque\u00f1o Alan, que apareci\u00f3 ahogado en una playa de Turqu\u00eda.<\/p>\n<h6><\/h6>\n<h6><a href=\"https:\/\/gremidellibreters.cat\/xxi-premi-llibreter\/\"><img loading=\"lazy\" decoding=\"async\" class=\"wp-image-10767 alignnone\" src=\"https:\/\/akiarabooks.com\/wp-content\/uploads\/2022\/02\/XXIIIe-Premi-llibreter-TRANSPARENT-NO-EDITABLE_PREMIAT.jpg\" alt=\"\" width=\"157\" height=\"157\" srcset=\"https:\/\/akiarabooks.com\/wp-content\/uploads\/2022\/02\/XXIIIe-Premi-llibreter-TRANSPARENT-NO-EDITABLE_PREMIAT.jpg 1009w, https:\/\/akiarabooks.com\/wp-content\/uploads\/2022\/02\/XXIIIe-Premi-llibreter-TRANSPARENT-NO-EDITABLE_PREMIAT-300x300.jpg 300w, https:\/\/akiarabooks.com\/wp-content\/uploads\/2022\/02\/XXIIIe-Premi-llibreter-TRANSPARENT-NO-EDITABLE_PREMIAT-1000x1000.jpg 1000w, https:\/\/akiarabooks.com\/wp-content\/uploads\/2022\/02\/XXIIIe-Premi-llibreter-TRANSPARENT-NO-EDITABLE_PREMIAT-150x150.jpg 150w, https:\/\/akiarabooks.com\/wp-content\/uploads\/2022\/02\/XXIIIe-Premi-llibreter-TRANSPARENT-NO-EDITABLE_PREMIAT-768x768.jpg 768w, https:\/\/akiarabooks.com\/wp-content\/uploads\/2022\/02\/XXIIIe-Premi-llibreter-TRANSPARENT-NO-EDITABLE_PREMIAT-500x500.jpg 500w, https:\/\/akiarabooks.com\/wp-content\/uploads\/2022\/02\/XXIIIe-Premi-llibreter-TRANSPARENT-NO-EDITABLE_PREMIAT-690x690.jpg 690w, https:\/\/akiarabooks.com\/wp-content\/uploads\/2022\/02\/XXIIIe-Premi-llibreter-TRANSPARENT-NO-EDITABLE_PREMIAT-600x600.jpg 600w, https:\/\/akiarabooks.com\/wp-content\/uploads\/2022\/02\/XXIIIe-Premi-llibreter-TRANSPARENT-NO-EDITABLE_PREMIAT-100x100.jpg 100w\" sizes=\"auto, (max-width: 157px) 100vw, 157px\" \/><\/a><\/h6>\n<h6>Premio Llibreter 2022 en la categor\u00eda de \u00c1lbum Ilustrado<\/h6>\n<p>&nbsp;<\/p>\n<h6><\/h6>\n<h6><img loading=\"lazy\" decoding=\"async\" class=\"wp-image-9389 alignnone\" src=\"https:\/\/akiarabooks.com\/wp-content\/uploads\/2020\/04\/logo-ministerio-dglfl-scaled.jpg\" alt=\"\" width=\"266\" height=\"76\" srcset=\"https:\/\/akiarabooks.com\/wp-content\/uploads\/2020\/04\/logo-ministerio-dglfl-scaled.jpg 2560w, https:\/\/akiarabooks.com\/wp-content\/uploads\/2020\/04\/logo-ministerio-dglfl-300x85.jpg 300w, https:\/\/akiarabooks.com\/wp-content\/uploads\/2020\/04\/logo-ministerio-dglfl-1800x512.jpg 1800w, https:\/\/akiarabooks.com\/wp-content\/uploads\/2020\/04\/logo-ministerio-dglfl-768x218.jpg 768w, https:\/\/akiarabooks.com\/wp-content\/uploads\/2020\/04\/logo-ministerio-dglfl-1536x437.jpg 1536w, https:\/\/akiarabooks.com\/wp-content\/uploads\/2020\/04\/logo-ministerio-dglfl-2048x583.jpg 2048w, https:\/\/akiarabooks.com\/wp-content\/uploads\/2020\/04\/logo-ministerio-dglfl-500x142.jpg 500w, https:\/\/akiarabooks.com\/wp-content\/uploads\/2020\/04\/logo-ministerio-dglfl-1500x427.jpg 1500w, https:\/\/akiarabooks.com\/wp-content\/uploads\/2020\/04\/logo-ministerio-dglfl-600x171.jpg 600w\" sizes=\"auto, (max-width: 266px) 100vw, 266px\" \/><\/h6>\n<h6>Esta obra ha recibido una ayuda a la edici\u00f3n del Ministerio de Cultura y Deporte<\/h6>\n<p>&nbsp;<\/p>\n","protected":false},"excerpt":{"rendered":"<p>El campamento al que nos han tra\u00eddo es como una gran ciudad de tiendas de campa\u00f1a. Todo est\u00e1 lejos, siempre hay mucha gente&hellip;<\/p>\n","protected":false},"featured_media":10179,"comment_status":"closed","ping_status":"closed","template":"","meta":{"_acf_changed":false},"product_brand":[],"product_cat":[468],"product_tag":[],"class_list":{"0":"post-10178","1":"product","2":"type-product","3":"status-publish","4":"has-post-thumbnail","6":"product_cat-coleccion-de-libros-akiara-books","8":"first","9":"instock","10":"taxable","11":"shipping-taxable","12":"purchasable","13":"product-type-simple"},"acf":[],"yoast_head":"<!-- This site is optimized with the Yoast SEO plugin v27.1.1 - https:\/\/yoast.com\/product\/yoast-seo-wordpress\/ -->\n<title>Colas de sue\u00f1os - AKIARA books<\/title>\n<meta name=\"robots\" content=\"index, follow, max-snippet:-1, max-image-preview:large, max-video-preview:-1\" \/>\n<link rel=\"canonical\" href=\"https:\/\/akiarabooks.com\/es\/libro\/colas-de-suenos\/\" \/>\n<meta property=\"og:locale\" content=\"es_ES\" \/>\n<meta property=\"og:type\" content=\"article\" \/>\n<meta property=\"og:title\" content=\"Colas de sue\u00f1os - AKIARA books\" \/>\n<meta property=\"og:description\" content=\"El campamento al que nos han tra\u00eddo es como una gran ciudad de tiendas de campa\u00f1a. Todo est\u00e1 lejos, siempre hay mucha gente&hellip;\" \/>\n<meta property=\"og:url\" content=\"https:\/\/akiarabooks.com\/es\/libro\/colas-de-suenos\/\" \/>\n<meta property=\"og:site_name\" content=\"AKIARA books\" \/>\n<meta property=\"article:modified_time\" content=\"2024-01-30T12:35:49+00:00\" \/>\n<meta property=\"og:image\" content=\"https:\/\/akiarabooks.com\/wp-content\/uploads\/2022\/02\/COLAS_DE_SUENOS_cubierta_ES-scaled.jpg\" \/>\n\t<meta property=\"og:image:width\" content=\"2560\" \/>\n\t<meta property=\"og:image:height\" content=\"2232\" \/>\n\t<meta property=\"og:image:type\" content=\"image\/jpeg\" \/>\n<meta name=\"twitter:card\" content=\"summary_large_image\" \/>\n<meta name=\"twitter:label1\" content=\"Est. reading time\" \/>\n\t<meta name=\"twitter:data1\" content=\"2 minutes\" \/>\n<script type=\"application\/ld+json\" class=\"yoast-schema-graph\">{\"@context\":\"https:\/\/schema.org\",\"@graph\":[{\"@type\":\"WebPage\",\"@id\":\"https:\/\/akiarabooks.com\/es\/libro\/colas-de-suenos\/\",\"url\":\"https:\/\/akiarabooks.com\/es\/libro\/colas-de-suenos\/\",\"name\":\"Colas de sue\u00f1os - AKIARA books\",\"isPartOf\":{\"@id\":\"https:\/\/akiarabooks.com\/es\/#website\"},\"primaryImageOfPage\":{\"@id\":\"https:\/\/akiarabooks.com\/es\/libro\/colas-de-suenos\/#primaryimage\"},\"image\":{\"@id\":\"https:\/\/akiarabooks.com\/es\/libro\/colas-de-suenos\/#primaryimage\"},\"thumbnailUrl\":\"https:\/\/akiarabooks.com\/wp-content\/uploads\/2022\/02\/COLAS_DE_SUENOS_cubierta_ES-scaled.jpg\",\"datePublished\":\"2022-02-13T14:55:46+00:00\",\"dateModified\":\"2024-01-30T12:35:49+00:00\",\"breadcrumb\":{\"@id\":\"https:\/\/akiarabooks.com\/es\/libro\/colas-de-suenos\/#breadcrumb\"},\"inLanguage\":\"es-ES\",\"potentialAction\":[{\"@type\":\"ReadAction\",\"target\":[\"https:\/\/akiarabooks.com\/es\/libro\/colas-de-suenos\/\"]}]},{\"@type\":\"ImageObject\",\"inLanguage\":\"es-ES\",\"@id\":\"https:\/\/akiarabooks.com\/es\/libro\/colas-de-suenos\/#primaryimage\",\"url\":\"https:\/\/akiarabooks.com\/wp-content\/uploads\/2022\/02\/COLAS_DE_SUENOS_cubierta_ES-scaled.jpg\",\"contentUrl\":\"https:\/\/akiarabooks.com\/wp-content\/uploads\/2022\/02\/COLAS_DE_SUENOS_cubierta_ES-scaled.jpg\",\"width\":2560,\"height\":2232},{\"@type\":\"BreadcrumbList\",\"@id\":\"https:\/\/akiarabooks.com\/es\/libro\/colas-de-suenos\/#breadcrumb\",\"itemListElement\":[{\"@type\":\"ListItem\",\"position\":1,\"name\":\"Inici\",\"item\":\"https:\/\/akiarabooks.com\/es\/\"},{\"@type\":\"ListItem\",\"position\":2,\"name\":\"Libros\",\"item\":\"https:\/\/akiarabooks.com\/es\/libros\/\"},{\"@type\":\"ListItem\",\"position\":3,\"name\":\"Colas de sue\u00f1os\"}]},{\"@type\":\"WebSite\",\"@id\":\"https:\/\/akiarabooks.com\/es\/#website\",\"url\":\"https:\/\/akiarabooks.com\/es\/\",\"name\":\"AKIARA books\",\"description\":\"Llibres inspiradors per a petits i grans\",\"publisher\":{\"@id\":\"https:\/\/akiarabooks.com\/es\/#organization\"},\"potentialAction\":[{\"@type\":\"SearchAction\",\"target\":{\"@type\":\"EntryPoint\",\"urlTemplate\":\"https:\/\/akiarabooks.com\/es\/?s={search_term_string}\"},\"query-input\":{\"@type\":\"PropertyValueSpecification\",\"valueRequired\":true,\"valueName\":\"search_term_string\"}}],\"inLanguage\":\"es-ES\"},{\"@type\":\"Organization\",\"@id\":\"https:\/\/akiarabooks.com\/es\/#organization\",\"name\":\"AKIARA books\",\"url\":\"https:\/\/akiarabooks.com\/es\/\",\"logo\":{\"@type\":\"ImageObject\",\"inLanguage\":\"es-ES\",\"@id\":\"https:\/\/akiarabooks.com\/es\/#\/schema\/logo\/image\/\",\"url\":\"https:\/\/akiarabooks.com\/wp-content\/uploads\/2018\/02\/cropped-akiara-black.png\",\"contentUrl\":\"https:\/\/akiarabooks.com\/wp-content\/uploads\/2018\/02\/cropped-akiara-black.png\",\"width\":520,\"height\":236,\"caption\":\"AKIARA books\"},\"image\":{\"@id\":\"https:\/\/akiarabooks.com\/es\/#\/schema\/logo\/image\/\"}}]}<\/script>\n<!-- \/ Yoast SEO plugin. -->","yoast_head_json":{"title":"Colas de sue\u00f1os - AKIARA books","robots":{"index":"index","follow":"follow","max-snippet":"max-snippet:-1","max-image-preview":"max-image-preview:large","max-video-preview":"max-video-preview:-1"},"canonical":"https:\/\/akiarabooks.com\/es\/libro\/colas-de-suenos\/","og_locale":"es_ES","og_type":"article","og_title":"Colas de sue\u00f1os - AKIARA books","og_description":"El campamento al que nos han tra\u00eddo es como una gran ciudad de tiendas de campa\u00f1a. Todo est\u00e1 lejos, siempre hay mucha gente&hellip;","og_url":"https:\/\/akiarabooks.com\/es\/libro\/colas-de-suenos\/","og_site_name":"AKIARA books","article_modified_time":"2024-01-30T12:35:49+00:00","og_image":[{"width":2560,"height":2232,"url":"https:\/\/akiarabooks.com\/wp-content\/uploads\/2022\/02\/COLAS_DE_SUENOS_cubierta_ES-scaled.jpg","type":"image\/jpeg"}],"twitter_card":"summary_large_image","twitter_misc":{"Est. reading time":"2 minutes"},"schema":{"@context":"https:\/\/schema.org","@graph":[{"@type":"WebPage","@id":"https:\/\/akiarabooks.com\/es\/libro\/colas-de-suenos\/","url":"https:\/\/akiarabooks.com\/es\/libro\/colas-de-suenos\/","name":"Colas de sue\u00f1os - AKIARA books","isPartOf":{"@id":"https:\/\/akiarabooks.com\/es\/#website"},"primaryImageOfPage":{"@id":"https:\/\/akiarabooks.com\/es\/libro\/colas-de-suenos\/#primaryimage"},"image":{"@id":"https:\/\/akiarabooks.com\/es\/libro\/colas-de-suenos\/#primaryimage"},"thumbnailUrl":"https:\/\/akiarabooks.com\/wp-content\/uploads\/2022\/02\/COLAS_DE_SUENOS_cubierta_ES-scaled.jpg","datePublished":"2022-02-13T14:55:46+00:00","dateModified":"2024-01-30T12:35:49+00:00","breadcrumb":{"@id":"https:\/\/akiarabooks.com\/es\/libro\/colas-de-suenos\/#breadcrumb"},"inLanguage":"es-ES","potentialAction":[{"@type":"ReadAction","target":["https:\/\/akiarabooks.com\/es\/libro\/colas-de-suenos\/"]}]},{"@type":"ImageObject","inLanguage":"es-ES","@id":"https:\/\/akiarabooks.com\/es\/libro\/colas-de-suenos\/#primaryimage","url":"https:\/\/akiarabooks.com\/wp-content\/uploads\/2022\/02\/COLAS_DE_SUENOS_cubierta_ES-scaled.jpg","contentUrl":"https:\/\/akiarabooks.com\/wp-content\/uploads\/2022\/02\/COLAS_DE_SUENOS_cubierta_ES-scaled.jpg","width":2560,"height":2232},{"@type":"BreadcrumbList","@id":"https:\/\/akiarabooks.com\/es\/libro\/colas-de-suenos\/#breadcrumb","itemListElement":[{"@type":"ListItem","position":1,"name":"Inici","item":"https:\/\/akiarabooks.com\/es\/"},{"@type":"ListItem","position":2,"name":"Libros","item":"https:\/\/akiarabooks.com\/es\/libros\/"},{"@type":"ListItem","position":3,"name":"Colas de sue\u00f1os"}]},{"@type":"WebSite","@id":"https:\/\/akiarabooks.com\/es\/#website","url":"https:\/\/akiarabooks.com\/es\/","name":"AKIARA books","description":"Llibres inspiradors per a petits i grans","publisher":{"@id":"https:\/\/akiarabooks.com\/es\/#organization"},"potentialAction":[{"@type":"SearchAction","target":{"@type":"EntryPoint","urlTemplate":"https:\/\/akiarabooks.com\/es\/?s={search_term_string}"},"query-input":{"@type":"PropertyValueSpecification","valueRequired":true,"valueName":"search_term_string"}}],"inLanguage":"es-ES"},{"@type":"Organization","@id":"https:\/\/akiarabooks.com\/es\/#organization","name":"AKIARA books","url":"https:\/\/akiarabooks.com\/es\/","logo":{"@type":"ImageObject","inLanguage":"es-ES","@id":"https:\/\/akiarabooks.com\/es\/#\/schema\/logo\/image\/","url":"https:\/\/akiarabooks.com\/wp-content\/uploads\/2018\/02\/cropped-akiara-black.png","contentUrl":"https:\/\/akiarabooks.com\/wp-content\/uploads\/2018\/02\/cropped-akiara-black.png","width":520,"height":236,"caption":"AKIARA books"},"image":{"@id":"https:\/\/akiarabooks.com\/es\/#\/schema\/logo\/image\/"}}]}},"_links":{"self":[{"href":"https:\/\/akiarabooks.com\/es\/wp-json\/wp\/v2\/product\/10178","targetHints":{"allow":["GET"]}}],"collection":[{"href":"https:\/\/akiarabooks.com\/es\/wp-json\/wp\/v2\/product"}],"about":[{"href":"https:\/\/akiarabooks.com\/es\/wp-json\/wp\/v2\/types\/product"}],"replies":[{"embeddable":true,"href":"https:\/\/akiarabooks.com\/es\/wp-json\/wp\/v2\/comments?post=10178"}],"wp:featuredmedia":[{"embeddable":true,"href":"https:\/\/akiarabooks.com\/es\/wp-json\/wp\/v2\/media\/10179"}],"wp:attachment":[{"href":"https:\/\/akiarabooks.com\/es\/wp-json\/wp\/v2\/media?parent=10178"}],"wp:term":[{"taxonomy":"product_brand","embeddable":true,"href":"https:\/\/akiarabooks.com\/es\/wp-json\/wp\/v2\/product_brand?post=10178"},{"taxonomy":"product_cat","embeddable":true,"href":"https:\/\/akiarabooks.com\/es\/wp-json\/wp\/v2\/product_cat?post=10178"},{"taxonomy":"product_tag","embeddable":true,"href":"https:\/\/akiarabooks.com\/es\/wp-json\/wp\/v2\/product_tag?post=10178"}],"curies":[{"name":"wp","href":"https:\/\/api.w.org\/{rel}","templated":true}]}}