{"id":10191,"date":"2022-02-13T17:21:08","date_gmt":"2022-02-13T15:21:08","guid":{"rendered":"https:\/\/akiarabooks.com\/?post_type=product&#038;p=10191"},"modified":"2024-01-30T14:30:40","modified_gmt":"2024-01-30T12:30:40","slug":"por-que-tenemos-miedo","status":"publish","type":"product","link":"https:\/\/akiarabooks.com\/es\/libro\/por-que-tenemos-miedo\/","title":{"rendered":"\u00bfPor qu\u00e9 tenemos miedo?"},"content":{"rendered":"<p>\u00abPap\u00e1, \u00bfalguna vez has tenido miedo?\u00bb, pregunta Max. Y su padre le habla de sombras, de laberintos, de golpes, de sue\u00f1os y de armaduras.<\/p>\n<p>Un po\u00e9tico \u00e1lbum ilustrado que nos recuerda que el miedo nos acompa\u00f1a desde siempre y necesita ser expresado; nos pone alerta, y nos brinda una oportunidad para llegar a lugares inexplorados de nuestro interior.<\/p>\n<p>&nbsp;<\/p>\n<h6>De los mismos autores de <a href=\"https:\/\/akiarabooks.com\/es\/libro\/por-que-lloramos\/\">\u00bfPOR QU\u00c9 LLORAMOS?<\/a><\/h6>\n<h6>Publicado inicialmente en espa\u00f1ol, catal\u00e1n y portugu\u00e9s, y traducido al ingl\u00e9s, franc\u00e9s, italiano, griego, dan\u00e9s, coreano y japon\u00e9s.<\/h6>\n<p>&nbsp;<\/p>\n","protected":false},"excerpt":{"rendered":"<p>\u00abPap\u00e1, \u00bfalguna vez has tenido miedo?\u00bb, pregunta Max. Y su padre le habla de sombras, de laberintos, de golpes, de sue\u00f1os y de&hellip;<\/p>\n","protected":false},"featured_media":10266,"comment_status":"closed","ping_status":"closed","template":"","meta":{"_acf_changed":false},"product_brand":[],"product_cat":[468],"product_tag":[],"class_list":{"0":"post-10191","1":"product","2":"type-product","3":"status-publish","4":"has-post-thumbnail","6":"product_cat-coleccion-de-libros-akiara-books","8":"first","9":"instock","10":"taxable","11":"shipping-taxable","12":"purchasable","13":"product-type-simple"},"acf":[],"yoast_head":"<!-- This site is optimized with the Yoast SEO plugin v27.1.1 - https:\/\/yoast.com\/product\/yoast-seo-wordpress\/ -->\n<title>\u00bfPor qu\u00e9 tenemos miedo? - AKIARA books<\/title>\n<meta name=\"robots\" content=\"index, follow, max-snippet:-1, max-image-preview:large, max-video-preview:-1\" \/>\n<link rel=\"canonical\" href=\"https:\/\/akiarabooks.com\/es\/libro\/por-que-tenemos-miedo\/\" \/>\n<meta property=\"og:locale\" content=\"es_ES\" \/>\n<meta property=\"og:type\" content=\"article\" \/>\n<meta property=\"og:title\" content=\"\u00bfPor qu\u00e9 tenemos miedo? - AKIARA books\" \/>\n<meta property=\"og:description\" content=\"\u00abPap\u00e1, \u00bfalguna vez has tenido miedo?\u00bb, pregunta Max. Y su padre le habla de sombras, de laberintos, de golpes, de sue\u00f1os y de&hellip;\" \/>\n<meta property=\"og:url\" content=\"https:\/\/akiarabooks.com\/es\/libro\/por-que-tenemos-miedo\/\" \/>\n<meta property=\"og:site_name\" content=\"AKIARA books\" \/>\n<meta property=\"article:modified_time\" content=\"2024-01-30T12:30:40+00:00\" \/>\n<meta property=\"og:image\" content=\"https:\/\/akiarabooks.com\/wp-content\/uploads\/2022\/02\/POR_QUE_TENEMOS_MIEDO_cubierta_ES-1-scaled.jpg\" \/>\n\t<meta property=\"og:image:width\" content=\"2560\" \/>\n\t<meta property=\"og:image:height\" content=\"2219\" \/>\n\t<meta property=\"og:image:type\" content=\"image\/jpeg\" \/>\n<meta name=\"twitter:card\" content=\"summary_large_image\" \/>\n<meta name=\"twitter:label1\" content=\"Est. reading time\" \/>\n\t<meta name=\"twitter:data1\" content=\"1 minute\" \/>\n<script type=\"application\/ld+json\" class=\"yoast-schema-graph\">{\"@context\":\"https:\/\/schema.org\",\"@graph\":[{\"@type\":\"WebPage\",\"@id\":\"https:\/\/akiarabooks.com\/es\/libro\/por-que-tenemos-miedo\/\",\"url\":\"https:\/\/akiarabooks.com\/es\/libro\/por-que-tenemos-miedo\/\",\"name\":\"\u00bfPor qu\u00e9 tenemos miedo? - AKIARA books\",\"isPartOf\":{\"@id\":\"https:\/\/akiarabooks.com\/es\/#website\"},\"primaryImageOfPage\":{\"@id\":\"https:\/\/akiarabooks.com\/es\/libro\/por-que-tenemos-miedo\/#primaryimage\"},\"image\":{\"@id\":\"https:\/\/akiarabooks.com\/es\/libro\/por-que-tenemos-miedo\/#primaryimage\"},\"thumbnailUrl\":\"https:\/\/akiarabooks.com\/wp-content\/uploads\/2022\/02\/POR_QUE_TENEMOS_MIEDO_cubierta_ES-1-scaled.jpg\",\"datePublished\":\"2022-02-13T15:21:08+00:00\",\"dateModified\":\"2024-01-30T12:30:40+00:00\",\"breadcrumb\":{\"@id\":\"https:\/\/akiarabooks.com\/es\/libro\/por-que-tenemos-miedo\/#breadcrumb\"},\"inLanguage\":\"es-ES\",\"potentialAction\":[{\"@type\":\"ReadAction\",\"target\":[\"https:\/\/akiarabooks.com\/es\/libro\/por-que-tenemos-miedo\/\"]}]},{\"@type\":\"ImageObject\",\"inLanguage\":\"es-ES\",\"@id\":\"https:\/\/akiarabooks.com\/es\/libro\/por-que-tenemos-miedo\/#primaryimage\",\"url\":\"https:\/\/akiarabooks.com\/wp-content\/uploads\/2022\/02\/POR_QUE_TENEMOS_MIEDO_cubierta_ES-1-scaled.jpg\",\"contentUrl\":\"https:\/\/akiarabooks.com\/wp-content\/uploads\/2022\/02\/POR_QUE_TENEMOS_MIEDO_cubierta_ES-1-scaled.jpg\",\"width\":2560,\"height\":2219},{\"@type\":\"BreadcrumbList\",\"@id\":\"https:\/\/akiarabooks.com\/es\/libro\/por-que-tenemos-miedo\/#breadcrumb\",\"itemListElement\":[{\"@type\":\"ListItem\",\"position\":1,\"name\":\"Inici\",\"item\":\"https:\/\/akiarabooks.com\/es\/\"},{\"@type\":\"ListItem\",\"position\":2,\"name\":\"Libros\",\"item\":\"https:\/\/akiarabooks.com\/es\/libros\/\"},{\"@type\":\"ListItem\",\"position\":3,\"name\":\"\u00bfPor qu\u00e9 tenemos miedo?\"}]},{\"@type\":\"WebSite\",\"@id\":\"https:\/\/akiarabooks.com\/es\/#website\",\"url\":\"https:\/\/akiarabooks.com\/es\/\",\"name\":\"AKIARA books\",\"description\":\"Llibres inspiradors per a petits i grans\",\"publisher\":{\"@id\":\"https:\/\/akiarabooks.com\/es\/#organization\"},\"potentialAction\":[{\"@type\":\"SearchAction\",\"target\":{\"@type\":\"EntryPoint\",\"urlTemplate\":\"https:\/\/akiarabooks.com\/es\/?s={search_term_string}\"},\"query-input\":{\"@type\":\"PropertyValueSpecification\",\"valueRequired\":true,\"valueName\":\"search_term_string\"}}],\"inLanguage\":\"es-ES\"},{\"@type\":\"Organization\",\"@id\":\"https:\/\/akiarabooks.com\/es\/#organization\",\"name\":\"AKIARA books\",\"url\":\"https:\/\/akiarabooks.com\/es\/\",\"logo\":{\"@type\":\"ImageObject\",\"inLanguage\":\"es-ES\",\"@id\":\"https:\/\/akiarabooks.com\/es\/#\/schema\/logo\/image\/\",\"url\":\"https:\/\/akiarabooks.com\/wp-content\/uploads\/2018\/02\/cropped-akiara-black.png\",\"contentUrl\":\"https:\/\/akiarabooks.com\/wp-content\/uploads\/2018\/02\/cropped-akiara-black.png\",\"width\":520,\"height\":236,\"caption\":\"AKIARA books\"},\"image\":{\"@id\":\"https:\/\/akiarabooks.com\/es\/#\/schema\/logo\/image\/\"}}]}<\/script>\n<!-- \/ Yoast SEO plugin. -->","yoast_head_json":{"title":"\u00bfPor qu\u00e9 tenemos miedo? - AKIARA books","robots":{"index":"index","follow":"follow","max-snippet":"max-snippet:-1","max-image-preview":"max-image-preview:large","max-video-preview":"max-video-preview:-1"},"canonical":"https:\/\/akiarabooks.com\/es\/libro\/por-que-tenemos-miedo\/","og_locale":"es_ES","og_type":"article","og_title":"\u00bfPor qu\u00e9 tenemos miedo? - AKIARA books","og_description":"\u00abPap\u00e1, \u00bfalguna vez has tenido miedo?\u00bb, pregunta Max. Y su padre le habla de sombras, de laberintos, de golpes, de sue\u00f1os y de&hellip;","og_url":"https:\/\/akiarabooks.com\/es\/libro\/por-que-tenemos-miedo\/","og_site_name":"AKIARA books","article_modified_time":"2024-01-30T12:30:40+00:00","og_image":[{"width":2560,"height":2219,"url":"https:\/\/akiarabooks.com\/wp-content\/uploads\/2022\/02\/POR_QUE_TENEMOS_MIEDO_cubierta_ES-1-scaled.jpg","type":"image\/jpeg"}],"twitter_card":"summary_large_image","twitter_misc":{"Est. reading time":"1 minute"},"schema":{"@context":"https:\/\/schema.org","@graph":[{"@type":"WebPage","@id":"https:\/\/akiarabooks.com\/es\/libro\/por-que-tenemos-miedo\/","url":"https:\/\/akiarabooks.com\/es\/libro\/por-que-tenemos-miedo\/","name":"\u00bfPor qu\u00e9 tenemos miedo? - AKIARA books","isPartOf":{"@id":"https:\/\/akiarabooks.com\/es\/#website"},"primaryImageOfPage":{"@id":"https:\/\/akiarabooks.com\/es\/libro\/por-que-tenemos-miedo\/#primaryimage"},"image":{"@id":"https:\/\/akiarabooks.com\/es\/libro\/por-que-tenemos-miedo\/#primaryimage"},"thumbnailUrl":"https:\/\/akiarabooks.com\/wp-content\/uploads\/2022\/02\/POR_QUE_TENEMOS_MIEDO_cubierta_ES-1-scaled.jpg","datePublished":"2022-02-13T15:21:08+00:00","dateModified":"2024-01-30T12:30:40+00:00","breadcrumb":{"@id":"https:\/\/akiarabooks.com\/es\/libro\/por-que-tenemos-miedo\/#breadcrumb"},"inLanguage":"es-ES","potentialAction":[{"@type":"ReadAction","target":["https:\/\/akiarabooks.com\/es\/libro\/por-que-tenemos-miedo\/"]}]},{"@type":"ImageObject","inLanguage":"es-ES","@id":"https:\/\/akiarabooks.com\/es\/libro\/por-que-tenemos-miedo\/#primaryimage","url":"https:\/\/akiarabooks.com\/wp-content\/uploads\/2022\/02\/POR_QUE_TENEMOS_MIEDO_cubierta_ES-1-scaled.jpg","contentUrl":"https:\/\/akiarabooks.com\/wp-content\/uploads\/2022\/02\/POR_QUE_TENEMOS_MIEDO_cubierta_ES-1-scaled.jpg","width":2560,"height":2219},{"@type":"BreadcrumbList","@id":"https:\/\/akiarabooks.com\/es\/libro\/por-que-tenemos-miedo\/#breadcrumb","itemListElement":[{"@type":"ListItem","position":1,"name":"Inici","item":"https:\/\/akiarabooks.com\/es\/"},{"@type":"ListItem","position":2,"name":"Libros","item":"https:\/\/akiarabooks.com\/es\/libros\/"},{"@type":"ListItem","position":3,"name":"\u00bfPor qu\u00e9 tenemos miedo?"}]},{"@type":"WebSite","@id":"https:\/\/akiarabooks.com\/es\/#website","url":"https:\/\/akiarabooks.com\/es\/","name":"AKIARA books","description":"Llibres inspiradors per a petits i grans","publisher":{"@id":"https:\/\/akiarabooks.com\/es\/#organization"},"potentialAction":[{"@type":"SearchAction","target":{"@type":"EntryPoint","urlTemplate":"https:\/\/akiarabooks.com\/es\/?s={search_term_string}"},"query-input":{"@type":"PropertyValueSpecification","valueRequired":true,"valueName":"search_term_string"}}],"inLanguage":"es-ES"},{"@type":"Organization","@id":"https:\/\/akiarabooks.com\/es\/#organization","name":"AKIARA books","url":"https:\/\/akiarabooks.com\/es\/","logo":{"@type":"ImageObject","inLanguage":"es-ES","@id":"https:\/\/akiarabooks.com\/es\/#\/schema\/logo\/image\/","url":"https:\/\/akiarabooks.com\/wp-content\/uploads\/2018\/02\/cropped-akiara-black.png","contentUrl":"https:\/\/akiarabooks.com\/wp-content\/uploads\/2018\/02\/cropped-akiara-black.png","width":520,"height":236,"caption":"AKIARA books"},"image":{"@id":"https:\/\/akiarabooks.com\/es\/#\/schema\/logo\/image\/"}}]}},"_links":{"self":[{"href":"https:\/\/akiarabooks.com\/es\/wp-json\/wp\/v2\/product\/10191","targetHints":{"allow":["GET"]}}],"collection":[{"href":"https:\/\/akiarabooks.com\/es\/wp-json\/wp\/v2\/product"}],"about":[{"href":"https:\/\/akiarabooks.com\/es\/wp-json\/wp\/v2\/types\/product"}],"replies":[{"embeddable":true,"href":"https:\/\/akiarabooks.com\/es\/wp-json\/wp\/v2\/comments?post=10191"}],"wp:featuredmedia":[{"embeddable":true,"href":"https:\/\/akiarabooks.com\/es\/wp-json\/wp\/v2\/media\/10266"}],"wp:attachment":[{"href":"https:\/\/akiarabooks.com\/es\/wp-json\/wp\/v2\/media?parent=10191"}],"wp:term":[{"taxonomy":"product_brand","embeddable":true,"href":"https:\/\/akiarabooks.com\/es\/wp-json\/wp\/v2\/product_brand?post=10191"},{"taxonomy":"product_cat","embeddable":true,"href":"https:\/\/akiarabooks.com\/es\/wp-json\/wp\/v2\/product_cat?post=10191"},{"taxonomy":"product_tag","embeddable":true,"href":"https:\/\/akiarabooks.com\/es\/wp-json\/wp\/v2\/product_tag?post=10191"}],"curies":[{"name":"wp","href":"https:\/\/api.w.org\/{rel}","templated":true}]}}