{"id":11164,"date":"2022-10-24T11:58:44","date_gmt":"2022-10-24T09:58:44","guid":{"rendered":"https:\/\/akiarabooks.com\/?post_type=product&#038;p=11164"},"modified":"2025-02-16T14:41:19","modified_gmt":"2025-02-16T12:41:19","slug":"gracias-madre-tierra","status":"publish","type":"product","link":"https:\/\/akiarabooks.com\/es\/libro\/gracias-madre-tierra\/","title":{"rendered":"\u00a1Gracias, Madre Tierra!"},"content":{"rendered":"<p>El <em>Thanksgiving Address<\/em> de los Haudenosaunee (o Confederaci\u00f3n de las Seis Naciones Iroquesas) es mucho m\u00e1s que un poema, un discurso o una plegaria: es un gran canto de saludo y agradecimiento a todos los seres vivos, recitado colectivamente por las ma\u00f1anas, desde hace siglos, en un territorio que abraza parte de lo que hoy son los Estados Unidos y Canad\u00e1. Constituye tambi\u00e9n un inventario del mundo natural, donde se agradece a cada elemento del ecosistema todo lo que aporta al prodigio de la vida.<\/p>\n<p>Os presentamos este texto de la tradici\u00f3n ind\u00edgena en una edici\u00f3n exquisitamente ilustrada y con un formato muy especial que permite ir desplegando el libro hasta convertirlo en un gran mural de la Creaci\u00f3n.<\/p>\n<h6><img loading=\"lazy\" decoding=\"async\" class=\"alignnone wp-image-12298 \" src=\"https:\/\/akiarabooks.com\/wp-content\/uploads\/2022\/10\/2nPremioMejorEditados.png\" alt=\"\" width=\"232\" height=\"232\" srcset=\"https:\/\/akiarabooks.com\/wp-content\/uploads\/2022\/10\/2nPremioMejorEditados.png 343w, https:\/\/akiarabooks.com\/wp-content\/uploads\/2022\/10\/2nPremioMejorEditados-300x300.png 300w, https:\/\/akiarabooks.com\/wp-content\/uploads\/2022\/10\/2nPremioMejorEditados-150x150.png 150w, https:\/\/akiarabooks.com\/wp-content\/uploads\/2022\/10\/2nPremioMejorEditados-100x100.png 100w\" sizes=\"auto, (max-width: 232px) 100vw, 232px\" \/><\/h6>\n<h6>Segundo Premio a los Libros Mejor Editados del 2022<\/h6>\n<p>&nbsp;<\/p>\n<h6><img loading=\"lazy\" decoding=\"async\" class=\"alignnone wp-image-13015 \" src=\"https:\/\/akiarabooks.com\/wp-content\/uploads\/2022\/10\/BCBF24-braw-rosettes-fiction-special-mention.png\" alt=\"\" width=\"178\" height=\"259\" srcset=\"https:\/\/akiarabooks.com\/wp-content\/uploads\/2022\/10\/BCBF24-braw-rosettes-fiction-special-mention.png 1496w, https:\/\/akiarabooks.com\/wp-content\/uploads\/2022\/10\/BCBF24-braw-rosettes-fiction-special-mention-206x300.png 206w, https:\/\/akiarabooks.com\/wp-content\/uploads\/2022\/10\/BCBF24-braw-rosettes-fiction-special-mention-688x1000.png 688w, https:\/\/akiarabooks.com\/wp-content\/uploads\/2022\/10\/BCBF24-braw-rosettes-fiction-special-mention-768x1117.png 768w, https:\/\/akiarabooks.com\/wp-content\/uploads\/2022\/10\/BCBF24-braw-rosettes-fiction-special-mention-1056x1536.png 1056w, https:\/\/akiarabooks.com\/wp-content\/uploads\/2022\/10\/BCBF24-braw-rosettes-fiction-special-mention-1409x2048.png 1409w, https:\/\/akiarabooks.com\/wp-content\/uploads\/2022\/10\/BCBF24-braw-rosettes-fiction-special-mention-500x727.png 500w, https:\/\/akiarabooks.com\/wp-content\/uploads\/2022\/10\/BCBF24-braw-rosettes-fiction-special-mention-475x690.png 475w, https:\/\/akiarabooks.com\/wp-content\/uploads\/2022\/10\/BCBF24-braw-rosettes-fiction-special-mention-600x872.png 600w\" sizes=\"auto, (max-width: 178px) 100vw, 178px\" \/><\/h6>\n<h6>Menci\u00f3n Especial de Poes\u00eda en los Bologna Ragazzi Awards 2024<\/h6>\n<h6 style=\"text-align: left\"><\/h6>\n","protected":false},"excerpt":{"rendered":"<p>El Thanksgiving Address de los Haudenosaunee (o Confederaci\u00f3n de las Seis Naciones Iroquesas) es mucho m\u00e1s que un poema, un discurso o una&hellip;<\/p>\n","protected":false},"featured_media":11158,"comment_status":"closed","ping_status":"closed","template":"","meta":{"_acf_changed":false},"product_brand":[],"product_cat":[724],"product_tag":[],"class_list":{"0":"post-11164","1":"product","2":"type-product","3":"status-publish","4":"has-post-thumbnail","6":"product_cat-akipoeta-es","8":"first","9":"instock","10":"taxable","11":"shipping-taxable","12":"purchasable","13":"product-type-simple"},"acf":[],"yoast_head":"<!-- This site is optimized with the Yoast SEO plugin v27.1.1 - https:\/\/yoast.com\/product\/yoast-seo-wordpress\/ -->\n<title>\u00a1Gracias, Madre Tierra! - AKIARA books<\/title>\n<meta name=\"robots\" content=\"index, follow, max-snippet:-1, max-image-preview:large, max-video-preview:-1\" \/>\n<link rel=\"canonical\" href=\"https:\/\/akiarabooks.com\/es\/libro\/gracias-madre-tierra\/\" \/>\n<meta property=\"og:locale\" content=\"es_ES\" \/>\n<meta property=\"og:type\" content=\"article\" \/>\n<meta property=\"og:title\" content=\"\u00a1Gracias, Madre Tierra! - AKIARA books\" \/>\n<meta property=\"og:description\" content=\"El Thanksgiving Address de los Haudenosaunee (o Confederaci\u00f3n de las Seis Naciones Iroquesas) es mucho m\u00e1s que un poema, un discurso o una&hellip;\" \/>\n<meta property=\"og:url\" content=\"https:\/\/akiarabooks.com\/es\/libro\/gracias-madre-tierra\/\" \/>\n<meta property=\"og:site_name\" content=\"AKIARA books\" \/>\n<meta property=\"article:modified_time\" content=\"2025-02-16T12:41:19+00:00\" \/>\n<meta property=\"og:image\" content=\"https:\/\/akiarabooks.com\/wp-content\/uploads\/2022\/10\/GRACIAS_MADRE_TIERRA_cubierta_ES_baixa-scaled.jpg\" \/>\n\t<meta property=\"og:image:width\" content=\"1536\" \/>\n\t<meta property=\"og:image:height\" content=\"2560\" \/>\n\t<meta property=\"og:image:type\" content=\"image\/jpeg\" \/>\n<meta name=\"twitter:card\" content=\"summary_large_image\" \/>\n<meta name=\"twitter:label1\" content=\"Est. reading time\" \/>\n\t<meta name=\"twitter:data1\" content=\"2 minutes\" \/>\n<script type=\"application\/ld+json\" class=\"yoast-schema-graph\">{\"@context\":\"https:\/\/schema.org\",\"@graph\":[{\"@type\":\"WebPage\",\"@id\":\"https:\/\/akiarabooks.com\/es\/libro\/gracias-madre-tierra\/\",\"url\":\"https:\/\/akiarabooks.com\/es\/libro\/gracias-madre-tierra\/\",\"name\":\"\u00a1Gracias, Madre Tierra! - AKIARA books\",\"isPartOf\":{\"@id\":\"https:\/\/akiarabooks.com\/es\/#website\"},\"primaryImageOfPage\":{\"@id\":\"https:\/\/akiarabooks.com\/es\/libro\/gracias-madre-tierra\/#primaryimage\"},\"image\":{\"@id\":\"https:\/\/akiarabooks.com\/es\/libro\/gracias-madre-tierra\/#primaryimage\"},\"thumbnailUrl\":\"https:\/\/akiarabooks.com\/wp-content\/uploads\/2022\/10\/GRACIAS_MADRE_TIERRA_cubierta_ES_baixa-scaled.jpg\",\"datePublished\":\"2022-10-24T09:58:44+00:00\",\"dateModified\":\"2025-02-16T12:41:19+00:00\",\"breadcrumb\":{\"@id\":\"https:\/\/akiarabooks.com\/es\/libro\/gracias-madre-tierra\/#breadcrumb\"},\"inLanguage\":\"es-ES\",\"potentialAction\":[{\"@type\":\"ReadAction\",\"target\":[\"https:\/\/akiarabooks.com\/es\/libro\/gracias-madre-tierra\/\"]}]},{\"@type\":\"ImageObject\",\"inLanguage\":\"es-ES\",\"@id\":\"https:\/\/akiarabooks.com\/es\/libro\/gracias-madre-tierra\/#primaryimage\",\"url\":\"https:\/\/akiarabooks.com\/wp-content\/uploads\/2022\/10\/GRACIAS_MADRE_TIERRA_cubierta_ES_baixa-scaled.jpg\",\"contentUrl\":\"https:\/\/akiarabooks.com\/wp-content\/uploads\/2022\/10\/GRACIAS_MADRE_TIERRA_cubierta_ES_baixa-scaled.jpg\",\"width\":1536,\"height\":2560},{\"@type\":\"BreadcrumbList\",\"@id\":\"https:\/\/akiarabooks.com\/es\/libro\/gracias-madre-tierra\/#breadcrumb\",\"itemListElement\":[{\"@type\":\"ListItem\",\"position\":1,\"name\":\"Inici\",\"item\":\"https:\/\/akiarabooks.com\/es\/\"},{\"@type\":\"ListItem\",\"position\":2,\"name\":\"Libros\",\"item\":\"https:\/\/akiarabooks.com\/es\/libros\/\"},{\"@type\":\"ListItem\",\"position\":3,\"name\":\"\u00a1Gracias, Madre Tierra!\"}]},{\"@type\":\"WebSite\",\"@id\":\"https:\/\/akiarabooks.com\/es\/#website\",\"url\":\"https:\/\/akiarabooks.com\/es\/\",\"name\":\"AKIARA books\",\"description\":\"Llibres inspiradors per a petits i grans\",\"publisher\":{\"@id\":\"https:\/\/akiarabooks.com\/es\/#organization\"},\"potentialAction\":[{\"@type\":\"SearchAction\",\"target\":{\"@type\":\"EntryPoint\",\"urlTemplate\":\"https:\/\/akiarabooks.com\/es\/?s={search_term_string}\"},\"query-input\":{\"@type\":\"PropertyValueSpecification\",\"valueRequired\":true,\"valueName\":\"search_term_string\"}}],\"inLanguage\":\"es-ES\"},{\"@type\":\"Organization\",\"@id\":\"https:\/\/akiarabooks.com\/es\/#organization\",\"name\":\"AKIARA books\",\"url\":\"https:\/\/akiarabooks.com\/es\/\",\"logo\":{\"@type\":\"ImageObject\",\"inLanguage\":\"es-ES\",\"@id\":\"https:\/\/akiarabooks.com\/es\/#\/schema\/logo\/image\/\",\"url\":\"https:\/\/akiarabooks.com\/wp-content\/uploads\/2018\/02\/cropped-akiara-black.png\",\"contentUrl\":\"https:\/\/akiarabooks.com\/wp-content\/uploads\/2018\/02\/cropped-akiara-black.png\",\"width\":520,\"height\":236,\"caption\":\"AKIARA books\"},\"image\":{\"@id\":\"https:\/\/akiarabooks.com\/es\/#\/schema\/logo\/image\/\"}}]}<\/script>\n<!-- \/ Yoast SEO plugin. -->","yoast_head_json":{"title":"\u00a1Gracias, Madre Tierra! - AKIARA books","robots":{"index":"index","follow":"follow","max-snippet":"max-snippet:-1","max-image-preview":"max-image-preview:large","max-video-preview":"max-video-preview:-1"},"canonical":"https:\/\/akiarabooks.com\/es\/libro\/gracias-madre-tierra\/","og_locale":"es_ES","og_type":"article","og_title":"\u00a1Gracias, Madre Tierra! - AKIARA books","og_description":"El Thanksgiving Address de los Haudenosaunee (o Confederaci\u00f3n de las Seis Naciones Iroquesas) es mucho m\u00e1s que un poema, un discurso o una&hellip;","og_url":"https:\/\/akiarabooks.com\/es\/libro\/gracias-madre-tierra\/","og_site_name":"AKIARA books","article_modified_time":"2025-02-16T12:41:19+00:00","og_image":[{"width":1536,"height":2560,"url":"https:\/\/akiarabooks.com\/wp-content\/uploads\/2022\/10\/GRACIAS_MADRE_TIERRA_cubierta_ES_baixa-scaled.jpg","type":"image\/jpeg"}],"twitter_card":"summary_large_image","twitter_misc":{"Est. reading time":"2 minutes"},"schema":{"@context":"https:\/\/schema.org","@graph":[{"@type":"WebPage","@id":"https:\/\/akiarabooks.com\/es\/libro\/gracias-madre-tierra\/","url":"https:\/\/akiarabooks.com\/es\/libro\/gracias-madre-tierra\/","name":"\u00a1Gracias, Madre Tierra! - AKIARA books","isPartOf":{"@id":"https:\/\/akiarabooks.com\/es\/#website"},"primaryImageOfPage":{"@id":"https:\/\/akiarabooks.com\/es\/libro\/gracias-madre-tierra\/#primaryimage"},"image":{"@id":"https:\/\/akiarabooks.com\/es\/libro\/gracias-madre-tierra\/#primaryimage"},"thumbnailUrl":"https:\/\/akiarabooks.com\/wp-content\/uploads\/2022\/10\/GRACIAS_MADRE_TIERRA_cubierta_ES_baixa-scaled.jpg","datePublished":"2022-10-24T09:58:44+00:00","dateModified":"2025-02-16T12:41:19+00:00","breadcrumb":{"@id":"https:\/\/akiarabooks.com\/es\/libro\/gracias-madre-tierra\/#breadcrumb"},"inLanguage":"es-ES","potentialAction":[{"@type":"ReadAction","target":["https:\/\/akiarabooks.com\/es\/libro\/gracias-madre-tierra\/"]}]},{"@type":"ImageObject","inLanguage":"es-ES","@id":"https:\/\/akiarabooks.com\/es\/libro\/gracias-madre-tierra\/#primaryimage","url":"https:\/\/akiarabooks.com\/wp-content\/uploads\/2022\/10\/GRACIAS_MADRE_TIERRA_cubierta_ES_baixa-scaled.jpg","contentUrl":"https:\/\/akiarabooks.com\/wp-content\/uploads\/2022\/10\/GRACIAS_MADRE_TIERRA_cubierta_ES_baixa-scaled.jpg","width":1536,"height":2560},{"@type":"BreadcrumbList","@id":"https:\/\/akiarabooks.com\/es\/libro\/gracias-madre-tierra\/#breadcrumb","itemListElement":[{"@type":"ListItem","position":1,"name":"Inici","item":"https:\/\/akiarabooks.com\/es\/"},{"@type":"ListItem","position":2,"name":"Libros","item":"https:\/\/akiarabooks.com\/es\/libros\/"},{"@type":"ListItem","position":3,"name":"\u00a1Gracias, Madre Tierra!"}]},{"@type":"WebSite","@id":"https:\/\/akiarabooks.com\/es\/#website","url":"https:\/\/akiarabooks.com\/es\/","name":"AKIARA books","description":"Llibres inspiradors per a petits i grans","publisher":{"@id":"https:\/\/akiarabooks.com\/es\/#organization"},"potentialAction":[{"@type":"SearchAction","target":{"@type":"EntryPoint","urlTemplate":"https:\/\/akiarabooks.com\/es\/?s={search_term_string}"},"query-input":{"@type":"PropertyValueSpecification","valueRequired":true,"valueName":"search_term_string"}}],"inLanguage":"es-ES"},{"@type":"Organization","@id":"https:\/\/akiarabooks.com\/es\/#organization","name":"AKIARA books","url":"https:\/\/akiarabooks.com\/es\/","logo":{"@type":"ImageObject","inLanguage":"es-ES","@id":"https:\/\/akiarabooks.com\/es\/#\/schema\/logo\/image\/","url":"https:\/\/akiarabooks.com\/wp-content\/uploads\/2018\/02\/cropped-akiara-black.png","contentUrl":"https:\/\/akiarabooks.com\/wp-content\/uploads\/2018\/02\/cropped-akiara-black.png","width":520,"height":236,"caption":"AKIARA books"},"image":{"@id":"https:\/\/akiarabooks.com\/es\/#\/schema\/logo\/image\/"}}]}},"_links":{"self":[{"href":"https:\/\/akiarabooks.com\/es\/wp-json\/wp\/v2\/product\/11164","targetHints":{"allow":["GET"]}}],"collection":[{"href":"https:\/\/akiarabooks.com\/es\/wp-json\/wp\/v2\/product"}],"about":[{"href":"https:\/\/akiarabooks.com\/es\/wp-json\/wp\/v2\/types\/product"}],"replies":[{"embeddable":true,"href":"https:\/\/akiarabooks.com\/es\/wp-json\/wp\/v2\/comments?post=11164"}],"wp:featuredmedia":[{"embeddable":true,"href":"https:\/\/akiarabooks.com\/es\/wp-json\/wp\/v2\/media\/11158"}],"wp:attachment":[{"href":"https:\/\/akiarabooks.com\/es\/wp-json\/wp\/v2\/media?parent=11164"}],"wp:term":[{"taxonomy":"product_brand","embeddable":true,"href":"https:\/\/akiarabooks.com\/es\/wp-json\/wp\/v2\/product_brand?post=11164"},{"taxonomy":"product_cat","embeddable":true,"href":"https:\/\/akiarabooks.com\/es\/wp-json\/wp\/v2\/product_cat?post=11164"},{"taxonomy":"product_tag","embeddable":true,"href":"https:\/\/akiarabooks.com\/es\/wp-json\/wp\/v2\/product_tag?post=11164"}],"curies":[{"name":"wp","href":"https:\/\/api.w.org\/{rel}","templated":true}]}}