{"id":12838,"date":"2024-02-13T13:09:04","date_gmt":"2024-02-13T11:17:15","guid":{"rendered":"https:\/\/akiarabooks.com\/?post_type=product&#038;p=12838"},"modified":"2025-01-17T20:21:09","modified_gmt":"2025-01-17T18:21:09","slug":"obligados-a-partir","status":"publish","type":"product","link":"https:\/\/akiarabooks.com\/es\/libro\/obligados-a-partir\/","title":{"rendered":"Obligados a partir"},"content":{"rendered":"<p>SOLY es originario de Senegal. HELENA dej\u00f3 Bolivia. SAID tuvo que huir de Siria. RUTH naci\u00f3 en El Salvador. MERIEM se fue de Marruecos, igual que OSSAMA. Lo que entrelaza sus historias es que todos ellos se han visto OBLIGADOS A PARTIR.<\/p>\n<p>Con este libro queremos mostrar seis historias de vida, seis recorridos llenos de dificultades y retos. Tres mujeres y tres hombres que tuvieron que emigrar nos explican c\u00f3mo era su vida antes; por qu\u00e9 y c\u00f3mo se fueron, y c\u00f3mo es actualmente su vida en un nuevo pa\u00eds donde no conoc\u00edan a nadie. Son historias de superaci\u00f3n, pero tambi\u00e9n de dolor, de soledad, de acogida y de integraci\u00f3n. Historias que, a pesar de todo, acaban bien, porque alguien (personas o entidades) se ha ocupado de que as\u00ed fuera.<\/p>\n<p>Los testimonios que presentamos nos invitan a cambiar la mirada, a poner nombre y rostro a la experiencia de tantas y tantas personas que se ven obligadas a jugarse la vida buscando un futuro m\u00e1s digno.<\/p>\n<p>&nbsp;<\/p>\n<h6><img loading=\"lazy\" decoding=\"async\" class=\"wp-image-14431 alignleft\" src=\"https:\/\/akiarabooks.com\/wp-content\/uploads\/2024\/02\/Logo_MINISTERIO_CULTURA_lectura_infinita-scaled.jpg\" alt=\"\" width=\"353\" height=\"76\" srcset=\"https:\/\/akiarabooks.com\/wp-content\/uploads\/2024\/02\/Logo_MINISTERIO_CULTURA_lectura_infinita-scaled.jpg 2560w, https:\/\/akiarabooks.com\/wp-content\/uploads\/2024\/02\/Logo_MINISTERIO_CULTURA_lectura_infinita-300x65.jpg 300w, https:\/\/akiarabooks.com\/wp-content\/uploads\/2024\/02\/Logo_MINISTERIO_CULTURA_lectura_infinita-1800x388.jpg 1800w, https:\/\/akiarabooks.com\/wp-content\/uploads\/2024\/02\/Logo_MINISTERIO_CULTURA_lectura_infinita-768x166.jpg 768w, https:\/\/akiarabooks.com\/wp-content\/uploads\/2024\/02\/Logo_MINISTERIO_CULTURA_lectura_infinita-1536x331.jpg 1536w, https:\/\/akiarabooks.com\/wp-content\/uploads\/2024\/02\/Logo_MINISTERIO_CULTURA_lectura_infinita-2048x442.jpg 2048w, https:\/\/akiarabooks.com\/wp-content\/uploads\/2024\/02\/Logo_MINISTERIO_CULTURA_lectura_infinita-500x108.jpg 500w, https:\/\/akiarabooks.com\/wp-content\/uploads\/2024\/02\/Logo_MINISTERIO_CULTURA_lectura_infinita-1500x324.jpg 1500w, https:\/\/akiarabooks.com\/wp-content\/uploads\/2024\/02\/Logo_MINISTERIO_CULTURA_lectura_infinita-600x129.jpg 600w\" sizes=\"auto, (max-width: 353px) 100vw, 353px\" \/>Esta obra ha recibido una ayuda a la edici\u00f3n del Ministerio de Cultura<\/h6>\n<p>&nbsp;<\/p>\n","protected":false},"excerpt":{"rendered":"<p>SOLY es originario de Senegal. HELENA dej\u00f3 Bolivia. SAID tuvo que huir de Siria. RUTH naci\u00f3 en El Salvador. MERIEM se fue de&hellip;<\/p>\n","protected":false},"featured_media":12857,"comment_status":"closed","ping_status":"closed","template":"","meta":{"_acf_changed":false},"product_brand":[],"product_cat":[746],"product_tag":[],"class_list":{"0":"post-12838","1":"product","2":"type-product","3":"status-publish","4":"has-post-thumbnail","6":"product_cat-akivida-es","8":"first","9":"instock","10":"taxable","11":"shipping-taxable","12":"purchasable","13":"product-type-simple"},"acf":[],"yoast_head":"<!-- This site is optimized with the Yoast SEO plugin v27.1.1 - https:\/\/yoast.com\/product\/yoast-seo-wordpress\/ -->\n<title>Obligados a partir - AKIARA books<\/title>\n<meta name=\"robots\" content=\"index, follow, max-snippet:-1, max-image-preview:large, max-video-preview:-1\" \/>\n<link rel=\"canonical\" href=\"https:\/\/akiarabooks.com\/es\/libro\/obligados-a-partir\/\" \/>\n<meta property=\"og:locale\" content=\"es_ES\" \/>\n<meta property=\"og:type\" content=\"article\" \/>\n<meta property=\"og:title\" content=\"Obligados a partir - AKIARA books\" \/>\n<meta property=\"og:description\" content=\"SOLY es originario de Senegal. HELENA dej\u00f3 Bolivia. SAID tuvo que huir de Siria. RUTH naci\u00f3 en El Salvador. MERIEM se fue de&hellip;\" \/>\n<meta property=\"og:url\" content=\"https:\/\/akiarabooks.com\/es\/libro\/obligados-a-partir\/\" \/>\n<meta property=\"og:site_name\" content=\"AKIARA books\" \/>\n<meta property=\"article:modified_time\" content=\"2025-01-17T18:21:09+00:00\" \/>\n<meta property=\"og:image\" content=\"https:\/\/akiarabooks.com\/wp-content\/uploads\/2024\/02\/OBLIGADOS_A_PARTIR_cubierta_ES.jpg\" \/>\n\t<meta property=\"og:image:width\" content=\"986\" \/>\n\t<meta property=\"og:image:height\" content=\"1388\" \/>\n\t<meta property=\"og:image:type\" content=\"image\/jpeg\" \/>\n<meta name=\"twitter:card\" content=\"summary_large_image\" \/>\n<meta name=\"twitter:label1\" content=\"Est. reading time\" \/>\n\t<meta name=\"twitter:data1\" content=\"2 minutes\" \/>\n<script type=\"application\/ld+json\" class=\"yoast-schema-graph\">{\"@context\":\"https:\/\/schema.org\",\"@graph\":[{\"@type\":\"WebPage\",\"@id\":\"https:\/\/akiarabooks.com\/es\/libro\/obligados-a-partir\/\",\"url\":\"https:\/\/akiarabooks.com\/es\/libro\/obligados-a-partir\/\",\"name\":\"Obligados a partir - AKIARA books\",\"isPartOf\":{\"@id\":\"https:\/\/akiarabooks.com\/es\/#website\"},\"primaryImageOfPage\":{\"@id\":\"https:\/\/akiarabooks.com\/es\/libro\/obligados-a-partir\/#primaryimage\"},\"image\":{\"@id\":\"https:\/\/akiarabooks.com\/es\/libro\/obligados-a-partir\/#primaryimage\"},\"thumbnailUrl\":\"https:\/\/akiarabooks.com\/wp-content\/uploads\/2024\/02\/OBLIGADOS_A_PARTIR_cubierta_ES.jpg\",\"datePublished\":\"2024-02-13T11:17:15+00:00\",\"dateModified\":\"2025-01-17T18:21:09+00:00\",\"breadcrumb\":{\"@id\":\"https:\/\/akiarabooks.com\/es\/libro\/obligados-a-partir\/#breadcrumb\"},\"inLanguage\":\"es-ES\",\"potentialAction\":[{\"@type\":\"ReadAction\",\"target\":[\"https:\/\/akiarabooks.com\/es\/libro\/obligados-a-partir\/\"]}]},{\"@type\":\"ImageObject\",\"inLanguage\":\"es-ES\",\"@id\":\"https:\/\/akiarabooks.com\/es\/libro\/obligados-a-partir\/#primaryimage\",\"url\":\"https:\/\/akiarabooks.com\/wp-content\/uploads\/2024\/02\/OBLIGADOS_A_PARTIR_cubierta_ES.jpg\",\"contentUrl\":\"https:\/\/akiarabooks.com\/wp-content\/uploads\/2024\/02\/OBLIGADOS_A_PARTIR_cubierta_ES.jpg\",\"width\":986,\"height\":1388},{\"@type\":\"BreadcrumbList\",\"@id\":\"https:\/\/akiarabooks.com\/es\/libro\/obligados-a-partir\/#breadcrumb\",\"itemListElement\":[{\"@type\":\"ListItem\",\"position\":1,\"name\":\"Inici\",\"item\":\"https:\/\/akiarabooks.com\/es\/\"},{\"@type\":\"ListItem\",\"position\":2,\"name\":\"Libros\",\"item\":\"https:\/\/akiarabooks.com\/es\/libros\/\"},{\"@type\":\"ListItem\",\"position\":3,\"name\":\"Obligados a partir\"}]},{\"@type\":\"WebSite\",\"@id\":\"https:\/\/akiarabooks.com\/es\/#website\",\"url\":\"https:\/\/akiarabooks.com\/es\/\",\"name\":\"AKIARA books\",\"description\":\"Llibres inspiradors per a petits i grans\",\"publisher\":{\"@id\":\"https:\/\/akiarabooks.com\/es\/#organization\"},\"potentialAction\":[{\"@type\":\"SearchAction\",\"target\":{\"@type\":\"EntryPoint\",\"urlTemplate\":\"https:\/\/akiarabooks.com\/es\/?s={search_term_string}\"},\"query-input\":{\"@type\":\"PropertyValueSpecification\",\"valueRequired\":true,\"valueName\":\"search_term_string\"}}],\"inLanguage\":\"es-ES\"},{\"@type\":\"Organization\",\"@id\":\"https:\/\/akiarabooks.com\/es\/#organization\",\"name\":\"AKIARA books\",\"url\":\"https:\/\/akiarabooks.com\/es\/\",\"logo\":{\"@type\":\"ImageObject\",\"inLanguage\":\"es-ES\",\"@id\":\"https:\/\/akiarabooks.com\/es\/#\/schema\/logo\/image\/\",\"url\":\"https:\/\/akiarabooks.com\/wp-content\/uploads\/2018\/02\/cropped-akiara-black.png\",\"contentUrl\":\"https:\/\/akiarabooks.com\/wp-content\/uploads\/2018\/02\/cropped-akiara-black.png\",\"width\":520,\"height\":236,\"caption\":\"AKIARA books\"},\"image\":{\"@id\":\"https:\/\/akiarabooks.com\/es\/#\/schema\/logo\/image\/\"}}]}<\/script>\n<!-- \/ Yoast SEO plugin. -->","yoast_head_json":{"title":"Obligados a partir - AKIARA books","robots":{"index":"index","follow":"follow","max-snippet":"max-snippet:-1","max-image-preview":"max-image-preview:large","max-video-preview":"max-video-preview:-1"},"canonical":"https:\/\/akiarabooks.com\/es\/libro\/obligados-a-partir\/","og_locale":"es_ES","og_type":"article","og_title":"Obligados a partir - AKIARA books","og_description":"SOLY es originario de Senegal. HELENA dej\u00f3 Bolivia. SAID tuvo que huir de Siria. RUTH naci\u00f3 en El Salvador. MERIEM se fue de&hellip;","og_url":"https:\/\/akiarabooks.com\/es\/libro\/obligados-a-partir\/","og_site_name":"AKIARA books","article_modified_time":"2025-01-17T18:21:09+00:00","og_image":[{"width":986,"height":1388,"url":"https:\/\/akiarabooks.com\/wp-content\/uploads\/2024\/02\/OBLIGADOS_A_PARTIR_cubierta_ES.jpg","type":"image\/jpeg"}],"twitter_card":"summary_large_image","twitter_misc":{"Est. reading time":"2 minutes"},"schema":{"@context":"https:\/\/schema.org","@graph":[{"@type":"WebPage","@id":"https:\/\/akiarabooks.com\/es\/libro\/obligados-a-partir\/","url":"https:\/\/akiarabooks.com\/es\/libro\/obligados-a-partir\/","name":"Obligados a partir - AKIARA books","isPartOf":{"@id":"https:\/\/akiarabooks.com\/es\/#website"},"primaryImageOfPage":{"@id":"https:\/\/akiarabooks.com\/es\/libro\/obligados-a-partir\/#primaryimage"},"image":{"@id":"https:\/\/akiarabooks.com\/es\/libro\/obligados-a-partir\/#primaryimage"},"thumbnailUrl":"https:\/\/akiarabooks.com\/wp-content\/uploads\/2024\/02\/OBLIGADOS_A_PARTIR_cubierta_ES.jpg","datePublished":"2024-02-13T11:17:15+00:00","dateModified":"2025-01-17T18:21:09+00:00","breadcrumb":{"@id":"https:\/\/akiarabooks.com\/es\/libro\/obligados-a-partir\/#breadcrumb"},"inLanguage":"es-ES","potentialAction":[{"@type":"ReadAction","target":["https:\/\/akiarabooks.com\/es\/libro\/obligados-a-partir\/"]}]},{"@type":"ImageObject","inLanguage":"es-ES","@id":"https:\/\/akiarabooks.com\/es\/libro\/obligados-a-partir\/#primaryimage","url":"https:\/\/akiarabooks.com\/wp-content\/uploads\/2024\/02\/OBLIGADOS_A_PARTIR_cubierta_ES.jpg","contentUrl":"https:\/\/akiarabooks.com\/wp-content\/uploads\/2024\/02\/OBLIGADOS_A_PARTIR_cubierta_ES.jpg","width":986,"height":1388},{"@type":"BreadcrumbList","@id":"https:\/\/akiarabooks.com\/es\/libro\/obligados-a-partir\/#breadcrumb","itemListElement":[{"@type":"ListItem","position":1,"name":"Inici","item":"https:\/\/akiarabooks.com\/es\/"},{"@type":"ListItem","position":2,"name":"Libros","item":"https:\/\/akiarabooks.com\/es\/libros\/"},{"@type":"ListItem","position":3,"name":"Obligados a partir"}]},{"@type":"WebSite","@id":"https:\/\/akiarabooks.com\/es\/#website","url":"https:\/\/akiarabooks.com\/es\/","name":"AKIARA books","description":"Llibres inspiradors per a petits i grans","publisher":{"@id":"https:\/\/akiarabooks.com\/es\/#organization"},"potentialAction":[{"@type":"SearchAction","target":{"@type":"EntryPoint","urlTemplate":"https:\/\/akiarabooks.com\/es\/?s={search_term_string}"},"query-input":{"@type":"PropertyValueSpecification","valueRequired":true,"valueName":"search_term_string"}}],"inLanguage":"es-ES"},{"@type":"Organization","@id":"https:\/\/akiarabooks.com\/es\/#organization","name":"AKIARA books","url":"https:\/\/akiarabooks.com\/es\/","logo":{"@type":"ImageObject","inLanguage":"es-ES","@id":"https:\/\/akiarabooks.com\/es\/#\/schema\/logo\/image\/","url":"https:\/\/akiarabooks.com\/wp-content\/uploads\/2018\/02\/cropped-akiara-black.png","contentUrl":"https:\/\/akiarabooks.com\/wp-content\/uploads\/2018\/02\/cropped-akiara-black.png","width":520,"height":236,"caption":"AKIARA books"},"image":{"@id":"https:\/\/akiarabooks.com\/es\/#\/schema\/logo\/image\/"}}]}},"_links":{"self":[{"href":"https:\/\/akiarabooks.com\/es\/wp-json\/wp\/v2\/product\/12838","targetHints":{"allow":["GET"]}}],"collection":[{"href":"https:\/\/akiarabooks.com\/es\/wp-json\/wp\/v2\/product"}],"about":[{"href":"https:\/\/akiarabooks.com\/es\/wp-json\/wp\/v2\/types\/product"}],"replies":[{"embeddable":true,"href":"https:\/\/akiarabooks.com\/es\/wp-json\/wp\/v2\/comments?post=12838"}],"wp:featuredmedia":[{"embeddable":true,"href":"https:\/\/akiarabooks.com\/es\/wp-json\/wp\/v2\/media\/12857"}],"wp:attachment":[{"href":"https:\/\/akiarabooks.com\/es\/wp-json\/wp\/v2\/media?parent=12838"}],"wp:term":[{"taxonomy":"product_brand","embeddable":true,"href":"https:\/\/akiarabooks.com\/es\/wp-json\/wp\/v2\/product_brand?post=12838"},{"taxonomy":"product_cat","embeddable":true,"href":"https:\/\/akiarabooks.com\/es\/wp-json\/wp\/v2\/product_cat?post=12838"},{"taxonomy":"product_tag","embeddable":true,"href":"https:\/\/akiarabooks.com\/es\/wp-json\/wp\/v2\/product_tag?post=12838"}],"curies":[{"name":"wp","href":"https:\/\/api.w.org\/{rel}","templated":true}]}}