{"id":15119,"date":"2025-09-11T08:37:20","date_gmt":"2025-09-11T06:51:54","guid":{"rendered":"https:\/\/akiarabooks.com\/?post_type=product&#038;p=15119"},"modified":"2025-10-20T21:43:41","modified_gmt":"2025-10-20T19:43:41","slug":"duermo-en-la-calle","status":"publish","type":"product","link":"https:\/\/akiarabooks.com\/es\/libro\/duermo-en-la-calle\/","title":{"rendered":"Duermo en la calle"},"content":{"rendered":"<p>MONTSE trabajaba en una residencia de ancianos. JUAN se march\u00f3 de casa a los catorce a\u00f1os. IGNACIO dej\u00f3 Argentina para tener m\u00e1s oportunidades laborales. ANABEL fue abandonada cuando ten\u00eda tres meses. ANDR\u00c9S lleg\u00f3 de Colombia en busca de una vida m\u00e1s digna. PEDRO era camarero en un restaurante de Barcelona. Lo que une sus historias es que todos viven en la calle o han vivido en ella en alg\u00fan momento de su vida.<\/p>\n<p>Con este libro, queremos explicar c\u00f3mo se vive en la calle y qu\u00e9 puede llevar a una persona a hacerlo. Queremos dar a conocer las situaciones de violencia, abandono y soledad; de p\u00e9rdida de autoestima, dignidad e ilusi\u00f3n que sufren las personas que viven en la calle. Y tambi\u00e9n queremos averiguar si es posible salir de ella, c\u00f3mo hacerlo y por qu\u00e9 cuesta tanto. Dos mujeres y cuatro hombres sin un hogar digno nos cuentan c\u00f3mo era su vida antes; por qu\u00e9 perdieron la casa en la que viv\u00edan, y c\u00f3mo es actualmente su vida en la calle. Son historias llenas de dolor, de injusticia, pero tambi\u00e9n de solidaridad y perd\u00f3n.<\/p>\n<p>Los testimonios que presentamos nos invitan a cambiar la mirada, a romper prejuicios y a reflexionar sobre la forma en que nos relacionamos con las personas que lo han perdido todo.<\/p>\n","protected":false},"excerpt":{"rendered":"<p>MONTSE trabajaba en una residencia de ancianos. JUAN se march\u00f3 de casa a los catorce a\u00f1os. IGNACIO dej\u00f3 Argentina para tener m\u00e1s oportunidades&hellip;<\/p>\n","protected":false},"featured_media":15201,"comment_status":"closed","ping_status":"closed","template":"","meta":{"_acf_changed":false},"product_brand":[],"product_cat":[746],"product_tag":[],"class_list":{"0":"post-15119","1":"product","2":"type-product","3":"status-publish","4":"has-post-thumbnail","6":"product_cat-akivida-es","8":"first","9":"instock","10":"taxable","11":"shipping-taxable","12":"purchasable","13":"product-type-simple"},"acf":[],"yoast_head":"<!-- This site is optimized with the Yoast SEO plugin v27.1.1 - https:\/\/yoast.com\/product\/yoast-seo-wordpress\/ -->\n<title>Duermo en la calle - AKIARA books<\/title>\n<meta name=\"robots\" content=\"index, follow, max-snippet:-1, max-image-preview:large, max-video-preview:-1\" \/>\n<link rel=\"canonical\" href=\"https:\/\/akiarabooks.com\/es\/libro\/duermo-en-la-calle\/\" \/>\n<meta property=\"og:locale\" content=\"es_ES\" \/>\n<meta property=\"og:type\" content=\"article\" \/>\n<meta property=\"og:title\" content=\"Duermo en la calle - AKIARA books\" \/>\n<meta property=\"og:description\" content=\"MONTSE trabajaba en una residencia de ancianos. JUAN se march\u00f3 de casa a los catorce a\u00f1os. IGNACIO dej\u00f3 Argentina para tener m\u00e1s oportunidades&hellip;\" \/>\n<meta property=\"og:url\" content=\"https:\/\/akiarabooks.com\/es\/libro\/duermo-en-la-calle\/\" \/>\n<meta property=\"og:site_name\" content=\"AKIARA books\" \/>\n<meta property=\"article:modified_time\" content=\"2025-10-20T19:43:41+00:00\" \/>\n<meta property=\"og:image\" content=\"https:\/\/akiarabooks.com\/wp-content\/uploads\/2025\/09\/DUERMO_EN_LA_CALLE_cubierta_ES-1-scaled.jpg\" \/>\n\t<meta property=\"og:image:width\" content=\"1819\" \/>\n\t<meta property=\"og:image:height\" content=\"2560\" \/>\n\t<meta property=\"og:image:type\" content=\"image\/jpeg\" \/>\n<meta name=\"twitter:card\" content=\"summary_large_image\" \/>\n<meta name=\"twitter:label1\" content=\"Est. reading time\" \/>\n\t<meta name=\"twitter:data1\" content=\"2 minutes\" \/>\n<script type=\"application\/ld+json\" class=\"yoast-schema-graph\">{\"@context\":\"https:\/\/schema.org\",\"@graph\":[{\"@type\":\"WebPage\",\"@id\":\"https:\/\/akiarabooks.com\/es\/libro\/duermo-en-la-calle\/\",\"url\":\"https:\/\/akiarabooks.com\/es\/libro\/duermo-en-la-calle\/\",\"name\":\"Duermo en la calle - AKIARA books\",\"isPartOf\":{\"@id\":\"https:\/\/akiarabooks.com\/es\/#website\"},\"primaryImageOfPage\":{\"@id\":\"https:\/\/akiarabooks.com\/es\/libro\/duermo-en-la-calle\/#primaryimage\"},\"image\":{\"@id\":\"https:\/\/akiarabooks.com\/es\/libro\/duermo-en-la-calle\/#primaryimage\"},\"thumbnailUrl\":\"https:\/\/akiarabooks.com\/wp-content\/uploads\/2025\/09\/DUERMO_EN_LA_CALLE_cubierta_ES-1-scaled.jpg\",\"datePublished\":\"2025-09-11T06:51:54+00:00\",\"dateModified\":\"2025-10-20T19:43:41+00:00\",\"breadcrumb\":{\"@id\":\"https:\/\/akiarabooks.com\/es\/libro\/duermo-en-la-calle\/#breadcrumb\"},\"inLanguage\":\"es-ES\",\"potentialAction\":[{\"@type\":\"ReadAction\",\"target\":[\"https:\/\/akiarabooks.com\/es\/libro\/duermo-en-la-calle\/\"]}]},{\"@type\":\"ImageObject\",\"inLanguage\":\"es-ES\",\"@id\":\"https:\/\/akiarabooks.com\/es\/libro\/duermo-en-la-calle\/#primaryimage\",\"url\":\"https:\/\/akiarabooks.com\/wp-content\/uploads\/2025\/09\/DUERMO_EN_LA_CALLE_cubierta_ES-1-scaled.jpg\",\"contentUrl\":\"https:\/\/akiarabooks.com\/wp-content\/uploads\/2025\/09\/DUERMO_EN_LA_CALLE_cubierta_ES-1-scaled.jpg\",\"width\":\"1819\",\"height\":\"2560\"},{\"@type\":\"BreadcrumbList\",\"@id\":\"https:\/\/akiarabooks.com\/es\/libro\/duermo-en-la-calle\/#breadcrumb\",\"itemListElement\":[{\"@type\":\"ListItem\",\"position\":1,\"name\":\"Inici\",\"item\":\"https:\/\/akiarabooks.com\/es\/\"},{\"@type\":\"ListItem\",\"position\":2,\"name\":\"Libros\",\"item\":\"https:\/\/akiarabooks.com\/es\/libros\/\"},{\"@type\":\"ListItem\",\"position\":3,\"name\":\"Duermo en la calle\"}]},{\"@type\":\"WebSite\",\"@id\":\"https:\/\/akiarabooks.com\/es\/#website\",\"url\":\"https:\/\/akiarabooks.com\/es\/\",\"name\":\"AKIARA books\",\"description\":\"Llibres inspiradors per a petits i grans\",\"publisher\":{\"@id\":\"https:\/\/akiarabooks.com\/es\/#organization\"},\"potentialAction\":[{\"@type\":\"SearchAction\",\"target\":{\"@type\":\"EntryPoint\",\"urlTemplate\":\"https:\/\/akiarabooks.com\/es\/?s={search_term_string}\"},\"query-input\":{\"@type\":\"PropertyValueSpecification\",\"valueRequired\":true,\"valueName\":\"search_term_string\"}}],\"inLanguage\":\"es-ES\"},{\"@type\":\"Organization\",\"@id\":\"https:\/\/akiarabooks.com\/es\/#organization\",\"name\":\"AKIARA books\",\"url\":\"https:\/\/akiarabooks.com\/es\/\",\"logo\":{\"@type\":\"ImageObject\",\"inLanguage\":\"es-ES\",\"@id\":\"https:\/\/akiarabooks.com\/es\/#\/schema\/logo\/image\/\",\"url\":\"https:\/\/akiarabooks.com\/wp-content\/uploads\/2018\/02\/cropped-akiara-black.png\",\"contentUrl\":\"https:\/\/akiarabooks.com\/wp-content\/uploads\/2018\/02\/cropped-akiara-black.png\",\"width\":520,\"height\":236,\"caption\":\"AKIARA books\"},\"image\":{\"@id\":\"https:\/\/akiarabooks.com\/es\/#\/schema\/logo\/image\/\"}}]}<\/script>\n<!-- \/ Yoast SEO plugin. -->","yoast_head_json":{"title":"Duermo en la calle - AKIARA books","robots":{"index":"index","follow":"follow","max-snippet":"max-snippet:-1","max-image-preview":"max-image-preview:large","max-video-preview":"max-video-preview:-1"},"canonical":"https:\/\/akiarabooks.com\/es\/libro\/duermo-en-la-calle\/","og_locale":"es_ES","og_type":"article","og_title":"Duermo en la calle - AKIARA books","og_description":"MONTSE trabajaba en una residencia de ancianos. JUAN se march\u00f3 de casa a los catorce a\u00f1os. IGNACIO dej\u00f3 Argentina para tener m\u00e1s oportunidades&hellip;","og_url":"https:\/\/akiarabooks.com\/es\/libro\/duermo-en-la-calle\/","og_site_name":"AKIARA books","article_modified_time":"2025-10-20T19:43:41+00:00","og_image":[{"width":1819,"height":2560,"url":"https:\/\/akiarabooks.com\/wp-content\/uploads\/2025\/09\/DUERMO_EN_LA_CALLE_cubierta_ES-1-scaled.jpg","type":"image\/jpeg"}],"twitter_card":"summary_large_image","twitter_misc":{"Est. reading time":"2 minutes"},"schema":{"@context":"https:\/\/schema.org","@graph":[{"@type":"WebPage","@id":"https:\/\/akiarabooks.com\/es\/libro\/duermo-en-la-calle\/","url":"https:\/\/akiarabooks.com\/es\/libro\/duermo-en-la-calle\/","name":"Duermo en la calle - AKIARA books","isPartOf":{"@id":"https:\/\/akiarabooks.com\/es\/#website"},"primaryImageOfPage":{"@id":"https:\/\/akiarabooks.com\/es\/libro\/duermo-en-la-calle\/#primaryimage"},"image":{"@id":"https:\/\/akiarabooks.com\/es\/libro\/duermo-en-la-calle\/#primaryimage"},"thumbnailUrl":"https:\/\/akiarabooks.com\/wp-content\/uploads\/2025\/09\/DUERMO_EN_LA_CALLE_cubierta_ES-1-scaled.jpg","datePublished":"2025-09-11T06:51:54+00:00","dateModified":"2025-10-20T19:43:41+00:00","breadcrumb":{"@id":"https:\/\/akiarabooks.com\/es\/libro\/duermo-en-la-calle\/#breadcrumb"},"inLanguage":"es-ES","potentialAction":[{"@type":"ReadAction","target":["https:\/\/akiarabooks.com\/es\/libro\/duermo-en-la-calle\/"]}]},{"@type":"ImageObject","inLanguage":"es-ES","@id":"https:\/\/akiarabooks.com\/es\/libro\/duermo-en-la-calle\/#primaryimage","url":"https:\/\/akiarabooks.com\/wp-content\/uploads\/2025\/09\/DUERMO_EN_LA_CALLE_cubierta_ES-1-scaled.jpg","contentUrl":"https:\/\/akiarabooks.com\/wp-content\/uploads\/2025\/09\/DUERMO_EN_LA_CALLE_cubierta_ES-1-scaled.jpg","width":"1819","height":"2560"},{"@type":"BreadcrumbList","@id":"https:\/\/akiarabooks.com\/es\/libro\/duermo-en-la-calle\/#breadcrumb","itemListElement":[{"@type":"ListItem","position":1,"name":"Inici","item":"https:\/\/akiarabooks.com\/es\/"},{"@type":"ListItem","position":2,"name":"Libros","item":"https:\/\/akiarabooks.com\/es\/libros\/"},{"@type":"ListItem","position":3,"name":"Duermo en la calle"}]},{"@type":"WebSite","@id":"https:\/\/akiarabooks.com\/es\/#website","url":"https:\/\/akiarabooks.com\/es\/","name":"AKIARA books","description":"Llibres inspiradors per a petits i grans","publisher":{"@id":"https:\/\/akiarabooks.com\/es\/#organization"},"potentialAction":[{"@type":"SearchAction","target":{"@type":"EntryPoint","urlTemplate":"https:\/\/akiarabooks.com\/es\/?s={search_term_string}"},"query-input":{"@type":"PropertyValueSpecification","valueRequired":true,"valueName":"search_term_string"}}],"inLanguage":"es-ES"},{"@type":"Organization","@id":"https:\/\/akiarabooks.com\/es\/#organization","name":"AKIARA books","url":"https:\/\/akiarabooks.com\/es\/","logo":{"@type":"ImageObject","inLanguage":"es-ES","@id":"https:\/\/akiarabooks.com\/es\/#\/schema\/logo\/image\/","url":"https:\/\/akiarabooks.com\/wp-content\/uploads\/2018\/02\/cropped-akiara-black.png","contentUrl":"https:\/\/akiarabooks.com\/wp-content\/uploads\/2018\/02\/cropped-akiara-black.png","width":520,"height":236,"caption":"AKIARA books"},"image":{"@id":"https:\/\/akiarabooks.com\/es\/#\/schema\/logo\/image\/"}}]}},"_links":{"self":[{"href":"https:\/\/akiarabooks.com\/es\/wp-json\/wp\/v2\/product\/15119","targetHints":{"allow":["GET"]}}],"collection":[{"href":"https:\/\/akiarabooks.com\/es\/wp-json\/wp\/v2\/product"}],"about":[{"href":"https:\/\/akiarabooks.com\/es\/wp-json\/wp\/v2\/types\/product"}],"replies":[{"embeddable":true,"href":"https:\/\/akiarabooks.com\/es\/wp-json\/wp\/v2\/comments?post=15119"}],"wp:featuredmedia":[{"embeddable":true,"href":"https:\/\/akiarabooks.com\/es\/wp-json\/wp\/v2\/media\/15201"}],"wp:attachment":[{"href":"https:\/\/akiarabooks.com\/es\/wp-json\/wp\/v2\/media?parent=15119"}],"wp:term":[{"taxonomy":"product_brand","embeddable":true,"href":"https:\/\/akiarabooks.com\/es\/wp-json\/wp\/v2\/product_brand?post=15119"},{"taxonomy":"product_cat","embeddable":true,"href":"https:\/\/akiarabooks.com\/es\/wp-json\/wp\/v2\/product_cat?post=15119"},{"taxonomy":"product_tag","embeddable":true,"href":"https:\/\/akiarabooks.com\/es\/wp-json\/wp\/v2\/product_tag?post=15119"}],"curies":[{"name":"wp","href":"https:\/\/api.w.org\/{rel}","templated":true}]}}