{"id":15916,"date":"2026-02-10T12:09:42","date_gmt":"2026-02-10T10:09:42","guid":{"rendered":"https:\/\/akiarabooks.com\/?post_type=product&#038;p=15916"},"modified":"2026-03-04T12:46:17","modified_gmt":"2026-03-04T10:46:17","slug":"la-sabiduria-de-los-clasicos","status":"publish","type":"product","link":"https:\/\/akiarabooks.com\/es\/libro\/la-sabiduria-de-los-clasicos\/","title":{"rendered":"La sabidur\u00eda de los cl\u00e1sicos"},"content":{"rendered":"<p>El fascinante mundo de los cl\u00e1sicos es presentado aqu\u00ed a trav\u00e9s de treinta aforismos que han perdurado en la historia y que hoy tienen mucho que decirnos, con ilustraciones evocadoras que se inspiran en el paisaje mediterr\u00e1neo.<\/p>\n<p>Frente a la tentaci\u00f3n de la codicia, la envidia, la pereza o la soberbia, el mundo griego y latino ya defend\u00eda el autoconocimiento, la voluntad de saber, el esfuerzo, la honestidad, la aceptaci\u00f3n de los propios l\u00edmites, la esperanza o la verdadera amistad.<\/p>\n<p>El autor, despu\u00e9s de haber dedicado su vida profesional a acompa\u00f1ar a adolescentes en su viaje por el pensamiento y la belleza del mundo antiguo, responde a cuestiones actuales e invita a cultivar lo mejor de la naturaleza humana.<\/p>\n","protected":false},"excerpt":{"rendered":"<p>El fascinante mundo de los cl\u00e1sicos es presentado aqu\u00ed a trav\u00e9s de treinta aforismos que han perdurado en la historia y que hoy&hellip;<\/p>\n","protected":false},"featured_media":15918,"comment_status":"closed","ping_status":"closed","template":"","meta":{"_acf_changed":false},"product_brand":[],"product_cat":[741],"product_tag":[],"class_list":{"0":"post-15916","1":"product","2":"type-product","3":"status-publish","4":"has-post-thumbnail","6":"product_cat-akiwow-es","8":"first","9":"instock","10":"taxable","11":"shipping-taxable","12":"purchasable","13":"product-type-simple"},"acf":[],"yoast_head":"<!-- This site is optimized with the Yoast SEO plugin v27.1.1 - https:\/\/yoast.com\/product\/yoast-seo-wordpress\/ -->\n<title>La sabidur\u00eda de los cl\u00e1sicos - AKIARA books<\/title>\n<meta name=\"robots\" content=\"index, follow, max-snippet:-1, max-image-preview:large, max-video-preview:-1\" \/>\n<link rel=\"canonical\" href=\"https:\/\/akiarabooks.com\/es\/libro\/la-sabiduria-de-los-clasicos\/\" \/>\n<meta property=\"og:locale\" content=\"es_ES\" \/>\n<meta property=\"og:type\" content=\"article\" \/>\n<meta property=\"og:title\" content=\"La sabidur\u00eda de los cl\u00e1sicos - AKIARA books\" \/>\n<meta property=\"og:description\" content=\"El fascinante mundo de los cl\u00e1sicos es presentado aqu\u00ed a trav\u00e9s de treinta aforismos que han perdurado en la historia y que hoy&hellip;\" \/>\n<meta property=\"og:url\" content=\"https:\/\/akiarabooks.com\/es\/libro\/la-sabiduria-de-los-clasicos\/\" \/>\n<meta property=\"og:site_name\" content=\"AKIARA books\" \/>\n<meta property=\"article:modified_time\" content=\"2026-03-04T10:46:17+00:00\" \/>\n<meta property=\"og:image\" content=\"https:\/\/akiarabooks.com\/wp-content\/uploads\/2026\/02\/LA_SABIDURIA_DE_LOS_CLASICOS_cubierta_ES-scaled.jpg\" \/>\n\t<meta property=\"og:image:width\" content=\"2560\" \/>\n\t<meta property=\"og:image:height\" content=\"1674\" \/>\n\t<meta property=\"og:image:type\" content=\"image\/jpeg\" \/>\n<meta name=\"twitter:card\" content=\"summary_large_image\" \/>\n<meta name=\"twitter:label1\" content=\"Est. reading time\" \/>\n\t<meta name=\"twitter:data1\" content=\"1 minute\" \/>\n<script type=\"application\/ld+json\" class=\"yoast-schema-graph\">{\"@context\":\"https:\/\/schema.org\",\"@graph\":[{\"@type\":\"WebPage\",\"@id\":\"https:\/\/akiarabooks.com\/es\/libro\/la-sabiduria-de-los-clasicos\/\",\"url\":\"https:\/\/akiarabooks.com\/es\/libro\/la-sabiduria-de-los-clasicos\/\",\"name\":\"La sabidur\u00eda de los cl\u00e1sicos - AKIARA books\",\"isPartOf\":{\"@id\":\"https:\/\/akiarabooks.com\/es\/#website\"},\"primaryImageOfPage\":{\"@id\":\"https:\/\/akiarabooks.com\/es\/libro\/la-sabiduria-de-los-clasicos\/#primaryimage\"},\"image\":{\"@id\":\"https:\/\/akiarabooks.com\/es\/libro\/la-sabiduria-de-los-clasicos\/#primaryimage\"},\"thumbnailUrl\":\"https:\/\/akiarabooks.com\/wp-content\/uploads\/2026\/02\/LA_SABIDURIA_DE_LOS_CLASICOS_cubierta_ES-scaled.jpg\",\"datePublished\":\"2026-02-10T10:09:42+00:00\",\"dateModified\":\"2026-03-04T10:46:17+00:00\",\"breadcrumb\":{\"@id\":\"https:\/\/akiarabooks.com\/es\/libro\/la-sabiduria-de-los-clasicos\/#breadcrumb\"},\"inLanguage\":\"es-ES\",\"potentialAction\":[{\"@type\":\"ReadAction\",\"target\":[\"https:\/\/akiarabooks.com\/es\/libro\/la-sabiduria-de-los-clasicos\/\"]}]},{\"@type\":\"ImageObject\",\"inLanguage\":\"es-ES\",\"@id\":\"https:\/\/akiarabooks.com\/es\/libro\/la-sabiduria-de-los-clasicos\/#primaryimage\",\"url\":\"https:\/\/akiarabooks.com\/wp-content\/uploads\/2026\/02\/LA_SABIDURIA_DE_LOS_CLASICOS_cubierta_ES-scaled.jpg\",\"contentUrl\":\"https:\/\/akiarabooks.com\/wp-content\/uploads\/2026\/02\/LA_SABIDURIA_DE_LOS_CLASICOS_cubierta_ES-scaled.jpg\",\"width\":\"2560\",\"height\":\"1674\"},{\"@type\":\"BreadcrumbList\",\"@id\":\"https:\/\/akiarabooks.com\/es\/libro\/la-sabiduria-de-los-clasicos\/#breadcrumb\",\"itemListElement\":[{\"@type\":\"ListItem\",\"position\":1,\"name\":\"Inici\",\"item\":\"https:\/\/akiarabooks.com\/es\/\"},{\"@type\":\"ListItem\",\"position\":2,\"name\":\"Libros\",\"item\":\"https:\/\/akiarabooks.com\/es\/libros\/\"},{\"@type\":\"ListItem\",\"position\":3,\"name\":\"La sabidur\u00eda de los cl\u00e1sicos\"}]},{\"@type\":\"WebSite\",\"@id\":\"https:\/\/akiarabooks.com\/es\/#website\",\"url\":\"https:\/\/akiarabooks.com\/es\/\",\"name\":\"AKIARA books\",\"description\":\"Llibres inspiradors per a petits i grans\",\"publisher\":{\"@id\":\"https:\/\/akiarabooks.com\/es\/#organization\"},\"potentialAction\":[{\"@type\":\"SearchAction\",\"target\":{\"@type\":\"EntryPoint\",\"urlTemplate\":\"https:\/\/akiarabooks.com\/es\/?s={search_term_string}\"},\"query-input\":{\"@type\":\"PropertyValueSpecification\",\"valueRequired\":true,\"valueName\":\"search_term_string\"}}],\"inLanguage\":\"es-ES\"},{\"@type\":\"Organization\",\"@id\":\"https:\/\/akiarabooks.com\/es\/#organization\",\"name\":\"AKIARA books\",\"url\":\"https:\/\/akiarabooks.com\/es\/\",\"logo\":{\"@type\":\"ImageObject\",\"inLanguage\":\"es-ES\",\"@id\":\"https:\/\/akiarabooks.com\/es\/#\/schema\/logo\/image\/\",\"url\":\"https:\/\/akiarabooks.com\/wp-content\/uploads\/2018\/02\/cropped-akiara-black.png\",\"contentUrl\":\"https:\/\/akiarabooks.com\/wp-content\/uploads\/2018\/02\/cropped-akiara-black.png\",\"width\":520,\"height\":236,\"caption\":\"AKIARA books\"},\"image\":{\"@id\":\"https:\/\/akiarabooks.com\/es\/#\/schema\/logo\/image\/\"}}]}<\/script>\n<!-- \/ Yoast SEO plugin. -->","yoast_head_json":{"title":"La sabidur\u00eda de los cl\u00e1sicos - AKIARA books","robots":{"index":"index","follow":"follow","max-snippet":"max-snippet:-1","max-image-preview":"max-image-preview:large","max-video-preview":"max-video-preview:-1"},"canonical":"https:\/\/akiarabooks.com\/es\/libro\/la-sabiduria-de-los-clasicos\/","og_locale":"es_ES","og_type":"article","og_title":"La sabidur\u00eda de los cl\u00e1sicos - AKIARA books","og_description":"El fascinante mundo de los cl\u00e1sicos es presentado aqu\u00ed a trav\u00e9s de treinta aforismos que han perdurado en la historia y que hoy&hellip;","og_url":"https:\/\/akiarabooks.com\/es\/libro\/la-sabiduria-de-los-clasicos\/","og_site_name":"AKIARA books","article_modified_time":"2026-03-04T10:46:17+00:00","og_image":[{"width":2560,"height":1674,"url":"https:\/\/akiarabooks.com\/wp-content\/uploads\/2026\/02\/LA_SABIDURIA_DE_LOS_CLASICOS_cubierta_ES-scaled.jpg","type":"image\/jpeg"}],"twitter_card":"summary_large_image","twitter_misc":{"Est. reading time":"1 minute"},"schema":{"@context":"https:\/\/schema.org","@graph":[{"@type":"WebPage","@id":"https:\/\/akiarabooks.com\/es\/libro\/la-sabiduria-de-los-clasicos\/","url":"https:\/\/akiarabooks.com\/es\/libro\/la-sabiduria-de-los-clasicos\/","name":"La sabidur\u00eda de los cl\u00e1sicos - AKIARA books","isPartOf":{"@id":"https:\/\/akiarabooks.com\/es\/#website"},"primaryImageOfPage":{"@id":"https:\/\/akiarabooks.com\/es\/libro\/la-sabiduria-de-los-clasicos\/#primaryimage"},"image":{"@id":"https:\/\/akiarabooks.com\/es\/libro\/la-sabiduria-de-los-clasicos\/#primaryimage"},"thumbnailUrl":"https:\/\/akiarabooks.com\/wp-content\/uploads\/2026\/02\/LA_SABIDURIA_DE_LOS_CLASICOS_cubierta_ES-scaled.jpg","datePublished":"2026-02-10T10:09:42+00:00","dateModified":"2026-03-04T10:46:17+00:00","breadcrumb":{"@id":"https:\/\/akiarabooks.com\/es\/libro\/la-sabiduria-de-los-clasicos\/#breadcrumb"},"inLanguage":"es-ES","potentialAction":[{"@type":"ReadAction","target":["https:\/\/akiarabooks.com\/es\/libro\/la-sabiduria-de-los-clasicos\/"]}]},{"@type":"ImageObject","inLanguage":"es-ES","@id":"https:\/\/akiarabooks.com\/es\/libro\/la-sabiduria-de-los-clasicos\/#primaryimage","url":"https:\/\/akiarabooks.com\/wp-content\/uploads\/2026\/02\/LA_SABIDURIA_DE_LOS_CLASICOS_cubierta_ES-scaled.jpg","contentUrl":"https:\/\/akiarabooks.com\/wp-content\/uploads\/2026\/02\/LA_SABIDURIA_DE_LOS_CLASICOS_cubierta_ES-scaled.jpg","width":"2560","height":"1674"},{"@type":"BreadcrumbList","@id":"https:\/\/akiarabooks.com\/es\/libro\/la-sabiduria-de-los-clasicos\/#breadcrumb","itemListElement":[{"@type":"ListItem","position":1,"name":"Inici","item":"https:\/\/akiarabooks.com\/es\/"},{"@type":"ListItem","position":2,"name":"Libros","item":"https:\/\/akiarabooks.com\/es\/libros\/"},{"@type":"ListItem","position":3,"name":"La sabidur\u00eda de los cl\u00e1sicos"}]},{"@type":"WebSite","@id":"https:\/\/akiarabooks.com\/es\/#website","url":"https:\/\/akiarabooks.com\/es\/","name":"AKIARA books","description":"Llibres inspiradors per a petits i grans","publisher":{"@id":"https:\/\/akiarabooks.com\/es\/#organization"},"potentialAction":[{"@type":"SearchAction","target":{"@type":"EntryPoint","urlTemplate":"https:\/\/akiarabooks.com\/es\/?s={search_term_string}"},"query-input":{"@type":"PropertyValueSpecification","valueRequired":true,"valueName":"search_term_string"}}],"inLanguage":"es-ES"},{"@type":"Organization","@id":"https:\/\/akiarabooks.com\/es\/#organization","name":"AKIARA books","url":"https:\/\/akiarabooks.com\/es\/","logo":{"@type":"ImageObject","inLanguage":"es-ES","@id":"https:\/\/akiarabooks.com\/es\/#\/schema\/logo\/image\/","url":"https:\/\/akiarabooks.com\/wp-content\/uploads\/2018\/02\/cropped-akiara-black.png","contentUrl":"https:\/\/akiarabooks.com\/wp-content\/uploads\/2018\/02\/cropped-akiara-black.png","width":520,"height":236,"caption":"AKIARA books"},"image":{"@id":"https:\/\/akiarabooks.com\/es\/#\/schema\/logo\/image\/"}}]}},"_links":{"self":[{"href":"https:\/\/akiarabooks.com\/es\/wp-json\/wp\/v2\/product\/15916","targetHints":{"allow":["GET"]}}],"collection":[{"href":"https:\/\/akiarabooks.com\/es\/wp-json\/wp\/v2\/product"}],"about":[{"href":"https:\/\/akiarabooks.com\/es\/wp-json\/wp\/v2\/types\/product"}],"replies":[{"embeddable":true,"href":"https:\/\/akiarabooks.com\/es\/wp-json\/wp\/v2\/comments?post=15916"}],"wp:featuredmedia":[{"embeddable":true,"href":"https:\/\/akiarabooks.com\/es\/wp-json\/wp\/v2\/media\/15918"}],"wp:attachment":[{"href":"https:\/\/akiarabooks.com\/es\/wp-json\/wp\/v2\/media?parent=15916"}],"wp:term":[{"taxonomy":"product_brand","embeddable":true,"href":"https:\/\/akiarabooks.com\/es\/wp-json\/wp\/v2\/product_brand?post=15916"},{"taxonomy":"product_cat","embeddable":true,"href":"https:\/\/akiarabooks.com\/es\/wp-json\/wp\/v2\/product_cat?post=15916"},{"taxonomy":"product_tag","embeddable":true,"href":"https:\/\/akiarabooks.com\/es\/wp-json\/wp\/v2\/product_tag?post=15916"}],"curies":[{"name":"wp","href":"https:\/\/api.w.org\/{rel}","templated":true}]}}