{"id":15983,"date":"2026-02-13T17:28:30","date_gmt":"2026-02-13T15:28:30","guid":{"rendered":"https:\/\/akiarabooks.com\/?post_type=product&#038;p=15983"},"modified":"2026-03-11T10:19:43","modified_gmt":"2026-03-11T08:19:43","slug":"volatil","status":"publish","type":"product","link":"https:\/\/akiarabooks.com\/es\/libro\/volatil\/","title":{"rendered":"Vol\u00e1til"},"content":{"rendered":"<p>A veces un poema llega sin permiso.<br \/>\nEl poeta tropieza en \u00e9l. No sabe o no quiere contenerlo.<br \/>\nSe sumerge en \u00e9l. Deja que las palabras lo encuentren.<br \/>\nDisfruta de la suerte de estar vivo. Y vuela.<\/p>\n<p>VOL\u00c1TIL es una recopilaci\u00f3n de poemas en verso libre<br \/>\nsobre una naturaleza viva y llena de encanto,<br \/>\nen la que los campos, las playas o las noches<br \/>\nse expresan con pinceladas \u00fanicas.<\/p>\n","protected":false},"excerpt":{"rendered":"<p>A veces un poema llega sin permiso. El poeta tropieza en \u00e9l. No sabe o no quiere contenerlo. Se sumerge en \u00e9l. Deja&hellip;<\/p>\n","protected":false},"featured_media":15984,"comment_status":"closed","ping_status":"closed","template":"","meta":{"_acf_changed":false},"product_brand":[],"product_cat":[724],"product_tag":[],"class_list":{"0":"post-15983","1":"product","2":"type-product","3":"status-publish","4":"has-post-thumbnail","6":"product_cat-akipoeta-es","8":"first","9":"instock","10":"taxable","11":"shipping-taxable","12":"purchasable","13":"product-type-simple"},"acf":[],"yoast_head":"<!-- This site is optimized with the Yoast SEO plugin v27.1.1 - https:\/\/yoast.com\/product\/yoast-seo-wordpress\/ -->\n<title>Vol\u00e1til - AKIARA books<\/title>\n<meta name=\"robots\" content=\"index, follow, max-snippet:-1, max-image-preview:large, max-video-preview:-1\" \/>\n<link rel=\"canonical\" href=\"https:\/\/akiarabooks.com\/es\/libro\/volatil\/\" \/>\n<meta property=\"og:locale\" content=\"es_ES\" \/>\n<meta property=\"og:type\" content=\"article\" \/>\n<meta property=\"og:title\" content=\"Vol\u00e1til - AKIARA books\" \/>\n<meta property=\"og:description\" content=\"A veces un poema llega sin permiso. El poeta tropieza en \u00e9l. No sabe o no quiere contenerlo. Se sumerge en \u00e9l. Deja&hellip;\" \/>\n<meta property=\"og:url\" content=\"https:\/\/akiarabooks.com\/es\/libro\/volatil\/\" \/>\n<meta property=\"og:site_name\" content=\"AKIARA books\" \/>\n<meta property=\"article:modified_time\" content=\"2026-03-11T08:19:43+00:00\" \/>\n<meta property=\"og:image\" content=\"https:\/\/akiarabooks.com\/wp-content\/uploads\/2026\/02\/VOLATIL_cubierta_ES-scaled.jpg\" \/>\n\t<meta property=\"og:image:width\" content=\"1536\" \/>\n\t<meta property=\"og:image:height\" content=\"2560\" \/>\n\t<meta property=\"og:image:type\" content=\"image\/jpeg\" \/>\n<meta name=\"twitter:card\" content=\"summary_large_image\" \/>\n<meta name=\"twitter:label1\" content=\"Est. reading time\" \/>\n\t<meta name=\"twitter:data1\" content=\"1 minute\" \/>\n<script type=\"application\/ld+json\" class=\"yoast-schema-graph\">{\"@context\":\"https:\/\/schema.org\",\"@graph\":[{\"@type\":\"WebPage\",\"@id\":\"https:\/\/akiarabooks.com\/es\/libro\/volatil\/\",\"url\":\"https:\/\/akiarabooks.com\/es\/libro\/volatil\/\",\"name\":\"Vol\u00e1til - AKIARA books\",\"isPartOf\":{\"@id\":\"https:\/\/akiarabooks.com\/es\/#website\"},\"primaryImageOfPage\":{\"@id\":\"https:\/\/akiarabooks.com\/es\/libro\/volatil\/#primaryimage\"},\"image\":{\"@id\":\"https:\/\/akiarabooks.com\/es\/libro\/volatil\/#primaryimage\"},\"thumbnailUrl\":\"https:\/\/akiarabooks.com\/wp-content\/uploads\/2026\/02\/VOLATIL_cubierta_ES-scaled.jpg\",\"datePublished\":\"2026-02-13T15:28:30+00:00\",\"dateModified\":\"2026-03-11T08:19:43+00:00\",\"breadcrumb\":{\"@id\":\"https:\/\/akiarabooks.com\/es\/libro\/volatil\/#breadcrumb\"},\"inLanguage\":\"es-ES\",\"potentialAction\":[{\"@type\":\"ReadAction\",\"target\":[\"https:\/\/akiarabooks.com\/es\/libro\/volatil\/\"]}]},{\"@type\":\"ImageObject\",\"inLanguage\":\"es-ES\",\"@id\":\"https:\/\/akiarabooks.com\/es\/libro\/volatil\/#primaryimage\",\"url\":\"https:\/\/akiarabooks.com\/wp-content\/uploads\/2026\/02\/VOLATIL_cubierta_ES-scaled.jpg\",\"contentUrl\":\"https:\/\/akiarabooks.com\/wp-content\/uploads\/2026\/02\/VOLATIL_cubierta_ES-scaled.jpg\",\"width\":\"1536\",\"height\":\"2560\"},{\"@type\":\"BreadcrumbList\",\"@id\":\"https:\/\/akiarabooks.com\/es\/libro\/volatil\/#breadcrumb\",\"itemListElement\":[{\"@type\":\"ListItem\",\"position\":1,\"name\":\"Inici\",\"item\":\"https:\/\/akiarabooks.com\/es\/\"},{\"@type\":\"ListItem\",\"position\":2,\"name\":\"Libros\",\"item\":\"https:\/\/akiarabooks.com\/es\/libros\/\"},{\"@type\":\"ListItem\",\"position\":3,\"name\":\"Vol\u00e1til\"}]},{\"@type\":\"WebSite\",\"@id\":\"https:\/\/akiarabooks.com\/es\/#website\",\"url\":\"https:\/\/akiarabooks.com\/es\/\",\"name\":\"AKIARA books\",\"description\":\"Llibres inspiradors per a petits i grans\",\"publisher\":{\"@id\":\"https:\/\/akiarabooks.com\/es\/#organization\"},\"potentialAction\":[{\"@type\":\"SearchAction\",\"target\":{\"@type\":\"EntryPoint\",\"urlTemplate\":\"https:\/\/akiarabooks.com\/es\/?s={search_term_string}\"},\"query-input\":{\"@type\":\"PropertyValueSpecification\",\"valueRequired\":true,\"valueName\":\"search_term_string\"}}],\"inLanguage\":\"es-ES\"},{\"@type\":\"Organization\",\"@id\":\"https:\/\/akiarabooks.com\/es\/#organization\",\"name\":\"AKIARA books\",\"url\":\"https:\/\/akiarabooks.com\/es\/\",\"logo\":{\"@type\":\"ImageObject\",\"inLanguage\":\"es-ES\",\"@id\":\"https:\/\/akiarabooks.com\/es\/#\/schema\/logo\/image\/\",\"url\":\"https:\/\/akiarabooks.com\/wp-content\/uploads\/2018\/02\/cropped-akiara-black.png\",\"contentUrl\":\"https:\/\/akiarabooks.com\/wp-content\/uploads\/2018\/02\/cropped-akiara-black.png\",\"width\":520,\"height\":236,\"caption\":\"AKIARA books\"},\"image\":{\"@id\":\"https:\/\/akiarabooks.com\/es\/#\/schema\/logo\/image\/\"}}]}<\/script>\n<!-- \/ Yoast SEO plugin. -->","yoast_head_json":{"title":"Vol\u00e1til - AKIARA books","robots":{"index":"index","follow":"follow","max-snippet":"max-snippet:-1","max-image-preview":"max-image-preview:large","max-video-preview":"max-video-preview:-1"},"canonical":"https:\/\/akiarabooks.com\/es\/libro\/volatil\/","og_locale":"es_ES","og_type":"article","og_title":"Vol\u00e1til - AKIARA books","og_description":"A veces un poema llega sin permiso. El poeta tropieza en \u00e9l. No sabe o no quiere contenerlo. Se sumerge en \u00e9l. Deja&hellip;","og_url":"https:\/\/akiarabooks.com\/es\/libro\/volatil\/","og_site_name":"AKIARA books","article_modified_time":"2026-03-11T08:19:43+00:00","og_image":[{"width":1536,"height":2560,"url":"https:\/\/akiarabooks.com\/wp-content\/uploads\/2026\/02\/VOLATIL_cubierta_ES-scaled.jpg","type":"image\/jpeg"}],"twitter_card":"summary_large_image","twitter_misc":{"Est. reading time":"1 minute"},"schema":{"@context":"https:\/\/schema.org","@graph":[{"@type":"WebPage","@id":"https:\/\/akiarabooks.com\/es\/libro\/volatil\/","url":"https:\/\/akiarabooks.com\/es\/libro\/volatil\/","name":"Vol\u00e1til - AKIARA books","isPartOf":{"@id":"https:\/\/akiarabooks.com\/es\/#website"},"primaryImageOfPage":{"@id":"https:\/\/akiarabooks.com\/es\/libro\/volatil\/#primaryimage"},"image":{"@id":"https:\/\/akiarabooks.com\/es\/libro\/volatil\/#primaryimage"},"thumbnailUrl":"https:\/\/akiarabooks.com\/wp-content\/uploads\/2026\/02\/VOLATIL_cubierta_ES-scaled.jpg","datePublished":"2026-02-13T15:28:30+00:00","dateModified":"2026-03-11T08:19:43+00:00","breadcrumb":{"@id":"https:\/\/akiarabooks.com\/es\/libro\/volatil\/#breadcrumb"},"inLanguage":"es-ES","potentialAction":[{"@type":"ReadAction","target":["https:\/\/akiarabooks.com\/es\/libro\/volatil\/"]}]},{"@type":"ImageObject","inLanguage":"es-ES","@id":"https:\/\/akiarabooks.com\/es\/libro\/volatil\/#primaryimage","url":"https:\/\/akiarabooks.com\/wp-content\/uploads\/2026\/02\/VOLATIL_cubierta_ES-scaled.jpg","contentUrl":"https:\/\/akiarabooks.com\/wp-content\/uploads\/2026\/02\/VOLATIL_cubierta_ES-scaled.jpg","width":"1536","height":"2560"},{"@type":"BreadcrumbList","@id":"https:\/\/akiarabooks.com\/es\/libro\/volatil\/#breadcrumb","itemListElement":[{"@type":"ListItem","position":1,"name":"Inici","item":"https:\/\/akiarabooks.com\/es\/"},{"@type":"ListItem","position":2,"name":"Libros","item":"https:\/\/akiarabooks.com\/es\/libros\/"},{"@type":"ListItem","position":3,"name":"Vol\u00e1til"}]},{"@type":"WebSite","@id":"https:\/\/akiarabooks.com\/es\/#website","url":"https:\/\/akiarabooks.com\/es\/","name":"AKIARA books","description":"Llibres inspiradors per a petits i grans","publisher":{"@id":"https:\/\/akiarabooks.com\/es\/#organization"},"potentialAction":[{"@type":"SearchAction","target":{"@type":"EntryPoint","urlTemplate":"https:\/\/akiarabooks.com\/es\/?s={search_term_string}"},"query-input":{"@type":"PropertyValueSpecification","valueRequired":true,"valueName":"search_term_string"}}],"inLanguage":"es-ES"},{"@type":"Organization","@id":"https:\/\/akiarabooks.com\/es\/#organization","name":"AKIARA books","url":"https:\/\/akiarabooks.com\/es\/","logo":{"@type":"ImageObject","inLanguage":"es-ES","@id":"https:\/\/akiarabooks.com\/es\/#\/schema\/logo\/image\/","url":"https:\/\/akiarabooks.com\/wp-content\/uploads\/2018\/02\/cropped-akiara-black.png","contentUrl":"https:\/\/akiarabooks.com\/wp-content\/uploads\/2018\/02\/cropped-akiara-black.png","width":520,"height":236,"caption":"AKIARA books"},"image":{"@id":"https:\/\/akiarabooks.com\/es\/#\/schema\/logo\/image\/"}}]}},"_links":{"self":[{"href":"https:\/\/akiarabooks.com\/es\/wp-json\/wp\/v2\/product\/15983","targetHints":{"allow":["GET"]}}],"collection":[{"href":"https:\/\/akiarabooks.com\/es\/wp-json\/wp\/v2\/product"}],"about":[{"href":"https:\/\/akiarabooks.com\/es\/wp-json\/wp\/v2\/types\/product"}],"replies":[{"embeddable":true,"href":"https:\/\/akiarabooks.com\/es\/wp-json\/wp\/v2\/comments?post=15983"}],"wp:featuredmedia":[{"embeddable":true,"href":"https:\/\/akiarabooks.com\/es\/wp-json\/wp\/v2\/media\/15984"}],"wp:attachment":[{"href":"https:\/\/akiarabooks.com\/es\/wp-json\/wp\/v2\/media?parent=15983"}],"wp:term":[{"taxonomy":"product_brand","embeddable":true,"href":"https:\/\/akiarabooks.com\/es\/wp-json\/wp\/v2\/product_brand?post=15983"},{"taxonomy":"product_cat","embeddable":true,"href":"https:\/\/akiarabooks.com\/es\/wp-json\/wp\/v2\/product_cat?post=15983"},{"taxonomy":"product_tag","embeddable":true,"href":"https:\/\/akiarabooks.com\/es\/wp-json\/wp\/v2\/product_tag?post=15983"}],"curies":[{"name":"wp","href":"https:\/\/api.w.org\/{rel}","templated":true}]}}