{"id":4767,"date":"2018-07-25T00:22:26","date_gmt":"2018-07-24T22:22:26","guid":{"rendered":"https:\/\/akiarabooks.com\/llibre\/lescola-de-la-haru\/"},"modified":"2018-12-08T14:24:21","modified_gmt":"2018-12-08T12:24:21","slug":"la-escuela-de-la-haru","status":"publish","type":"product","link":"https:\/\/akiarabooks.com\/es\/libro\/la-escuela-de-la-haru\/","title":{"rendered":"La escuela de la Haru"},"content":{"rendered":"<p>Haru da la se\u00f1al. Comienza la danza de movimientos para colocarse del modo adecuado. Las piernas, los hombros, la mirada, las manos, el arco. Relajaci\u00f3n, concentraci\u00f3n, observaci\u00f3n. Todos respiran a la vez, con la pausa necesaria para mantener la calma. Nada los distrae. Ni el vuelo de las aves ni el balanceo de las ramas de los \u00e1rboles m\u00e1s pr\u00f3ximos.<br \/>\nA la vez, como una sola, las cuatro flechas salen volando rumbo a su destino, como pronto har\u00e1n los alumnos al marcharse del dojo.<\/p>\n","protected":false},"excerpt":{"rendered":"<p>Haru da la se\u00f1al. Comienza la danza de movimientos para colocarse del modo adecuado. Las piernas, los hombros, la mirada, las manos, el&hellip;<\/p>\n","protected":false},"featured_media":4796,"comment_status":"closed","ping_status":"closed","template":"","meta":{"_acf_changed":false},"product_brand":[],"product_cat":[459],"product_tag":[471,472,473,474,475,476,477,478,479,480,481,482,465,483],"class_list":{"0":"post-4767","1":"product","2":"type-product","3":"status-publish","4":"has-post-thumbnail","6":"product_cat-pequeno-fragmenta-es","7":"product_tag-akiara-es","8":"product_tag-arc-es","9":"product_tag-books-es","10":"product_tag-budisme-es","11":"product_tag-calligrafia-es","12":"product_tag-dojo-es","13":"product_tag-flavia-company-es","14":"product_tag-haru-es","15":"product_tag-japo-es","16":"product_tag-lescola-de-al-haru-es","17":"product_tag-lij-es","18":"product_tag-luciano-lozano-es","19":"product_tag-petit-fragmenta-es","20":"product_tag-zen-es","22":"first","23":"instock","24":"taxable","25":"shipping-taxable","26":"purchasable","27":"product-type-simple"},"acf":[],"yoast_head":"<!-- This site is optimized with the Yoast SEO plugin v27.1.1 - https:\/\/yoast.com\/product\/yoast-seo-wordpress\/ -->\n<title>La escuela de la Haru - AKIARA books<\/title>\n<meta name=\"robots\" content=\"index, follow, max-snippet:-1, max-image-preview:large, max-video-preview:-1\" \/>\n<link rel=\"canonical\" href=\"https:\/\/akiarabooks.com\/es\/libro\/la-escuela-de-la-haru\/\" \/>\n<meta property=\"og:locale\" content=\"es_ES\" \/>\n<meta property=\"og:type\" content=\"article\" \/>\n<meta property=\"og:title\" content=\"La escuela de la Haru - AKIARA books\" \/>\n<meta property=\"og:description\" content=\"Haru da la se\u00f1al. Comienza la danza de movimientos para colocarse del modo adecuado. Las piernas, los hombros, la mirada, las manos, el&hellip;\" \/>\n<meta property=\"og:url\" content=\"https:\/\/akiarabooks.com\/es\/libro\/la-escuela-de-la-haru\/\" \/>\n<meta property=\"og:site_name\" content=\"AKIARA books\" \/>\n<meta property=\"article:modified_time\" content=\"2018-12-08T12:24:21+00:00\" \/>\n<meta property=\"og:image\" content=\"https:\/\/akiarabooks.com\/wp-content\/uploads\/2018\/07\/La-escuela-de-Haru-cubierta-CAST-1151x1000.jpg\" \/>\n\t<meta property=\"og:image:width\" content=\"1151\" \/>\n\t<meta property=\"og:image:height\" content=\"1000\" \/>\n\t<meta property=\"og:image:type\" content=\"image\/jpeg\" \/>\n<meta name=\"twitter:card\" content=\"summary_large_image\" \/>\n<script type=\"application\/ld+json\" class=\"yoast-schema-graph\">{\"@context\":\"https:\/\/schema.org\",\"@graph\":[{\"@type\":\"WebPage\",\"@id\":\"https:\/\/akiarabooks.com\/es\/libro\/la-escuela-de-la-haru\/\",\"url\":\"https:\/\/akiarabooks.com\/es\/libro\/la-escuela-de-la-haru\/\",\"name\":\"La escuela de la Haru - AKIARA books\",\"isPartOf\":{\"@id\":\"https:\/\/akiarabooks.com\/es\/#website\"},\"primaryImageOfPage\":{\"@id\":\"https:\/\/akiarabooks.com\/es\/libro\/la-escuela-de-la-haru\/#primaryimage\"},\"image\":{\"@id\":\"https:\/\/akiarabooks.com\/es\/libro\/la-escuela-de-la-haru\/#primaryimage\"},\"thumbnailUrl\":\"https:\/\/akiarabooks.com\/wp-content\/uploads\/2018\/07\/La-escuela-de-Haru-cubierta-CAST.jpg\",\"datePublished\":\"2018-07-24T22:22:26+00:00\",\"dateModified\":\"2018-12-08T12:24:21+00:00\",\"breadcrumb\":{\"@id\":\"https:\/\/akiarabooks.com\/es\/libro\/la-escuela-de-la-haru\/#breadcrumb\"},\"inLanguage\":\"es-ES\",\"potentialAction\":[{\"@type\":\"ReadAction\",\"target\":[\"https:\/\/akiarabooks.com\/es\/libro\/la-escuela-de-la-haru\/\"]}]},{\"@type\":\"ImageObject\",\"inLanguage\":\"es-ES\",\"@id\":\"https:\/\/akiarabooks.com\/es\/libro\/la-escuela-de-la-haru\/#primaryimage\",\"url\":\"https:\/\/akiarabooks.com\/wp-content\/uploads\/2018\/07\/La-escuela-de-Haru-cubierta-CAST.jpg\",\"contentUrl\":\"https:\/\/akiarabooks.com\/wp-content\/uploads\/2018\/07\/La-escuela-de-Haru-cubierta-CAST.jpg\",\"width\":3359,\"height\":2918},{\"@type\":\"BreadcrumbList\",\"@id\":\"https:\/\/akiarabooks.com\/es\/libro\/la-escuela-de-la-haru\/#breadcrumb\",\"itemListElement\":[{\"@type\":\"ListItem\",\"position\":1,\"name\":\"Inici\",\"item\":\"https:\/\/akiarabooks.com\/es\/\"},{\"@type\":\"ListItem\",\"position\":2,\"name\":\"Libros\",\"item\":\"https:\/\/akiarabooks.com\/es\/libros\/\"},{\"@type\":\"ListItem\",\"position\":3,\"name\":\"La escuela de la Haru\"}]},{\"@type\":\"WebSite\",\"@id\":\"https:\/\/akiarabooks.com\/es\/#website\",\"url\":\"https:\/\/akiarabooks.com\/es\/\",\"name\":\"AKIARA books\",\"description\":\"Llibres inspiradors per a petits i grans\",\"publisher\":{\"@id\":\"https:\/\/akiarabooks.com\/es\/#organization\"},\"potentialAction\":[{\"@type\":\"SearchAction\",\"target\":{\"@type\":\"EntryPoint\",\"urlTemplate\":\"https:\/\/akiarabooks.com\/es\/?s={search_term_string}\"},\"query-input\":{\"@type\":\"PropertyValueSpecification\",\"valueRequired\":true,\"valueName\":\"search_term_string\"}}],\"inLanguage\":\"es-ES\"},{\"@type\":\"Organization\",\"@id\":\"https:\/\/akiarabooks.com\/es\/#organization\",\"name\":\"AKIARA books\",\"url\":\"https:\/\/akiarabooks.com\/es\/\",\"logo\":{\"@type\":\"ImageObject\",\"inLanguage\":\"es-ES\",\"@id\":\"https:\/\/akiarabooks.com\/es\/#\/schema\/logo\/image\/\",\"url\":\"https:\/\/akiarabooks.com\/wp-content\/uploads\/2018\/02\/cropped-akiara-black.png\",\"contentUrl\":\"https:\/\/akiarabooks.com\/wp-content\/uploads\/2018\/02\/cropped-akiara-black.png\",\"width\":520,\"height\":236,\"caption\":\"AKIARA books\"},\"image\":{\"@id\":\"https:\/\/akiarabooks.com\/es\/#\/schema\/logo\/image\/\"}}]}<\/script>\n<!-- \/ Yoast SEO plugin. -->","yoast_head_json":{"title":"La escuela de la Haru - AKIARA books","robots":{"index":"index","follow":"follow","max-snippet":"max-snippet:-1","max-image-preview":"max-image-preview:large","max-video-preview":"max-video-preview:-1"},"canonical":"https:\/\/akiarabooks.com\/es\/libro\/la-escuela-de-la-haru\/","og_locale":"es_ES","og_type":"article","og_title":"La escuela de la Haru - AKIARA books","og_description":"Haru da la se\u00f1al. Comienza la danza de movimientos para colocarse del modo adecuado. Las piernas, los hombros, la mirada, las manos, el&hellip;","og_url":"https:\/\/akiarabooks.com\/es\/libro\/la-escuela-de-la-haru\/","og_site_name":"AKIARA books","article_modified_time":"2018-12-08T12:24:21+00:00","og_image":[{"width":1151,"height":1000,"url":"https:\/\/akiarabooks.com\/wp-content\/uploads\/2018\/07\/La-escuela-de-Haru-cubierta-CAST-1151x1000.jpg","type":"image\/jpeg"}],"twitter_card":"summary_large_image","schema":{"@context":"https:\/\/schema.org","@graph":[{"@type":"WebPage","@id":"https:\/\/akiarabooks.com\/es\/libro\/la-escuela-de-la-haru\/","url":"https:\/\/akiarabooks.com\/es\/libro\/la-escuela-de-la-haru\/","name":"La escuela de la Haru - AKIARA books","isPartOf":{"@id":"https:\/\/akiarabooks.com\/es\/#website"},"primaryImageOfPage":{"@id":"https:\/\/akiarabooks.com\/es\/libro\/la-escuela-de-la-haru\/#primaryimage"},"image":{"@id":"https:\/\/akiarabooks.com\/es\/libro\/la-escuela-de-la-haru\/#primaryimage"},"thumbnailUrl":"https:\/\/akiarabooks.com\/wp-content\/uploads\/2018\/07\/La-escuela-de-Haru-cubierta-CAST.jpg","datePublished":"2018-07-24T22:22:26+00:00","dateModified":"2018-12-08T12:24:21+00:00","breadcrumb":{"@id":"https:\/\/akiarabooks.com\/es\/libro\/la-escuela-de-la-haru\/#breadcrumb"},"inLanguage":"es-ES","potentialAction":[{"@type":"ReadAction","target":["https:\/\/akiarabooks.com\/es\/libro\/la-escuela-de-la-haru\/"]}]},{"@type":"ImageObject","inLanguage":"es-ES","@id":"https:\/\/akiarabooks.com\/es\/libro\/la-escuela-de-la-haru\/#primaryimage","url":"https:\/\/akiarabooks.com\/wp-content\/uploads\/2018\/07\/La-escuela-de-Haru-cubierta-CAST.jpg","contentUrl":"https:\/\/akiarabooks.com\/wp-content\/uploads\/2018\/07\/La-escuela-de-Haru-cubierta-CAST.jpg","width":3359,"height":2918},{"@type":"BreadcrumbList","@id":"https:\/\/akiarabooks.com\/es\/libro\/la-escuela-de-la-haru\/#breadcrumb","itemListElement":[{"@type":"ListItem","position":1,"name":"Inici","item":"https:\/\/akiarabooks.com\/es\/"},{"@type":"ListItem","position":2,"name":"Libros","item":"https:\/\/akiarabooks.com\/es\/libros\/"},{"@type":"ListItem","position":3,"name":"La escuela de la Haru"}]},{"@type":"WebSite","@id":"https:\/\/akiarabooks.com\/es\/#website","url":"https:\/\/akiarabooks.com\/es\/","name":"AKIARA books","description":"Llibres inspiradors per a petits i grans","publisher":{"@id":"https:\/\/akiarabooks.com\/es\/#organization"},"potentialAction":[{"@type":"SearchAction","target":{"@type":"EntryPoint","urlTemplate":"https:\/\/akiarabooks.com\/es\/?s={search_term_string}"},"query-input":{"@type":"PropertyValueSpecification","valueRequired":true,"valueName":"search_term_string"}}],"inLanguage":"es-ES"},{"@type":"Organization","@id":"https:\/\/akiarabooks.com\/es\/#organization","name":"AKIARA books","url":"https:\/\/akiarabooks.com\/es\/","logo":{"@type":"ImageObject","inLanguage":"es-ES","@id":"https:\/\/akiarabooks.com\/es\/#\/schema\/logo\/image\/","url":"https:\/\/akiarabooks.com\/wp-content\/uploads\/2018\/02\/cropped-akiara-black.png","contentUrl":"https:\/\/akiarabooks.com\/wp-content\/uploads\/2018\/02\/cropped-akiara-black.png","width":520,"height":236,"caption":"AKIARA books"},"image":{"@id":"https:\/\/akiarabooks.com\/es\/#\/schema\/logo\/image\/"}}]}},"_links":{"self":[{"href":"https:\/\/akiarabooks.com\/es\/wp-json\/wp\/v2\/product\/4767","targetHints":{"allow":["GET"]}}],"collection":[{"href":"https:\/\/akiarabooks.com\/es\/wp-json\/wp\/v2\/product"}],"about":[{"href":"https:\/\/akiarabooks.com\/es\/wp-json\/wp\/v2\/types\/product"}],"replies":[{"embeddable":true,"href":"https:\/\/akiarabooks.com\/es\/wp-json\/wp\/v2\/comments?post=4767"}],"wp:featuredmedia":[{"embeddable":true,"href":"https:\/\/akiarabooks.com\/es\/wp-json\/wp\/v2\/media\/4796"}],"wp:attachment":[{"href":"https:\/\/akiarabooks.com\/es\/wp-json\/wp\/v2\/media?parent=4767"}],"wp:term":[{"taxonomy":"product_brand","embeddable":true,"href":"https:\/\/akiarabooks.com\/es\/wp-json\/wp\/v2\/product_brand?post=4767"},{"taxonomy":"product_cat","embeddable":true,"href":"https:\/\/akiarabooks.com\/es\/wp-json\/wp\/v2\/product_cat?post=4767"},{"taxonomy":"product_tag","embeddable":true,"href":"https:\/\/akiarabooks.com\/es\/wp-json\/wp\/v2\/product_tag?post=4767"}],"curies":[{"name":"wp","href":"https:\/\/api.w.org\/{rel}","templated":true}]}}