{"id":4832,"date":"2018-07-25T00:14:44","date_gmt":"2018-07-24T22:14:44","guid":{"rendered":"https:\/\/akiarabooks.com\/llibre\/el-dia-danar-i-venir\/"},"modified":"2022-08-04T23:18:02","modified_gmt":"2022-08-04T21:18:02","slug":"el-dia-de-ir-y-venir","status":"publish","type":"product","link":"https:\/\/akiarabooks.com\/es\/libro\/el-dia-de-ir-y-venir\/","title":{"rendered":"El d\u00eda de Ir y Venir"},"content":{"rendered":"<p>Era el d\u00eda de Ir y Venir.<br \/>\nTodo el mundo iba o ven\u00eda de alg\u00fan lugar.<\/p>\n<p>Durante miles de a\u00f1os los seres humanos hab\u00edan sido n\u00f3madas.<br \/>\nHab\u00edan seguido los ritmos de la tierra, el recorrido del sol y la danza del tiempo.<br \/>\nHab\u00edan aprendido a conocer las hierbas y a oler la llegada de la lluvia.<br \/>\nHab\u00edan viajado por todos los rincones del mundo, navegado por los r\u00edos y dormido en las colinas.<\/p>\n<p>Ahora, en cambio, ten\u00edan casas, y apenas se mov\u00edan durante la mayor parte del a\u00f1o.<br \/>\nYa casi no miraban al cielo y, para muchos, el mar y las estrellas estaban lejos, muy lejos.<br \/>\nSe dec\u00eda que se hab\u00edan asentado y que nunca m\u00e1s ser\u00edan\u00a0 e r r a n t e s.<\/p>\n<p>Pero en el fondo de sus corazones, muy adentro, sab\u00edan que el cambio est\u00e1 siempre presente, y que lo que parece quieto solo lo est\u00e1 por un instante&#8230;<\/p>\n<h6><img loading=\"lazy\" decoding=\"async\" class=\"wp-image-10109 alignleft\" src=\"https:\/\/akiarabooks.com\/wp-content\/uploads\/2018\/07\/Junceda-2017.jpg\" alt=\"\" width=\"249\" height=\"172\" srcset=\"https:\/\/akiarabooks.com\/wp-content\/uploads\/2018\/07\/Junceda-2017.jpg 606w, https:\/\/akiarabooks.com\/wp-content\/uploads\/2018\/07\/Junceda-2017-300x208.jpg 300w, https:\/\/akiarabooks.com\/wp-content\/uploads\/2018\/07\/Junceda-2017-500x347.jpg 500w, https:\/\/akiarabooks.com\/wp-content\/uploads\/2018\/07\/Junceda-2017-600x416.jpg 600w\" sizes=\"auto, (max-width: 249px) 100vw, 249px\" \/><\/h6>\n<h6>Premio Junceda de ilustraci\u00f3n 2017<\/h6>\n<h6><\/h6>\n<h6><\/h6>\n<p>&nbsp;<\/p>\n<p>&nbsp;<\/p>\n","protected":false},"excerpt":{"rendered":"<p>Era el d\u00eda de Ir y Venir. Todo el mundo iba o ven\u00eda de alg\u00fan lugar. Durante miles de a\u00f1os los seres humanos&hellip;<\/p>\n","protected":false},"featured_media":10986,"comment_status":"closed","ping_status":"closed","template":"","meta":{"_acf_changed":false},"product_brand":[],"product_cat":[459],"product_tag":[],"class_list":{"0":"post-4832","1":"product","2":"type-product","3":"status-publish","4":"has-post-thumbnail","6":"product_cat-pequeno-fragmenta-es","8":"first","9":"instock","10":"taxable","11":"shipping-taxable","12":"purchasable","13":"product-type-simple"},"acf":[],"yoast_head":"<!-- This site is optimized with the Yoast SEO plugin v27.1.1 - https:\/\/yoast.com\/product\/yoast-seo-wordpress\/ -->\n<title>El d\u00eda de Ir y Venir - AKIARA books<\/title>\n<meta name=\"robots\" content=\"index, follow, max-snippet:-1, max-image-preview:large, max-video-preview:-1\" \/>\n<link rel=\"canonical\" href=\"https:\/\/akiarabooks.com\/es\/libro\/el-dia-de-ir-y-venir\/\" \/>\n<meta property=\"og:locale\" content=\"es_ES\" \/>\n<meta property=\"og:type\" content=\"article\" \/>\n<meta property=\"og:title\" content=\"El d\u00eda de Ir y Venir - AKIARA books\" \/>\n<meta property=\"og:description\" content=\"Era el d\u00eda de Ir y Venir. Todo el mundo iba o ven\u00eda de alg\u00fan lugar. Durante miles de a\u00f1os los seres humanos&hellip;\" \/>\n<meta property=\"og:url\" content=\"https:\/\/akiarabooks.com\/es\/libro\/el-dia-de-ir-y-venir\/\" \/>\n<meta property=\"og:site_name\" content=\"AKIARA books\" \/>\n<meta property=\"article:modified_time\" content=\"2022-08-04T21:18:02+00:00\" \/>\n<meta property=\"og:image\" content=\"https:\/\/akiarabooks.com\/wp-content\/uploads\/2018\/07\/El_dia_de_Ir_y_Venir_cubierta_ES.jpg\" \/>\n\t<meta property=\"og:image:width\" content=\"1500\" \/>\n\t<meta property=\"og:image:height\" content=\"1300\" \/>\n\t<meta property=\"og:image:type\" content=\"image\/jpeg\" \/>\n<meta name=\"twitter:card\" content=\"summary_large_image\" \/>\n<meta name=\"twitter:label1\" content=\"Est. reading time\" \/>\n\t<meta name=\"twitter:data1\" content=\"1 minute\" \/>\n<script type=\"application\/ld+json\" class=\"yoast-schema-graph\">{\"@context\":\"https:\/\/schema.org\",\"@graph\":[{\"@type\":\"WebPage\",\"@id\":\"https:\/\/akiarabooks.com\/es\/libro\/el-dia-de-ir-y-venir\/\",\"url\":\"https:\/\/akiarabooks.com\/es\/libro\/el-dia-de-ir-y-venir\/\",\"name\":\"El d\u00eda de Ir y Venir - AKIARA books\",\"isPartOf\":{\"@id\":\"https:\/\/akiarabooks.com\/es\/#website\"},\"primaryImageOfPage\":{\"@id\":\"https:\/\/akiarabooks.com\/es\/libro\/el-dia-de-ir-y-venir\/#primaryimage\"},\"image\":{\"@id\":\"https:\/\/akiarabooks.com\/es\/libro\/el-dia-de-ir-y-venir\/#primaryimage\"},\"thumbnailUrl\":\"https:\/\/akiarabooks.com\/wp-content\/uploads\/2018\/07\/El_dia_de_Ir_y_Venir_cubierta_ES.jpg\",\"datePublished\":\"2018-07-24T22:14:44+00:00\",\"dateModified\":\"2022-08-04T21:18:02+00:00\",\"breadcrumb\":{\"@id\":\"https:\/\/akiarabooks.com\/es\/libro\/el-dia-de-ir-y-venir\/#breadcrumb\"},\"inLanguage\":\"es-ES\",\"potentialAction\":[{\"@type\":\"ReadAction\",\"target\":[\"https:\/\/akiarabooks.com\/es\/libro\/el-dia-de-ir-y-venir\/\"]}]},{\"@type\":\"ImageObject\",\"inLanguage\":\"es-ES\",\"@id\":\"https:\/\/akiarabooks.com\/es\/libro\/el-dia-de-ir-y-venir\/#primaryimage\",\"url\":\"https:\/\/akiarabooks.com\/wp-content\/uploads\/2018\/07\/El_dia_de_Ir_y_Venir_cubierta_ES.jpg\",\"contentUrl\":\"https:\/\/akiarabooks.com\/wp-content\/uploads\/2018\/07\/El_dia_de_Ir_y_Venir_cubierta_ES.jpg\",\"width\":1500,\"height\":1300},{\"@type\":\"BreadcrumbList\",\"@id\":\"https:\/\/akiarabooks.com\/es\/libro\/el-dia-de-ir-y-venir\/#breadcrumb\",\"itemListElement\":[{\"@type\":\"ListItem\",\"position\":1,\"name\":\"Inici\",\"item\":\"https:\/\/akiarabooks.com\/es\/\"},{\"@type\":\"ListItem\",\"position\":2,\"name\":\"Libros\",\"item\":\"https:\/\/akiarabooks.com\/es\/libros\/\"},{\"@type\":\"ListItem\",\"position\":3,\"name\":\"El d\u00eda de Ir y Venir\"}]},{\"@type\":\"WebSite\",\"@id\":\"https:\/\/akiarabooks.com\/es\/#website\",\"url\":\"https:\/\/akiarabooks.com\/es\/\",\"name\":\"AKIARA books\",\"description\":\"Llibres inspiradors per a petits i grans\",\"publisher\":{\"@id\":\"https:\/\/akiarabooks.com\/es\/#organization\"},\"potentialAction\":[{\"@type\":\"SearchAction\",\"target\":{\"@type\":\"EntryPoint\",\"urlTemplate\":\"https:\/\/akiarabooks.com\/es\/?s={search_term_string}\"},\"query-input\":{\"@type\":\"PropertyValueSpecification\",\"valueRequired\":true,\"valueName\":\"search_term_string\"}}],\"inLanguage\":\"es-ES\"},{\"@type\":\"Organization\",\"@id\":\"https:\/\/akiarabooks.com\/es\/#organization\",\"name\":\"AKIARA books\",\"url\":\"https:\/\/akiarabooks.com\/es\/\",\"logo\":{\"@type\":\"ImageObject\",\"inLanguage\":\"es-ES\",\"@id\":\"https:\/\/akiarabooks.com\/es\/#\/schema\/logo\/image\/\",\"url\":\"https:\/\/akiarabooks.com\/wp-content\/uploads\/2018\/02\/cropped-akiara-black.png\",\"contentUrl\":\"https:\/\/akiarabooks.com\/wp-content\/uploads\/2018\/02\/cropped-akiara-black.png\",\"width\":520,\"height\":236,\"caption\":\"AKIARA books\"},\"image\":{\"@id\":\"https:\/\/akiarabooks.com\/es\/#\/schema\/logo\/image\/\"}}]}<\/script>\n<!-- \/ Yoast SEO plugin. -->","yoast_head_json":{"title":"El d\u00eda de Ir y Venir - AKIARA books","robots":{"index":"index","follow":"follow","max-snippet":"max-snippet:-1","max-image-preview":"max-image-preview:large","max-video-preview":"max-video-preview:-1"},"canonical":"https:\/\/akiarabooks.com\/es\/libro\/el-dia-de-ir-y-venir\/","og_locale":"es_ES","og_type":"article","og_title":"El d\u00eda de Ir y Venir - AKIARA books","og_description":"Era el d\u00eda de Ir y Venir. Todo el mundo iba o ven\u00eda de alg\u00fan lugar. Durante miles de a\u00f1os los seres humanos&hellip;","og_url":"https:\/\/akiarabooks.com\/es\/libro\/el-dia-de-ir-y-venir\/","og_site_name":"AKIARA books","article_modified_time":"2022-08-04T21:18:02+00:00","og_image":[{"width":1500,"height":1300,"url":"https:\/\/akiarabooks.com\/wp-content\/uploads\/2018\/07\/El_dia_de_Ir_y_Venir_cubierta_ES.jpg","type":"image\/jpeg"}],"twitter_card":"summary_large_image","twitter_misc":{"Est. reading time":"1 minute"},"schema":{"@context":"https:\/\/schema.org","@graph":[{"@type":"WebPage","@id":"https:\/\/akiarabooks.com\/es\/libro\/el-dia-de-ir-y-venir\/","url":"https:\/\/akiarabooks.com\/es\/libro\/el-dia-de-ir-y-venir\/","name":"El d\u00eda de Ir y Venir - AKIARA books","isPartOf":{"@id":"https:\/\/akiarabooks.com\/es\/#website"},"primaryImageOfPage":{"@id":"https:\/\/akiarabooks.com\/es\/libro\/el-dia-de-ir-y-venir\/#primaryimage"},"image":{"@id":"https:\/\/akiarabooks.com\/es\/libro\/el-dia-de-ir-y-venir\/#primaryimage"},"thumbnailUrl":"https:\/\/akiarabooks.com\/wp-content\/uploads\/2018\/07\/El_dia_de_Ir_y_Venir_cubierta_ES.jpg","datePublished":"2018-07-24T22:14:44+00:00","dateModified":"2022-08-04T21:18:02+00:00","breadcrumb":{"@id":"https:\/\/akiarabooks.com\/es\/libro\/el-dia-de-ir-y-venir\/#breadcrumb"},"inLanguage":"es-ES","potentialAction":[{"@type":"ReadAction","target":["https:\/\/akiarabooks.com\/es\/libro\/el-dia-de-ir-y-venir\/"]}]},{"@type":"ImageObject","inLanguage":"es-ES","@id":"https:\/\/akiarabooks.com\/es\/libro\/el-dia-de-ir-y-venir\/#primaryimage","url":"https:\/\/akiarabooks.com\/wp-content\/uploads\/2018\/07\/El_dia_de_Ir_y_Venir_cubierta_ES.jpg","contentUrl":"https:\/\/akiarabooks.com\/wp-content\/uploads\/2018\/07\/El_dia_de_Ir_y_Venir_cubierta_ES.jpg","width":1500,"height":1300},{"@type":"BreadcrumbList","@id":"https:\/\/akiarabooks.com\/es\/libro\/el-dia-de-ir-y-venir\/#breadcrumb","itemListElement":[{"@type":"ListItem","position":1,"name":"Inici","item":"https:\/\/akiarabooks.com\/es\/"},{"@type":"ListItem","position":2,"name":"Libros","item":"https:\/\/akiarabooks.com\/es\/libros\/"},{"@type":"ListItem","position":3,"name":"El d\u00eda de Ir y Venir"}]},{"@type":"WebSite","@id":"https:\/\/akiarabooks.com\/es\/#website","url":"https:\/\/akiarabooks.com\/es\/","name":"AKIARA books","description":"Llibres inspiradors per a petits i grans","publisher":{"@id":"https:\/\/akiarabooks.com\/es\/#organization"},"potentialAction":[{"@type":"SearchAction","target":{"@type":"EntryPoint","urlTemplate":"https:\/\/akiarabooks.com\/es\/?s={search_term_string}"},"query-input":{"@type":"PropertyValueSpecification","valueRequired":true,"valueName":"search_term_string"}}],"inLanguage":"es-ES"},{"@type":"Organization","@id":"https:\/\/akiarabooks.com\/es\/#organization","name":"AKIARA books","url":"https:\/\/akiarabooks.com\/es\/","logo":{"@type":"ImageObject","inLanguage":"es-ES","@id":"https:\/\/akiarabooks.com\/es\/#\/schema\/logo\/image\/","url":"https:\/\/akiarabooks.com\/wp-content\/uploads\/2018\/02\/cropped-akiara-black.png","contentUrl":"https:\/\/akiarabooks.com\/wp-content\/uploads\/2018\/02\/cropped-akiara-black.png","width":520,"height":236,"caption":"AKIARA books"},"image":{"@id":"https:\/\/akiarabooks.com\/es\/#\/schema\/logo\/image\/"}}]}},"_links":{"self":[{"href":"https:\/\/akiarabooks.com\/es\/wp-json\/wp\/v2\/product\/4832","targetHints":{"allow":["GET"]}}],"collection":[{"href":"https:\/\/akiarabooks.com\/es\/wp-json\/wp\/v2\/product"}],"about":[{"href":"https:\/\/akiarabooks.com\/es\/wp-json\/wp\/v2\/types\/product"}],"replies":[{"embeddable":true,"href":"https:\/\/akiarabooks.com\/es\/wp-json\/wp\/v2\/comments?post=4832"}],"wp:featuredmedia":[{"embeddable":true,"href":"https:\/\/akiarabooks.com\/es\/wp-json\/wp\/v2\/media\/10986"}],"wp:attachment":[{"href":"https:\/\/akiarabooks.com\/es\/wp-json\/wp\/v2\/media?parent=4832"}],"wp:term":[{"taxonomy":"product_brand","embeddable":true,"href":"https:\/\/akiarabooks.com\/es\/wp-json\/wp\/v2\/product_brand?post=4832"},{"taxonomy":"product_cat","embeddable":true,"href":"https:\/\/akiarabooks.com\/es\/wp-json\/wp\/v2\/product_cat?post=4832"},{"taxonomy":"product_tag","embeddable":true,"href":"https:\/\/akiarabooks.com\/es\/wp-json\/wp\/v2\/product_tag?post=4832"}],"curies":[{"name":"wp","href":"https:\/\/api.w.org\/{rel}","templated":true}]}}