{"id":4891,"date":"2018-07-24T23:05:04","date_gmt":"2018-07-24T21:05:04","guid":{"rendered":"https:\/\/akiarabooks.com\/llibre\/llibre-del-gentil-i-dels-tres-savis\/"},"modified":"2018-12-08T14:21:04","modified_gmt":"2018-12-08T12:21:04","slug":"libro-del-gentil-y-de-los-tres-sabios","status":"publish","type":"product","link":"https:\/\/akiarabooks.com\/es\/libro\/libro-del-gentil-y-de-los-tres-sabios\/","title":{"rendered":"Libro del gentil y de los tres sabios"},"content":{"rendered":"<p>\u00c9rase una vez un gentil, es decir, un hombre que no practicaba ninguna religi\u00f3n. Era muy sabio, pero no ten\u00eda ning\u00fan conocimiento de Dios ni cre\u00eda que hubiese nada despu\u00e9s de la muerte. Buscando remedio a su tristeza, lleg\u00f3 a un bosque lleno de fuentes y de bellos \u00e1rboles frutales.<\/p>\n<p>Mientras tanto, tres sabios se encontraron a la salida de una ciudad. Uno era jud\u00edo, el otro cristiano y el tercero musulm\u00e1n. Al verse, se saludaron, se acogieron y se acompa\u00f1aron. Cada uno hablaba a los otros dos de su creencia y sus pensamientos, y hablando, hablando, llegaron al bosque por donde andaba el gentil&#8230;<\/p>\n<p>Con el\u00a0<em>Libro del gentil y de los tres sabios<\/em>, Ramon Llull (1232-1316) nos ofrece una sorprendente par\u00e1bola interreligiosa con un desenlace desconcertante.<\/p>\n","protected":false},"excerpt":{"rendered":"<p>\u00c9rase una vez un gentil, es decir, un hombre que no practicaba ninguna religi\u00f3n. Era muy sabio, pero no ten\u00eda ning\u00fan conocimiento de&hellip;<\/p>\n","protected":false},"featured_media":4901,"comment_status":"closed","ping_status":"closed","template":"","meta":{"_acf_changed":false},"product_brand":[],"product_cat":[459],"product_tag":[484,471,473,485,486,487,488,465,489,490],"class_list":{"0":"post-4891","1":"product","2":"type-product","3":"status-publish","4":"has-post-thumbnail","6":"product_cat-pequeno-fragmenta-es","7":"product_tag-africa-fanlo-es","8":"product_tag-akiara-es","9":"product_tag-books-es","10":"product_tag-fragmenta-es","11":"product_tag-gentil-es","12":"product_tag-ignasi-moreta-es","13":"product_tag-llibre-del-gentil-i-dels-tres-savis-es","14":"product_tag-petit-fragmenta-es","15":"product_tag-ramon-llull-es","16":"product_tag-savis-es","18":"first","19":"instock","20":"taxable","21":"shipping-taxable","22":"purchasable","23":"product-type-simple"},"acf":[],"yoast_head":"<!-- This site is optimized with the Yoast SEO plugin v27.1.1 - https:\/\/yoast.com\/product\/yoast-seo-wordpress\/ -->\n<title>Libro del gentil y de los tres sabios - AKIARA books<\/title>\n<meta name=\"robots\" content=\"index, follow, max-snippet:-1, max-image-preview:large, max-video-preview:-1\" \/>\n<link rel=\"canonical\" href=\"https:\/\/akiarabooks.com\/es\/libro\/libro-del-gentil-y-de-los-tres-sabios\/\" \/>\n<meta property=\"og:locale\" content=\"es_ES\" \/>\n<meta property=\"og:type\" content=\"article\" \/>\n<meta property=\"og:title\" content=\"Libro del gentil y de los tres sabios - AKIARA books\" \/>\n<meta property=\"og:description\" content=\"\u00c9rase una vez un gentil, es decir, un hombre que no practicaba ninguna religi\u00f3n. Era muy sabio, pero no ten\u00eda ning\u00fan conocimiento de&hellip;\" \/>\n<meta property=\"og:url\" content=\"https:\/\/akiarabooks.com\/es\/libro\/libro-del-gentil-y-de-los-tres-sabios\/\" \/>\n<meta property=\"og:site_name\" content=\"AKIARA books\" \/>\n<meta property=\"article:modified_time\" content=\"2018-12-08T12:21:04+00:00\" \/>\n<meta property=\"og:image\" content=\"https:\/\/akiarabooks.com\/wp-content\/uploads\/2018\/07\/GENTIL-coberta-CAST-1154x1000.jpg\" \/>\n\t<meta property=\"og:image:width\" content=\"1154\" \/>\n\t<meta property=\"og:image:height\" content=\"1000\" \/>\n\t<meta property=\"og:image:type\" content=\"image\/jpeg\" \/>\n<meta name=\"twitter:card\" content=\"summary_large_image\" \/>\n<meta name=\"twitter:label1\" content=\"Est. reading time\" \/>\n\t<meta name=\"twitter:data1\" content=\"1 minute\" \/>\n<script type=\"application\/ld+json\" class=\"yoast-schema-graph\">{\"@context\":\"https:\/\/schema.org\",\"@graph\":[{\"@type\":\"WebPage\",\"@id\":\"https:\/\/akiarabooks.com\/es\/libro\/libro-del-gentil-y-de-los-tres-sabios\/\",\"url\":\"https:\/\/akiarabooks.com\/es\/libro\/libro-del-gentil-y-de-los-tres-sabios\/\",\"name\":\"Libro del gentil y de los tres sabios - AKIARA books\",\"isPartOf\":{\"@id\":\"https:\/\/akiarabooks.com\/es\/#website\"},\"primaryImageOfPage\":{\"@id\":\"https:\/\/akiarabooks.com\/es\/libro\/libro-del-gentil-y-de-los-tres-sabios\/#primaryimage\"},\"image\":{\"@id\":\"https:\/\/akiarabooks.com\/es\/libro\/libro-del-gentil-y-de-los-tres-sabios\/#primaryimage\"},\"thumbnailUrl\":\"https:\/\/akiarabooks.com\/wp-content\/uploads\/2018\/07\/GENTIL-coberta-CAST.jpg\",\"datePublished\":\"2018-07-24T21:05:04+00:00\",\"dateModified\":\"2018-12-08T12:21:04+00:00\",\"breadcrumb\":{\"@id\":\"https:\/\/akiarabooks.com\/es\/libro\/libro-del-gentil-y-de-los-tres-sabios\/#breadcrumb\"},\"inLanguage\":\"es-ES\",\"potentialAction\":[{\"@type\":\"ReadAction\",\"target\":[\"https:\/\/akiarabooks.com\/es\/libro\/libro-del-gentil-y-de-los-tres-sabios\/\"]}]},{\"@type\":\"ImageObject\",\"inLanguage\":\"es-ES\",\"@id\":\"https:\/\/akiarabooks.com\/es\/libro\/libro-del-gentil-y-de-los-tres-sabios\/#primaryimage\",\"url\":\"https:\/\/akiarabooks.com\/wp-content\/uploads\/2018\/07\/GENTIL-coberta-CAST.jpg\",\"contentUrl\":\"https:\/\/akiarabooks.com\/wp-content\/uploads\/2018\/07\/GENTIL-coberta-CAST.jpg\",\"width\":3367,\"height\":2918},{\"@type\":\"BreadcrumbList\",\"@id\":\"https:\/\/akiarabooks.com\/es\/libro\/libro-del-gentil-y-de-los-tres-sabios\/#breadcrumb\",\"itemListElement\":[{\"@type\":\"ListItem\",\"position\":1,\"name\":\"Inici\",\"item\":\"https:\/\/akiarabooks.com\/es\/\"},{\"@type\":\"ListItem\",\"position\":2,\"name\":\"Libros\",\"item\":\"https:\/\/akiarabooks.com\/es\/libros\/\"},{\"@type\":\"ListItem\",\"position\":3,\"name\":\"Libro del gentil y de los tres sabios\"}]},{\"@type\":\"WebSite\",\"@id\":\"https:\/\/akiarabooks.com\/es\/#website\",\"url\":\"https:\/\/akiarabooks.com\/es\/\",\"name\":\"AKIARA books\",\"description\":\"Llibres inspiradors per a petits i grans\",\"publisher\":{\"@id\":\"https:\/\/akiarabooks.com\/es\/#organization\"},\"potentialAction\":[{\"@type\":\"SearchAction\",\"target\":{\"@type\":\"EntryPoint\",\"urlTemplate\":\"https:\/\/akiarabooks.com\/es\/?s={search_term_string}\"},\"query-input\":{\"@type\":\"PropertyValueSpecification\",\"valueRequired\":true,\"valueName\":\"search_term_string\"}}],\"inLanguage\":\"es-ES\"},{\"@type\":\"Organization\",\"@id\":\"https:\/\/akiarabooks.com\/es\/#organization\",\"name\":\"AKIARA books\",\"url\":\"https:\/\/akiarabooks.com\/es\/\",\"logo\":{\"@type\":\"ImageObject\",\"inLanguage\":\"es-ES\",\"@id\":\"https:\/\/akiarabooks.com\/es\/#\/schema\/logo\/image\/\",\"url\":\"https:\/\/akiarabooks.com\/wp-content\/uploads\/2018\/02\/cropped-akiara-black.png\",\"contentUrl\":\"https:\/\/akiarabooks.com\/wp-content\/uploads\/2018\/02\/cropped-akiara-black.png\",\"width\":520,\"height\":236,\"caption\":\"AKIARA books\"},\"image\":{\"@id\":\"https:\/\/akiarabooks.com\/es\/#\/schema\/logo\/image\/\"}}]}<\/script>\n<!-- \/ Yoast SEO plugin. -->","yoast_head_json":{"title":"Libro del gentil y de los tres sabios - AKIARA books","robots":{"index":"index","follow":"follow","max-snippet":"max-snippet:-1","max-image-preview":"max-image-preview:large","max-video-preview":"max-video-preview:-1"},"canonical":"https:\/\/akiarabooks.com\/es\/libro\/libro-del-gentil-y-de-los-tres-sabios\/","og_locale":"es_ES","og_type":"article","og_title":"Libro del gentil y de los tres sabios - AKIARA books","og_description":"\u00c9rase una vez un gentil, es decir, un hombre que no practicaba ninguna religi\u00f3n. Era muy sabio, pero no ten\u00eda ning\u00fan conocimiento de&hellip;","og_url":"https:\/\/akiarabooks.com\/es\/libro\/libro-del-gentil-y-de-los-tres-sabios\/","og_site_name":"AKIARA books","article_modified_time":"2018-12-08T12:21:04+00:00","og_image":[{"width":1154,"height":1000,"url":"https:\/\/akiarabooks.com\/wp-content\/uploads\/2018\/07\/GENTIL-coberta-CAST-1154x1000.jpg","type":"image\/jpeg"}],"twitter_card":"summary_large_image","twitter_misc":{"Est. reading time":"1 minute"},"schema":{"@context":"https:\/\/schema.org","@graph":[{"@type":"WebPage","@id":"https:\/\/akiarabooks.com\/es\/libro\/libro-del-gentil-y-de-los-tres-sabios\/","url":"https:\/\/akiarabooks.com\/es\/libro\/libro-del-gentil-y-de-los-tres-sabios\/","name":"Libro del gentil y de los tres sabios - AKIARA books","isPartOf":{"@id":"https:\/\/akiarabooks.com\/es\/#website"},"primaryImageOfPage":{"@id":"https:\/\/akiarabooks.com\/es\/libro\/libro-del-gentil-y-de-los-tres-sabios\/#primaryimage"},"image":{"@id":"https:\/\/akiarabooks.com\/es\/libro\/libro-del-gentil-y-de-los-tres-sabios\/#primaryimage"},"thumbnailUrl":"https:\/\/akiarabooks.com\/wp-content\/uploads\/2018\/07\/GENTIL-coberta-CAST.jpg","datePublished":"2018-07-24T21:05:04+00:00","dateModified":"2018-12-08T12:21:04+00:00","breadcrumb":{"@id":"https:\/\/akiarabooks.com\/es\/libro\/libro-del-gentil-y-de-los-tres-sabios\/#breadcrumb"},"inLanguage":"es-ES","potentialAction":[{"@type":"ReadAction","target":["https:\/\/akiarabooks.com\/es\/libro\/libro-del-gentil-y-de-los-tres-sabios\/"]}]},{"@type":"ImageObject","inLanguage":"es-ES","@id":"https:\/\/akiarabooks.com\/es\/libro\/libro-del-gentil-y-de-los-tres-sabios\/#primaryimage","url":"https:\/\/akiarabooks.com\/wp-content\/uploads\/2018\/07\/GENTIL-coberta-CAST.jpg","contentUrl":"https:\/\/akiarabooks.com\/wp-content\/uploads\/2018\/07\/GENTIL-coberta-CAST.jpg","width":3367,"height":2918},{"@type":"BreadcrumbList","@id":"https:\/\/akiarabooks.com\/es\/libro\/libro-del-gentil-y-de-los-tres-sabios\/#breadcrumb","itemListElement":[{"@type":"ListItem","position":1,"name":"Inici","item":"https:\/\/akiarabooks.com\/es\/"},{"@type":"ListItem","position":2,"name":"Libros","item":"https:\/\/akiarabooks.com\/es\/libros\/"},{"@type":"ListItem","position":3,"name":"Libro del gentil y de los tres sabios"}]},{"@type":"WebSite","@id":"https:\/\/akiarabooks.com\/es\/#website","url":"https:\/\/akiarabooks.com\/es\/","name":"AKIARA books","description":"Llibres inspiradors per a petits i grans","publisher":{"@id":"https:\/\/akiarabooks.com\/es\/#organization"},"potentialAction":[{"@type":"SearchAction","target":{"@type":"EntryPoint","urlTemplate":"https:\/\/akiarabooks.com\/es\/?s={search_term_string}"},"query-input":{"@type":"PropertyValueSpecification","valueRequired":true,"valueName":"search_term_string"}}],"inLanguage":"es-ES"},{"@type":"Organization","@id":"https:\/\/akiarabooks.com\/es\/#organization","name":"AKIARA books","url":"https:\/\/akiarabooks.com\/es\/","logo":{"@type":"ImageObject","inLanguage":"es-ES","@id":"https:\/\/akiarabooks.com\/es\/#\/schema\/logo\/image\/","url":"https:\/\/akiarabooks.com\/wp-content\/uploads\/2018\/02\/cropped-akiara-black.png","contentUrl":"https:\/\/akiarabooks.com\/wp-content\/uploads\/2018\/02\/cropped-akiara-black.png","width":520,"height":236,"caption":"AKIARA books"},"image":{"@id":"https:\/\/akiarabooks.com\/es\/#\/schema\/logo\/image\/"}}]}},"_links":{"self":[{"href":"https:\/\/akiarabooks.com\/es\/wp-json\/wp\/v2\/product\/4891","targetHints":{"allow":["GET"]}}],"collection":[{"href":"https:\/\/akiarabooks.com\/es\/wp-json\/wp\/v2\/product"}],"about":[{"href":"https:\/\/akiarabooks.com\/es\/wp-json\/wp\/v2\/types\/product"}],"replies":[{"embeddable":true,"href":"https:\/\/akiarabooks.com\/es\/wp-json\/wp\/v2\/comments?post=4891"}],"wp:featuredmedia":[{"embeddable":true,"href":"https:\/\/akiarabooks.com\/es\/wp-json\/wp\/v2\/media\/4901"}],"wp:attachment":[{"href":"https:\/\/akiarabooks.com\/es\/wp-json\/wp\/v2\/media?parent=4891"}],"wp:term":[{"taxonomy":"product_brand","embeddable":true,"href":"https:\/\/akiarabooks.com\/es\/wp-json\/wp\/v2\/product_brand?post=4891"},{"taxonomy":"product_cat","embeddable":true,"href":"https:\/\/akiarabooks.com\/es\/wp-json\/wp\/v2\/product_cat?post=4891"},{"taxonomy":"product_tag","embeddable":true,"href":"https:\/\/akiarabooks.com\/es\/wp-json\/wp\/v2\/product_tag?post=4891"}],"curies":[{"name":"wp","href":"https:\/\/api.w.org\/{rel}","templated":true}]}}