{"id":4905,"date":"2018-07-24T21:55:49","date_gmt":"2018-07-24T19:55:49","guid":{"rendered":"https:\/\/akiarabooks.com\/llibre\/on-es-la-lluna\/"},"modified":"2022-03-02T11:46:26","modified_gmt":"2022-03-02T09:46:26","slug":"donde-esta-la-luna","status":"publish","type":"product","link":"https:\/\/akiarabooks.com\/es\/libro\/donde-esta-la-luna\/","title":{"rendered":"\u00bfD\u00f3nde est\u00e1 la luna?"},"content":{"rendered":"<p>Una noche, Pablo vio que la luna brillaba grande y redonda en el cielo.<br \/>\nAl d\u00eda siguiente, se dio cuenta de que era un poco m\u00e1s peque\u00f1a, y m\u00e1s peque\u00f1a a\u00fan cada d\u00eda\u2026 hasta que desapareci\u00f3 por completo. \u00a1Qu\u00e9 misterio! Pablo, con la ayuda de sus amigos, querr\u00e1 saber qu\u00e9 le ha pasado a la luna.<\/p>\n<p>Este libro nos invita a imaginar cuentos en familia para despertar la creatividad y reinventar el mundo.<\/p>\n","protected":false},"excerpt":{"rendered":"<p>Una noche, Pablo vio que la luna brillaba grande y redonda en el cielo. Al d\u00eda siguiente, se dio cuenta de que era&hellip;<\/p>\n","protected":false},"featured_media":10297,"comment_status":"closed","ping_status":"closed","template":"","meta":{"_acf_changed":false},"product_brand":[],"product_cat":[468],"product_tag":[471,491,473,492,493,494,481,495,496,465],"class_list":{"0":"post-4905","1":"product","2":"type-product","3":"status-publish","4":"has-post-thumbnail","6":"product_cat-coleccion-de-libros-akiara-books","7":"product_tag-akiara-es","8":"product_tag-albert-arrayas-es","9":"product_tag-books-es","10":"product_tag-conte-es","11":"product_tag-creativitat-es","12":"product_tag-jordi-amenos-es","13":"product_tag-lij-es","14":"product_tag-lluna-es","15":"product_tag-on-es-la-lluna-es","16":"product_tag-petit-fragmenta-es","18":"first","19":"instock","20":"taxable","21":"shipping-taxable","22":"purchasable","23":"product-type-simple"},"acf":[],"yoast_head":"<!-- This site is optimized with the Yoast SEO plugin v27.1.1 - https:\/\/yoast.com\/product\/yoast-seo-wordpress\/ -->\n<title>\u00bfD\u00f3nde est\u00e1 la luna? - AKIARA books<\/title>\n<meta name=\"robots\" content=\"index, follow, max-snippet:-1, max-image-preview:large, max-video-preview:-1\" \/>\n<link rel=\"canonical\" href=\"https:\/\/akiarabooks.com\/es\/libro\/donde-esta-la-luna\/\" \/>\n<meta property=\"og:locale\" content=\"es_ES\" \/>\n<meta property=\"og:type\" content=\"article\" \/>\n<meta property=\"og:title\" content=\"\u00bfD\u00f3nde est\u00e1 la luna? - AKIARA books\" \/>\n<meta property=\"og:description\" content=\"Una noche, Pablo vio que la luna brillaba grande y redonda en el cielo. Al d\u00eda siguiente, se dio cuenta de que era&hellip;\" \/>\n<meta property=\"og:url\" content=\"https:\/\/akiarabooks.com\/es\/libro\/donde-esta-la-luna\/\" \/>\n<meta property=\"og:site_name\" content=\"AKIARA books\" \/>\n<meta property=\"article:modified_time\" content=\"2022-03-02T09:46:26+00:00\" \/>\n<meta property=\"og:image\" content=\"https:\/\/akiarabooks.com\/wp-content\/uploads\/2018\/07\/DONDE_ESTA_LA_LUNA_4a_edicion_ES-1-scaled.jpg\" \/>\n\t<meta property=\"og:image:width\" content=\"2560\" \/>\n\t<meta property=\"og:image:height\" content=\"2219\" \/>\n\t<meta property=\"og:image:type\" content=\"image\/jpeg\" \/>\n<meta name=\"twitter:card\" content=\"summary_large_image\" \/>\n<script type=\"application\/ld+json\" class=\"yoast-schema-graph\">{\"@context\":\"https:\/\/schema.org\",\"@graph\":[{\"@type\":\"WebPage\",\"@id\":\"https:\/\/akiarabooks.com\/es\/libro\/donde-esta-la-luna\/\",\"url\":\"https:\/\/akiarabooks.com\/es\/libro\/donde-esta-la-luna\/\",\"name\":\"\u00bfD\u00f3nde est\u00e1 la luna? - AKIARA books\",\"isPartOf\":{\"@id\":\"https:\/\/akiarabooks.com\/es\/#website\"},\"primaryImageOfPage\":{\"@id\":\"https:\/\/akiarabooks.com\/es\/libro\/donde-esta-la-luna\/#primaryimage\"},\"image\":{\"@id\":\"https:\/\/akiarabooks.com\/es\/libro\/donde-esta-la-luna\/#primaryimage\"},\"thumbnailUrl\":\"https:\/\/akiarabooks.com\/wp-content\/uploads\/2018\/07\/DONDE_ESTA_LA_LUNA_4a_edicion_ES-1-scaled.jpg\",\"datePublished\":\"2018-07-24T19:55:49+00:00\",\"dateModified\":\"2022-03-02T09:46:26+00:00\",\"breadcrumb\":{\"@id\":\"https:\/\/akiarabooks.com\/es\/libro\/donde-esta-la-luna\/#breadcrumb\"},\"inLanguage\":\"es-ES\",\"potentialAction\":[{\"@type\":\"ReadAction\",\"target\":[\"https:\/\/akiarabooks.com\/es\/libro\/donde-esta-la-luna\/\"]}]},{\"@type\":\"ImageObject\",\"inLanguage\":\"es-ES\",\"@id\":\"https:\/\/akiarabooks.com\/es\/libro\/donde-esta-la-luna\/#primaryimage\",\"url\":\"https:\/\/akiarabooks.com\/wp-content\/uploads\/2018\/07\/DONDE_ESTA_LA_LUNA_4a_edicion_ES-1-scaled.jpg\",\"contentUrl\":\"https:\/\/akiarabooks.com\/wp-content\/uploads\/2018\/07\/DONDE_ESTA_LA_LUNA_4a_edicion_ES-1-scaled.jpg\",\"width\":2560,\"height\":2219},{\"@type\":\"BreadcrumbList\",\"@id\":\"https:\/\/akiarabooks.com\/es\/libro\/donde-esta-la-luna\/#breadcrumb\",\"itemListElement\":[{\"@type\":\"ListItem\",\"position\":1,\"name\":\"Inici\",\"item\":\"https:\/\/akiarabooks.com\/es\/\"},{\"@type\":\"ListItem\",\"position\":2,\"name\":\"Libros\",\"item\":\"https:\/\/akiarabooks.com\/es\/libros\/\"},{\"@type\":\"ListItem\",\"position\":3,\"name\":\"\u00bfD\u00f3nde est\u00e1 la luna?\"}]},{\"@type\":\"WebSite\",\"@id\":\"https:\/\/akiarabooks.com\/es\/#website\",\"url\":\"https:\/\/akiarabooks.com\/es\/\",\"name\":\"AKIARA books\",\"description\":\"Llibres inspiradors per a petits i grans\",\"publisher\":{\"@id\":\"https:\/\/akiarabooks.com\/es\/#organization\"},\"potentialAction\":[{\"@type\":\"SearchAction\",\"target\":{\"@type\":\"EntryPoint\",\"urlTemplate\":\"https:\/\/akiarabooks.com\/es\/?s={search_term_string}\"},\"query-input\":{\"@type\":\"PropertyValueSpecification\",\"valueRequired\":true,\"valueName\":\"search_term_string\"}}],\"inLanguage\":\"es-ES\"},{\"@type\":\"Organization\",\"@id\":\"https:\/\/akiarabooks.com\/es\/#organization\",\"name\":\"AKIARA books\",\"url\":\"https:\/\/akiarabooks.com\/es\/\",\"logo\":{\"@type\":\"ImageObject\",\"inLanguage\":\"es-ES\",\"@id\":\"https:\/\/akiarabooks.com\/es\/#\/schema\/logo\/image\/\",\"url\":\"https:\/\/akiarabooks.com\/wp-content\/uploads\/2018\/02\/cropped-akiara-black.png\",\"contentUrl\":\"https:\/\/akiarabooks.com\/wp-content\/uploads\/2018\/02\/cropped-akiara-black.png\",\"width\":520,\"height\":236,\"caption\":\"AKIARA books\"},\"image\":{\"@id\":\"https:\/\/akiarabooks.com\/es\/#\/schema\/logo\/image\/\"}}]}<\/script>\n<!-- \/ Yoast SEO plugin. -->","yoast_head_json":{"title":"\u00bfD\u00f3nde est\u00e1 la luna? - AKIARA books","robots":{"index":"index","follow":"follow","max-snippet":"max-snippet:-1","max-image-preview":"max-image-preview:large","max-video-preview":"max-video-preview:-1"},"canonical":"https:\/\/akiarabooks.com\/es\/libro\/donde-esta-la-luna\/","og_locale":"es_ES","og_type":"article","og_title":"\u00bfD\u00f3nde est\u00e1 la luna? - AKIARA books","og_description":"Una noche, Pablo vio que la luna brillaba grande y redonda en el cielo. Al d\u00eda siguiente, se dio cuenta de que era&hellip;","og_url":"https:\/\/akiarabooks.com\/es\/libro\/donde-esta-la-luna\/","og_site_name":"AKIARA books","article_modified_time":"2022-03-02T09:46:26+00:00","og_image":[{"width":2560,"height":2219,"url":"https:\/\/akiarabooks.com\/wp-content\/uploads\/2018\/07\/DONDE_ESTA_LA_LUNA_4a_edicion_ES-1-scaled.jpg","type":"image\/jpeg"}],"twitter_card":"summary_large_image","schema":{"@context":"https:\/\/schema.org","@graph":[{"@type":"WebPage","@id":"https:\/\/akiarabooks.com\/es\/libro\/donde-esta-la-luna\/","url":"https:\/\/akiarabooks.com\/es\/libro\/donde-esta-la-luna\/","name":"\u00bfD\u00f3nde est\u00e1 la luna? - AKIARA books","isPartOf":{"@id":"https:\/\/akiarabooks.com\/es\/#website"},"primaryImageOfPage":{"@id":"https:\/\/akiarabooks.com\/es\/libro\/donde-esta-la-luna\/#primaryimage"},"image":{"@id":"https:\/\/akiarabooks.com\/es\/libro\/donde-esta-la-luna\/#primaryimage"},"thumbnailUrl":"https:\/\/akiarabooks.com\/wp-content\/uploads\/2018\/07\/DONDE_ESTA_LA_LUNA_4a_edicion_ES-1-scaled.jpg","datePublished":"2018-07-24T19:55:49+00:00","dateModified":"2022-03-02T09:46:26+00:00","breadcrumb":{"@id":"https:\/\/akiarabooks.com\/es\/libro\/donde-esta-la-luna\/#breadcrumb"},"inLanguage":"es-ES","potentialAction":[{"@type":"ReadAction","target":["https:\/\/akiarabooks.com\/es\/libro\/donde-esta-la-luna\/"]}]},{"@type":"ImageObject","inLanguage":"es-ES","@id":"https:\/\/akiarabooks.com\/es\/libro\/donde-esta-la-luna\/#primaryimage","url":"https:\/\/akiarabooks.com\/wp-content\/uploads\/2018\/07\/DONDE_ESTA_LA_LUNA_4a_edicion_ES-1-scaled.jpg","contentUrl":"https:\/\/akiarabooks.com\/wp-content\/uploads\/2018\/07\/DONDE_ESTA_LA_LUNA_4a_edicion_ES-1-scaled.jpg","width":2560,"height":2219},{"@type":"BreadcrumbList","@id":"https:\/\/akiarabooks.com\/es\/libro\/donde-esta-la-luna\/#breadcrumb","itemListElement":[{"@type":"ListItem","position":1,"name":"Inici","item":"https:\/\/akiarabooks.com\/es\/"},{"@type":"ListItem","position":2,"name":"Libros","item":"https:\/\/akiarabooks.com\/es\/libros\/"},{"@type":"ListItem","position":3,"name":"\u00bfD\u00f3nde est\u00e1 la luna?"}]},{"@type":"WebSite","@id":"https:\/\/akiarabooks.com\/es\/#website","url":"https:\/\/akiarabooks.com\/es\/","name":"AKIARA books","description":"Llibres inspiradors per a petits i grans","publisher":{"@id":"https:\/\/akiarabooks.com\/es\/#organization"},"potentialAction":[{"@type":"SearchAction","target":{"@type":"EntryPoint","urlTemplate":"https:\/\/akiarabooks.com\/es\/?s={search_term_string}"},"query-input":{"@type":"PropertyValueSpecification","valueRequired":true,"valueName":"search_term_string"}}],"inLanguage":"es-ES"},{"@type":"Organization","@id":"https:\/\/akiarabooks.com\/es\/#organization","name":"AKIARA books","url":"https:\/\/akiarabooks.com\/es\/","logo":{"@type":"ImageObject","inLanguage":"es-ES","@id":"https:\/\/akiarabooks.com\/es\/#\/schema\/logo\/image\/","url":"https:\/\/akiarabooks.com\/wp-content\/uploads\/2018\/02\/cropped-akiara-black.png","contentUrl":"https:\/\/akiarabooks.com\/wp-content\/uploads\/2018\/02\/cropped-akiara-black.png","width":520,"height":236,"caption":"AKIARA books"},"image":{"@id":"https:\/\/akiarabooks.com\/es\/#\/schema\/logo\/image\/"}}]}},"_links":{"self":[{"href":"https:\/\/akiarabooks.com\/es\/wp-json\/wp\/v2\/product\/4905","targetHints":{"allow":["GET"]}}],"collection":[{"href":"https:\/\/akiarabooks.com\/es\/wp-json\/wp\/v2\/product"}],"about":[{"href":"https:\/\/akiarabooks.com\/es\/wp-json\/wp\/v2\/types\/product"}],"replies":[{"embeddable":true,"href":"https:\/\/akiarabooks.com\/es\/wp-json\/wp\/v2\/comments?post=4905"}],"wp:featuredmedia":[{"embeddable":true,"href":"https:\/\/akiarabooks.com\/es\/wp-json\/wp\/v2\/media\/10297"}],"wp:attachment":[{"href":"https:\/\/akiarabooks.com\/es\/wp-json\/wp\/v2\/media?parent=4905"}],"wp:term":[{"taxonomy":"product_brand","embeddable":true,"href":"https:\/\/akiarabooks.com\/es\/wp-json\/wp\/v2\/product_brand?post=4905"},{"taxonomy":"product_cat","embeddable":true,"href":"https:\/\/akiarabooks.com\/es\/wp-json\/wp\/v2\/product_cat?post=4905"},{"taxonomy":"product_tag","embeddable":true,"href":"https:\/\/akiarabooks.com\/es\/wp-json\/wp\/v2\/product_tag?post=4905"}],"curies":[{"name":"wp","href":"https:\/\/api.w.org\/{rel}","templated":true}]}}