{"id":4941,"date":"2018-07-07T23:24:17","date_gmt":"2018-07-07T21:24:17","guid":{"rendered":"https:\/\/akiarabooks.com\/llibre\/funambulus\/"},"modified":"2021-11-20T17:15:11","modified_gmt":"2021-11-20T15:15:11","slug":"funambulus","status":"publish","type":"product","link":"https:\/\/akiarabooks.com\/es\/libro\/funambulus\/","title":{"rendered":"Fun\u00e1mbulus"},"content":{"rendered":"<p>FUN\u00c1MBULUS es un cuento sobre el arte de vivir en equilibrio. Una aventura para caminar, vencer miedos, ser libre, so\u00f1ar, superar pruebas y encontrar un destinolleno de amigos. Basta con tirar de un hilo&#8230;<\/p>\n<p>Este libro\u00a0<a href=\"http:\/\/www.fragmenta.cat\/es\/fragmentos\/actualitat\/notesdepremsa\/548779\">obtuvo<\/a>\u00a0el\u00a0segundo premio a los &#8220;Libros Mejor Editados&#8221; en 2015 en la categor\u00eda infantil concedido por el Ministerio de Cultura en 2016.<\/p>\n","protected":false},"excerpt":{"rendered":"<p>FUN\u00c1MBULUS es un cuento sobre el arte de vivir en equilibrio. Una aventura para caminar, vencer miedos, ser libre, so\u00f1ar, superar pruebas y&hellip;<\/p>\n","protected":false},"featured_media":9929,"comment_status":"closed","ping_status":"closed","template":"","meta":{"_acf_changed":false},"product_brand":[],"product_cat":[459],"product_tag":[484,471,505,506,507,508,481,465],"class_list":{"0":"post-4941","1":"product","2":"type-product","3":"status-publish","4":"has-post-thumbnail","6":"product_cat-pequeno-fragmenta-es","7":"product_tag-africa-fanlo-es","8":"product_tag-akiara-es","9":"product_tag-album-illustrat-es","10":"product_tag-alex-tovar-es","11":"product_tag-funambulisme-es","12":"product_tag-funambulus-es","13":"product_tag-lij-es","14":"product_tag-petit-fragmenta-es","16":"first","17":"instock","18":"taxable","19":"shipping-taxable","20":"purchasable","21":"product-type-simple"},"acf":[],"yoast_head":"<!-- This site is optimized with the Yoast SEO plugin v27.1.1 - https:\/\/yoast.com\/product\/yoast-seo-wordpress\/ -->\n<title>Fun\u00e1mbulus - AKIARA books<\/title>\n<meta name=\"robots\" content=\"index, follow, max-snippet:-1, max-image-preview:large, max-video-preview:-1\" \/>\n<link rel=\"canonical\" href=\"https:\/\/akiarabooks.com\/es\/libro\/funambulus\/\" \/>\n<meta property=\"og:locale\" content=\"es_ES\" \/>\n<meta property=\"og:type\" content=\"article\" \/>\n<meta property=\"og:title\" content=\"Fun\u00e1mbulus - AKIARA books\" \/>\n<meta property=\"og:description\" content=\"FUN\u00c1MBULUS es un cuento sobre el arte de vivir en equilibrio. Una aventura para caminar, vencer miedos, ser libre, so\u00f1ar, superar pruebas y&hellip;\" \/>\n<meta property=\"og:url\" content=\"https:\/\/akiarabooks.com\/es\/libro\/funambulus\/\" \/>\n<meta property=\"og:site_name\" content=\"AKIARA books\" \/>\n<meta property=\"article:modified_time\" content=\"2021-11-20T15:15:11+00:00\" \/>\n<meta property=\"og:image\" content=\"https:\/\/akiarabooks.com\/wp-content\/uploads\/2018\/07\/FUNAMBULUS-cubierta-2a-edicion-1-scaled.jpg\" \/>\n\t<meta property=\"og:image:width\" content=\"2560\" \/>\n\t<meta property=\"og:image:height\" content=\"2217\" \/>\n\t<meta property=\"og:image:type\" content=\"image\/jpeg\" \/>\n<meta name=\"twitter:card\" content=\"summary_large_image\" \/>\n<meta name=\"twitter:label1\" content=\"Est. reading time\" \/>\n\t<meta name=\"twitter:data1\" content=\"1 minute\" \/>\n<script type=\"application\/ld+json\" class=\"yoast-schema-graph\">{\"@context\":\"https:\/\/schema.org\",\"@graph\":[{\"@type\":\"WebPage\",\"@id\":\"https:\/\/akiarabooks.com\/es\/libro\/funambulus\/\",\"url\":\"https:\/\/akiarabooks.com\/es\/libro\/funambulus\/\",\"name\":\"Fun\u00e1mbulus - AKIARA books\",\"isPartOf\":{\"@id\":\"https:\/\/akiarabooks.com\/es\/#website\"},\"primaryImageOfPage\":{\"@id\":\"https:\/\/akiarabooks.com\/es\/libro\/funambulus\/#primaryimage\"},\"image\":{\"@id\":\"https:\/\/akiarabooks.com\/es\/libro\/funambulus\/#primaryimage\"},\"thumbnailUrl\":\"https:\/\/akiarabooks.com\/wp-content\/uploads\/2018\/07\/FUNAMBULUS-cubierta-2a-edicion-1-scaled.jpg\",\"datePublished\":\"2018-07-07T21:24:17+00:00\",\"dateModified\":\"2021-11-20T15:15:11+00:00\",\"breadcrumb\":{\"@id\":\"https:\/\/akiarabooks.com\/es\/libro\/funambulus\/#breadcrumb\"},\"inLanguage\":\"es-ES\",\"potentialAction\":[{\"@type\":\"ReadAction\",\"target\":[\"https:\/\/akiarabooks.com\/es\/libro\/funambulus\/\"]}]},{\"@type\":\"ImageObject\",\"inLanguage\":\"es-ES\",\"@id\":\"https:\/\/akiarabooks.com\/es\/libro\/funambulus\/#primaryimage\",\"url\":\"https:\/\/akiarabooks.com\/wp-content\/uploads\/2018\/07\/FUNAMBULUS-cubierta-2a-edicion-1-scaled.jpg\",\"contentUrl\":\"https:\/\/akiarabooks.com\/wp-content\/uploads\/2018\/07\/FUNAMBULUS-cubierta-2a-edicion-1-scaled.jpg\",\"width\":2560,\"height\":2217},{\"@type\":\"BreadcrumbList\",\"@id\":\"https:\/\/akiarabooks.com\/es\/libro\/funambulus\/#breadcrumb\",\"itemListElement\":[{\"@type\":\"ListItem\",\"position\":1,\"name\":\"Inici\",\"item\":\"https:\/\/akiarabooks.com\/es\/\"},{\"@type\":\"ListItem\",\"position\":2,\"name\":\"Libros\",\"item\":\"https:\/\/akiarabooks.com\/es\/libros\/\"},{\"@type\":\"ListItem\",\"position\":3,\"name\":\"Fun\u00e1mbulus\"}]},{\"@type\":\"WebSite\",\"@id\":\"https:\/\/akiarabooks.com\/es\/#website\",\"url\":\"https:\/\/akiarabooks.com\/es\/\",\"name\":\"AKIARA books\",\"description\":\"Llibres inspiradors per a petits i grans\",\"publisher\":{\"@id\":\"https:\/\/akiarabooks.com\/es\/#organization\"},\"potentialAction\":[{\"@type\":\"SearchAction\",\"target\":{\"@type\":\"EntryPoint\",\"urlTemplate\":\"https:\/\/akiarabooks.com\/es\/?s={search_term_string}\"},\"query-input\":{\"@type\":\"PropertyValueSpecification\",\"valueRequired\":true,\"valueName\":\"search_term_string\"}}],\"inLanguage\":\"es-ES\"},{\"@type\":\"Organization\",\"@id\":\"https:\/\/akiarabooks.com\/es\/#organization\",\"name\":\"AKIARA books\",\"url\":\"https:\/\/akiarabooks.com\/es\/\",\"logo\":{\"@type\":\"ImageObject\",\"inLanguage\":\"es-ES\",\"@id\":\"https:\/\/akiarabooks.com\/es\/#\/schema\/logo\/image\/\",\"url\":\"https:\/\/akiarabooks.com\/wp-content\/uploads\/2018\/02\/cropped-akiara-black.png\",\"contentUrl\":\"https:\/\/akiarabooks.com\/wp-content\/uploads\/2018\/02\/cropped-akiara-black.png\",\"width\":520,\"height\":236,\"caption\":\"AKIARA books\"},\"image\":{\"@id\":\"https:\/\/akiarabooks.com\/es\/#\/schema\/logo\/image\/\"}}]}<\/script>\n<!-- \/ Yoast SEO plugin. -->","yoast_head_json":{"title":"Fun\u00e1mbulus - AKIARA books","robots":{"index":"index","follow":"follow","max-snippet":"max-snippet:-1","max-image-preview":"max-image-preview:large","max-video-preview":"max-video-preview:-1"},"canonical":"https:\/\/akiarabooks.com\/es\/libro\/funambulus\/","og_locale":"es_ES","og_type":"article","og_title":"Fun\u00e1mbulus - AKIARA books","og_description":"FUN\u00c1MBULUS es un cuento sobre el arte de vivir en equilibrio. Una aventura para caminar, vencer miedos, ser libre, so\u00f1ar, superar pruebas y&hellip;","og_url":"https:\/\/akiarabooks.com\/es\/libro\/funambulus\/","og_site_name":"AKIARA books","article_modified_time":"2021-11-20T15:15:11+00:00","og_image":[{"width":2560,"height":2217,"url":"https:\/\/akiarabooks.com\/wp-content\/uploads\/2018\/07\/FUNAMBULUS-cubierta-2a-edicion-1-scaled.jpg","type":"image\/jpeg"}],"twitter_card":"summary_large_image","twitter_misc":{"Est. reading time":"1 minute"},"schema":{"@context":"https:\/\/schema.org","@graph":[{"@type":"WebPage","@id":"https:\/\/akiarabooks.com\/es\/libro\/funambulus\/","url":"https:\/\/akiarabooks.com\/es\/libro\/funambulus\/","name":"Fun\u00e1mbulus - AKIARA books","isPartOf":{"@id":"https:\/\/akiarabooks.com\/es\/#website"},"primaryImageOfPage":{"@id":"https:\/\/akiarabooks.com\/es\/libro\/funambulus\/#primaryimage"},"image":{"@id":"https:\/\/akiarabooks.com\/es\/libro\/funambulus\/#primaryimage"},"thumbnailUrl":"https:\/\/akiarabooks.com\/wp-content\/uploads\/2018\/07\/FUNAMBULUS-cubierta-2a-edicion-1-scaled.jpg","datePublished":"2018-07-07T21:24:17+00:00","dateModified":"2021-11-20T15:15:11+00:00","breadcrumb":{"@id":"https:\/\/akiarabooks.com\/es\/libro\/funambulus\/#breadcrumb"},"inLanguage":"es-ES","potentialAction":[{"@type":"ReadAction","target":["https:\/\/akiarabooks.com\/es\/libro\/funambulus\/"]}]},{"@type":"ImageObject","inLanguage":"es-ES","@id":"https:\/\/akiarabooks.com\/es\/libro\/funambulus\/#primaryimage","url":"https:\/\/akiarabooks.com\/wp-content\/uploads\/2018\/07\/FUNAMBULUS-cubierta-2a-edicion-1-scaled.jpg","contentUrl":"https:\/\/akiarabooks.com\/wp-content\/uploads\/2018\/07\/FUNAMBULUS-cubierta-2a-edicion-1-scaled.jpg","width":2560,"height":2217},{"@type":"BreadcrumbList","@id":"https:\/\/akiarabooks.com\/es\/libro\/funambulus\/#breadcrumb","itemListElement":[{"@type":"ListItem","position":1,"name":"Inici","item":"https:\/\/akiarabooks.com\/es\/"},{"@type":"ListItem","position":2,"name":"Libros","item":"https:\/\/akiarabooks.com\/es\/libros\/"},{"@type":"ListItem","position":3,"name":"Fun\u00e1mbulus"}]},{"@type":"WebSite","@id":"https:\/\/akiarabooks.com\/es\/#website","url":"https:\/\/akiarabooks.com\/es\/","name":"AKIARA books","description":"Llibres inspiradors per a petits i grans","publisher":{"@id":"https:\/\/akiarabooks.com\/es\/#organization"},"potentialAction":[{"@type":"SearchAction","target":{"@type":"EntryPoint","urlTemplate":"https:\/\/akiarabooks.com\/es\/?s={search_term_string}"},"query-input":{"@type":"PropertyValueSpecification","valueRequired":true,"valueName":"search_term_string"}}],"inLanguage":"es-ES"},{"@type":"Organization","@id":"https:\/\/akiarabooks.com\/es\/#organization","name":"AKIARA books","url":"https:\/\/akiarabooks.com\/es\/","logo":{"@type":"ImageObject","inLanguage":"es-ES","@id":"https:\/\/akiarabooks.com\/es\/#\/schema\/logo\/image\/","url":"https:\/\/akiarabooks.com\/wp-content\/uploads\/2018\/02\/cropped-akiara-black.png","contentUrl":"https:\/\/akiarabooks.com\/wp-content\/uploads\/2018\/02\/cropped-akiara-black.png","width":520,"height":236,"caption":"AKIARA books"},"image":{"@id":"https:\/\/akiarabooks.com\/es\/#\/schema\/logo\/image\/"}}]}},"_links":{"self":[{"href":"https:\/\/akiarabooks.com\/es\/wp-json\/wp\/v2\/product\/4941","targetHints":{"allow":["GET"]}}],"collection":[{"href":"https:\/\/akiarabooks.com\/es\/wp-json\/wp\/v2\/product"}],"about":[{"href":"https:\/\/akiarabooks.com\/es\/wp-json\/wp\/v2\/types\/product"}],"replies":[{"embeddable":true,"href":"https:\/\/akiarabooks.com\/es\/wp-json\/wp\/v2\/comments?post=4941"}],"wp:featuredmedia":[{"embeddable":true,"href":"https:\/\/akiarabooks.com\/es\/wp-json\/wp\/v2\/media\/9929"}],"wp:attachment":[{"href":"https:\/\/akiarabooks.com\/es\/wp-json\/wp\/v2\/media?parent=4941"}],"wp:term":[{"taxonomy":"product_brand","embeddable":true,"href":"https:\/\/akiarabooks.com\/es\/wp-json\/wp\/v2\/product_brand?post=4941"},{"taxonomy":"product_cat","embeddable":true,"href":"https:\/\/akiarabooks.com\/es\/wp-json\/wp\/v2\/product_cat?post=4941"},{"taxonomy":"product_tag","embeddable":true,"href":"https:\/\/akiarabooks.com\/es\/wp-json\/wp\/v2\/product_tag?post=4941"}],"curies":[{"name":"wp","href":"https:\/\/api.w.org\/{rel}","templated":true}]}}