{"id":6169,"date":"2019-03-27T13:25:19","date_gmt":"2019-03-27T11:25:19","guid":{"rendered":"https:\/\/akiarabooks.com\/llibre\/la-platja-dels-inutils\/"},"modified":"2021-05-25T13:30:30","modified_gmt":"2021-05-25T11:30:30","slug":"la-platja-dels-inutils","status":"publish","type":"product","link":"https:\/\/akiarabooks.com\/es\/libro\/la-platja-dels-inutils\/","title":{"rendered":"La playa de los in\u00fatiles"},"content":{"rendered":"<p>\u00abMe llamo Sof\u00eda. Tengo once a\u00f1os y medio y de mayor quiero ser in\u00fatil\u00bb. As\u00ed empieza un relato inocente, profundo y conmovedor de una ni\u00f1a a la que le encanta la playa en invierno, que prefiere Mozart o Kandinsky a las mates y que no puede soportar que su padre le diga que alg\u00fan d\u00eda tendr\u00e1 que \u00abganarse la vida\u00bb.<\/p>\n<p style=\"text-align: center\"><a href=\"https:\/\/www.ijb.de\/fileadmin\/Daten\/Pdfs\/2020\/The_White_Ravens_2020.pdf\"><img loading=\"lazy\" decoding=\"async\" class=\" wp-image-8835 alignleft\" src=\"https:\/\/akiarabooks.com\/wp-content\/uploads\/2019\/03\/White-Ravens-2020_Logo_DE-1-150x150.jpg\" alt=\"\" width=\"172\" height=\"172\" srcset=\"https:\/\/akiarabooks.com\/wp-content\/uploads\/2019\/03\/White-Ravens-2020_Logo_DE-1-150x150.jpg 150w, https:\/\/akiarabooks.com\/wp-content\/uploads\/2019\/03\/White-Ravens-2020_Logo_DE-1-300x300.jpg 300w, https:\/\/akiarabooks.com\/wp-content\/uploads\/2019\/03\/White-Ravens-2020_Logo_DE-1-1000x1000.jpg 1000w, https:\/\/akiarabooks.com\/wp-content\/uploads\/2019\/03\/White-Ravens-2020_Logo_DE-1-768x768.jpg 768w, https:\/\/akiarabooks.com\/wp-content\/uploads\/2019\/03\/White-Ravens-2020_Logo_DE-1-500x500.jpg 500w, https:\/\/akiarabooks.com\/wp-content\/uploads\/2019\/03\/White-Ravens-2020_Logo_DE-1-690x690.jpg 690w, https:\/\/akiarabooks.com\/wp-content\/uploads\/2019\/03\/White-Ravens-2020_Logo_DE-1-600x600.jpg 600w, https:\/\/akiarabooks.com\/wp-content\/uploads\/2019\/03\/White-Ravens-2020_Logo_DE-1-100x100.jpg 100w, https:\/\/akiarabooks.com\/wp-content\/uploads\/2019\/03\/White-Ravens-2020_Logo_DE-1.jpg 1182w\" sizes=\"auto, (max-width: 172px) 100vw, 172px\" \/><\/a><\/p>\n<p style=\"text-align: left\"><strong>Seleccionado para el cat\u00e1logo THE WHITE RAVENS 2020<\/strong><\/p>\n","protected":false},"excerpt":{"rendered":"<p>\u00abMe llamo Sof\u00eda. Tengo once a\u00f1os y medio y de mayor quiero ser in\u00fatil\u00bb. As\u00ed empieza un relato inocente, profundo y conmovedor de&hellip;<\/p>\n","protected":false},"featured_media":8278,"comment_status":"closed","ping_status":"closed","template":"","meta":{"_acf_changed":false},"product_brand":[],"product_cat":[644],"product_tag":[471,473,481],"class_list":{"0":"post-6169","1":"product","2":"type-product","3":"status-publish","4":"has-post-thumbnail","6":"product_cat-akinarra-es","7":"product_tag-akiara-es","8":"product_tag-books-es","9":"product_tag-lij-es","11":"first","12":"instock","13":"taxable","14":"shipping-taxable","15":"purchasable","16":"product-type-simple"},"acf":[],"yoast_head":"<!-- This site is optimized with the Yoast SEO plugin v27.1.1 - https:\/\/yoast.com\/product\/yoast-seo-wordpress\/ -->\n<title>La playa de los in\u00fatiles - AKIARA books<\/title>\n<meta name=\"robots\" content=\"index, follow, max-snippet:-1, max-image-preview:large, max-video-preview:-1\" \/>\n<link rel=\"canonical\" href=\"https:\/\/akiarabooks.com\/es\/libro\/la-platja-dels-inutils\/\" \/>\n<meta property=\"og:locale\" content=\"es_ES\" \/>\n<meta property=\"og:type\" content=\"article\" \/>\n<meta property=\"og:title\" content=\"La playa de los in\u00fatiles - AKIARA books\" \/>\n<meta property=\"og:description\" content=\"\u00abMe llamo Sof\u00eda. Tengo once a\u00f1os y medio y de mayor quiero ser in\u00fatil\u00bb. As\u00ed empieza un relato inocente, profundo y conmovedor de&hellip;\" \/>\n<meta property=\"og:url\" content=\"https:\/\/akiarabooks.com\/es\/libro\/la-platja-dels-inutils\/\" \/>\n<meta property=\"og:site_name\" content=\"AKIARA books\" \/>\n<meta property=\"article:modified_time\" content=\"2021-05-25T11:30:30+00:00\" \/>\n<meta property=\"og:image\" content=\"https:\/\/akiarabooks.com\/wp-content\/uploads\/2019\/03\/AKIARA_La_playa_de_los_in\u00fatiles_CUBIERTA_CAST.jpg\" \/>\n\t<meta property=\"og:image:width\" content=\"1434\" \/>\n\t<meta property=\"og:image:height\" content=\"2362\" \/>\n\t<meta property=\"og:image:type\" content=\"image\/jpeg\" \/>\n<meta name=\"twitter:card\" content=\"summary_large_image\" \/>\n<script type=\"application\/ld+json\" class=\"yoast-schema-graph\">{\"@context\":\"https:\/\/schema.org\",\"@graph\":[{\"@type\":\"WebPage\",\"@id\":\"https:\/\/akiarabooks.com\/es\/libro\/la-platja-dels-inutils\/\",\"url\":\"https:\/\/akiarabooks.com\/es\/libro\/la-platja-dels-inutils\/\",\"name\":\"La playa de los in\u00fatiles - AKIARA books\",\"isPartOf\":{\"@id\":\"https:\/\/akiarabooks.com\/es\/#website\"},\"primaryImageOfPage\":{\"@id\":\"https:\/\/akiarabooks.com\/es\/libro\/la-platja-dels-inutils\/#primaryimage\"},\"image\":{\"@id\":\"https:\/\/akiarabooks.com\/es\/libro\/la-platja-dels-inutils\/#primaryimage\"},\"thumbnailUrl\":\"https:\/\/akiarabooks.com\/wp-content\/uploads\/2019\/03\/AKIARA_La_playa_de_los_in\u00fatiles_CUBIERTA_CAST.jpg\",\"datePublished\":\"2019-03-27T11:25:19+00:00\",\"dateModified\":\"2021-05-25T11:30:30+00:00\",\"breadcrumb\":{\"@id\":\"https:\/\/akiarabooks.com\/es\/libro\/la-platja-dels-inutils\/#breadcrumb\"},\"inLanguage\":\"es-ES\",\"potentialAction\":[{\"@type\":\"ReadAction\",\"target\":[\"https:\/\/akiarabooks.com\/es\/libro\/la-platja-dels-inutils\/\"]}]},{\"@type\":\"ImageObject\",\"inLanguage\":\"es-ES\",\"@id\":\"https:\/\/akiarabooks.com\/es\/libro\/la-platja-dels-inutils\/#primaryimage\",\"url\":\"https:\/\/akiarabooks.com\/wp-content\/uploads\/2019\/03\/AKIARA_La_playa_de_los_in\u00fatiles_CUBIERTA_CAST.jpg\",\"contentUrl\":\"https:\/\/akiarabooks.com\/wp-content\/uploads\/2019\/03\/AKIARA_La_playa_de_los_in\u00fatiles_CUBIERTA_CAST.jpg\",\"width\":1434,\"height\":2362},{\"@type\":\"BreadcrumbList\",\"@id\":\"https:\/\/akiarabooks.com\/es\/libro\/la-platja-dels-inutils\/#breadcrumb\",\"itemListElement\":[{\"@type\":\"ListItem\",\"position\":1,\"name\":\"Inici\",\"item\":\"https:\/\/akiarabooks.com\/es\/\"},{\"@type\":\"ListItem\",\"position\":2,\"name\":\"Libros\",\"item\":\"https:\/\/akiarabooks.com\/es\/libros\/\"},{\"@type\":\"ListItem\",\"position\":3,\"name\":\"La playa de los in\u00fatiles\"}]},{\"@type\":\"WebSite\",\"@id\":\"https:\/\/akiarabooks.com\/es\/#website\",\"url\":\"https:\/\/akiarabooks.com\/es\/\",\"name\":\"AKIARA books\",\"description\":\"Llibres inspiradors per a petits i grans\",\"publisher\":{\"@id\":\"https:\/\/akiarabooks.com\/es\/#organization\"},\"potentialAction\":[{\"@type\":\"SearchAction\",\"target\":{\"@type\":\"EntryPoint\",\"urlTemplate\":\"https:\/\/akiarabooks.com\/es\/?s={search_term_string}\"},\"query-input\":{\"@type\":\"PropertyValueSpecification\",\"valueRequired\":true,\"valueName\":\"search_term_string\"}}],\"inLanguage\":\"es-ES\"},{\"@type\":\"Organization\",\"@id\":\"https:\/\/akiarabooks.com\/es\/#organization\",\"name\":\"AKIARA books\",\"url\":\"https:\/\/akiarabooks.com\/es\/\",\"logo\":{\"@type\":\"ImageObject\",\"inLanguage\":\"es-ES\",\"@id\":\"https:\/\/akiarabooks.com\/es\/#\/schema\/logo\/image\/\",\"url\":\"https:\/\/akiarabooks.com\/wp-content\/uploads\/2018\/02\/cropped-akiara-black.png\",\"contentUrl\":\"https:\/\/akiarabooks.com\/wp-content\/uploads\/2018\/02\/cropped-akiara-black.png\",\"width\":520,\"height\":236,\"caption\":\"AKIARA books\"},\"image\":{\"@id\":\"https:\/\/akiarabooks.com\/es\/#\/schema\/logo\/image\/\"}}]}<\/script>\n<!-- \/ Yoast SEO plugin. -->","yoast_head_json":{"title":"La playa de los in\u00fatiles - AKIARA books","robots":{"index":"index","follow":"follow","max-snippet":"max-snippet:-1","max-image-preview":"max-image-preview:large","max-video-preview":"max-video-preview:-1"},"canonical":"https:\/\/akiarabooks.com\/es\/libro\/la-platja-dels-inutils\/","og_locale":"es_ES","og_type":"article","og_title":"La playa de los in\u00fatiles - AKIARA books","og_description":"\u00abMe llamo Sof\u00eda. Tengo once a\u00f1os y medio y de mayor quiero ser in\u00fatil\u00bb. As\u00ed empieza un relato inocente, profundo y conmovedor de&hellip;","og_url":"https:\/\/akiarabooks.com\/es\/libro\/la-platja-dels-inutils\/","og_site_name":"AKIARA books","article_modified_time":"2021-05-25T11:30:30+00:00","og_image":[{"width":1434,"height":2362,"url":"https:\/\/akiarabooks.com\/wp-content\/uploads\/2019\/03\/AKIARA_La_playa_de_los_in\u00fatiles_CUBIERTA_CAST.jpg","type":"image\/jpeg"}],"twitter_card":"summary_large_image","schema":{"@context":"https:\/\/schema.org","@graph":[{"@type":"WebPage","@id":"https:\/\/akiarabooks.com\/es\/libro\/la-platja-dels-inutils\/","url":"https:\/\/akiarabooks.com\/es\/libro\/la-platja-dels-inutils\/","name":"La playa de los in\u00fatiles - AKIARA books","isPartOf":{"@id":"https:\/\/akiarabooks.com\/es\/#website"},"primaryImageOfPage":{"@id":"https:\/\/akiarabooks.com\/es\/libro\/la-platja-dels-inutils\/#primaryimage"},"image":{"@id":"https:\/\/akiarabooks.com\/es\/libro\/la-platja-dels-inutils\/#primaryimage"},"thumbnailUrl":"https:\/\/akiarabooks.com\/wp-content\/uploads\/2019\/03\/AKIARA_La_playa_de_los_in\u00fatiles_CUBIERTA_CAST.jpg","datePublished":"2019-03-27T11:25:19+00:00","dateModified":"2021-05-25T11:30:30+00:00","breadcrumb":{"@id":"https:\/\/akiarabooks.com\/es\/libro\/la-platja-dels-inutils\/#breadcrumb"},"inLanguage":"es-ES","potentialAction":[{"@type":"ReadAction","target":["https:\/\/akiarabooks.com\/es\/libro\/la-platja-dels-inutils\/"]}]},{"@type":"ImageObject","inLanguage":"es-ES","@id":"https:\/\/akiarabooks.com\/es\/libro\/la-platja-dels-inutils\/#primaryimage","url":"https:\/\/akiarabooks.com\/wp-content\/uploads\/2019\/03\/AKIARA_La_playa_de_los_in\u00fatiles_CUBIERTA_CAST.jpg","contentUrl":"https:\/\/akiarabooks.com\/wp-content\/uploads\/2019\/03\/AKIARA_La_playa_de_los_in\u00fatiles_CUBIERTA_CAST.jpg","width":1434,"height":2362},{"@type":"BreadcrumbList","@id":"https:\/\/akiarabooks.com\/es\/libro\/la-platja-dels-inutils\/#breadcrumb","itemListElement":[{"@type":"ListItem","position":1,"name":"Inici","item":"https:\/\/akiarabooks.com\/es\/"},{"@type":"ListItem","position":2,"name":"Libros","item":"https:\/\/akiarabooks.com\/es\/libros\/"},{"@type":"ListItem","position":3,"name":"La playa de los in\u00fatiles"}]},{"@type":"WebSite","@id":"https:\/\/akiarabooks.com\/es\/#website","url":"https:\/\/akiarabooks.com\/es\/","name":"AKIARA books","description":"Llibres inspiradors per a petits i grans","publisher":{"@id":"https:\/\/akiarabooks.com\/es\/#organization"},"potentialAction":[{"@type":"SearchAction","target":{"@type":"EntryPoint","urlTemplate":"https:\/\/akiarabooks.com\/es\/?s={search_term_string}"},"query-input":{"@type":"PropertyValueSpecification","valueRequired":true,"valueName":"search_term_string"}}],"inLanguage":"es-ES"},{"@type":"Organization","@id":"https:\/\/akiarabooks.com\/es\/#organization","name":"AKIARA books","url":"https:\/\/akiarabooks.com\/es\/","logo":{"@type":"ImageObject","inLanguage":"es-ES","@id":"https:\/\/akiarabooks.com\/es\/#\/schema\/logo\/image\/","url":"https:\/\/akiarabooks.com\/wp-content\/uploads\/2018\/02\/cropped-akiara-black.png","contentUrl":"https:\/\/akiarabooks.com\/wp-content\/uploads\/2018\/02\/cropped-akiara-black.png","width":520,"height":236,"caption":"AKIARA books"},"image":{"@id":"https:\/\/akiarabooks.com\/es\/#\/schema\/logo\/image\/"}}]}},"_links":{"self":[{"href":"https:\/\/akiarabooks.com\/es\/wp-json\/wp\/v2\/product\/6169","targetHints":{"allow":["GET"]}}],"collection":[{"href":"https:\/\/akiarabooks.com\/es\/wp-json\/wp\/v2\/product"}],"about":[{"href":"https:\/\/akiarabooks.com\/es\/wp-json\/wp\/v2\/types\/product"}],"replies":[{"embeddable":true,"href":"https:\/\/akiarabooks.com\/es\/wp-json\/wp\/v2\/comments?post=6169"}],"wp:featuredmedia":[{"embeddable":true,"href":"https:\/\/akiarabooks.com\/es\/wp-json\/wp\/v2\/media\/8278"}],"wp:attachment":[{"href":"https:\/\/akiarabooks.com\/es\/wp-json\/wp\/v2\/media?parent=6169"}],"wp:term":[{"taxonomy":"product_brand","embeddable":true,"href":"https:\/\/akiarabooks.com\/es\/wp-json\/wp\/v2\/product_brand?post=6169"},{"taxonomy":"product_cat","embeddable":true,"href":"https:\/\/akiarabooks.com\/es\/wp-json\/wp\/v2\/product_cat?post=6169"},{"taxonomy":"product_tag","embeddable":true,"href":"https:\/\/akiarabooks.com\/es\/wp-json\/wp\/v2\/product_tag?post=6169"}],"curies":[{"name":"wp","href":"https:\/\/api.w.org\/{rel}","templated":true}]}}