{"id":6231,"date":"2019-03-28T11:27:47","date_gmt":"2019-03-28T09:27:47","guid":{"rendered":"https:\/\/akiarabooks.com\/llibre\/mariner-de-terra-endins\/"},"modified":"2020-07-29T11:53:52","modified_gmt":"2020-07-29T09:53:52","slug":"mariner-de-terra-endins","status":"publish","type":"product","link":"https:\/\/akiarabooks.com\/es\/libro\/mariner-de-terra-endins\/","title":{"rendered":"Marinero en tierra firme"},"content":{"rendered":"<p>Es el primer verano de Jan en la monta\u00f1a y est\u00e1 solo con su abuela, tras haber viajado toda su vida en un velero con sus padres. Tendr\u00e1 que descubrir los secretos de la tierra, \u00e9l que conoce tan bien los del mar. En su cuaderno de bit\u00e1cora ir\u00e1 anotando esos descubrimientos y, sin apenas darse cuenta, dejar\u00e1 atr\u00e1s la infancia para entrar de pleno en la edad de las decisiones.<\/p>\n","protected":false},"excerpt":{"rendered":"<p>Es el primer verano de Jan en la monta\u00f1a y est\u00e1 solo con su abuela, tras haber viajado toda su vida en un&hellip;<\/p>\n","protected":false},"featured_media":8275,"comment_status":"closed","ping_status":"closed","template":"","meta":{"_acf_changed":false},"product_brand":[],"product_cat":[644],"product_tag":[471,473,481],"class_list":{"0":"post-6231","1":"product","2":"type-product","3":"status-publish","4":"has-post-thumbnail","6":"product_cat-akinarra-es","7":"product_tag-akiara-es","8":"product_tag-books-es","9":"product_tag-lij-es","11":"first","12":"instock","13":"taxable","14":"shipping-taxable","15":"purchasable","16":"product-type-simple"},"acf":[],"yoast_head":"<!-- This site is optimized with the Yoast SEO plugin v27.1.1 - https:\/\/yoast.com\/product\/yoast-seo-wordpress\/ -->\n<title>Marinero en tierra firme - AKIARA books<\/title>\n<meta name=\"robots\" content=\"index, follow, max-snippet:-1, max-image-preview:large, max-video-preview:-1\" \/>\n<link rel=\"canonical\" href=\"https:\/\/akiarabooks.com\/es\/libro\/mariner-de-terra-endins\/\" \/>\n<meta property=\"og:locale\" content=\"es_ES\" \/>\n<meta property=\"og:type\" content=\"article\" \/>\n<meta property=\"og:title\" content=\"Marinero en tierra firme - AKIARA books\" \/>\n<meta property=\"og:description\" content=\"Es el primer verano de Jan en la monta\u00f1a y est\u00e1 solo con su abuela, tras haber viajado toda su vida en un&hellip;\" \/>\n<meta property=\"og:url\" content=\"https:\/\/akiarabooks.com\/es\/libro\/mariner-de-terra-endins\/\" \/>\n<meta property=\"og:site_name\" content=\"AKIARA books\" \/>\n<meta property=\"article:modified_time\" content=\"2020-07-29T09:53:52+00:00\" \/>\n<meta property=\"og:image\" content=\"https:\/\/akiarabooks.com\/wp-content\/uploads\/2019\/03\/AKIARA_Marinero_en_tierra_firme_CUBIERTA_CAST-608x1000.jpg\" \/>\n\t<meta property=\"og:image:width\" content=\"608\" \/>\n\t<meta property=\"og:image:height\" content=\"1000\" \/>\n\t<meta property=\"og:image:type\" content=\"image\/jpeg\" \/>\n<meta name=\"twitter:card\" content=\"summary_large_image\" \/>\n<script type=\"application\/ld+json\" class=\"yoast-schema-graph\">{\"@context\":\"https:\/\/schema.org\",\"@graph\":[{\"@type\":\"WebPage\",\"@id\":\"https:\/\/akiarabooks.com\/es\/libro\/mariner-de-terra-endins\/\",\"url\":\"https:\/\/akiarabooks.com\/es\/libro\/mariner-de-terra-endins\/\",\"name\":\"Marinero en tierra firme - AKIARA books\",\"isPartOf\":{\"@id\":\"https:\/\/akiarabooks.com\/es\/#website\"},\"primaryImageOfPage\":{\"@id\":\"https:\/\/akiarabooks.com\/es\/libro\/mariner-de-terra-endins\/#primaryimage\"},\"image\":{\"@id\":\"https:\/\/akiarabooks.com\/es\/libro\/mariner-de-terra-endins\/#primaryimage\"},\"thumbnailUrl\":\"https:\/\/akiarabooks.com\/wp-content\/uploads\/2019\/03\/AKIARA_Marinero_en_tierra_firme_CUBIERTA_CAST.jpg\",\"datePublished\":\"2019-03-28T09:27:47+00:00\",\"dateModified\":\"2020-07-29T09:53:52+00:00\",\"breadcrumb\":{\"@id\":\"https:\/\/akiarabooks.com\/es\/libro\/mariner-de-terra-endins\/#breadcrumb\"},\"inLanguage\":\"es-ES\",\"potentialAction\":[{\"@type\":\"ReadAction\",\"target\":[\"https:\/\/akiarabooks.com\/es\/libro\/mariner-de-terra-endins\/\"]}]},{\"@type\":\"ImageObject\",\"inLanguage\":\"es-ES\",\"@id\":\"https:\/\/akiarabooks.com\/es\/libro\/mariner-de-terra-endins\/#primaryimage\",\"url\":\"https:\/\/akiarabooks.com\/wp-content\/uploads\/2019\/03\/AKIARA_Marinero_en_tierra_firme_CUBIERTA_CAST.jpg\",\"contentUrl\":\"https:\/\/akiarabooks.com\/wp-content\/uploads\/2019\/03\/AKIARA_Marinero_en_tierra_firme_CUBIERTA_CAST.jpg\",\"width\":1434,\"height\":2360},{\"@type\":\"BreadcrumbList\",\"@id\":\"https:\/\/akiarabooks.com\/es\/libro\/mariner-de-terra-endins\/#breadcrumb\",\"itemListElement\":[{\"@type\":\"ListItem\",\"position\":1,\"name\":\"Inici\",\"item\":\"https:\/\/akiarabooks.com\/es\/\"},{\"@type\":\"ListItem\",\"position\":2,\"name\":\"Libros\",\"item\":\"https:\/\/akiarabooks.com\/es\/libros\/\"},{\"@type\":\"ListItem\",\"position\":3,\"name\":\"Marinero en tierra firme\"}]},{\"@type\":\"WebSite\",\"@id\":\"https:\/\/akiarabooks.com\/es\/#website\",\"url\":\"https:\/\/akiarabooks.com\/es\/\",\"name\":\"AKIARA books\",\"description\":\"Llibres inspiradors per a petits i grans\",\"publisher\":{\"@id\":\"https:\/\/akiarabooks.com\/es\/#organization\"},\"potentialAction\":[{\"@type\":\"SearchAction\",\"target\":{\"@type\":\"EntryPoint\",\"urlTemplate\":\"https:\/\/akiarabooks.com\/es\/?s={search_term_string}\"},\"query-input\":{\"@type\":\"PropertyValueSpecification\",\"valueRequired\":true,\"valueName\":\"search_term_string\"}}],\"inLanguage\":\"es-ES\"},{\"@type\":\"Organization\",\"@id\":\"https:\/\/akiarabooks.com\/es\/#organization\",\"name\":\"AKIARA books\",\"url\":\"https:\/\/akiarabooks.com\/es\/\",\"logo\":{\"@type\":\"ImageObject\",\"inLanguage\":\"es-ES\",\"@id\":\"https:\/\/akiarabooks.com\/es\/#\/schema\/logo\/image\/\",\"url\":\"https:\/\/akiarabooks.com\/wp-content\/uploads\/2018\/02\/cropped-akiara-black.png\",\"contentUrl\":\"https:\/\/akiarabooks.com\/wp-content\/uploads\/2018\/02\/cropped-akiara-black.png\",\"width\":520,\"height\":236,\"caption\":\"AKIARA books\"},\"image\":{\"@id\":\"https:\/\/akiarabooks.com\/es\/#\/schema\/logo\/image\/\"}}]}<\/script>\n<!-- \/ Yoast SEO plugin. -->","yoast_head_json":{"title":"Marinero en tierra firme - AKIARA books","robots":{"index":"index","follow":"follow","max-snippet":"max-snippet:-1","max-image-preview":"max-image-preview:large","max-video-preview":"max-video-preview:-1"},"canonical":"https:\/\/akiarabooks.com\/es\/libro\/mariner-de-terra-endins\/","og_locale":"es_ES","og_type":"article","og_title":"Marinero en tierra firme - AKIARA books","og_description":"Es el primer verano de Jan en la monta\u00f1a y est\u00e1 solo con su abuela, tras haber viajado toda su vida en un&hellip;","og_url":"https:\/\/akiarabooks.com\/es\/libro\/mariner-de-terra-endins\/","og_site_name":"AKIARA books","article_modified_time":"2020-07-29T09:53:52+00:00","og_image":[{"width":608,"height":1000,"url":"https:\/\/akiarabooks.com\/wp-content\/uploads\/2019\/03\/AKIARA_Marinero_en_tierra_firme_CUBIERTA_CAST-608x1000.jpg","type":"image\/jpeg"}],"twitter_card":"summary_large_image","schema":{"@context":"https:\/\/schema.org","@graph":[{"@type":"WebPage","@id":"https:\/\/akiarabooks.com\/es\/libro\/mariner-de-terra-endins\/","url":"https:\/\/akiarabooks.com\/es\/libro\/mariner-de-terra-endins\/","name":"Marinero en tierra firme - AKIARA books","isPartOf":{"@id":"https:\/\/akiarabooks.com\/es\/#website"},"primaryImageOfPage":{"@id":"https:\/\/akiarabooks.com\/es\/libro\/mariner-de-terra-endins\/#primaryimage"},"image":{"@id":"https:\/\/akiarabooks.com\/es\/libro\/mariner-de-terra-endins\/#primaryimage"},"thumbnailUrl":"https:\/\/akiarabooks.com\/wp-content\/uploads\/2019\/03\/AKIARA_Marinero_en_tierra_firme_CUBIERTA_CAST.jpg","datePublished":"2019-03-28T09:27:47+00:00","dateModified":"2020-07-29T09:53:52+00:00","breadcrumb":{"@id":"https:\/\/akiarabooks.com\/es\/libro\/mariner-de-terra-endins\/#breadcrumb"},"inLanguage":"es-ES","potentialAction":[{"@type":"ReadAction","target":["https:\/\/akiarabooks.com\/es\/libro\/mariner-de-terra-endins\/"]}]},{"@type":"ImageObject","inLanguage":"es-ES","@id":"https:\/\/akiarabooks.com\/es\/libro\/mariner-de-terra-endins\/#primaryimage","url":"https:\/\/akiarabooks.com\/wp-content\/uploads\/2019\/03\/AKIARA_Marinero_en_tierra_firme_CUBIERTA_CAST.jpg","contentUrl":"https:\/\/akiarabooks.com\/wp-content\/uploads\/2019\/03\/AKIARA_Marinero_en_tierra_firme_CUBIERTA_CAST.jpg","width":1434,"height":2360},{"@type":"BreadcrumbList","@id":"https:\/\/akiarabooks.com\/es\/libro\/mariner-de-terra-endins\/#breadcrumb","itemListElement":[{"@type":"ListItem","position":1,"name":"Inici","item":"https:\/\/akiarabooks.com\/es\/"},{"@type":"ListItem","position":2,"name":"Libros","item":"https:\/\/akiarabooks.com\/es\/libros\/"},{"@type":"ListItem","position":3,"name":"Marinero en tierra firme"}]},{"@type":"WebSite","@id":"https:\/\/akiarabooks.com\/es\/#website","url":"https:\/\/akiarabooks.com\/es\/","name":"AKIARA books","description":"Llibres inspiradors per a petits i grans","publisher":{"@id":"https:\/\/akiarabooks.com\/es\/#organization"},"potentialAction":[{"@type":"SearchAction","target":{"@type":"EntryPoint","urlTemplate":"https:\/\/akiarabooks.com\/es\/?s={search_term_string}"},"query-input":{"@type":"PropertyValueSpecification","valueRequired":true,"valueName":"search_term_string"}}],"inLanguage":"es-ES"},{"@type":"Organization","@id":"https:\/\/akiarabooks.com\/es\/#organization","name":"AKIARA books","url":"https:\/\/akiarabooks.com\/es\/","logo":{"@type":"ImageObject","inLanguage":"es-ES","@id":"https:\/\/akiarabooks.com\/es\/#\/schema\/logo\/image\/","url":"https:\/\/akiarabooks.com\/wp-content\/uploads\/2018\/02\/cropped-akiara-black.png","contentUrl":"https:\/\/akiarabooks.com\/wp-content\/uploads\/2018\/02\/cropped-akiara-black.png","width":520,"height":236,"caption":"AKIARA books"},"image":{"@id":"https:\/\/akiarabooks.com\/es\/#\/schema\/logo\/image\/"}}]}},"_links":{"self":[{"href":"https:\/\/akiarabooks.com\/es\/wp-json\/wp\/v2\/product\/6231","targetHints":{"allow":["GET"]}}],"collection":[{"href":"https:\/\/akiarabooks.com\/es\/wp-json\/wp\/v2\/product"}],"about":[{"href":"https:\/\/akiarabooks.com\/es\/wp-json\/wp\/v2\/types\/product"}],"replies":[{"embeddable":true,"href":"https:\/\/akiarabooks.com\/es\/wp-json\/wp\/v2\/comments?post=6231"}],"wp:featuredmedia":[{"embeddable":true,"href":"https:\/\/akiarabooks.com\/es\/wp-json\/wp\/v2\/media\/8275"}],"wp:attachment":[{"href":"https:\/\/akiarabooks.com\/es\/wp-json\/wp\/v2\/media?parent=6231"}],"wp:term":[{"taxonomy":"product_brand","embeddable":true,"href":"https:\/\/akiarabooks.com\/es\/wp-json\/wp\/v2\/product_brand?post=6231"},{"taxonomy":"product_cat","embeddable":true,"href":"https:\/\/akiarabooks.com\/es\/wp-json\/wp\/v2\/product_cat?post=6231"},{"taxonomy":"product_tag","embeddable":true,"href":"https:\/\/akiarabooks.com\/es\/wp-json\/wp\/v2\/product_tag?post=6231"}],"curies":[{"name":"wp","href":"https:\/\/api.w.org\/{rel}","templated":true}]}}