{"id":6876,"date":"2019-11-10T21:22:45","date_gmt":"2019-11-10T19:54:55","guid":{"rendered":"https:\/\/akiarabooks.com\/?post_type=product&#038;p=6876"},"modified":"2025-03-26T10:48:53","modified_gmt":"2025-03-26T08:48:53","slug":"malala-yousafzai-mi-historia-es-la-historia-de-muchas-chicas","status":"publish","type":"product","link":"https:\/\/akiarabooks.com\/es\/libro\/malala-yousafzai-mi-historia-es-la-historia-de-muchas-chicas\/","title":{"rendered":"Malala Yousafzai: Mi historia es la historia de muchas chicas"},"content":{"rendered":"<p>Cuando Malala Yousafzai ten\u00eda quince a\u00f1os, fue atacada por los talibanes por su defensa del derecho de las ni\u00f1as a recibir educaci\u00f3n. Tras sobrevivir a m\u00faltiples operaciones, su voz se ha convertido en un referente mundial de los derechos humanos y, especialmente, del derecho a la educaci\u00f3n. Es la persona m\u00e1s joven que ha sido galardonada con el Premio Nobel de la Paz. En su discurso de aceptaci\u00f3n del premio, Malala explica su historia, que es la historia de millones de ni\u00f1as que viven en situaciones de discriminaci\u00f3n o de conflicto.<\/p>\n<p>Edici\u00f3n biling\u00fce<\/p>\n","protected":false},"excerpt":{"rendered":"<p>Cuando Malala Yousafzai ten\u00eda quince a\u00f1os, fue atacada por los talibanes por su defensa del derecho de las ni\u00f1as a recibir educaci\u00f3n. Tras&hellip;<\/p>\n","protected":false},"featured_media":14852,"comment_status":"closed","ping_status":"closed","template":"","meta":{"_acf_changed":false},"product_brand":[],"product_cat":[697],"product_tag":[],"class_list":{"0":"post-6876","1":"product","2":"type-product","3":"status-publish","4":"has-post-thumbnail","6":"product_cat-akiparla","8":"first","9":"instock","10":"taxable","11":"shipping-taxable","12":"purchasable","13":"product-type-simple"},"acf":[],"yoast_head":"<!-- This site is optimized with the Yoast SEO plugin v27.1.1 - https:\/\/yoast.com\/product\/yoast-seo-wordpress\/ -->\n<title>Malala Yousafzai: Mi historia es la historia de muchas chicas - AKIARA books<\/title>\n<meta name=\"robots\" content=\"index, follow, max-snippet:-1, max-image-preview:large, max-video-preview:-1\" \/>\n<link rel=\"canonical\" href=\"https:\/\/akiarabooks.com\/es\/libro\/malala-yousafzai-mi-historia-es-la-historia-de-muchas-chicas\/\" \/>\n<meta property=\"og:locale\" content=\"es_ES\" \/>\n<meta property=\"og:type\" content=\"article\" \/>\n<meta property=\"og:title\" content=\"Malala Yousafzai: Mi historia es la historia de muchas chicas - AKIARA books\" \/>\n<meta property=\"og:description\" content=\"Cuando Malala Yousafzai ten\u00eda quince a\u00f1os, fue atacada por los talibanes por su defensa del derecho de las ni\u00f1as a recibir educaci\u00f3n. Tras&hellip;\" \/>\n<meta property=\"og:url\" content=\"https:\/\/akiarabooks.com\/es\/libro\/malala-yousafzai-mi-historia-es-la-historia-de-muchas-chicas\/\" \/>\n<meta property=\"og:site_name\" content=\"AKIARA books\" \/>\n<meta property=\"article:modified_time\" content=\"2025-03-26T08:48:53+00:00\" \/>\n<meta property=\"og:image\" content=\"https:\/\/akiarabooks.com\/wp-content\/uploads\/2019\/11\/AKIPARLA-1-Malala-cubierta-CAST-1-600x1000.jpg\" \/>\n\t<meta property=\"og:image:width\" content=\"600\" \/>\n\t<meta property=\"og:image:height\" content=\"1000\" \/>\n\t<meta property=\"og:image:type\" content=\"image\/jpeg\" \/>\n<meta name=\"twitter:card\" content=\"summary_large_image\" \/>\n<meta name=\"twitter:label1\" content=\"Est. reading time\" \/>\n\t<meta name=\"twitter:data1\" content=\"1 minute\" \/>\n<script type=\"application\/ld+json\" class=\"yoast-schema-graph\">{\"@context\":\"https:\/\/schema.org\",\"@graph\":[{\"@type\":\"WebPage\",\"@id\":\"https:\/\/akiarabooks.com\/es\/libro\/malala-yousafzai-mi-historia-es-la-historia-de-muchas-chicas\/\",\"url\":\"https:\/\/akiarabooks.com\/es\/libro\/malala-yousafzai-mi-historia-es-la-historia-de-muchas-chicas\/\",\"name\":\"Malala Yousafzai: Mi historia es la historia de muchas chicas - AKIARA books\",\"isPartOf\":{\"@id\":\"https:\/\/akiarabooks.com\/es\/#website\"},\"primaryImageOfPage\":{\"@id\":\"https:\/\/akiarabooks.com\/es\/libro\/malala-yousafzai-mi-historia-es-la-historia-de-muchas-chicas\/#primaryimage\"},\"image\":{\"@id\":\"https:\/\/akiarabooks.com\/es\/libro\/malala-yousafzai-mi-historia-es-la-historia-de-muchas-chicas\/#primaryimage\"},\"thumbnailUrl\":\"https:\/\/akiarabooks.com\/wp-content\/uploads\/2019\/11\/AKIPARLA-1-Malala-cubierta-CAST-1.jpg\",\"datePublished\":\"2019-11-10T19:54:55+00:00\",\"dateModified\":\"2025-03-26T08:48:53+00:00\",\"breadcrumb\":{\"@id\":\"https:\/\/akiarabooks.com\/es\/libro\/malala-yousafzai-mi-historia-es-la-historia-de-muchas-chicas\/#breadcrumb\"},\"inLanguage\":\"es-ES\",\"potentialAction\":[{\"@type\":\"ReadAction\",\"target\":[\"https:\/\/akiarabooks.com\/es\/libro\/malala-yousafzai-mi-historia-es-la-historia-de-muchas-chicas\/\"]}]},{\"@type\":\"ImageObject\",\"inLanguage\":\"es-ES\",\"@id\":\"https:\/\/akiarabooks.com\/es\/libro\/malala-yousafzai-mi-historia-es-la-historia-de-muchas-chicas\/#primaryimage\",\"url\":\"https:\/\/akiarabooks.com\/wp-content\/uploads\/2019\/11\/AKIPARLA-1-Malala-cubierta-CAST-1.jpg\",\"contentUrl\":\"https:\/\/akiarabooks.com\/wp-content\/uploads\/2019\/11\/AKIPARLA-1-Malala-cubierta-CAST-1.jpg\",\"width\":1417,\"height\":2362},{\"@type\":\"BreadcrumbList\",\"@id\":\"https:\/\/akiarabooks.com\/es\/libro\/malala-yousafzai-mi-historia-es-la-historia-de-muchas-chicas\/#breadcrumb\",\"itemListElement\":[{\"@type\":\"ListItem\",\"position\":1,\"name\":\"Inici\",\"item\":\"https:\/\/akiarabooks.com\/es\/\"},{\"@type\":\"ListItem\",\"position\":2,\"name\":\"Libros\",\"item\":\"https:\/\/akiarabooks.com\/es\/libros\/\"},{\"@type\":\"ListItem\",\"position\":3,\"name\":\"Malala Yousafzai: Mi historia es la historia de muchas chicas\"}]},{\"@type\":\"WebSite\",\"@id\":\"https:\/\/akiarabooks.com\/es\/#website\",\"url\":\"https:\/\/akiarabooks.com\/es\/\",\"name\":\"AKIARA books\",\"description\":\"Llibres inspiradors per a petits i grans\",\"publisher\":{\"@id\":\"https:\/\/akiarabooks.com\/es\/#organization\"},\"potentialAction\":[{\"@type\":\"SearchAction\",\"target\":{\"@type\":\"EntryPoint\",\"urlTemplate\":\"https:\/\/akiarabooks.com\/es\/?s={search_term_string}\"},\"query-input\":{\"@type\":\"PropertyValueSpecification\",\"valueRequired\":true,\"valueName\":\"search_term_string\"}}],\"inLanguage\":\"es-ES\"},{\"@type\":\"Organization\",\"@id\":\"https:\/\/akiarabooks.com\/es\/#organization\",\"name\":\"AKIARA books\",\"url\":\"https:\/\/akiarabooks.com\/es\/\",\"logo\":{\"@type\":\"ImageObject\",\"inLanguage\":\"es-ES\",\"@id\":\"https:\/\/akiarabooks.com\/es\/#\/schema\/logo\/image\/\",\"url\":\"https:\/\/akiarabooks.com\/wp-content\/uploads\/2018\/02\/cropped-akiara-black.png\",\"contentUrl\":\"https:\/\/akiarabooks.com\/wp-content\/uploads\/2018\/02\/cropped-akiara-black.png\",\"width\":520,\"height\":236,\"caption\":\"AKIARA books\"},\"image\":{\"@id\":\"https:\/\/akiarabooks.com\/es\/#\/schema\/logo\/image\/\"}}]}<\/script>\n<!-- \/ Yoast SEO plugin. -->","yoast_head_json":{"title":"Malala Yousafzai: Mi historia es la historia de muchas chicas - AKIARA books","robots":{"index":"index","follow":"follow","max-snippet":"max-snippet:-1","max-image-preview":"max-image-preview:large","max-video-preview":"max-video-preview:-1"},"canonical":"https:\/\/akiarabooks.com\/es\/libro\/malala-yousafzai-mi-historia-es-la-historia-de-muchas-chicas\/","og_locale":"es_ES","og_type":"article","og_title":"Malala Yousafzai: Mi historia es la historia de muchas chicas - AKIARA books","og_description":"Cuando Malala Yousafzai ten\u00eda quince a\u00f1os, fue atacada por los talibanes por su defensa del derecho de las ni\u00f1as a recibir educaci\u00f3n. Tras&hellip;","og_url":"https:\/\/akiarabooks.com\/es\/libro\/malala-yousafzai-mi-historia-es-la-historia-de-muchas-chicas\/","og_site_name":"AKIARA books","article_modified_time":"2025-03-26T08:48:53+00:00","og_image":[{"width":600,"height":1000,"url":"https:\/\/akiarabooks.com\/wp-content\/uploads\/2019\/11\/AKIPARLA-1-Malala-cubierta-CAST-1-600x1000.jpg","type":"image\/jpeg"}],"twitter_card":"summary_large_image","twitter_misc":{"Est. reading time":"1 minute"},"schema":{"@context":"https:\/\/schema.org","@graph":[{"@type":"WebPage","@id":"https:\/\/akiarabooks.com\/es\/libro\/malala-yousafzai-mi-historia-es-la-historia-de-muchas-chicas\/","url":"https:\/\/akiarabooks.com\/es\/libro\/malala-yousafzai-mi-historia-es-la-historia-de-muchas-chicas\/","name":"Malala Yousafzai: Mi historia es la historia de muchas chicas - AKIARA books","isPartOf":{"@id":"https:\/\/akiarabooks.com\/es\/#website"},"primaryImageOfPage":{"@id":"https:\/\/akiarabooks.com\/es\/libro\/malala-yousafzai-mi-historia-es-la-historia-de-muchas-chicas\/#primaryimage"},"image":{"@id":"https:\/\/akiarabooks.com\/es\/libro\/malala-yousafzai-mi-historia-es-la-historia-de-muchas-chicas\/#primaryimage"},"thumbnailUrl":"https:\/\/akiarabooks.com\/wp-content\/uploads\/2019\/11\/AKIPARLA-1-Malala-cubierta-CAST-1.jpg","datePublished":"2019-11-10T19:54:55+00:00","dateModified":"2025-03-26T08:48:53+00:00","breadcrumb":{"@id":"https:\/\/akiarabooks.com\/es\/libro\/malala-yousafzai-mi-historia-es-la-historia-de-muchas-chicas\/#breadcrumb"},"inLanguage":"es-ES","potentialAction":[{"@type":"ReadAction","target":["https:\/\/akiarabooks.com\/es\/libro\/malala-yousafzai-mi-historia-es-la-historia-de-muchas-chicas\/"]}]},{"@type":"ImageObject","inLanguage":"es-ES","@id":"https:\/\/akiarabooks.com\/es\/libro\/malala-yousafzai-mi-historia-es-la-historia-de-muchas-chicas\/#primaryimage","url":"https:\/\/akiarabooks.com\/wp-content\/uploads\/2019\/11\/AKIPARLA-1-Malala-cubierta-CAST-1.jpg","contentUrl":"https:\/\/akiarabooks.com\/wp-content\/uploads\/2019\/11\/AKIPARLA-1-Malala-cubierta-CAST-1.jpg","width":1417,"height":2362},{"@type":"BreadcrumbList","@id":"https:\/\/akiarabooks.com\/es\/libro\/malala-yousafzai-mi-historia-es-la-historia-de-muchas-chicas\/#breadcrumb","itemListElement":[{"@type":"ListItem","position":1,"name":"Inici","item":"https:\/\/akiarabooks.com\/es\/"},{"@type":"ListItem","position":2,"name":"Libros","item":"https:\/\/akiarabooks.com\/es\/libros\/"},{"@type":"ListItem","position":3,"name":"Malala Yousafzai: Mi historia es la historia de muchas chicas"}]},{"@type":"WebSite","@id":"https:\/\/akiarabooks.com\/es\/#website","url":"https:\/\/akiarabooks.com\/es\/","name":"AKIARA books","description":"Llibres inspiradors per a petits i grans","publisher":{"@id":"https:\/\/akiarabooks.com\/es\/#organization"},"potentialAction":[{"@type":"SearchAction","target":{"@type":"EntryPoint","urlTemplate":"https:\/\/akiarabooks.com\/es\/?s={search_term_string}"},"query-input":{"@type":"PropertyValueSpecification","valueRequired":true,"valueName":"search_term_string"}}],"inLanguage":"es-ES"},{"@type":"Organization","@id":"https:\/\/akiarabooks.com\/es\/#organization","name":"AKIARA books","url":"https:\/\/akiarabooks.com\/es\/","logo":{"@type":"ImageObject","inLanguage":"es-ES","@id":"https:\/\/akiarabooks.com\/es\/#\/schema\/logo\/image\/","url":"https:\/\/akiarabooks.com\/wp-content\/uploads\/2018\/02\/cropped-akiara-black.png","contentUrl":"https:\/\/akiarabooks.com\/wp-content\/uploads\/2018\/02\/cropped-akiara-black.png","width":520,"height":236,"caption":"AKIARA books"},"image":{"@id":"https:\/\/akiarabooks.com\/es\/#\/schema\/logo\/image\/"}}]}},"_links":{"self":[{"href":"https:\/\/akiarabooks.com\/es\/wp-json\/wp\/v2\/product\/6876","targetHints":{"allow":["GET"]}}],"collection":[{"href":"https:\/\/akiarabooks.com\/es\/wp-json\/wp\/v2\/product"}],"about":[{"href":"https:\/\/akiarabooks.com\/es\/wp-json\/wp\/v2\/types\/product"}],"replies":[{"embeddable":true,"href":"https:\/\/akiarabooks.com\/es\/wp-json\/wp\/v2\/comments?post=6876"}],"wp:featuredmedia":[{"embeddable":true,"href":"https:\/\/akiarabooks.com\/es\/wp-json\/wp\/v2\/media\/14852"}],"wp:attachment":[{"href":"https:\/\/akiarabooks.com\/es\/wp-json\/wp\/v2\/media?parent=6876"}],"wp:term":[{"taxonomy":"product_brand","embeddable":true,"href":"https:\/\/akiarabooks.com\/es\/wp-json\/wp\/v2\/product_brand?post=6876"},{"taxonomy":"product_cat","embeddable":true,"href":"https:\/\/akiarabooks.com\/es\/wp-json\/wp\/v2\/product_cat?post=6876"},{"taxonomy":"product_tag","embeddable":true,"href":"https:\/\/akiarabooks.com\/es\/wp-json\/wp\/v2\/product_tag?post=6876"}],"curies":[{"name":"wp","href":"https:\/\/api.w.org\/{rel}","templated":true}]}}