{"id":6912,"date":"2019-11-13T17:57:48","date_gmt":"2019-11-13T22:13:36","guid":{"rendered":"https:\/\/akiarabooks.com\/?post_type=product&#038;p=6912"},"modified":"2019-11-18T17:47:26","modified_gmt":"2019-11-18T15:47:26","slug":"siahl-ted-perry-cada-parte-de-esta-tierra-es-sagrada-para-mi-pueblo","status":"publish","type":"product","link":"https:\/\/akiarabooks.com\/es\/libro\/siahl-ted-perry-cada-parte-de-esta-tierra-es-sagrada-para-mi-pueblo\/","title":{"rendered":"Si\u2019ahl \/ Ted Perry: Cada parte de esta tierra es sagrada para mi pueblo"},"content":{"rendered":"<p>La ecolog\u00eda y la espiritualidad caracterizan la visi\u00f3n de la naturaleza de los pueblos ind\u00edgenas. En enero de 1854 el jefe ind\u00edgena Si\u2019ahl (m\u00e1s conocido como Seattle) pronunci\u00f3 un elocuente discurso explicando porqu\u00e9 la tierra no se puede vender. Desde el siglo XIX se han hecho muchos intentos de recrear las palabras perdidas de Si\u2019ahl. Aqu\u00ed presentamos, a partir de lo que hoy sabemos, la versi\u00f3n m\u00e1s fiable del discurso en edici\u00f3n biling\u00fce e ilustrada, con un comentario sobre sus temas clave y su calidad oratoria.<\/p>\n<p>Edici\u00f3n biling\u00fce<\/p>\n","protected":false},"excerpt":{"rendered":"<p>La ecolog\u00eda y la espiritualidad caracterizan la visi\u00f3n de la naturaleza de los pueblos ind\u00edgenas. En enero de 1854 el jefe ind\u00edgena Si\u2019ahl&hellip;<\/p>\n","protected":false},"featured_media":6901,"comment_status":"closed","ping_status":"closed","template":"","meta":{"_acf_changed":false},"product_brand":[],"product_cat":[697],"product_tag":[],"class_list":{"0":"post-6912","1":"product","2":"type-product","3":"status-publish","4":"has-post-thumbnail","6":"product_cat-akiparla","8":"first","9":"instock","10":"taxable","11":"shipping-taxable","12":"purchasable","13":"product-type-simple"},"acf":[],"yoast_head":"<!-- This site is optimized with the Yoast SEO plugin v27.1.1 - https:\/\/yoast.com\/product\/yoast-seo-wordpress\/ -->\n<title>Si\u2019ahl \/ Ted Perry: Cada parte de esta tierra es sagrada para mi pueblo - AKIARA books<\/title>\n<meta name=\"robots\" content=\"index, follow, max-snippet:-1, max-image-preview:large, max-video-preview:-1\" \/>\n<link rel=\"canonical\" href=\"https:\/\/akiarabooks.com\/es\/libro\/siahl-ted-perry-cada-parte-de-esta-tierra-es-sagrada-para-mi-pueblo\/\" \/>\n<meta property=\"og:locale\" content=\"es_ES\" \/>\n<meta property=\"og:type\" content=\"article\" \/>\n<meta property=\"og:title\" content=\"Si\u2019ahl \/ Ted Perry: Cada parte de esta tierra es sagrada para mi pueblo - AKIARA books\" \/>\n<meta property=\"og:description\" content=\"La ecolog\u00eda y la espiritualidad caracterizan la visi\u00f3n de la naturaleza de los pueblos ind\u00edgenas. En enero de 1854 el jefe ind\u00edgena Si\u2019ahl&hellip;\" \/>\n<meta property=\"og:url\" content=\"https:\/\/akiarabooks.com\/es\/libro\/siahl-ted-perry-cada-parte-de-esta-tierra-es-sagrada-para-mi-pueblo\/\" \/>\n<meta property=\"og:site_name\" content=\"AKIARA books\" \/>\n<meta property=\"article:modified_time\" content=\"2019-11-18T15:47:26+00:00\" \/>\n<meta property=\"og:image\" content=\"https:\/\/akiarabooks.com\/wp-content\/uploads\/2019\/11\/AKIPARLA-2-Siahl-Ted-Perry-cubierta-CAST-600x1000.jpg\" \/>\n\t<meta property=\"og:image:width\" content=\"600\" \/>\n\t<meta property=\"og:image:height\" content=\"1000\" \/>\n\t<meta property=\"og:image:type\" content=\"image\/jpeg\" \/>\n<meta name=\"twitter:card\" content=\"summary_large_image\" \/>\n<meta name=\"twitter:label1\" content=\"Est. reading time\" \/>\n\t<meta name=\"twitter:data1\" content=\"1 minute\" \/>\n<script type=\"application\/ld+json\" class=\"yoast-schema-graph\">{\"@context\":\"https:\/\/schema.org\",\"@graph\":[{\"@type\":\"WebPage\",\"@id\":\"https:\/\/akiarabooks.com\/es\/libro\/siahl-ted-perry-cada-parte-de-esta-tierra-es-sagrada-para-mi-pueblo\/\",\"url\":\"https:\/\/akiarabooks.com\/es\/libro\/siahl-ted-perry-cada-parte-de-esta-tierra-es-sagrada-para-mi-pueblo\/\",\"name\":\"Si\u2019ahl \/ Ted Perry: Cada parte de esta tierra es sagrada para mi pueblo - AKIARA books\",\"isPartOf\":{\"@id\":\"https:\/\/akiarabooks.com\/es\/#website\"},\"primaryImageOfPage\":{\"@id\":\"https:\/\/akiarabooks.com\/es\/libro\/siahl-ted-perry-cada-parte-de-esta-tierra-es-sagrada-para-mi-pueblo\/#primaryimage\"},\"image\":{\"@id\":\"https:\/\/akiarabooks.com\/es\/libro\/siahl-ted-perry-cada-parte-de-esta-tierra-es-sagrada-para-mi-pueblo\/#primaryimage\"},\"thumbnailUrl\":\"https:\/\/akiarabooks.com\/wp-content\/uploads\/2019\/11\/AKIPARLA-2-Siahl-Ted-Perry-coberta-CAT.jpg\",\"datePublished\":\"2019-11-13T22:13:36+00:00\",\"dateModified\":\"2019-11-18T15:47:26+00:00\",\"breadcrumb\":{\"@id\":\"https:\/\/akiarabooks.com\/es\/libro\/siahl-ted-perry-cada-parte-de-esta-tierra-es-sagrada-para-mi-pueblo\/#breadcrumb\"},\"inLanguage\":\"es-ES\",\"potentialAction\":[{\"@type\":\"ReadAction\",\"target\":[\"https:\/\/akiarabooks.com\/es\/libro\/siahl-ted-perry-cada-parte-de-esta-tierra-es-sagrada-para-mi-pueblo\/\"]}]},{\"@type\":\"ImageObject\",\"inLanguage\":\"es-ES\",\"@id\":\"https:\/\/akiarabooks.com\/es\/libro\/siahl-ted-perry-cada-parte-de-esta-tierra-es-sagrada-para-mi-pueblo\/#primaryimage\",\"url\":\"https:\/\/akiarabooks.com\/wp-content\/uploads\/2019\/11\/AKIPARLA-2-Siahl-Ted-Perry-coberta-CAT.jpg\",\"contentUrl\":\"https:\/\/akiarabooks.com\/wp-content\/uploads\/2019\/11\/AKIPARLA-2-Siahl-Ted-Perry-coberta-CAT.jpg\",\"width\":1417,\"height\":2362},{\"@type\":\"BreadcrumbList\",\"@id\":\"https:\/\/akiarabooks.com\/es\/libro\/siahl-ted-perry-cada-parte-de-esta-tierra-es-sagrada-para-mi-pueblo\/#breadcrumb\",\"itemListElement\":[{\"@type\":\"ListItem\",\"position\":1,\"name\":\"Inici\",\"item\":\"https:\/\/akiarabooks.com\/es\/\"},{\"@type\":\"ListItem\",\"position\":2,\"name\":\"Libros\",\"item\":\"https:\/\/akiarabooks.com\/es\/libros\/\"},{\"@type\":\"ListItem\",\"position\":3,\"name\":\"Si\u2019ahl \/ Ted Perry: Cada parte de esta tierra es sagrada para mi pueblo\"}]},{\"@type\":\"WebSite\",\"@id\":\"https:\/\/akiarabooks.com\/es\/#website\",\"url\":\"https:\/\/akiarabooks.com\/es\/\",\"name\":\"AKIARA books\",\"description\":\"Llibres inspiradors per a petits i grans\",\"publisher\":{\"@id\":\"https:\/\/akiarabooks.com\/es\/#organization\"},\"potentialAction\":[{\"@type\":\"SearchAction\",\"target\":{\"@type\":\"EntryPoint\",\"urlTemplate\":\"https:\/\/akiarabooks.com\/es\/?s={search_term_string}\"},\"query-input\":{\"@type\":\"PropertyValueSpecification\",\"valueRequired\":true,\"valueName\":\"search_term_string\"}}],\"inLanguage\":\"es-ES\"},{\"@type\":\"Organization\",\"@id\":\"https:\/\/akiarabooks.com\/es\/#organization\",\"name\":\"AKIARA books\",\"url\":\"https:\/\/akiarabooks.com\/es\/\",\"logo\":{\"@type\":\"ImageObject\",\"inLanguage\":\"es-ES\",\"@id\":\"https:\/\/akiarabooks.com\/es\/#\/schema\/logo\/image\/\",\"url\":\"https:\/\/akiarabooks.com\/wp-content\/uploads\/2018\/02\/cropped-akiara-black.png\",\"contentUrl\":\"https:\/\/akiarabooks.com\/wp-content\/uploads\/2018\/02\/cropped-akiara-black.png\",\"width\":520,\"height\":236,\"caption\":\"AKIARA books\"},\"image\":{\"@id\":\"https:\/\/akiarabooks.com\/es\/#\/schema\/logo\/image\/\"}}]}<\/script>\n<!-- \/ Yoast SEO plugin. -->","yoast_head_json":{"title":"Si\u2019ahl \/ Ted Perry: Cada parte de esta tierra es sagrada para mi pueblo - AKIARA books","robots":{"index":"index","follow":"follow","max-snippet":"max-snippet:-1","max-image-preview":"max-image-preview:large","max-video-preview":"max-video-preview:-1"},"canonical":"https:\/\/akiarabooks.com\/es\/libro\/siahl-ted-perry-cada-parte-de-esta-tierra-es-sagrada-para-mi-pueblo\/","og_locale":"es_ES","og_type":"article","og_title":"Si\u2019ahl \/ Ted Perry: Cada parte de esta tierra es sagrada para mi pueblo - AKIARA books","og_description":"La ecolog\u00eda y la espiritualidad caracterizan la visi\u00f3n de la naturaleza de los pueblos ind\u00edgenas. En enero de 1854 el jefe ind\u00edgena Si\u2019ahl&hellip;","og_url":"https:\/\/akiarabooks.com\/es\/libro\/siahl-ted-perry-cada-parte-de-esta-tierra-es-sagrada-para-mi-pueblo\/","og_site_name":"AKIARA books","article_modified_time":"2019-11-18T15:47:26+00:00","og_image":[{"width":600,"height":1000,"url":"https:\/\/akiarabooks.com\/wp-content\/uploads\/2019\/11\/AKIPARLA-2-Siahl-Ted-Perry-cubierta-CAST-600x1000.jpg","type":"image\/jpeg"}],"twitter_card":"summary_large_image","twitter_misc":{"Est. reading time":"1 minute"},"schema":{"@context":"https:\/\/schema.org","@graph":[{"@type":"WebPage","@id":"https:\/\/akiarabooks.com\/es\/libro\/siahl-ted-perry-cada-parte-de-esta-tierra-es-sagrada-para-mi-pueblo\/","url":"https:\/\/akiarabooks.com\/es\/libro\/siahl-ted-perry-cada-parte-de-esta-tierra-es-sagrada-para-mi-pueblo\/","name":"Si\u2019ahl \/ Ted Perry: Cada parte de esta tierra es sagrada para mi pueblo - AKIARA books","isPartOf":{"@id":"https:\/\/akiarabooks.com\/es\/#website"},"primaryImageOfPage":{"@id":"https:\/\/akiarabooks.com\/es\/libro\/siahl-ted-perry-cada-parte-de-esta-tierra-es-sagrada-para-mi-pueblo\/#primaryimage"},"image":{"@id":"https:\/\/akiarabooks.com\/es\/libro\/siahl-ted-perry-cada-parte-de-esta-tierra-es-sagrada-para-mi-pueblo\/#primaryimage"},"thumbnailUrl":"https:\/\/akiarabooks.com\/wp-content\/uploads\/2019\/11\/AKIPARLA-2-Siahl-Ted-Perry-coberta-CAT.jpg","datePublished":"2019-11-13T22:13:36+00:00","dateModified":"2019-11-18T15:47:26+00:00","breadcrumb":{"@id":"https:\/\/akiarabooks.com\/es\/libro\/siahl-ted-perry-cada-parte-de-esta-tierra-es-sagrada-para-mi-pueblo\/#breadcrumb"},"inLanguage":"es-ES","potentialAction":[{"@type":"ReadAction","target":["https:\/\/akiarabooks.com\/es\/libro\/siahl-ted-perry-cada-parte-de-esta-tierra-es-sagrada-para-mi-pueblo\/"]}]},{"@type":"ImageObject","inLanguage":"es-ES","@id":"https:\/\/akiarabooks.com\/es\/libro\/siahl-ted-perry-cada-parte-de-esta-tierra-es-sagrada-para-mi-pueblo\/#primaryimage","url":"https:\/\/akiarabooks.com\/wp-content\/uploads\/2019\/11\/AKIPARLA-2-Siahl-Ted-Perry-coberta-CAT.jpg","contentUrl":"https:\/\/akiarabooks.com\/wp-content\/uploads\/2019\/11\/AKIPARLA-2-Siahl-Ted-Perry-coberta-CAT.jpg","width":1417,"height":2362},{"@type":"BreadcrumbList","@id":"https:\/\/akiarabooks.com\/es\/libro\/siahl-ted-perry-cada-parte-de-esta-tierra-es-sagrada-para-mi-pueblo\/#breadcrumb","itemListElement":[{"@type":"ListItem","position":1,"name":"Inici","item":"https:\/\/akiarabooks.com\/es\/"},{"@type":"ListItem","position":2,"name":"Libros","item":"https:\/\/akiarabooks.com\/es\/libros\/"},{"@type":"ListItem","position":3,"name":"Si\u2019ahl \/ Ted Perry: Cada parte de esta tierra es sagrada para mi pueblo"}]},{"@type":"WebSite","@id":"https:\/\/akiarabooks.com\/es\/#website","url":"https:\/\/akiarabooks.com\/es\/","name":"AKIARA books","description":"Llibres inspiradors per a petits i grans","publisher":{"@id":"https:\/\/akiarabooks.com\/es\/#organization"},"potentialAction":[{"@type":"SearchAction","target":{"@type":"EntryPoint","urlTemplate":"https:\/\/akiarabooks.com\/es\/?s={search_term_string}"},"query-input":{"@type":"PropertyValueSpecification","valueRequired":true,"valueName":"search_term_string"}}],"inLanguage":"es-ES"},{"@type":"Organization","@id":"https:\/\/akiarabooks.com\/es\/#organization","name":"AKIARA books","url":"https:\/\/akiarabooks.com\/es\/","logo":{"@type":"ImageObject","inLanguage":"es-ES","@id":"https:\/\/akiarabooks.com\/es\/#\/schema\/logo\/image\/","url":"https:\/\/akiarabooks.com\/wp-content\/uploads\/2018\/02\/cropped-akiara-black.png","contentUrl":"https:\/\/akiarabooks.com\/wp-content\/uploads\/2018\/02\/cropped-akiara-black.png","width":520,"height":236,"caption":"AKIARA books"},"image":{"@id":"https:\/\/akiarabooks.com\/es\/#\/schema\/logo\/image\/"}}]}},"_links":{"self":[{"href":"https:\/\/akiarabooks.com\/es\/wp-json\/wp\/v2\/product\/6912","targetHints":{"allow":["GET"]}}],"collection":[{"href":"https:\/\/akiarabooks.com\/es\/wp-json\/wp\/v2\/product"}],"about":[{"href":"https:\/\/akiarabooks.com\/es\/wp-json\/wp\/v2\/types\/product"}],"replies":[{"embeddable":true,"href":"https:\/\/akiarabooks.com\/es\/wp-json\/wp\/v2\/comments?post=6912"}],"wp:featuredmedia":[{"embeddable":true,"href":"https:\/\/akiarabooks.com\/es\/wp-json\/wp\/v2\/media\/6901"}],"wp:attachment":[{"href":"https:\/\/akiarabooks.com\/es\/wp-json\/wp\/v2\/media?parent=6912"}],"wp:term":[{"taxonomy":"product_brand","embeddable":true,"href":"https:\/\/akiarabooks.com\/es\/wp-json\/wp\/v2\/product_brand?post=6912"},{"taxonomy":"product_cat","embeddable":true,"href":"https:\/\/akiarabooks.com\/es\/wp-json\/wp\/v2\/product_cat?post=6912"},{"taxonomy":"product_tag","embeddable":true,"href":"https:\/\/akiarabooks.com\/es\/wp-json\/wp\/v2\/product_tag?post=6912"}],"curies":[{"name":"wp","href":"https:\/\/api.w.org\/{rel}","templated":true}]}}