{"id":8399,"date":"2020-10-13T15:19:18","date_gmt":"2020-10-13T13:45:03","guid":{"rendered":"https:\/\/akiarabooks.com\/?post_type=product&#038;p=8399"},"modified":"2025-02-16T14:45:13","modified_gmt":"2025-02-16T12:45:13","slug":"wangari-maathai-plantar-arboles-sembrar-ideas","status":"publish","type":"product","link":"https:\/\/akiarabooks.com\/es\/libro\/wangari-maathai-plantar-arboles-sembrar-ideas\/","title":{"rendered":"Wangari Maathai: Plantar \u00e1rboles, sembrar ideas"},"content":{"rendered":"<p>Wangari Maathai recibi\u00f3 el Premio Nobel de la Paz por su tarea pionera<br \/>\nal frente del Movimiento Green Belt, que transform\u00f3 el paisaje y la sociedad de Kenia con la plantaci\u00f3n de decenas de millones de \u00e1rboles y con su contribuci\u00f3n al empoderamiento de las mujeres y a la lucha por la democracia. Era la primera vez que el Nobel de la Paz reca\u00eda en una mujer africana, y tambi\u00e9n era la primera vez que este premio reconoc\u00eda la defensa del medio ambiente como elemento clave de la paz.<br \/>\nOfrecemos su discurso en edici\u00f3n biling\u00fce ingl\u00e9s-espa\u00f1ol, con un comentario en profundidad e ilustraciones que recrean la vitalidad de esta mujer excepcional.<\/p>\n","protected":false},"excerpt":{"rendered":"<p>Wangari Maathai recibi\u00f3 el Premio Nobel de la Paz por su tarea pionera al frente del Movimiento Green Belt, que transform\u00f3 el paisaje&hellip;<\/p>\n","protected":false},"featured_media":8391,"comment_status":"closed","ping_status":"closed","template":"","meta":{"_acf_changed":false},"product_brand":[],"product_cat":[697],"product_tag":[],"class_list":{"0":"post-8399","1":"product","2":"type-product","3":"status-publish","4":"has-post-thumbnail","6":"product_cat-akiparla","8":"first","9":"instock","10":"taxable","11":"shipping-taxable","12":"purchasable","13":"product-type-simple"},"acf":[],"yoast_head":"<!-- This site is optimized with the Yoast SEO plugin v27.1.1 - https:\/\/yoast.com\/product\/yoast-seo-wordpress\/ -->\n<title>Wangari Maathai: Plantar \u00e1rboles, sembrar ideas - AKIARA books<\/title>\n<meta name=\"robots\" content=\"index, follow, max-snippet:-1, max-image-preview:large, max-video-preview:-1\" \/>\n<link rel=\"canonical\" href=\"https:\/\/akiarabooks.com\/es\/libro\/wangari-maathai-plantar-arboles-sembrar-ideas\/\" \/>\n<meta property=\"og:locale\" content=\"es_ES\" \/>\n<meta property=\"og:type\" content=\"article\" \/>\n<meta property=\"og:title\" content=\"Wangari Maathai: Plantar \u00e1rboles, sembrar ideas - AKIARA books\" \/>\n<meta property=\"og:description\" content=\"Wangari Maathai recibi\u00f3 el Premio Nobel de la Paz por su tarea pionera al frente del Movimiento Green Belt, que transform\u00f3 el paisaje&hellip;\" \/>\n<meta property=\"og:url\" content=\"https:\/\/akiarabooks.com\/es\/libro\/wangari-maathai-plantar-arboles-sembrar-ideas\/\" \/>\n<meta property=\"og:site_name\" content=\"AKIARA books\" \/>\n<meta property=\"article:modified_time\" content=\"2025-02-16T12:45:13+00:00\" \/>\n<meta property=\"og:image\" content=\"https:\/\/akiarabooks.com\/wp-content\/uploads\/2020\/10\/AKIPARLA-5-Wangari-coberta-CAT-600x1000.jpg\" \/>\n\t<meta property=\"og:image:width\" content=\"600\" \/>\n\t<meta property=\"og:image:height\" content=\"1000\" \/>\n\t<meta property=\"og:image:type\" content=\"image\/jpeg\" \/>\n<meta name=\"twitter:card\" content=\"summary_large_image\" \/>\n<meta name=\"twitter:label1\" content=\"Est. reading time\" \/>\n\t<meta name=\"twitter:data1\" content=\"1 minute\" \/>\n<script type=\"application\/ld+json\" class=\"yoast-schema-graph\">{\"@context\":\"https:\/\/schema.org\",\"@graph\":[{\"@type\":\"WebPage\",\"@id\":\"https:\/\/akiarabooks.com\/es\/libro\/wangari-maathai-plantar-arboles-sembrar-ideas\/\",\"url\":\"https:\/\/akiarabooks.com\/es\/libro\/wangari-maathai-plantar-arboles-sembrar-ideas\/\",\"name\":\"Wangari Maathai: Plantar \u00e1rboles, sembrar ideas - AKIARA books\",\"isPartOf\":{\"@id\":\"https:\/\/akiarabooks.com\/es\/#website\"},\"primaryImageOfPage\":{\"@id\":\"https:\/\/akiarabooks.com\/es\/libro\/wangari-maathai-plantar-arboles-sembrar-ideas\/#primaryimage\"},\"image\":{\"@id\":\"https:\/\/akiarabooks.com\/es\/libro\/wangari-maathai-plantar-arboles-sembrar-ideas\/#primaryimage\"},\"thumbnailUrl\":\"https:\/\/akiarabooks.com\/wp-content\/uploads\/2020\/10\/AKIPARLA-5-Wangari-coberta-CAT.jpg\",\"datePublished\":\"2020-10-13T13:45:03+00:00\",\"dateModified\":\"2025-02-16T12:45:13+00:00\",\"breadcrumb\":{\"@id\":\"https:\/\/akiarabooks.com\/es\/libro\/wangari-maathai-plantar-arboles-sembrar-ideas\/#breadcrumb\"},\"inLanguage\":\"es-ES\",\"potentialAction\":[{\"@type\":\"ReadAction\",\"target\":[\"https:\/\/akiarabooks.com\/es\/libro\/wangari-maathai-plantar-arboles-sembrar-ideas\/\"]}]},{\"@type\":\"ImageObject\",\"inLanguage\":\"es-ES\",\"@id\":\"https:\/\/akiarabooks.com\/es\/libro\/wangari-maathai-plantar-arboles-sembrar-ideas\/#primaryimage\",\"url\":\"https:\/\/akiarabooks.com\/wp-content\/uploads\/2020\/10\/AKIPARLA-5-Wangari-coberta-CAT.jpg\",\"contentUrl\":\"https:\/\/akiarabooks.com\/wp-content\/uploads\/2020\/10\/AKIPARLA-5-Wangari-coberta-CAT.jpg\",\"width\":1417,\"height\":2362},{\"@type\":\"BreadcrumbList\",\"@id\":\"https:\/\/akiarabooks.com\/es\/libro\/wangari-maathai-plantar-arboles-sembrar-ideas\/#breadcrumb\",\"itemListElement\":[{\"@type\":\"ListItem\",\"position\":1,\"name\":\"Inici\",\"item\":\"https:\/\/akiarabooks.com\/es\/\"},{\"@type\":\"ListItem\",\"position\":2,\"name\":\"Libros\",\"item\":\"https:\/\/akiarabooks.com\/es\/libros\/\"},{\"@type\":\"ListItem\",\"position\":3,\"name\":\"Wangari Maathai: Plantar \u00e1rboles, sembrar ideas\"}]},{\"@type\":\"WebSite\",\"@id\":\"https:\/\/akiarabooks.com\/es\/#website\",\"url\":\"https:\/\/akiarabooks.com\/es\/\",\"name\":\"AKIARA books\",\"description\":\"Llibres inspiradors per a petits i grans\",\"publisher\":{\"@id\":\"https:\/\/akiarabooks.com\/es\/#organization\"},\"potentialAction\":[{\"@type\":\"SearchAction\",\"target\":{\"@type\":\"EntryPoint\",\"urlTemplate\":\"https:\/\/akiarabooks.com\/es\/?s={search_term_string}\"},\"query-input\":{\"@type\":\"PropertyValueSpecification\",\"valueRequired\":true,\"valueName\":\"search_term_string\"}}],\"inLanguage\":\"es-ES\"},{\"@type\":\"Organization\",\"@id\":\"https:\/\/akiarabooks.com\/es\/#organization\",\"name\":\"AKIARA books\",\"url\":\"https:\/\/akiarabooks.com\/es\/\",\"logo\":{\"@type\":\"ImageObject\",\"inLanguage\":\"es-ES\",\"@id\":\"https:\/\/akiarabooks.com\/es\/#\/schema\/logo\/image\/\",\"url\":\"https:\/\/akiarabooks.com\/wp-content\/uploads\/2018\/02\/cropped-akiara-black.png\",\"contentUrl\":\"https:\/\/akiarabooks.com\/wp-content\/uploads\/2018\/02\/cropped-akiara-black.png\",\"width\":520,\"height\":236,\"caption\":\"AKIARA books\"},\"image\":{\"@id\":\"https:\/\/akiarabooks.com\/es\/#\/schema\/logo\/image\/\"}}]}<\/script>\n<!-- \/ Yoast SEO plugin. -->","yoast_head_json":{"title":"Wangari Maathai: Plantar \u00e1rboles, sembrar ideas - AKIARA books","robots":{"index":"index","follow":"follow","max-snippet":"max-snippet:-1","max-image-preview":"max-image-preview:large","max-video-preview":"max-video-preview:-1"},"canonical":"https:\/\/akiarabooks.com\/es\/libro\/wangari-maathai-plantar-arboles-sembrar-ideas\/","og_locale":"es_ES","og_type":"article","og_title":"Wangari Maathai: Plantar \u00e1rboles, sembrar ideas - AKIARA books","og_description":"Wangari Maathai recibi\u00f3 el Premio Nobel de la Paz por su tarea pionera al frente del Movimiento Green Belt, que transform\u00f3 el paisaje&hellip;","og_url":"https:\/\/akiarabooks.com\/es\/libro\/wangari-maathai-plantar-arboles-sembrar-ideas\/","og_site_name":"AKIARA books","article_modified_time":"2025-02-16T12:45:13+00:00","og_image":[{"width":600,"height":1000,"url":"https:\/\/akiarabooks.com\/wp-content\/uploads\/2020\/10\/AKIPARLA-5-Wangari-coberta-CAT-600x1000.jpg","type":"image\/jpeg"}],"twitter_card":"summary_large_image","twitter_misc":{"Est. reading time":"1 minute"},"schema":{"@context":"https:\/\/schema.org","@graph":[{"@type":"WebPage","@id":"https:\/\/akiarabooks.com\/es\/libro\/wangari-maathai-plantar-arboles-sembrar-ideas\/","url":"https:\/\/akiarabooks.com\/es\/libro\/wangari-maathai-plantar-arboles-sembrar-ideas\/","name":"Wangari Maathai: Plantar \u00e1rboles, sembrar ideas - AKIARA books","isPartOf":{"@id":"https:\/\/akiarabooks.com\/es\/#website"},"primaryImageOfPage":{"@id":"https:\/\/akiarabooks.com\/es\/libro\/wangari-maathai-plantar-arboles-sembrar-ideas\/#primaryimage"},"image":{"@id":"https:\/\/akiarabooks.com\/es\/libro\/wangari-maathai-plantar-arboles-sembrar-ideas\/#primaryimage"},"thumbnailUrl":"https:\/\/akiarabooks.com\/wp-content\/uploads\/2020\/10\/AKIPARLA-5-Wangari-coberta-CAT.jpg","datePublished":"2020-10-13T13:45:03+00:00","dateModified":"2025-02-16T12:45:13+00:00","breadcrumb":{"@id":"https:\/\/akiarabooks.com\/es\/libro\/wangari-maathai-plantar-arboles-sembrar-ideas\/#breadcrumb"},"inLanguage":"es-ES","potentialAction":[{"@type":"ReadAction","target":["https:\/\/akiarabooks.com\/es\/libro\/wangari-maathai-plantar-arboles-sembrar-ideas\/"]}]},{"@type":"ImageObject","inLanguage":"es-ES","@id":"https:\/\/akiarabooks.com\/es\/libro\/wangari-maathai-plantar-arboles-sembrar-ideas\/#primaryimage","url":"https:\/\/akiarabooks.com\/wp-content\/uploads\/2020\/10\/AKIPARLA-5-Wangari-coberta-CAT.jpg","contentUrl":"https:\/\/akiarabooks.com\/wp-content\/uploads\/2020\/10\/AKIPARLA-5-Wangari-coberta-CAT.jpg","width":1417,"height":2362},{"@type":"BreadcrumbList","@id":"https:\/\/akiarabooks.com\/es\/libro\/wangari-maathai-plantar-arboles-sembrar-ideas\/#breadcrumb","itemListElement":[{"@type":"ListItem","position":1,"name":"Inici","item":"https:\/\/akiarabooks.com\/es\/"},{"@type":"ListItem","position":2,"name":"Libros","item":"https:\/\/akiarabooks.com\/es\/libros\/"},{"@type":"ListItem","position":3,"name":"Wangari Maathai: Plantar \u00e1rboles, sembrar ideas"}]},{"@type":"WebSite","@id":"https:\/\/akiarabooks.com\/es\/#website","url":"https:\/\/akiarabooks.com\/es\/","name":"AKIARA books","description":"Llibres inspiradors per a petits i grans","publisher":{"@id":"https:\/\/akiarabooks.com\/es\/#organization"},"potentialAction":[{"@type":"SearchAction","target":{"@type":"EntryPoint","urlTemplate":"https:\/\/akiarabooks.com\/es\/?s={search_term_string}"},"query-input":{"@type":"PropertyValueSpecification","valueRequired":true,"valueName":"search_term_string"}}],"inLanguage":"es-ES"},{"@type":"Organization","@id":"https:\/\/akiarabooks.com\/es\/#organization","name":"AKIARA books","url":"https:\/\/akiarabooks.com\/es\/","logo":{"@type":"ImageObject","inLanguage":"es-ES","@id":"https:\/\/akiarabooks.com\/es\/#\/schema\/logo\/image\/","url":"https:\/\/akiarabooks.com\/wp-content\/uploads\/2018\/02\/cropped-akiara-black.png","contentUrl":"https:\/\/akiarabooks.com\/wp-content\/uploads\/2018\/02\/cropped-akiara-black.png","width":520,"height":236,"caption":"AKIARA books"},"image":{"@id":"https:\/\/akiarabooks.com\/es\/#\/schema\/logo\/image\/"}}]}},"_links":{"self":[{"href":"https:\/\/akiarabooks.com\/es\/wp-json\/wp\/v2\/product\/8399","targetHints":{"allow":["GET"]}}],"collection":[{"href":"https:\/\/akiarabooks.com\/es\/wp-json\/wp\/v2\/product"}],"about":[{"href":"https:\/\/akiarabooks.com\/es\/wp-json\/wp\/v2\/types\/product"}],"replies":[{"embeddable":true,"href":"https:\/\/akiarabooks.com\/es\/wp-json\/wp\/v2\/comments?post=8399"}],"wp:featuredmedia":[{"embeddable":true,"href":"https:\/\/akiarabooks.com\/es\/wp-json\/wp\/v2\/media\/8391"}],"wp:attachment":[{"href":"https:\/\/akiarabooks.com\/es\/wp-json\/wp\/v2\/media?parent=8399"}],"wp:term":[{"taxonomy":"product_brand","embeddable":true,"href":"https:\/\/akiarabooks.com\/es\/wp-json\/wp\/v2\/product_brand?post=8399"},{"taxonomy":"product_cat","embeddable":true,"href":"https:\/\/akiarabooks.com\/es\/wp-json\/wp\/v2\/product_cat?post=8399"},{"taxonomy":"product_tag","embeddable":true,"href":"https:\/\/akiarabooks.com\/es\/wp-json\/wp\/v2\/product_tag?post=8399"}],"curies":[{"name":"wp","href":"https:\/\/api.w.org\/{rel}","templated":true}]}}