{"id":8519,"date":"2020-10-28T13:12:10","date_gmt":"2020-10-30T11:00:06","guid":{"rendered":"https:\/\/akiarabooks.com\/?post_type=product&#038;p=8519"},"modified":"2020-12-02T17:23:01","modified_gmt":"2020-12-02T15:23:01","slug":"una-pequena-semilla","status":"publish","type":"product","link":"https:\/\/akiarabooks.com\/es\/libro\/una-pequena-semilla\/","title":{"rendered":"Una peque\u00f1a semilla"},"content":{"rendered":"<p>Semilla que ser\u00e1 \u00e1rbol, \u00e1rbol que dar\u00e1 semillas.<br \/>\nCada p\u00e1gina de este libro es una historia<br \/>\nsobre la fertilidad de la tierra y el milagro de la vida.<\/p>\n<p>Puedes empezar por donde quieras,<br \/>\npor encima o por debajo de la superficie de la tierra,<br \/>\ny unirte as\u00ed al maravilloso ciclo de la naturaleza.<\/p>\n","protected":false},"excerpt":{"rendered":"<p>Semilla que ser\u00e1 \u00e1rbol, \u00e1rbol que dar\u00e1 semillas. Cada p\u00e1gina de este libro es una historia sobre la fertilidad de la tierra y&hellip;<\/p>\n","protected":false},"featured_media":8515,"comment_status":"closed","ping_status":"closed","template":"","meta":{"_acf_changed":false},"product_brand":[],"product_cat":[724],"product_tag":[],"class_list":{"0":"post-8519","1":"product","2":"type-product","3":"status-publish","4":"has-post-thumbnail","6":"product_cat-akipoeta-es","8":"first","9":"instock","10":"taxable","11":"shipping-taxable","12":"purchasable","13":"product-type-simple"},"acf":[],"yoast_head":"<!-- This site is optimized with the Yoast SEO plugin v27.1.1 - https:\/\/yoast.com\/product\/yoast-seo-wordpress\/ -->\n<title>Una peque\u00f1a semilla - AKIARA books<\/title>\n<meta name=\"robots\" content=\"index, follow, max-snippet:-1, max-image-preview:large, max-video-preview:-1\" \/>\n<link rel=\"canonical\" href=\"https:\/\/akiarabooks.com\/es\/libro\/una-pequena-semilla\/\" \/>\n<meta property=\"og:locale\" content=\"es_ES\" \/>\n<meta property=\"og:type\" content=\"article\" \/>\n<meta property=\"og:title\" content=\"Una peque\u00f1a semilla - AKIARA books\" \/>\n<meta property=\"og:description\" content=\"Semilla que ser\u00e1 \u00e1rbol, \u00e1rbol que dar\u00e1 semillas. Cada p\u00e1gina de este libro es una historia sobre la fertilidad de la tierra y&hellip;\" \/>\n<meta property=\"og:url\" content=\"https:\/\/akiarabooks.com\/es\/libro\/una-pequena-semilla\/\" \/>\n<meta property=\"og:site_name\" content=\"AKIARA books\" \/>\n<meta property=\"article:modified_time\" content=\"2020-12-02T15:23:01+00:00\" \/>\n<meta property=\"og:image\" content=\"https:\/\/akiarabooks.com\/wp-content\/uploads\/2020\/10\/UNA-PEQUE\u00d1A-SEMILLA_cubierta-ES-scaled.jpg\" \/>\n\t<meta property=\"og:image:width\" content=\"1536\" \/>\n\t<meta property=\"og:image:height\" content=\"2560\" \/>\n\t<meta property=\"og:image:type\" content=\"image\/jpeg\" \/>\n<meta name=\"twitter:card\" content=\"summary_large_image\" \/>\n<script type=\"application\/ld+json\" class=\"yoast-schema-graph\">{\"@context\":\"https:\/\/schema.org\",\"@graph\":[{\"@type\":\"WebPage\",\"@id\":\"https:\/\/akiarabooks.com\/es\/libro\/una-pequena-semilla\/\",\"url\":\"https:\/\/akiarabooks.com\/es\/libro\/una-pequena-semilla\/\",\"name\":\"Una peque\u00f1a semilla - AKIARA books\",\"isPartOf\":{\"@id\":\"https:\/\/akiarabooks.com\/es\/#website\"},\"primaryImageOfPage\":{\"@id\":\"https:\/\/akiarabooks.com\/es\/libro\/una-pequena-semilla\/#primaryimage\"},\"image\":{\"@id\":\"https:\/\/akiarabooks.com\/es\/libro\/una-pequena-semilla\/#primaryimage\"},\"thumbnailUrl\":\"https:\/\/akiarabooks.com\/wp-content\/uploads\/2020\/10\/UNA-PEQUE\u00d1A-SEMILLA_cubierta-ES-scaled.jpg\",\"datePublished\":\"2020-10-30T11:00:06+00:00\",\"dateModified\":\"2020-12-02T15:23:01+00:00\",\"breadcrumb\":{\"@id\":\"https:\/\/akiarabooks.com\/es\/libro\/una-pequena-semilla\/#breadcrumb\"},\"inLanguage\":\"es-ES\",\"potentialAction\":[{\"@type\":\"ReadAction\",\"target\":[\"https:\/\/akiarabooks.com\/es\/libro\/una-pequena-semilla\/\"]}]},{\"@type\":\"ImageObject\",\"inLanguage\":\"es-ES\",\"@id\":\"https:\/\/akiarabooks.com\/es\/libro\/una-pequena-semilla\/#primaryimage\",\"url\":\"https:\/\/akiarabooks.com\/wp-content\/uploads\/2020\/10\/UNA-PEQUE\u00d1A-SEMILLA_cubierta-ES-scaled.jpg\",\"contentUrl\":\"https:\/\/akiarabooks.com\/wp-content\/uploads\/2020\/10\/UNA-PEQUE\u00d1A-SEMILLA_cubierta-ES-scaled.jpg\",\"width\":1536,\"height\":2560},{\"@type\":\"BreadcrumbList\",\"@id\":\"https:\/\/akiarabooks.com\/es\/libro\/una-pequena-semilla\/#breadcrumb\",\"itemListElement\":[{\"@type\":\"ListItem\",\"position\":1,\"name\":\"Inici\",\"item\":\"https:\/\/akiarabooks.com\/es\/\"},{\"@type\":\"ListItem\",\"position\":2,\"name\":\"Libros\",\"item\":\"https:\/\/akiarabooks.com\/es\/libros\/\"},{\"@type\":\"ListItem\",\"position\":3,\"name\":\"Una peque\u00f1a semilla\"}]},{\"@type\":\"WebSite\",\"@id\":\"https:\/\/akiarabooks.com\/es\/#website\",\"url\":\"https:\/\/akiarabooks.com\/es\/\",\"name\":\"AKIARA books\",\"description\":\"Llibres inspiradors per a petits i grans\",\"publisher\":{\"@id\":\"https:\/\/akiarabooks.com\/es\/#organization\"},\"potentialAction\":[{\"@type\":\"SearchAction\",\"target\":{\"@type\":\"EntryPoint\",\"urlTemplate\":\"https:\/\/akiarabooks.com\/es\/?s={search_term_string}\"},\"query-input\":{\"@type\":\"PropertyValueSpecification\",\"valueRequired\":true,\"valueName\":\"search_term_string\"}}],\"inLanguage\":\"es-ES\"},{\"@type\":\"Organization\",\"@id\":\"https:\/\/akiarabooks.com\/es\/#organization\",\"name\":\"AKIARA books\",\"url\":\"https:\/\/akiarabooks.com\/es\/\",\"logo\":{\"@type\":\"ImageObject\",\"inLanguage\":\"es-ES\",\"@id\":\"https:\/\/akiarabooks.com\/es\/#\/schema\/logo\/image\/\",\"url\":\"https:\/\/akiarabooks.com\/wp-content\/uploads\/2018\/02\/cropped-akiara-black.png\",\"contentUrl\":\"https:\/\/akiarabooks.com\/wp-content\/uploads\/2018\/02\/cropped-akiara-black.png\",\"width\":520,\"height\":236,\"caption\":\"AKIARA books\"},\"image\":{\"@id\":\"https:\/\/akiarabooks.com\/es\/#\/schema\/logo\/image\/\"}}]}<\/script>\n<!-- \/ Yoast SEO plugin. -->","yoast_head_json":{"title":"Una peque\u00f1a semilla - AKIARA books","robots":{"index":"index","follow":"follow","max-snippet":"max-snippet:-1","max-image-preview":"max-image-preview:large","max-video-preview":"max-video-preview:-1"},"canonical":"https:\/\/akiarabooks.com\/es\/libro\/una-pequena-semilla\/","og_locale":"es_ES","og_type":"article","og_title":"Una peque\u00f1a semilla - AKIARA books","og_description":"Semilla que ser\u00e1 \u00e1rbol, \u00e1rbol que dar\u00e1 semillas. Cada p\u00e1gina de este libro es una historia sobre la fertilidad de la tierra y&hellip;","og_url":"https:\/\/akiarabooks.com\/es\/libro\/una-pequena-semilla\/","og_site_name":"AKIARA books","article_modified_time":"2020-12-02T15:23:01+00:00","og_image":[{"width":1536,"height":2560,"url":"https:\/\/akiarabooks.com\/wp-content\/uploads\/2020\/10\/UNA-PEQUE\u00d1A-SEMILLA_cubierta-ES-scaled.jpg","type":"image\/jpeg"}],"twitter_card":"summary_large_image","schema":{"@context":"https:\/\/schema.org","@graph":[{"@type":"WebPage","@id":"https:\/\/akiarabooks.com\/es\/libro\/una-pequena-semilla\/","url":"https:\/\/akiarabooks.com\/es\/libro\/una-pequena-semilla\/","name":"Una peque\u00f1a semilla - AKIARA books","isPartOf":{"@id":"https:\/\/akiarabooks.com\/es\/#website"},"primaryImageOfPage":{"@id":"https:\/\/akiarabooks.com\/es\/libro\/una-pequena-semilla\/#primaryimage"},"image":{"@id":"https:\/\/akiarabooks.com\/es\/libro\/una-pequena-semilla\/#primaryimage"},"thumbnailUrl":"https:\/\/akiarabooks.com\/wp-content\/uploads\/2020\/10\/UNA-PEQUE\u00d1A-SEMILLA_cubierta-ES-scaled.jpg","datePublished":"2020-10-30T11:00:06+00:00","dateModified":"2020-12-02T15:23:01+00:00","breadcrumb":{"@id":"https:\/\/akiarabooks.com\/es\/libro\/una-pequena-semilla\/#breadcrumb"},"inLanguage":"es-ES","potentialAction":[{"@type":"ReadAction","target":["https:\/\/akiarabooks.com\/es\/libro\/una-pequena-semilla\/"]}]},{"@type":"ImageObject","inLanguage":"es-ES","@id":"https:\/\/akiarabooks.com\/es\/libro\/una-pequena-semilla\/#primaryimage","url":"https:\/\/akiarabooks.com\/wp-content\/uploads\/2020\/10\/UNA-PEQUE\u00d1A-SEMILLA_cubierta-ES-scaled.jpg","contentUrl":"https:\/\/akiarabooks.com\/wp-content\/uploads\/2020\/10\/UNA-PEQUE\u00d1A-SEMILLA_cubierta-ES-scaled.jpg","width":1536,"height":2560},{"@type":"BreadcrumbList","@id":"https:\/\/akiarabooks.com\/es\/libro\/una-pequena-semilla\/#breadcrumb","itemListElement":[{"@type":"ListItem","position":1,"name":"Inici","item":"https:\/\/akiarabooks.com\/es\/"},{"@type":"ListItem","position":2,"name":"Libros","item":"https:\/\/akiarabooks.com\/es\/libros\/"},{"@type":"ListItem","position":3,"name":"Una peque\u00f1a semilla"}]},{"@type":"WebSite","@id":"https:\/\/akiarabooks.com\/es\/#website","url":"https:\/\/akiarabooks.com\/es\/","name":"AKIARA books","description":"Llibres inspiradors per a petits i grans","publisher":{"@id":"https:\/\/akiarabooks.com\/es\/#organization"},"potentialAction":[{"@type":"SearchAction","target":{"@type":"EntryPoint","urlTemplate":"https:\/\/akiarabooks.com\/es\/?s={search_term_string}"},"query-input":{"@type":"PropertyValueSpecification","valueRequired":true,"valueName":"search_term_string"}}],"inLanguage":"es-ES"},{"@type":"Organization","@id":"https:\/\/akiarabooks.com\/es\/#organization","name":"AKIARA books","url":"https:\/\/akiarabooks.com\/es\/","logo":{"@type":"ImageObject","inLanguage":"es-ES","@id":"https:\/\/akiarabooks.com\/es\/#\/schema\/logo\/image\/","url":"https:\/\/akiarabooks.com\/wp-content\/uploads\/2018\/02\/cropped-akiara-black.png","contentUrl":"https:\/\/akiarabooks.com\/wp-content\/uploads\/2018\/02\/cropped-akiara-black.png","width":520,"height":236,"caption":"AKIARA books"},"image":{"@id":"https:\/\/akiarabooks.com\/es\/#\/schema\/logo\/image\/"}}]}},"_links":{"self":[{"href":"https:\/\/akiarabooks.com\/es\/wp-json\/wp\/v2\/product\/8519","targetHints":{"allow":["GET"]}}],"collection":[{"href":"https:\/\/akiarabooks.com\/es\/wp-json\/wp\/v2\/product"}],"about":[{"href":"https:\/\/akiarabooks.com\/es\/wp-json\/wp\/v2\/types\/product"}],"replies":[{"embeddable":true,"href":"https:\/\/akiarabooks.com\/es\/wp-json\/wp\/v2\/comments?post=8519"}],"wp:featuredmedia":[{"embeddable":true,"href":"https:\/\/akiarabooks.com\/es\/wp-json\/wp\/v2\/media\/8515"}],"wp:attachment":[{"href":"https:\/\/akiarabooks.com\/es\/wp-json\/wp\/v2\/media?parent=8519"}],"wp:term":[{"taxonomy":"product_brand","embeddable":true,"href":"https:\/\/akiarabooks.com\/es\/wp-json\/wp\/v2\/product_brand?post=8519"},{"taxonomy":"product_cat","embeddable":true,"href":"https:\/\/akiarabooks.com\/es\/wp-json\/wp\/v2\/product_cat?post=8519"},{"taxonomy":"product_tag","embeddable":true,"href":"https:\/\/akiarabooks.com\/es\/wp-json\/wp\/v2\/product_tag?post=8519"}],"curies":[{"name":"wp","href":"https:\/\/api.w.org\/{rel}","templated":true}]}}