{"id":9765,"date":"2021-10-26T15:19:25","date_gmt":"2021-10-26T13:26:05","guid":{"rendered":"https:\/\/akiarabooks.com\/?post_type=product&#038;p=9765"},"modified":"2021-12-18T01:32:49","modified_gmt":"2021-12-17T23:32:49","slug":"frederick-douglass-debo-argumentar-el-sinsentido-de-la-esclavitud","status":"publish","type":"product","link":"https:\/\/akiarabooks.com\/es\/libro\/frederick-douglass-debo-argumentar-el-sinsentido-de-la-esclavitud\/","title":{"rendered":"Frederick Douglass: \u00bfDebo argumentar el sinsentido de la esclavitud?"},"content":{"rendered":"<p>Con motivo de la celebraci\u00f3n del 4 de julio, D\u00eda de la Independencia de los Estados Unidos, el exesclavo Frederick Douglass es invitado a pronunciar un discurso. Su tono es inteligente y culto; su oratoria, brillante. Douglass formula preguntas de gran potencia ret\u00f3rica, muchas veces ir\u00f3nicas. \u00bfPor qu\u00e9 lo han escogido a \u00e9l para hablar en la fiesta de la independencia de los blancos? \u00bfEs necesario argumentar que un esclavo es un ser humano? Con ejemplos concretos y descripciones emotivas, Douglass saca a la luz la hipocres\u00eda de sus conciudadanos y el horror de la esclavitud en uno de los discursos m\u00e1s famosos de la historia de los Estados Unidos, del que cada a\u00f1o se realizan lecturas p\u00fablicas.<\/p>\n","protected":false},"excerpt":{"rendered":"<p>Con motivo de la celebraci\u00f3n del 4 de julio, D\u00eda de la Independencia de los Estados Unidos, el exesclavo Frederick Douglass es invitado&hellip;<\/p>\n","protected":false},"featured_media":9752,"comment_status":"closed","ping_status":"closed","template":"","meta":{"_acf_changed":false},"product_brand":[],"product_cat":[697],"product_tag":[],"class_list":{"0":"post-9765","1":"product","2":"type-product","3":"status-publish","4":"has-post-thumbnail","6":"product_cat-akiparla","8":"first","9":"instock","10":"taxable","11":"shipping-taxable","12":"purchasable","13":"product-type-simple"},"acf":[],"yoast_head":"<!-- This site is optimized with the Yoast SEO plugin v27.1.1 - https:\/\/yoast.com\/product\/yoast-seo-wordpress\/ -->\n<title>Frederick Douglass: \u00bfDebo argumentar el sinsentido de la esclavitud? - AKIARA books<\/title>\n<meta name=\"robots\" content=\"index, follow, max-snippet:-1, max-image-preview:large, max-video-preview:-1\" \/>\n<link rel=\"canonical\" href=\"https:\/\/akiarabooks.com\/es\/libro\/frederick-douglass-debo-argumentar-el-sinsentido-de-la-esclavitud\/\" \/>\n<meta property=\"og:locale\" content=\"es_ES\" \/>\n<meta property=\"og:type\" content=\"article\" \/>\n<meta property=\"og:title\" content=\"Frederick Douglass: \u00bfDebo argumentar el sinsentido de la esclavitud? - AKIARA books\" \/>\n<meta property=\"og:description\" content=\"Con motivo de la celebraci\u00f3n del 4 de julio, D\u00eda de la Independencia de los Estados Unidos, el exesclavo Frederick Douglass es invitado&hellip;\" \/>\n<meta property=\"og:url\" content=\"https:\/\/akiarabooks.com\/es\/libro\/frederick-douglass-debo-argumentar-el-sinsentido-de-la-esclavitud\/\" \/>\n<meta property=\"og:site_name\" content=\"AKIARA books\" \/>\n<meta property=\"article:modified_time\" content=\"2021-12-17T23:32:49+00:00\" \/>\n<meta property=\"og:image\" content=\"https:\/\/akiarabooks.com\/wp-content\/uploads\/2021\/10\/AKIPARLA-8-Douglass_cubierta_ES-1.jpg\" \/>\n\t<meta property=\"og:image:width\" content=\"1417\" \/>\n\t<meta property=\"og:image:height\" content=\"2361\" \/>\n\t<meta property=\"og:image:type\" content=\"image\/jpeg\" \/>\n<meta name=\"twitter:card\" content=\"summary_large_image\" \/>\n<meta name=\"twitter:label1\" content=\"Est. reading time\" \/>\n\t<meta name=\"twitter:data1\" content=\"1 minute\" \/>\n<script type=\"application\/ld+json\" class=\"yoast-schema-graph\">{\"@context\":\"https:\/\/schema.org\",\"@graph\":[{\"@type\":\"WebPage\",\"@id\":\"https:\/\/akiarabooks.com\/es\/libro\/frederick-douglass-debo-argumentar-el-sinsentido-de-la-esclavitud\/\",\"url\":\"https:\/\/akiarabooks.com\/es\/libro\/frederick-douglass-debo-argumentar-el-sinsentido-de-la-esclavitud\/\",\"name\":\"Frederick Douglass: \u00bfDebo argumentar el sinsentido de la esclavitud? - AKIARA books\",\"isPartOf\":{\"@id\":\"https:\/\/akiarabooks.com\/es\/#website\"},\"primaryImageOfPage\":{\"@id\":\"https:\/\/akiarabooks.com\/es\/libro\/frederick-douglass-debo-argumentar-el-sinsentido-de-la-esclavitud\/#primaryimage\"},\"image\":{\"@id\":\"https:\/\/akiarabooks.com\/es\/libro\/frederick-douglass-debo-argumentar-el-sinsentido-de-la-esclavitud\/#primaryimage\"},\"thumbnailUrl\":\"https:\/\/akiarabooks.com\/wp-content\/uploads\/2021\/10\/AKIPARLA-8-Douglass_coberta_CAT.jpg\",\"datePublished\":\"2021-10-26T13:26:05+00:00\",\"dateModified\":\"2021-12-17T23:32:49+00:00\",\"breadcrumb\":{\"@id\":\"https:\/\/akiarabooks.com\/es\/libro\/frederick-douglass-debo-argumentar-el-sinsentido-de-la-esclavitud\/#breadcrumb\"},\"inLanguage\":\"es-ES\",\"potentialAction\":[{\"@type\":\"ReadAction\",\"target\":[\"https:\/\/akiarabooks.com\/es\/libro\/frederick-douglass-debo-argumentar-el-sinsentido-de-la-esclavitud\/\"]}]},{\"@type\":\"ImageObject\",\"inLanguage\":\"es-ES\",\"@id\":\"https:\/\/akiarabooks.com\/es\/libro\/frederick-douglass-debo-argumentar-el-sinsentido-de-la-esclavitud\/#primaryimage\",\"url\":\"https:\/\/akiarabooks.com\/wp-content\/uploads\/2021\/10\/AKIPARLA-8-Douglass_coberta_CAT.jpg\",\"contentUrl\":\"https:\/\/akiarabooks.com\/wp-content\/uploads\/2021\/10\/AKIPARLA-8-Douglass_coberta_CAT.jpg\",\"width\":1417,\"height\":2361},{\"@type\":\"BreadcrumbList\",\"@id\":\"https:\/\/akiarabooks.com\/es\/libro\/frederick-douglass-debo-argumentar-el-sinsentido-de-la-esclavitud\/#breadcrumb\",\"itemListElement\":[{\"@type\":\"ListItem\",\"position\":1,\"name\":\"Inici\",\"item\":\"https:\/\/akiarabooks.com\/es\/\"},{\"@type\":\"ListItem\",\"position\":2,\"name\":\"Libros\",\"item\":\"https:\/\/akiarabooks.com\/es\/libros\/\"},{\"@type\":\"ListItem\",\"position\":3,\"name\":\"Frederick Douglass: \u00bfDebo argumentar el sinsentido de la esclavitud?\"}]},{\"@type\":\"WebSite\",\"@id\":\"https:\/\/akiarabooks.com\/es\/#website\",\"url\":\"https:\/\/akiarabooks.com\/es\/\",\"name\":\"AKIARA books\",\"description\":\"Llibres inspiradors per a petits i grans\",\"publisher\":{\"@id\":\"https:\/\/akiarabooks.com\/es\/#organization\"},\"potentialAction\":[{\"@type\":\"SearchAction\",\"target\":{\"@type\":\"EntryPoint\",\"urlTemplate\":\"https:\/\/akiarabooks.com\/es\/?s={search_term_string}\"},\"query-input\":{\"@type\":\"PropertyValueSpecification\",\"valueRequired\":true,\"valueName\":\"search_term_string\"}}],\"inLanguage\":\"es-ES\"},{\"@type\":\"Organization\",\"@id\":\"https:\/\/akiarabooks.com\/es\/#organization\",\"name\":\"AKIARA books\",\"url\":\"https:\/\/akiarabooks.com\/es\/\",\"logo\":{\"@type\":\"ImageObject\",\"inLanguage\":\"es-ES\",\"@id\":\"https:\/\/akiarabooks.com\/es\/#\/schema\/logo\/image\/\",\"url\":\"https:\/\/akiarabooks.com\/wp-content\/uploads\/2018\/02\/cropped-akiara-black.png\",\"contentUrl\":\"https:\/\/akiarabooks.com\/wp-content\/uploads\/2018\/02\/cropped-akiara-black.png\",\"width\":520,\"height\":236,\"caption\":\"AKIARA books\"},\"image\":{\"@id\":\"https:\/\/akiarabooks.com\/es\/#\/schema\/logo\/image\/\"}}]}<\/script>\n<!-- \/ Yoast SEO plugin. -->","yoast_head_json":{"title":"Frederick Douglass: \u00bfDebo argumentar el sinsentido de la esclavitud? - AKIARA books","robots":{"index":"index","follow":"follow","max-snippet":"max-snippet:-1","max-image-preview":"max-image-preview:large","max-video-preview":"max-video-preview:-1"},"canonical":"https:\/\/akiarabooks.com\/es\/libro\/frederick-douglass-debo-argumentar-el-sinsentido-de-la-esclavitud\/","og_locale":"es_ES","og_type":"article","og_title":"Frederick Douglass: \u00bfDebo argumentar el sinsentido de la esclavitud? - AKIARA books","og_description":"Con motivo de la celebraci\u00f3n del 4 de julio, D\u00eda de la Independencia de los Estados Unidos, el exesclavo Frederick Douglass es invitado&hellip;","og_url":"https:\/\/akiarabooks.com\/es\/libro\/frederick-douglass-debo-argumentar-el-sinsentido-de-la-esclavitud\/","og_site_name":"AKIARA books","article_modified_time":"2021-12-17T23:32:49+00:00","og_image":[{"width":1417,"height":2361,"url":"https:\/\/akiarabooks.com\/wp-content\/uploads\/2021\/10\/AKIPARLA-8-Douglass_cubierta_ES-1.jpg","type":"image\/jpeg"}],"twitter_card":"summary_large_image","twitter_misc":{"Est. reading time":"1 minute"},"schema":{"@context":"https:\/\/schema.org","@graph":[{"@type":"WebPage","@id":"https:\/\/akiarabooks.com\/es\/libro\/frederick-douglass-debo-argumentar-el-sinsentido-de-la-esclavitud\/","url":"https:\/\/akiarabooks.com\/es\/libro\/frederick-douglass-debo-argumentar-el-sinsentido-de-la-esclavitud\/","name":"Frederick Douglass: \u00bfDebo argumentar el sinsentido de la esclavitud? - AKIARA books","isPartOf":{"@id":"https:\/\/akiarabooks.com\/es\/#website"},"primaryImageOfPage":{"@id":"https:\/\/akiarabooks.com\/es\/libro\/frederick-douglass-debo-argumentar-el-sinsentido-de-la-esclavitud\/#primaryimage"},"image":{"@id":"https:\/\/akiarabooks.com\/es\/libro\/frederick-douglass-debo-argumentar-el-sinsentido-de-la-esclavitud\/#primaryimage"},"thumbnailUrl":"https:\/\/akiarabooks.com\/wp-content\/uploads\/2021\/10\/AKIPARLA-8-Douglass_coberta_CAT.jpg","datePublished":"2021-10-26T13:26:05+00:00","dateModified":"2021-12-17T23:32:49+00:00","breadcrumb":{"@id":"https:\/\/akiarabooks.com\/es\/libro\/frederick-douglass-debo-argumentar-el-sinsentido-de-la-esclavitud\/#breadcrumb"},"inLanguage":"es-ES","potentialAction":[{"@type":"ReadAction","target":["https:\/\/akiarabooks.com\/es\/libro\/frederick-douglass-debo-argumentar-el-sinsentido-de-la-esclavitud\/"]}]},{"@type":"ImageObject","inLanguage":"es-ES","@id":"https:\/\/akiarabooks.com\/es\/libro\/frederick-douglass-debo-argumentar-el-sinsentido-de-la-esclavitud\/#primaryimage","url":"https:\/\/akiarabooks.com\/wp-content\/uploads\/2021\/10\/AKIPARLA-8-Douglass_coberta_CAT.jpg","contentUrl":"https:\/\/akiarabooks.com\/wp-content\/uploads\/2021\/10\/AKIPARLA-8-Douglass_coberta_CAT.jpg","width":1417,"height":2361},{"@type":"BreadcrumbList","@id":"https:\/\/akiarabooks.com\/es\/libro\/frederick-douglass-debo-argumentar-el-sinsentido-de-la-esclavitud\/#breadcrumb","itemListElement":[{"@type":"ListItem","position":1,"name":"Inici","item":"https:\/\/akiarabooks.com\/es\/"},{"@type":"ListItem","position":2,"name":"Libros","item":"https:\/\/akiarabooks.com\/es\/libros\/"},{"@type":"ListItem","position":3,"name":"Frederick Douglass: \u00bfDebo argumentar el sinsentido de la esclavitud?"}]},{"@type":"WebSite","@id":"https:\/\/akiarabooks.com\/es\/#website","url":"https:\/\/akiarabooks.com\/es\/","name":"AKIARA books","description":"Llibres inspiradors per a petits i grans","publisher":{"@id":"https:\/\/akiarabooks.com\/es\/#organization"},"potentialAction":[{"@type":"SearchAction","target":{"@type":"EntryPoint","urlTemplate":"https:\/\/akiarabooks.com\/es\/?s={search_term_string}"},"query-input":{"@type":"PropertyValueSpecification","valueRequired":true,"valueName":"search_term_string"}}],"inLanguage":"es-ES"},{"@type":"Organization","@id":"https:\/\/akiarabooks.com\/es\/#organization","name":"AKIARA books","url":"https:\/\/akiarabooks.com\/es\/","logo":{"@type":"ImageObject","inLanguage":"es-ES","@id":"https:\/\/akiarabooks.com\/es\/#\/schema\/logo\/image\/","url":"https:\/\/akiarabooks.com\/wp-content\/uploads\/2018\/02\/cropped-akiara-black.png","contentUrl":"https:\/\/akiarabooks.com\/wp-content\/uploads\/2018\/02\/cropped-akiara-black.png","width":520,"height":236,"caption":"AKIARA books"},"image":{"@id":"https:\/\/akiarabooks.com\/es\/#\/schema\/logo\/image\/"}}]}},"_links":{"self":[{"href":"https:\/\/akiarabooks.com\/es\/wp-json\/wp\/v2\/product\/9765","targetHints":{"allow":["GET"]}}],"collection":[{"href":"https:\/\/akiarabooks.com\/es\/wp-json\/wp\/v2\/product"}],"about":[{"href":"https:\/\/akiarabooks.com\/es\/wp-json\/wp\/v2\/types\/product"}],"replies":[{"embeddable":true,"href":"https:\/\/akiarabooks.com\/es\/wp-json\/wp\/v2\/comments?post=9765"}],"wp:featuredmedia":[{"embeddable":true,"href":"https:\/\/akiarabooks.com\/es\/wp-json\/wp\/v2\/media\/9752"}],"wp:attachment":[{"href":"https:\/\/akiarabooks.com\/es\/wp-json\/wp\/v2\/media?parent=9765"}],"wp:term":[{"taxonomy":"product_brand","embeddable":true,"href":"https:\/\/akiarabooks.com\/es\/wp-json\/wp\/v2\/product_brand?post=9765"},{"taxonomy":"product_cat","embeddable":true,"href":"https:\/\/akiarabooks.com\/es\/wp-json\/wp\/v2\/product_cat?post=9765"},{"taxonomy":"product_tag","embeddable":true,"href":"https:\/\/akiarabooks.com\/es\/wp-json\/wp\/v2\/product_tag?post=9765"}],"curies":[{"name":"wp","href":"https:\/\/api.w.org\/{rel}","templated":true}]}}