{"id":3865,"date":"2016-12-30T02:12:47","date_gmt":"2016-12-30T02:12:47","guid":{"rendered":"https:\/\/akiarabooks.com\/editorial\/"},"modified":"2024-03-24T21:02:19","modified_gmt":"2024-03-24T19:02:19","slug":"editora","status":"publish","type":"page","link":"https:\/\/akiarabooks.com\/pt\/editora\/","title":{"rendered":"Editora"},"content":{"rendered":"<p>AKIARA nasceu em Barcelona em 2018 pela m\u00e3o de In\u00eas Castel-Branco\u00a0como continua\u00e7\u00e3o da <a href=\"http:\/\/www.fragmenta.cat\/pt\/pequena_fragmenta\/pequena-fragmenta_438340\">Pequena Fragmenta<\/a>, a cole\u00e7\u00e3o infantil da Fragmenta que a editora tinha criado e dirigido desde 2015.<\/p>\n<p>AKIARA soa como a contra\u00e7\u00e3o de \u00abaqui e agora\u00bb (mas escreve-se com K, a letra mais brincalhona para as crian\u00e7as) e tamb\u00e9m faz alus\u00e3o ao nome japon\u00eas Akira <span class=\"trn\">\u660e<\/span>, que significa \u2018luminoso, luminosa\u2019.<\/p>\n<p>A AKIARA publica exclusivamente <strong>livros de produ\u00e7\u00e3o pr\u00f3pria<\/strong>, cuidadosamente escritos e ilustrados, para crian\u00e7as e jovens de todas as idades, orientados a cultivar a interioridade e a qualidade humana.<\/p>\n<p>Com textos e ilustra\u00e7\u00f5es inspiradores, os livros da AKIARA ampliam horizontes e despertam a capacidade de maravilhar-se diante do mundo, ao mesmo tempo que estimulam a arte de ler, de pensar, de argumentar, de contemplar e de conhecer-se a si pr\u00f3prio\/a.<\/p>\n<p>Trabalhamos com crit\u00e9rios de <strong>sustentabilidade<\/strong>, minimizando o uso de pl\u00e1sticos e o impacto ambiental. Imprimimos localmente (nunca o fizemos na China) e sobre papel certificado FSC.<\/p>\n<p>Os nossos livros, publicados em portugu\u00eas, espanhol e catal\u00e3o, s\u00e3o apreciados internacionalmente e j\u00e1 foram <strong>traduzidos para mais de uma quinzena de l\u00ednguas<\/strong>: ingl\u00eas (Estados Unidos), franc\u00eas (Fran\u00e7a e Quebeque), italiano, alem\u00e3o (Alemanha e Su\u00ed\u00e7a), polaco, dinamarqu\u00eas, lituano, russo, ucraniano, grego, turco, persa, portugu\u00eas do Brasil, japon\u00eas, coreano e chin\u00eas.<\/p>\n<p><a href=\"https:\/\/akiarabooks.com\/pt\/nos-ecoeditamos\/\">QUER CONHECER OS NOSSOS PRINC\u00cdPIOS DE ECOEDI\u00c7\u00c3O?<\/a><\/p>\n","protected":false},"excerpt":{"rendered":"<p>AKIARA nasceu em Barcelona em 2018 pela m\u00e3o de In\u00eas Castel-Branco\u00a0como continua\u00e7\u00e3o da Pequena Fragmenta, a cole\u00e7\u00e3o infantil da Fragmenta que a editora&hellip;<\/p>\n","protected":false},"author":7,"featured_media":0,"parent":0,"menu_order":0,"comment_status":"closed","ping_status":"closed","template":"page-templates\/editorial.php","meta":{"_acf_changed":false,"footnotes":""},"class_list":["post-3865","page","type-page","status-publish","hentry"],"acf":[],"yoast_head":"<!-- This site is optimized with the Yoast SEO plugin v27.1.1 - https:\/\/yoast.com\/product\/yoast-seo-wordpress\/ -->\n<title>Editora - AKIARA books<\/title>\n<meta name=\"robots\" content=\"index, follow, max-snippet:-1, max-image-preview:large, max-video-preview:-1\" \/>\n<link rel=\"canonical\" href=\"https:\/\/akiarabooks.com\/pt\/editora\/\" \/>\n<meta property=\"og:locale\" content=\"pt_PT\" \/>\n<meta property=\"og:type\" content=\"article\" \/>\n<meta property=\"og:title\" content=\"Editora - AKIARA books\" \/>\n<meta property=\"og:description\" content=\"AKIARA nasceu em Barcelona em 2018 pela m\u00e3o de In\u00eas Castel-Branco\u00a0como continua\u00e7\u00e3o da Pequena Fragmenta, a cole\u00e7\u00e3o infantil da Fragmenta que a editora&hellip;\" \/>\n<meta property=\"og:url\" content=\"https:\/\/akiarabooks.com\/pt\/editora\/\" \/>\n<meta property=\"og:site_name\" content=\"AKIARA books\" \/>\n<meta property=\"article:modified_time\" content=\"2024-03-24T19:02:19+00:00\" \/>\n<meta name=\"twitter:card\" content=\"summary_large_image\" \/>\n<meta name=\"twitter:label1\" content=\"Est. reading time\" \/>\n\t<meta name=\"twitter:data1\" content=\"2 minutes\" \/>\n<script type=\"application\/ld+json\" class=\"yoast-schema-graph\">{\"@context\":\"https:\/\/schema.org\",\"@graph\":[{\"@type\":\"WebPage\",\"@id\":\"https:\/\/akiarabooks.com\/pt\/editora\/\",\"url\":\"https:\/\/akiarabooks.com\/pt\/editora\/\",\"name\":\"Editora - AKIARA books\",\"isPartOf\":{\"@id\":\"https:\/\/akiarabooks.com\/pt\/#website\"},\"datePublished\":\"2016-12-30T02:12:47+00:00\",\"dateModified\":\"2024-03-24T19:02:19+00:00\",\"breadcrumb\":{\"@id\":\"https:\/\/akiarabooks.com\/pt\/editora\/#breadcrumb\"},\"inLanguage\":\"pt\",\"potentialAction\":[{\"@type\":\"ReadAction\",\"target\":[\"https:\/\/akiarabooks.com\/pt\/editora\/\"]}]},{\"@type\":\"BreadcrumbList\",\"@id\":\"https:\/\/akiarabooks.com\/pt\/editora\/#breadcrumb\",\"itemListElement\":[{\"@type\":\"ListItem\",\"position\":1,\"name\":\"Inici\",\"item\":\"https:\/\/akiarabooks.com\/pt\/\"},{\"@type\":\"ListItem\",\"position\":2,\"name\":\"Editora\"}]},{\"@type\":\"WebSite\",\"@id\":\"https:\/\/akiarabooks.com\/pt\/#website\",\"url\":\"https:\/\/akiarabooks.com\/pt\/\",\"name\":\"AKIARA books\",\"description\":\"Llibres inspiradors per a petits i grans\",\"publisher\":{\"@id\":\"https:\/\/akiarabooks.com\/pt\/#organization\"},\"potentialAction\":[{\"@type\":\"SearchAction\",\"target\":{\"@type\":\"EntryPoint\",\"urlTemplate\":\"https:\/\/akiarabooks.com\/pt\/?s={search_term_string}\"},\"query-input\":{\"@type\":\"PropertyValueSpecification\",\"valueRequired\":true,\"valueName\":\"search_term_string\"}}],\"inLanguage\":\"pt\"},{\"@type\":\"Organization\",\"@id\":\"https:\/\/akiarabooks.com\/pt\/#organization\",\"name\":\"AKIARA books\",\"url\":\"https:\/\/akiarabooks.com\/pt\/\",\"logo\":{\"@type\":\"ImageObject\",\"inLanguage\":\"pt\",\"@id\":\"https:\/\/akiarabooks.com\/pt\/#\/schema\/logo\/image\/\",\"url\":\"https:\/\/akiarabooks.com\/wp-content\/uploads\/2018\/02\/cropped-akiara-black.png\",\"contentUrl\":\"https:\/\/akiarabooks.com\/wp-content\/uploads\/2018\/02\/cropped-akiara-black.png\",\"width\":520,\"height\":236,\"caption\":\"AKIARA books\"},\"image\":{\"@id\":\"https:\/\/akiarabooks.com\/pt\/#\/schema\/logo\/image\/\"}}]}<\/script>\n<!-- \/ Yoast SEO plugin. -->","yoast_head_json":{"title":"Editora - AKIARA books","robots":{"index":"index","follow":"follow","max-snippet":"max-snippet:-1","max-image-preview":"max-image-preview:large","max-video-preview":"max-video-preview:-1"},"canonical":"https:\/\/akiarabooks.com\/pt\/editora\/","og_locale":"pt_PT","og_type":"article","og_title":"Editora - AKIARA books","og_description":"AKIARA nasceu em Barcelona em 2018 pela m\u00e3o de In\u00eas Castel-Branco\u00a0como continua\u00e7\u00e3o da Pequena Fragmenta, a cole\u00e7\u00e3o infantil da Fragmenta que a editora&hellip;","og_url":"https:\/\/akiarabooks.com\/pt\/editora\/","og_site_name":"AKIARA books","article_modified_time":"2024-03-24T19:02:19+00:00","twitter_card":"summary_large_image","twitter_misc":{"Est. reading time":"2 minutes"},"schema":{"@context":"https:\/\/schema.org","@graph":[{"@type":"WebPage","@id":"https:\/\/akiarabooks.com\/pt\/editora\/","url":"https:\/\/akiarabooks.com\/pt\/editora\/","name":"Editora - AKIARA books","isPartOf":{"@id":"https:\/\/akiarabooks.com\/pt\/#website"},"datePublished":"2016-12-30T02:12:47+00:00","dateModified":"2024-03-24T19:02:19+00:00","breadcrumb":{"@id":"https:\/\/akiarabooks.com\/pt\/editora\/#breadcrumb"},"inLanguage":"pt","potentialAction":[{"@type":"ReadAction","target":["https:\/\/akiarabooks.com\/pt\/editora\/"]}]},{"@type":"BreadcrumbList","@id":"https:\/\/akiarabooks.com\/pt\/editora\/#breadcrumb","itemListElement":[{"@type":"ListItem","position":1,"name":"Inici","item":"https:\/\/akiarabooks.com\/pt\/"},{"@type":"ListItem","position":2,"name":"Editora"}]},{"@type":"WebSite","@id":"https:\/\/akiarabooks.com\/pt\/#website","url":"https:\/\/akiarabooks.com\/pt\/","name":"AKIARA books","description":"Llibres inspiradors per a petits i grans","publisher":{"@id":"https:\/\/akiarabooks.com\/pt\/#organization"},"potentialAction":[{"@type":"SearchAction","target":{"@type":"EntryPoint","urlTemplate":"https:\/\/akiarabooks.com\/pt\/?s={search_term_string}"},"query-input":{"@type":"PropertyValueSpecification","valueRequired":true,"valueName":"search_term_string"}}],"inLanguage":"pt"},{"@type":"Organization","@id":"https:\/\/akiarabooks.com\/pt\/#organization","name":"AKIARA books","url":"https:\/\/akiarabooks.com\/pt\/","logo":{"@type":"ImageObject","inLanguage":"pt","@id":"https:\/\/akiarabooks.com\/pt\/#\/schema\/logo\/image\/","url":"https:\/\/akiarabooks.com\/wp-content\/uploads\/2018\/02\/cropped-akiara-black.png","contentUrl":"https:\/\/akiarabooks.com\/wp-content\/uploads\/2018\/02\/cropped-akiara-black.png","width":520,"height":236,"caption":"AKIARA books"},"image":{"@id":"https:\/\/akiarabooks.com\/pt\/#\/schema\/logo\/image\/"}}]}},"_links":{"self":[{"href":"https:\/\/akiarabooks.com\/pt\/wp-json\/wp\/v2\/pages\/3865","targetHints":{"allow":["GET"]}}],"collection":[{"href":"https:\/\/akiarabooks.com\/pt\/wp-json\/wp\/v2\/pages"}],"about":[{"href":"https:\/\/akiarabooks.com\/pt\/wp-json\/wp\/v2\/types\/page"}],"author":[{"embeddable":true,"href":"https:\/\/akiarabooks.com\/pt\/wp-json\/wp\/v2\/users\/7"}],"replies":[{"embeddable":true,"href":"https:\/\/akiarabooks.com\/pt\/wp-json\/wp\/v2\/comments?post=3865"}],"version-history":[{"count":18,"href":"https:\/\/akiarabooks.com\/pt\/wp-json\/wp\/v2\/pages\/3865\/revisions"}],"predecessor-version":[{"id":13331,"href":"https:\/\/akiarabooks.com\/pt\/wp-json\/wp\/v2\/pages\/3865\/revisions\/13331"}],"wp:attachment":[{"href":"https:\/\/akiarabooks.com\/pt\/wp-json\/wp\/v2\/media?parent=3865"}],"curies":[{"name":"wp","href":"https:\/\/api.w.org\/{rel}","templated":true}]}}