{"id":10860,"date":"2022-07-12T17:56:37","date_gmt":"2022-07-12T16:15:58","guid":{"rendered":"https:\/\/akiarabooks.com\/llibre\/tiempo-de-haikus\/"},"modified":"2023-06-23T12:21:24","modified_gmt":"2023-06-23T10:21:24","slug":"tiempo-de-haikus","status":"publish","type":"product","link":"https:\/\/akiarabooks.com\/pt\/livro\/tiempo-de-haikus\/","title":{"rendered":"Tempo de haikus"},"content":{"rendered":"<p>Um haiku \u00e9 um poema muito breve com apenas<br \/>\ntr\u00eas versos curtos, origin\u00e1rio do Jap\u00e3o.<\/p>\n<p>Um haiku ajuda-nos a sentir plenamente o instante<br \/>\ne a descobrir a beleza dos pormenores.<\/p>\n<p>Convidamos-vos a fazer uma imers\u00e3o na natureza,<br \/>\numa viagem pelas quatro esta\u00e7\u00f5es.<\/p>\n<h6><img loading=\"lazy\" decoding=\"async\" class=\"alignnone wp-image-12301 \" src=\"https:\/\/akiarabooks.com\/wp-content\/uploads\/2022\/07\/3rPremioMejorEditados.png\" alt=\"\" width=\"149\" height=\"144\" srcset=\"https:\/\/akiarabooks.com\/wp-content\/uploads\/2022\/07\/3rPremioMejorEditados.png 343w, https:\/\/akiarabooks.com\/wp-content\/uploads\/2022\/07\/3rPremioMejorEditados-300x290.png 300w\" sizes=\"auto, (max-width: 149px) 100vw, 149px\" \/><\/h6>\n<h6>Terceiro Pr\u00e9mio para os Livros Mais Bem Editados em 2022<\/h6>\n<p>&nbsp;<\/p>\n<h6><img loading=\"lazy\" decoding=\"async\" class=\"alignnone wp-image-12305 \" src=\"https:\/\/akiarabooks.com\/wp-content\/uploads\/2022\/07\/IBBYCAT_premis_segells_Atrapallibres_19_Finalista_Verd.png\" alt=\"\" width=\"172\" height=\"172\" srcset=\"https:\/\/akiarabooks.com\/wp-content\/uploads\/2022\/07\/IBBYCAT_premis_segells_Atrapallibres_19_Finalista_Verd.png 544w, https:\/\/akiarabooks.com\/wp-content\/uploads\/2022\/07\/IBBYCAT_premis_segells_Atrapallibres_19_Finalista_Verd-300x300.png 300w, https:\/\/akiarabooks.com\/wp-content\/uploads\/2022\/07\/IBBYCAT_premis_segells_Atrapallibres_19_Finalista_Verd-150x150.png 150w, https:\/\/akiarabooks.com\/wp-content\/uploads\/2022\/07\/IBBYCAT_premis_segells_Atrapallibres_19_Finalista_Verd-500x500.png 500w, https:\/\/akiarabooks.com\/wp-content\/uploads\/2022\/07\/IBBYCAT_premis_segells_Atrapallibres_19_Finalista_Verd-100x100.png 100w\" sizes=\"auto, (max-width: 172px) 100vw, 172px\" \/><\/h6>\n<h6>Finalista do 19\u00ba Pr\u00e9mio Atrapallibres 2023-24<\/h6>\n","protected":false},"excerpt":{"rendered":"<p>Um haiku \u00e9 um poema muito breve com apenas tr\u00eas versos curtos, origin\u00e1rio do Jap\u00e3o. Um haiku ajuda-nos a sentir plenamente o instante&hellip;<\/p>\n","protected":false},"featured_media":10839,"comment_status":"closed","ping_status":"closed","template":"","meta":{"_acf_changed":false},"product_brand":[],"product_cat":[726],"product_tag":[],"class_list":{"0":"post-10860","1":"product","2":"type-product","3":"status-publish","4":"has-post-thumbnail","6":"product_cat-akipoeta-pt","8":"first","9":"instock","10":"taxable","11":"shipping-taxable","12":"purchasable","13":"product-type-simple"},"acf":[],"yoast_head":"<!-- This site is optimized with the Yoast SEO plugin v27.1.1 - https:\/\/yoast.com\/product\/yoast-seo-wordpress\/ -->\n<title>Tempo de haikus - AKIARA books<\/title>\n<meta name=\"robots\" content=\"index, follow, max-snippet:-1, max-image-preview:large, max-video-preview:-1\" \/>\n<link rel=\"canonical\" href=\"https:\/\/akiarabooks.com\/pt\/livro\/tiempo-de-haikus\/\" \/>\n<meta property=\"og:locale\" content=\"pt_PT\" \/>\n<meta property=\"og:type\" content=\"article\" \/>\n<meta property=\"og:title\" content=\"Tempo de haikus - AKIARA books\" \/>\n<meta property=\"og:description\" content=\"Um haiku \u00e9 um poema muito breve com apenas tr\u00eas versos curtos, origin\u00e1rio do Jap\u00e3o. Um haiku ajuda-nos a sentir plenamente o instante&hellip;\" \/>\n<meta property=\"og:url\" content=\"https:\/\/akiarabooks.com\/pt\/livro\/tiempo-de-haikus\/\" \/>\n<meta property=\"og:site_name\" content=\"AKIARA books\" \/>\n<meta property=\"article:modified_time\" content=\"2023-06-23T10:21:24+00:00\" \/>\n<meta property=\"og:image\" content=\"https:\/\/akiarabooks.com\/wp-content\/uploads\/2022\/07\/TEMPO_DE_HAIKUS_capa_PT-scaled.jpg\" \/>\n\t<meta property=\"og:image:width\" content=\"1536\" \/>\n\t<meta property=\"og:image:height\" content=\"2560\" \/>\n\t<meta property=\"og:image:type\" content=\"image\/jpeg\" \/>\n<meta name=\"twitter:card\" content=\"summary_large_image\" \/>\n<meta name=\"twitter:label1\" content=\"Est. reading time\" \/>\n\t<meta name=\"twitter:data1\" content=\"1 minute\" \/>\n<script type=\"application\/ld+json\" class=\"yoast-schema-graph\">{\"@context\":\"https:\/\/schema.org\",\"@graph\":[{\"@type\":\"WebPage\",\"@id\":\"https:\/\/akiarabooks.com\/pt\/livro\/tiempo-de-haikus\/\",\"url\":\"https:\/\/akiarabooks.com\/pt\/livro\/tiempo-de-haikus\/\",\"name\":\"Tempo de haikus - AKIARA books\",\"isPartOf\":{\"@id\":\"https:\/\/akiarabooks.com\/pt\/#website\"},\"primaryImageOfPage\":{\"@id\":\"https:\/\/akiarabooks.com\/pt\/livro\/tiempo-de-haikus\/#primaryimage\"},\"image\":{\"@id\":\"https:\/\/akiarabooks.com\/pt\/livro\/tiempo-de-haikus\/#primaryimage\"},\"thumbnailUrl\":\"https:\/\/akiarabooks.com\/wp-content\/uploads\/2022\/07\/TEMPO_DE_HAIKUS_capa_PT-scaled.jpg\",\"datePublished\":\"2022-07-12T16:15:58+00:00\",\"dateModified\":\"2023-06-23T10:21:24+00:00\",\"breadcrumb\":{\"@id\":\"https:\/\/akiarabooks.com\/pt\/livro\/tiempo-de-haikus\/#breadcrumb\"},\"inLanguage\":\"pt\",\"potentialAction\":[{\"@type\":\"ReadAction\",\"target\":[\"https:\/\/akiarabooks.com\/pt\/livro\/tiempo-de-haikus\/\"]}]},{\"@type\":\"ImageObject\",\"inLanguage\":\"pt\",\"@id\":\"https:\/\/akiarabooks.com\/pt\/livro\/tiempo-de-haikus\/#primaryimage\",\"url\":\"https:\/\/akiarabooks.com\/wp-content\/uploads\/2022\/07\/TEMPO_DE_HAIKUS_capa_PT-scaled.jpg\",\"contentUrl\":\"https:\/\/akiarabooks.com\/wp-content\/uploads\/2022\/07\/TEMPO_DE_HAIKUS_capa_PT-scaled.jpg\",\"width\":1536,\"height\":2560},{\"@type\":\"BreadcrumbList\",\"@id\":\"https:\/\/akiarabooks.com\/pt\/livro\/tiempo-de-haikus\/#breadcrumb\",\"itemListElement\":[{\"@type\":\"ListItem\",\"position\":1,\"name\":\"Inici\",\"item\":\"https:\/\/akiarabooks.com\/pt\/\"},{\"@type\":\"ListItem\",\"position\":2,\"name\":\"Livros\",\"item\":\"https:\/\/akiarabooks.com\/pt\/livros\/\"},{\"@type\":\"ListItem\",\"position\":3,\"name\":\"Tempo de haikus\"}]},{\"@type\":\"WebSite\",\"@id\":\"https:\/\/akiarabooks.com\/pt\/#website\",\"url\":\"https:\/\/akiarabooks.com\/pt\/\",\"name\":\"AKIARA books\",\"description\":\"Llibres inspiradors per a petits i grans\",\"publisher\":{\"@id\":\"https:\/\/akiarabooks.com\/pt\/#organization\"},\"potentialAction\":[{\"@type\":\"SearchAction\",\"target\":{\"@type\":\"EntryPoint\",\"urlTemplate\":\"https:\/\/akiarabooks.com\/pt\/?s={search_term_string}\"},\"query-input\":{\"@type\":\"PropertyValueSpecification\",\"valueRequired\":true,\"valueName\":\"search_term_string\"}}],\"inLanguage\":\"pt\"},{\"@type\":\"Organization\",\"@id\":\"https:\/\/akiarabooks.com\/pt\/#organization\",\"name\":\"AKIARA books\",\"url\":\"https:\/\/akiarabooks.com\/pt\/\",\"logo\":{\"@type\":\"ImageObject\",\"inLanguage\":\"pt\",\"@id\":\"https:\/\/akiarabooks.com\/pt\/#\/schema\/logo\/image\/\",\"url\":\"https:\/\/akiarabooks.com\/wp-content\/uploads\/2018\/02\/cropped-akiara-black.png\",\"contentUrl\":\"https:\/\/akiarabooks.com\/wp-content\/uploads\/2018\/02\/cropped-akiara-black.png\",\"width\":520,\"height\":236,\"caption\":\"AKIARA books\"},\"image\":{\"@id\":\"https:\/\/akiarabooks.com\/pt\/#\/schema\/logo\/image\/\"}}]}<\/script>\n<!-- \/ Yoast SEO plugin. -->","yoast_head_json":{"title":"Tempo de haikus - AKIARA books","robots":{"index":"index","follow":"follow","max-snippet":"max-snippet:-1","max-image-preview":"max-image-preview:large","max-video-preview":"max-video-preview:-1"},"canonical":"https:\/\/akiarabooks.com\/pt\/livro\/tiempo-de-haikus\/","og_locale":"pt_PT","og_type":"article","og_title":"Tempo de haikus - AKIARA books","og_description":"Um haiku \u00e9 um poema muito breve com apenas tr\u00eas versos curtos, origin\u00e1rio do Jap\u00e3o. Um haiku ajuda-nos a sentir plenamente o instante&hellip;","og_url":"https:\/\/akiarabooks.com\/pt\/livro\/tiempo-de-haikus\/","og_site_name":"AKIARA books","article_modified_time":"2023-06-23T10:21:24+00:00","og_image":[{"width":1536,"height":2560,"url":"https:\/\/akiarabooks.com\/wp-content\/uploads\/2022\/07\/TEMPO_DE_HAIKUS_capa_PT-scaled.jpg","type":"image\/jpeg"}],"twitter_card":"summary_large_image","twitter_misc":{"Est. reading time":"1 minute"},"schema":{"@context":"https:\/\/schema.org","@graph":[{"@type":"WebPage","@id":"https:\/\/akiarabooks.com\/pt\/livro\/tiempo-de-haikus\/","url":"https:\/\/akiarabooks.com\/pt\/livro\/tiempo-de-haikus\/","name":"Tempo de haikus - AKIARA books","isPartOf":{"@id":"https:\/\/akiarabooks.com\/pt\/#website"},"primaryImageOfPage":{"@id":"https:\/\/akiarabooks.com\/pt\/livro\/tiempo-de-haikus\/#primaryimage"},"image":{"@id":"https:\/\/akiarabooks.com\/pt\/livro\/tiempo-de-haikus\/#primaryimage"},"thumbnailUrl":"https:\/\/akiarabooks.com\/wp-content\/uploads\/2022\/07\/TEMPO_DE_HAIKUS_capa_PT-scaled.jpg","datePublished":"2022-07-12T16:15:58+00:00","dateModified":"2023-06-23T10:21:24+00:00","breadcrumb":{"@id":"https:\/\/akiarabooks.com\/pt\/livro\/tiempo-de-haikus\/#breadcrumb"},"inLanguage":"pt","potentialAction":[{"@type":"ReadAction","target":["https:\/\/akiarabooks.com\/pt\/livro\/tiempo-de-haikus\/"]}]},{"@type":"ImageObject","inLanguage":"pt","@id":"https:\/\/akiarabooks.com\/pt\/livro\/tiempo-de-haikus\/#primaryimage","url":"https:\/\/akiarabooks.com\/wp-content\/uploads\/2022\/07\/TEMPO_DE_HAIKUS_capa_PT-scaled.jpg","contentUrl":"https:\/\/akiarabooks.com\/wp-content\/uploads\/2022\/07\/TEMPO_DE_HAIKUS_capa_PT-scaled.jpg","width":1536,"height":2560},{"@type":"BreadcrumbList","@id":"https:\/\/akiarabooks.com\/pt\/livro\/tiempo-de-haikus\/#breadcrumb","itemListElement":[{"@type":"ListItem","position":1,"name":"Inici","item":"https:\/\/akiarabooks.com\/pt\/"},{"@type":"ListItem","position":2,"name":"Livros","item":"https:\/\/akiarabooks.com\/pt\/livros\/"},{"@type":"ListItem","position":3,"name":"Tempo de haikus"}]},{"@type":"WebSite","@id":"https:\/\/akiarabooks.com\/pt\/#website","url":"https:\/\/akiarabooks.com\/pt\/","name":"AKIARA books","description":"Llibres inspiradors per a petits i grans","publisher":{"@id":"https:\/\/akiarabooks.com\/pt\/#organization"},"potentialAction":[{"@type":"SearchAction","target":{"@type":"EntryPoint","urlTemplate":"https:\/\/akiarabooks.com\/pt\/?s={search_term_string}"},"query-input":{"@type":"PropertyValueSpecification","valueRequired":true,"valueName":"search_term_string"}}],"inLanguage":"pt"},{"@type":"Organization","@id":"https:\/\/akiarabooks.com\/pt\/#organization","name":"AKIARA books","url":"https:\/\/akiarabooks.com\/pt\/","logo":{"@type":"ImageObject","inLanguage":"pt","@id":"https:\/\/akiarabooks.com\/pt\/#\/schema\/logo\/image\/","url":"https:\/\/akiarabooks.com\/wp-content\/uploads\/2018\/02\/cropped-akiara-black.png","contentUrl":"https:\/\/akiarabooks.com\/wp-content\/uploads\/2018\/02\/cropped-akiara-black.png","width":520,"height":236,"caption":"AKIARA books"},"image":{"@id":"https:\/\/akiarabooks.com\/pt\/#\/schema\/logo\/image\/"}}]}},"_links":{"self":[{"href":"https:\/\/akiarabooks.com\/pt\/wp-json\/wp\/v2\/product\/10860","targetHints":{"allow":["GET"]}}],"collection":[{"href":"https:\/\/akiarabooks.com\/pt\/wp-json\/wp\/v2\/product"}],"about":[{"href":"https:\/\/akiarabooks.com\/pt\/wp-json\/wp\/v2\/types\/product"}],"replies":[{"embeddable":true,"href":"https:\/\/akiarabooks.com\/pt\/wp-json\/wp\/v2\/comments?post=10860"}],"wp:featuredmedia":[{"embeddable":true,"href":"https:\/\/akiarabooks.com\/pt\/wp-json\/wp\/v2\/media\/10839"}],"wp:attachment":[{"href":"https:\/\/akiarabooks.com\/pt\/wp-json\/wp\/v2\/media?parent=10860"}],"wp:term":[{"taxonomy":"product_brand","embeddable":true,"href":"https:\/\/akiarabooks.com\/pt\/wp-json\/wp\/v2\/product_brand?post=10860"},{"taxonomy":"product_cat","embeddable":true,"href":"https:\/\/akiarabooks.com\/pt\/wp-json\/wp\/v2\/product_cat?post=10860"},{"taxonomy":"product_tag","embeddable":true,"href":"https:\/\/akiarabooks.com\/pt\/wp-json\/wp\/v2\/product_tag?post=10860"}],"curies":[{"name":"wp","href":"https:\/\/api.w.org\/{rel}","templated":true}]}}