{"id":12839,"date":"2024-02-13T13:09:04","date_gmt":"2024-02-13T11:25:37","guid":{"rendered":"https:\/\/akiarabooks.com\/?post_type=product&#038;p=12839"},"modified":"2024-03-17T17:59:25","modified_gmt":"2024-03-17T15:59:25","slug":"obrigados-a-partir","status":"publish","type":"product","link":"https:\/\/akiarabooks.com\/pt\/livro\/obrigados-a-partir\/","title":{"rendered":"Obrigados a partir"},"content":{"rendered":"<p>O SOLY veio do Senegal. A HELENA deixou a Bol\u00edvia. O SAID teve de fugir da S\u00edria. A RUTH nasceu em El Salvador. A MERIEM foi-se embora de Marrocos, tal como o OSSAMA. O que entrela\u00e7a as suas hist\u00f3rias \u00e9 que todos eles se viram OBRIGADOS A PARTIR.<\/p>\n<p>Com este livro queremos dar a conhecer seis hist\u00f3rias de vida, seis percursos repletos de dificuldades e desafios. Tr\u00eas mulheres e tr\u00eas homens que tiveram de emigrar explicam-nos como viviam antes; porqu\u00ea e como se foram embora e como \u00e9 atualmente a sua vida num novo pa\u00eds onde n\u00e3o conheciam ningu\u00e9m. S\u00e3o hist\u00f3rias de supera\u00e7\u00e3o, mas tamb\u00e9m de dor, de solid\u00e3o, de acolhimento e de integra\u00e7\u00e3o. Hist\u00f3rias que, apesar de tudo, acabam bem, porque algu\u00e9m (pessoas ou entidades) se empenhou para que assim fosse.<\/p>\n<p>Os testemunhos que apresentamos incitam-nos a um novo olhar, a dar um nome e um rosto \u00e0 experi\u00eancia de tantas, tantas pessoas que se veem for\u00e7adas a arriscar a vida em busca de um futuro mais digno.<\/p>\n","protected":false},"excerpt":{"rendered":"<p>O SOLY veio do Senegal. A HELENA deixou a Bol\u00edvia. O SAID teve de fugir da S\u00edria. A RUTH nasceu em El Salvador.&hellip;<\/p>\n","protected":false},"featured_media":12859,"comment_status":"closed","ping_status":"closed","template":"","meta":{"_acf_changed":false},"product_brand":[],"product_cat":[745],"product_tag":[],"class_list":{"0":"post-12839","1":"product","2":"type-product","3":"status-publish","4":"has-post-thumbnail","6":"product_cat-akivida-pt","8":"first","9":"instock","10":"taxable","11":"shipping-taxable","12":"purchasable","13":"product-type-simple"},"acf":[],"yoast_head":"<!-- This site is optimized with the Yoast SEO plugin v27.1.1 - https:\/\/yoast.com\/product\/yoast-seo-wordpress\/ -->\n<title>Obrigados a partir - AKIARA books<\/title>\n<meta name=\"robots\" content=\"index, follow, max-snippet:-1, max-image-preview:large, max-video-preview:-1\" \/>\n<link rel=\"canonical\" href=\"https:\/\/akiarabooks.com\/pt\/livro\/obrigados-a-partir\/\" \/>\n<meta property=\"og:locale\" content=\"pt_PT\" \/>\n<meta property=\"og:type\" content=\"article\" \/>\n<meta property=\"og:title\" content=\"Obrigados a partir - AKIARA books\" \/>\n<meta property=\"og:description\" content=\"O SOLY veio do Senegal. A HELENA deixou a Bol\u00edvia. O SAID teve de fugir da S\u00edria. A RUTH nasceu em El Salvador.&hellip;\" \/>\n<meta property=\"og:url\" content=\"https:\/\/akiarabooks.com\/pt\/livro\/obrigados-a-partir\/\" \/>\n<meta property=\"og:site_name\" content=\"AKIARA books\" \/>\n<meta property=\"article:modified_time\" content=\"2024-03-17T15:59:25+00:00\" \/>\n<meta property=\"og:image\" content=\"https:\/\/akiarabooks.com\/wp-content\/uploads\/2024\/02\/OBRIGADOS_A_PARTIR_capa_PT.jpg\" \/>\n\t<meta property=\"og:image:width\" content=\"986\" \/>\n\t<meta property=\"og:image:height\" content=\"1388\" \/>\n\t<meta property=\"og:image:type\" content=\"image\/jpeg\" \/>\n<meta name=\"twitter:card\" content=\"summary_large_image\" \/>\n<meta name=\"twitter:label1\" content=\"Est. reading time\" \/>\n\t<meta name=\"twitter:data1\" content=\"1 minute\" \/>\n<script type=\"application\/ld+json\" class=\"yoast-schema-graph\">{\"@context\":\"https:\/\/schema.org\",\"@graph\":[{\"@type\":\"WebPage\",\"@id\":\"https:\/\/akiarabooks.com\/pt\/livro\/obrigados-a-partir\/\",\"url\":\"https:\/\/akiarabooks.com\/pt\/livro\/obrigados-a-partir\/\",\"name\":\"Obrigados a partir - AKIARA books\",\"isPartOf\":{\"@id\":\"https:\/\/akiarabooks.com\/pt\/#website\"},\"primaryImageOfPage\":{\"@id\":\"https:\/\/akiarabooks.com\/pt\/livro\/obrigados-a-partir\/#primaryimage\"},\"image\":{\"@id\":\"https:\/\/akiarabooks.com\/pt\/livro\/obrigados-a-partir\/#primaryimage\"},\"thumbnailUrl\":\"https:\/\/akiarabooks.com\/wp-content\/uploads\/2024\/02\/OBRIGADOS_A_PARTIR_capa_PT.jpg\",\"datePublished\":\"2024-02-13T11:25:37+00:00\",\"dateModified\":\"2024-03-17T15:59:25+00:00\",\"breadcrumb\":{\"@id\":\"https:\/\/akiarabooks.com\/pt\/livro\/obrigados-a-partir\/#breadcrumb\"},\"inLanguage\":\"pt\",\"potentialAction\":[{\"@type\":\"ReadAction\",\"target\":[\"https:\/\/akiarabooks.com\/pt\/livro\/obrigados-a-partir\/\"]}]},{\"@type\":\"ImageObject\",\"inLanguage\":\"pt\",\"@id\":\"https:\/\/akiarabooks.com\/pt\/livro\/obrigados-a-partir\/#primaryimage\",\"url\":\"https:\/\/akiarabooks.com\/wp-content\/uploads\/2024\/02\/OBRIGADOS_A_PARTIR_capa_PT.jpg\",\"contentUrl\":\"https:\/\/akiarabooks.com\/wp-content\/uploads\/2024\/02\/OBRIGADOS_A_PARTIR_capa_PT.jpg\",\"width\":986,\"height\":1388},{\"@type\":\"BreadcrumbList\",\"@id\":\"https:\/\/akiarabooks.com\/pt\/livro\/obrigados-a-partir\/#breadcrumb\",\"itemListElement\":[{\"@type\":\"ListItem\",\"position\":1,\"name\":\"Inici\",\"item\":\"https:\/\/akiarabooks.com\/pt\/\"},{\"@type\":\"ListItem\",\"position\":2,\"name\":\"Livros\",\"item\":\"https:\/\/akiarabooks.com\/pt\/livros\/\"},{\"@type\":\"ListItem\",\"position\":3,\"name\":\"Obrigados a partir\"}]},{\"@type\":\"WebSite\",\"@id\":\"https:\/\/akiarabooks.com\/pt\/#website\",\"url\":\"https:\/\/akiarabooks.com\/pt\/\",\"name\":\"AKIARA books\",\"description\":\"Llibres inspiradors per a petits i grans\",\"publisher\":{\"@id\":\"https:\/\/akiarabooks.com\/pt\/#organization\"},\"potentialAction\":[{\"@type\":\"SearchAction\",\"target\":{\"@type\":\"EntryPoint\",\"urlTemplate\":\"https:\/\/akiarabooks.com\/pt\/?s={search_term_string}\"},\"query-input\":{\"@type\":\"PropertyValueSpecification\",\"valueRequired\":true,\"valueName\":\"search_term_string\"}}],\"inLanguage\":\"pt\"},{\"@type\":\"Organization\",\"@id\":\"https:\/\/akiarabooks.com\/pt\/#organization\",\"name\":\"AKIARA books\",\"url\":\"https:\/\/akiarabooks.com\/pt\/\",\"logo\":{\"@type\":\"ImageObject\",\"inLanguage\":\"pt\",\"@id\":\"https:\/\/akiarabooks.com\/pt\/#\/schema\/logo\/image\/\",\"url\":\"https:\/\/akiarabooks.com\/wp-content\/uploads\/2018\/02\/cropped-akiara-black.png\",\"contentUrl\":\"https:\/\/akiarabooks.com\/wp-content\/uploads\/2018\/02\/cropped-akiara-black.png\",\"width\":520,\"height\":236,\"caption\":\"AKIARA books\"},\"image\":{\"@id\":\"https:\/\/akiarabooks.com\/pt\/#\/schema\/logo\/image\/\"}}]}<\/script>\n<!-- \/ Yoast SEO plugin. -->","yoast_head_json":{"title":"Obrigados a partir - AKIARA books","robots":{"index":"index","follow":"follow","max-snippet":"max-snippet:-1","max-image-preview":"max-image-preview:large","max-video-preview":"max-video-preview:-1"},"canonical":"https:\/\/akiarabooks.com\/pt\/livro\/obrigados-a-partir\/","og_locale":"pt_PT","og_type":"article","og_title":"Obrigados a partir - AKIARA books","og_description":"O SOLY veio do Senegal. A HELENA deixou a Bol\u00edvia. O SAID teve de fugir da S\u00edria. A RUTH nasceu em El Salvador.&hellip;","og_url":"https:\/\/akiarabooks.com\/pt\/livro\/obrigados-a-partir\/","og_site_name":"AKIARA books","article_modified_time":"2024-03-17T15:59:25+00:00","og_image":[{"width":986,"height":1388,"url":"https:\/\/akiarabooks.com\/wp-content\/uploads\/2024\/02\/OBRIGADOS_A_PARTIR_capa_PT.jpg","type":"image\/jpeg"}],"twitter_card":"summary_large_image","twitter_misc":{"Est. reading time":"1 minute"},"schema":{"@context":"https:\/\/schema.org","@graph":[{"@type":"WebPage","@id":"https:\/\/akiarabooks.com\/pt\/livro\/obrigados-a-partir\/","url":"https:\/\/akiarabooks.com\/pt\/livro\/obrigados-a-partir\/","name":"Obrigados a partir - AKIARA books","isPartOf":{"@id":"https:\/\/akiarabooks.com\/pt\/#website"},"primaryImageOfPage":{"@id":"https:\/\/akiarabooks.com\/pt\/livro\/obrigados-a-partir\/#primaryimage"},"image":{"@id":"https:\/\/akiarabooks.com\/pt\/livro\/obrigados-a-partir\/#primaryimage"},"thumbnailUrl":"https:\/\/akiarabooks.com\/wp-content\/uploads\/2024\/02\/OBRIGADOS_A_PARTIR_capa_PT.jpg","datePublished":"2024-02-13T11:25:37+00:00","dateModified":"2024-03-17T15:59:25+00:00","breadcrumb":{"@id":"https:\/\/akiarabooks.com\/pt\/livro\/obrigados-a-partir\/#breadcrumb"},"inLanguage":"pt","potentialAction":[{"@type":"ReadAction","target":["https:\/\/akiarabooks.com\/pt\/livro\/obrigados-a-partir\/"]}]},{"@type":"ImageObject","inLanguage":"pt","@id":"https:\/\/akiarabooks.com\/pt\/livro\/obrigados-a-partir\/#primaryimage","url":"https:\/\/akiarabooks.com\/wp-content\/uploads\/2024\/02\/OBRIGADOS_A_PARTIR_capa_PT.jpg","contentUrl":"https:\/\/akiarabooks.com\/wp-content\/uploads\/2024\/02\/OBRIGADOS_A_PARTIR_capa_PT.jpg","width":986,"height":1388},{"@type":"BreadcrumbList","@id":"https:\/\/akiarabooks.com\/pt\/livro\/obrigados-a-partir\/#breadcrumb","itemListElement":[{"@type":"ListItem","position":1,"name":"Inici","item":"https:\/\/akiarabooks.com\/pt\/"},{"@type":"ListItem","position":2,"name":"Livros","item":"https:\/\/akiarabooks.com\/pt\/livros\/"},{"@type":"ListItem","position":3,"name":"Obrigados a partir"}]},{"@type":"WebSite","@id":"https:\/\/akiarabooks.com\/pt\/#website","url":"https:\/\/akiarabooks.com\/pt\/","name":"AKIARA books","description":"Llibres inspiradors per a petits i grans","publisher":{"@id":"https:\/\/akiarabooks.com\/pt\/#organization"},"potentialAction":[{"@type":"SearchAction","target":{"@type":"EntryPoint","urlTemplate":"https:\/\/akiarabooks.com\/pt\/?s={search_term_string}"},"query-input":{"@type":"PropertyValueSpecification","valueRequired":true,"valueName":"search_term_string"}}],"inLanguage":"pt"},{"@type":"Organization","@id":"https:\/\/akiarabooks.com\/pt\/#organization","name":"AKIARA books","url":"https:\/\/akiarabooks.com\/pt\/","logo":{"@type":"ImageObject","inLanguage":"pt","@id":"https:\/\/akiarabooks.com\/pt\/#\/schema\/logo\/image\/","url":"https:\/\/akiarabooks.com\/wp-content\/uploads\/2018\/02\/cropped-akiara-black.png","contentUrl":"https:\/\/akiarabooks.com\/wp-content\/uploads\/2018\/02\/cropped-akiara-black.png","width":520,"height":236,"caption":"AKIARA books"},"image":{"@id":"https:\/\/akiarabooks.com\/pt\/#\/schema\/logo\/image\/"}}]}},"_links":{"self":[{"href":"https:\/\/akiarabooks.com\/pt\/wp-json\/wp\/v2\/product\/12839","targetHints":{"allow":["GET"]}}],"collection":[{"href":"https:\/\/akiarabooks.com\/pt\/wp-json\/wp\/v2\/product"}],"about":[{"href":"https:\/\/akiarabooks.com\/pt\/wp-json\/wp\/v2\/types\/product"}],"replies":[{"embeddable":true,"href":"https:\/\/akiarabooks.com\/pt\/wp-json\/wp\/v2\/comments?post=12839"}],"wp:featuredmedia":[{"embeddable":true,"href":"https:\/\/akiarabooks.com\/pt\/wp-json\/wp\/v2\/media\/12859"}],"wp:attachment":[{"href":"https:\/\/akiarabooks.com\/pt\/wp-json\/wp\/v2\/media?parent=12839"}],"wp:term":[{"taxonomy":"product_brand","embeddable":true,"href":"https:\/\/akiarabooks.com\/pt\/wp-json\/wp\/v2\/product_brand?post=12839"},{"taxonomy":"product_cat","embeddable":true,"href":"https:\/\/akiarabooks.com\/pt\/wp-json\/wp\/v2\/product_cat?post=12839"},{"taxonomy":"product_tag","embeddable":true,"href":"https:\/\/akiarabooks.com\/pt\/wp-json\/wp\/v2\/product_tag?post=12839"}],"curies":[{"name":"wp","href":"https:\/\/api.w.org\/{rel}","templated":true}]}}