{"id":14646,"date":"2025-02-14T19:39:31","date_gmt":"2025-02-14T18:11:38","guid":{"rendered":"https:\/\/akiarabooks.com\/?post_type=product&#038;p=14646"},"modified":"2025-03-28T09:47:00","modified_gmt":"2025-03-28T07:47:00","slug":"uma-paisagem-uma-flor","status":"publish","type":"product","link":"https:\/\/akiarabooks.com\/pt\/livro\/uma-paisagem-uma-flor\/","title":{"rendered":"Uma paisagem, uma flor"},"content":{"rendered":"<p>As flores s\u00e3o seres maravilhosos, enraizados na terra e voltados para o c\u00e9u. Rebentam nos prados e nas montanhas, nos rios e lagos, nos bosques e nas florestas, nos ramos das \u00e1rvores e na berma do caminho, na areia e no meio do deserto.<\/p>\n<p>Cada uma delas est\u00e1 intrinsecamente associada a um lugar concreto, a um tipo de solo e de clima que forjaram a sua personalidade e a fizeram tal como \u00e9. Quando se juntam, criam uma paisagem \u00fanica tingida de branco, amarelo, laranja, vermelho, rosa, roxo, azul\u2026<\/p>\n<p>Se por um instante pararmos para as contemplar, vamos dar-nos conta de que s\u00e3o um dos presentes mais delicados e surpreendentes da natureza, um espelho onde nos encontramos e redescobrimos quem somos. \u00c9 que cada flor \u00e9 uma obra de arte, um milagre, um prod\u00edgio da intelig\u00eancia da vida. Cada flor enche o mundo de beleza!<\/p>\n<p>Com ilustra\u00e7\u00f5es que captam a ess\u00eancia de cada paisagem e de cada flor, este livro \u00e9 um percurso atrav\u00e9s das cores e das caracter\u00edsticas extraordin\u00e1rias de trinta flores muito especiais de todo o mundo.<\/p>\n","protected":false},"excerpt":{"rendered":"<p>As flores s\u00e3o seres maravilhosos, enraizados na terra e voltados para o c\u00e9u. Rebentam nos prados e nas montanhas, nos rios e lagos,&hellip;<\/p>\n","protected":false},"featured_media":14647,"comment_status":"closed","ping_status":"closed","template":"","meta":{"_acf_changed":false},"product_brand":[],"product_cat":[740],"product_tag":[],"class_list":{"0":"post-14646","1":"product","2":"type-product","3":"status-publish","4":"has-post-thumbnail","6":"product_cat-akiwow-pt","8":"first","9":"instock","10":"taxable","11":"shipping-taxable","12":"purchasable","13":"product-type-simple"},"acf":[],"yoast_head":"<!-- This site is optimized with the Yoast SEO plugin v27.1.1 - https:\/\/yoast.com\/product\/yoast-seo-wordpress\/ -->\n<title>Uma paisagem, uma flor - AKIARA books<\/title>\n<meta name=\"robots\" content=\"index, follow, max-snippet:-1, max-image-preview:large, max-video-preview:-1\" \/>\n<link rel=\"canonical\" href=\"https:\/\/akiarabooks.com\/pt\/livro\/uma-paisagem-uma-flor\/\" \/>\n<meta property=\"og:locale\" content=\"pt_PT\" \/>\n<meta property=\"og:type\" content=\"article\" \/>\n<meta property=\"og:title\" content=\"Uma paisagem, uma flor - AKIARA books\" \/>\n<meta property=\"og:description\" content=\"As flores s\u00e3o seres maravilhosos, enraizados na terra e voltados para o c\u00e9u. Rebentam nos prados e nas montanhas, nos rios e lagos,&hellip;\" \/>\n<meta property=\"og:url\" content=\"https:\/\/akiarabooks.com\/pt\/livro\/uma-paisagem-uma-flor\/\" \/>\n<meta property=\"og:site_name\" content=\"AKIARA books\" \/>\n<meta property=\"article:modified_time\" content=\"2025-03-28T07:47:00+00:00\" \/>\n<meta property=\"og:image\" content=\"https:\/\/akiarabooks.com\/wp-content\/uploads\/2025\/02\/UMA-PAISAGEM-UMA-FLOR_capa_PT-scaled.jpg\" \/>\n\t<meta property=\"og:image:width\" content=\"2560\" \/>\n\t<meta property=\"og:image:height\" content=\"1677\" \/>\n\t<meta property=\"og:image:type\" content=\"image\/jpeg\" \/>\n<meta name=\"twitter:card\" content=\"summary_large_image\" \/>\n<meta name=\"twitter:label1\" content=\"Est. reading time\" \/>\n\t<meta name=\"twitter:data1\" content=\"2 minutes\" \/>\n<script type=\"application\/ld+json\" class=\"yoast-schema-graph\">{\"@context\":\"https:\/\/schema.org\",\"@graph\":[{\"@type\":\"WebPage\",\"@id\":\"https:\/\/akiarabooks.com\/pt\/livro\/uma-paisagem-uma-flor\/\",\"url\":\"https:\/\/akiarabooks.com\/pt\/livro\/uma-paisagem-uma-flor\/\",\"name\":\"Uma paisagem, uma flor - AKIARA books\",\"isPartOf\":{\"@id\":\"https:\/\/akiarabooks.com\/pt\/#website\"},\"primaryImageOfPage\":{\"@id\":\"https:\/\/akiarabooks.com\/pt\/livro\/uma-paisagem-uma-flor\/#primaryimage\"},\"image\":{\"@id\":\"https:\/\/akiarabooks.com\/pt\/livro\/uma-paisagem-uma-flor\/#primaryimage\"},\"thumbnailUrl\":\"https:\/\/akiarabooks.com\/wp-content\/uploads\/2025\/02\/UMA-PAISAGEM-UMA-FLOR_capa_PT-scaled.jpg\",\"datePublished\":\"2025-02-14T18:11:38+00:00\",\"dateModified\":\"2025-03-28T07:47:00+00:00\",\"breadcrumb\":{\"@id\":\"https:\/\/akiarabooks.com\/pt\/livro\/uma-paisagem-uma-flor\/#breadcrumb\"},\"inLanguage\":\"pt\",\"potentialAction\":[{\"@type\":\"ReadAction\",\"target\":[\"https:\/\/akiarabooks.com\/pt\/livro\/uma-paisagem-uma-flor\/\"]}]},{\"@type\":\"ImageObject\",\"inLanguage\":\"pt\",\"@id\":\"https:\/\/akiarabooks.com\/pt\/livro\/uma-paisagem-uma-flor\/#primaryimage\",\"url\":\"https:\/\/akiarabooks.com\/wp-content\/uploads\/2025\/02\/UMA-PAISAGEM-UMA-FLOR_capa_PT-scaled.jpg\",\"contentUrl\":\"https:\/\/akiarabooks.com\/wp-content\/uploads\/2025\/02\/UMA-PAISAGEM-UMA-FLOR_capa_PT-scaled.jpg\",\"width\":\"2560\",\"height\":\"1677\"},{\"@type\":\"BreadcrumbList\",\"@id\":\"https:\/\/akiarabooks.com\/pt\/livro\/uma-paisagem-uma-flor\/#breadcrumb\",\"itemListElement\":[{\"@type\":\"ListItem\",\"position\":1,\"name\":\"Inici\",\"item\":\"https:\/\/akiarabooks.com\/pt\/\"},{\"@type\":\"ListItem\",\"position\":2,\"name\":\"Livros\",\"item\":\"https:\/\/akiarabooks.com\/pt\/livros\/\"},{\"@type\":\"ListItem\",\"position\":3,\"name\":\"Uma paisagem, uma flor\"}]},{\"@type\":\"WebSite\",\"@id\":\"https:\/\/akiarabooks.com\/pt\/#website\",\"url\":\"https:\/\/akiarabooks.com\/pt\/\",\"name\":\"AKIARA books\",\"description\":\"Llibres inspiradors per a petits i grans\",\"publisher\":{\"@id\":\"https:\/\/akiarabooks.com\/pt\/#organization\"},\"potentialAction\":[{\"@type\":\"SearchAction\",\"target\":{\"@type\":\"EntryPoint\",\"urlTemplate\":\"https:\/\/akiarabooks.com\/pt\/?s={search_term_string}\"},\"query-input\":{\"@type\":\"PropertyValueSpecification\",\"valueRequired\":true,\"valueName\":\"search_term_string\"}}],\"inLanguage\":\"pt\"},{\"@type\":\"Organization\",\"@id\":\"https:\/\/akiarabooks.com\/pt\/#organization\",\"name\":\"AKIARA books\",\"url\":\"https:\/\/akiarabooks.com\/pt\/\",\"logo\":{\"@type\":\"ImageObject\",\"inLanguage\":\"pt\",\"@id\":\"https:\/\/akiarabooks.com\/pt\/#\/schema\/logo\/image\/\",\"url\":\"https:\/\/akiarabooks.com\/wp-content\/uploads\/2018\/02\/cropped-akiara-black.png\",\"contentUrl\":\"https:\/\/akiarabooks.com\/wp-content\/uploads\/2018\/02\/cropped-akiara-black.png\",\"width\":520,\"height\":236,\"caption\":\"AKIARA books\"},\"image\":{\"@id\":\"https:\/\/akiarabooks.com\/pt\/#\/schema\/logo\/image\/\"}}]}<\/script>\n<!-- \/ Yoast SEO plugin. -->","yoast_head_json":{"title":"Uma paisagem, uma flor - AKIARA books","robots":{"index":"index","follow":"follow","max-snippet":"max-snippet:-1","max-image-preview":"max-image-preview:large","max-video-preview":"max-video-preview:-1"},"canonical":"https:\/\/akiarabooks.com\/pt\/livro\/uma-paisagem-uma-flor\/","og_locale":"pt_PT","og_type":"article","og_title":"Uma paisagem, uma flor - AKIARA books","og_description":"As flores s\u00e3o seres maravilhosos, enraizados na terra e voltados para o c\u00e9u. Rebentam nos prados e nas montanhas, nos rios e lagos,&hellip;","og_url":"https:\/\/akiarabooks.com\/pt\/livro\/uma-paisagem-uma-flor\/","og_site_name":"AKIARA books","article_modified_time":"2025-03-28T07:47:00+00:00","og_image":[{"width":2560,"height":1677,"url":"https:\/\/akiarabooks.com\/wp-content\/uploads\/2025\/02\/UMA-PAISAGEM-UMA-FLOR_capa_PT-scaled.jpg","type":"image\/jpeg"}],"twitter_card":"summary_large_image","twitter_misc":{"Est. reading time":"2 minutes"},"schema":{"@context":"https:\/\/schema.org","@graph":[{"@type":"WebPage","@id":"https:\/\/akiarabooks.com\/pt\/livro\/uma-paisagem-uma-flor\/","url":"https:\/\/akiarabooks.com\/pt\/livro\/uma-paisagem-uma-flor\/","name":"Uma paisagem, uma flor - AKIARA books","isPartOf":{"@id":"https:\/\/akiarabooks.com\/pt\/#website"},"primaryImageOfPage":{"@id":"https:\/\/akiarabooks.com\/pt\/livro\/uma-paisagem-uma-flor\/#primaryimage"},"image":{"@id":"https:\/\/akiarabooks.com\/pt\/livro\/uma-paisagem-uma-flor\/#primaryimage"},"thumbnailUrl":"https:\/\/akiarabooks.com\/wp-content\/uploads\/2025\/02\/UMA-PAISAGEM-UMA-FLOR_capa_PT-scaled.jpg","datePublished":"2025-02-14T18:11:38+00:00","dateModified":"2025-03-28T07:47:00+00:00","breadcrumb":{"@id":"https:\/\/akiarabooks.com\/pt\/livro\/uma-paisagem-uma-flor\/#breadcrumb"},"inLanguage":"pt","potentialAction":[{"@type":"ReadAction","target":["https:\/\/akiarabooks.com\/pt\/livro\/uma-paisagem-uma-flor\/"]}]},{"@type":"ImageObject","inLanguage":"pt","@id":"https:\/\/akiarabooks.com\/pt\/livro\/uma-paisagem-uma-flor\/#primaryimage","url":"https:\/\/akiarabooks.com\/wp-content\/uploads\/2025\/02\/UMA-PAISAGEM-UMA-FLOR_capa_PT-scaled.jpg","contentUrl":"https:\/\/akiarabooks.com\/wp-content\/uploads\/2025\/02\/UMA-PAISAGEM-UMA-FLOR_capa_PT-scaled.jpg","width":"2560","height":"1677"},{"@type":"BreadcrumbList","@id":"https:\/\/akiarabooks.com\/pt\/livro\/uma-paisagem-uma-flor\/#breadcrumb","itemListElement":[{"@type":"ListItem","position":1,"name":"Inici","item":"https:\/\/akiarabooks.com\/pt\/"},{"@type":"ListItem","position":2,"name":"Livros","item":"https:\/\/akiarabooks.com\/pt\/livros\/"},{"@type":"ListItem","position":3,"name":"Uma paisagem, uma flor"}]},{"@type":"WebSite","@id":"https:\/\/akiarabooks.com\/pt\/#website","url":"https:\/\/akiarabooks.com\/pt\/","name":"AKIARA books","description":"Llibres inspiradors per a petits i grans","publisher":{"@id":"https:\/\/akiarabooks.com\/pt\/#organization"},"potentialAction":[{"@type":"SearchAction","target":{"@type":"EntryPoint","urlTemplate":"https:\/\/akiarabooks.com\/pt\/?s={search_term_string}"},"query-input":{"@type":"PropertyValueSpecification","valueRequired":true,"valueName":"search_term_string"}}],"inLanguage":"pt"},{"@type":"Organization","@id":"https:\/\/akiarabooks.com\/pt\/#organization","name":"AKIARA books","url":"https:\/\/akiarabooks.com\/pt\/","logo":{"@type":"ImageObject","inLanguage":"pt","@id":"https:\/\/akiarabooks.com\/pt\/#\/schema\/logo\/image\/","url":"https:\/\/akiarabooks.com\/wp-content\/uploads\/2018\/02\/cropped-akiara-black.png","contentUrl":"https:\/\/akiarabooks.com\/wp-content\/uploads\/2018\/02\/cropped-akiara-black.png","width":520,"height":236,"caption":"AKIARA books"},"image":{"@id":"https:\/\/akiarabooks.com\/pt\/#\/schema\/logo\/image\/"}}]}},"_links":{"self":[{"href":"https:\/\/akiarabooks.com\/pt\/wp-json\/wp\/v2\/product\/14646","targetHints":{"allow":["GET"]}}],"collection":[{"href":"https:\/\/akiarabooks.com\/pt\/wp-json\/wp\/v2\/product"}],"about":[{"href":"https:\/\/akiarabooks.com\/pt\/wp-json\/wp\/v2\/types\/product"}],"replies":[{"embeddable":true,"href":"https:\/\/akiarabooks.com\/pt\/wp-json\/wp\/v2\/comments?post=14646"}],"wp:featuredmedia":[{"embeddable":true,"href":"https:\/\/akiarabooks.com\/pt\/wp-json\/wp\/v2\/media\/14647"}],"wp:attachment":[{"href":"https:\/\/akiarabooks.com\/pt\/wp-json\/wp\/v2\/media?parent=14646"}],"wp:term":[{"taxonomy":"product_brand","embeddable":true,"href":"https:\/\/akiarabooks.com\/pt\/wp-json\/wp\/v2\/product_brand?post=14646"},{"taxonomy":"product_cat","embeddable":true,"href":"https:\/\/akiarabooks.com\/pt\/wp-json\/wp\/v2\/product_cat?post=14646"},{"taxonomy":"product_tag","embeddable":true,"href":"https:\/\/akiarabooks.com\/pt\/wp-json\/wp\/v2\/product_tag?post=14646"}],"curies":[{"name":"wp","href":"https:\/\/api.w.org\/{rel}","templated":true}]}}