{"id":15124,"date":"2025-09-11T08:37:20","date_gmt":"2025-09-11T07:00:20","guid":{"rendered":"https:\/\/akiarabooks.com\/?post_type=product&#038;p=15124"},"modified":"2025-10-20T21:44:38","modified_gmt":"2025-10-20T19:44:38","slug":"durmo-na-rua","status":"publish","type":"product","link":"https:\/\/akiarabooks.com\/pt\/livro\/durmo-na-rua\/","title":{"rendered":"Durmo na rua"},"content":{"rendered":"<p>A MONTSE trabalhava num lar de idosos. O JUAN foi-se embora de casa aos 14 anos. O IGNACIO deixou a Argentina para ter mais oportunidades de emprego. A ANABEL foi abandonada quando tinha tr\u00eas meses. O ANDR\u00c9S chegou da Col\u00f4mbia \u00e0 procura de uma vida mais digna. O PEDRO servia \u00e0 mesa num restaurante de Barcelona. O que une as suas hist\u00f3rias \u00e9 que todos vivem na rua \u2014 ou viveram, nalgum momento da vida.<\/p>\n<p>Com este livro, queremos explicar como se vive na rua e o que pode levar uma pessoa a faz\u00ea-lo. Queremos dar a conhecer as situa\u00e7\u00f5es de viol\u00eancia, de abandono, de solid\u00e3o; de perda de autoestima, dignidade e alegria que sofrem as pessoas que vivem na rua. E tamb\u00e9m averiguar se \u00e9 poss\u00edvel sair dela, como o fazer e porque custa tanto. Duas mulheres e quatro homens que n\u00e3o t\u00eam um lar digno explicam-nos como viviam antes, porque perderam a casa onde moravam e como \u00e9 a sua vida atualmente. S\u00e3o relatos cheios de dor e injusti\u00e7a, mas tamb\u00e9m de solidariedade e perd\u00e3o.<\/p>\n<p>Os testemunhos que apresentamos convidam-nos a transformar o olhar, a abandonar os preconceitos e a repensar a maneira como nos relacionamos com quem perdeu tudo.<\/p>\n","protected":false},"excerpt":{"rendered":"<p>A MONTSE trabalhava num lar de idosos. O JUAN foi-se embora de casa aos 14 anos. O IGNACIO deixou a Argentina para ter&hellip;<\/p>\n","protected":false},"featured_media":15204,"comment_status":"closed","ping_status":"closed","template":"","meta":{"_acf_changed":false},"product_brand":[],"product_cat":[745],"product_tag":[],"class_list":{"0":"post-15124","1":"product","2":"type-product","3":"status-publish","4":"has-post-thumbnail","6":"product_cat-akivida-pt","8":"first","9":"instock","10":"taxable","11":"shipping-taxable","12":"purchasable","13":"product-type-simple"},"acf":[],"yoast_head":"<!-- This site is optimized with the Yoast SEO plugin v27.1.1 - https:\/\/yoast.com\/product\/yoast-seo-wordpress\/ -->\n<title>Durmo na rua - AKIARA books<\/title>\n<meta name=\"robots\" content=\"index, follow, max-snippet:-1, max-image-preview:large, max-video-preview:-1\" \/>\n<link rel=\"canonical\" href=\"https:\/\/akiarabooks.com\/pt\/livro\/durmo-na-rua\/\" \/>\n<meta property=\"og:locale\" content=\"pt_PT\" \/>\n<meta property=\"og:type\" content=\"article\" \/>\n<meta property=\"og:title\" content=\"Durmo na rua - AKIARA books\" \/>\n<meta property=\"og:description\" content=\"A MONTSE trabalhava num lar de idosos. O JUAN foi-se embora de casa aos 14 anos. O IGNACIO deixou a Argentina para ter&hellip;\" \/>\n<meta property=\"og:url\" content=\"https:\/\/akiarabooks.com\/pt\/livro\/durmo-na-rua\/\" \/>\n<meta property=\"og:site_name\" content=\"AKIARA books\" \/>\n<meta property=\"article:modified_time\" content=\"2025-10-20T19:44:38+00:00\" \/>\n<meta property=\"og:image\" content=\"https:\/\/akiarabooks.com\/wp-content\/uploads\/2025\/09\/DURMO_NA_RUA_capa_PT-1-scaled.jpg\" \/>\n\t<meta property=\"og:image:width\" content=\"1819\" \/>\n\t<meta property=\"og:image:height\" content=\"2560\" \/>\n\t<meta property=\"og:image:type\" content=\"image\/jpeg\" \/>\n<meta name=\"twitter:card\" content=\"summary_large_image\" \/>\n<meta name=\"twitter:label1\" content=\"Est. reading time\" \/>\n\t<meta name=\"twitter:data1\" content=\"2 minutes\" \/>\n<script type=\"application\/ld+json\" class=\"yoast-schema-graph\">{\"@context\":\"https:\/\/schema.org\",\"@graph\":[{\"@type\":\"WebPage\",\"@id\":\"https:\/\/akiarabooks.com\/pt\/livro\/durmo-na-rua\/\",\"url\":\"https:\/\/akiarabooks.com\/pt\/livro\/durmo-na-rua\/\",\"name\":\"Durmo na rua - AKIARA books\",\"isPartOf\":{\"@id\":\"https:\/\/akiarabooks.com\/pt\/#website\"},\"primaryImageOfPage\":{\"@id\":\"https:\/\/akiarabooks.com\/pt\/livro\/durmo-na-rua\/#primaryimage\"},\"image\":{\"@id\":\"https:\/\/akiarabooks.com\/pt\/livro\/durmo-na-rua\/#primaryimage\"},\"thumbnailUrl\":\"https:\/\/akiarabooks.com\/wp-content\/uploads\/2025\/09\/DURMO_NA_RUA_capa_PT-1-scaled.jpg\",\"datePublished\":\"2025-09-11T07:00:20+00:00\",\"dateModified\":\"2025-10-20T19:44:38+00:00\",\"breadcrumb\":{\"@id\":\"https:\/\/akiarabooks.com\/pt\/livro\/durmo-na-rua\/#breadcrumb\"},\"inLanguage\":\"pt\",\"potentialAction\":[{\"@type\":\"ReadAction\",\"target\":[\"https:\/\/akiarabooks.com\/pt\/livro\/durmo-na-rua\/\"]}]},{\"@type\":\"ImageObject\",\"inLanguage\":\"pt\",\"@id\":\"https:\/\/akiarabooks.com\/pt\/livro\/durmo-na-rua\/#primaryimage\",\"url\":\"https:\/\/akiarabooks.com\/wp-content\/uploads\/2025\/09\/DURMO_NA_RUA_capa_PT-1-scaled.jpg\",\"contentUrl\":\"https:\/\/akiarabooks.com\/wp-content\/uploads\/2025\/09\/DURMO_NA_RUA_capa_PT-1-scaled.jpg\",\"width\":1819,\"height\":2560},{\"@type\":\"BreadcrumbList\",\"@id\":\"https:\/\/akiarabooks.com\/pt\/livro\/durmo-na-rua\/#breadcrumb\",\"itemListElement\":[{\"@type\":\"ListItem\",\"position\":1,\"name\":\"Inici\",\"item\":\"https:\/\/akiarabooks.com\/pt\/\"},{\"@type\":\"ListItem\",\"position\":2,\"name\":\"Livros\",\"item\":\"https:\/\/akiarabooks.com\/pt\/livros\/\"},{\"@type\":\"ListItem\",\"position\":3,\"name\":\"Durmo na rua\"}]},{\"@type\":\"WebSite\",\"@id\":\"https:\/\/akiarabooks.com\/pt\/#website\",\"url\":\"https:\/\/akiarabooks.com\/pt\/\",\"name\":\"AKIARA books\",\"description\":\"Llibres inspiradors per a petits i grans\",\"publisher\":{\"@id\":\"https:\/\/akiarabooks.com\/pt\/#organization\"},\"potentialAction\":[{\"@type\":\"SearchAction\",\"target\":{\"@type\":\"EntryPoint\",\"urlTemplate\":\"https:\/\/akiarabooks.com\/pt\/?s={search_term_string}\"},\"query-input\":{\"@type\":\"PropertyValueSpecification\",\"valueRequired\":true,\"valueName\":\"search_term_string\"}}],\"inLanguage\":\"pt\"},{\"@type\":\"Organization\",\"@id\":\"https:\/\/akiarabooks.com\/pt\/#organization\",\"name\":\"AKIARA books\",\"url\":\"https:\/\/akiarabooks.com\/pt\/\",\"logo\":{\"@type\":\"ImageObject\",\"inLanguage\":\"pt\",\"@id\":\"https:\/\/akiarabooks.com\/pt\/#\/schema\/logo\/image\/\",\"url\":\"https:\/\/akiarabooks.com\/wp-content\/uploads\/2018\/02\/cropped-akiara-black.png\",\"contentUrl\":\"https:\/\/akiarabooks.com\/wp-content\/uploads\/2018\/02\/cropped-akiara-black.png\",\"width\":520,\"height\":236,\"caption\":\"AKIARA books\"},\"image\":{\"@id\":\"https:\/\/akiarabooks.com\/pt\/#\/schema\/logo\/image\/\"}}]}<\/script>\n<!-- \/ Yoast SEO plugin. -->","yoast_head_json":{"title":"Durmo na rua - AKIARA books","robots":{"index":"index","follow":"follow","max-snippet":"max-snippet:-1","max-image-preview":"max-image-preview:large","max-video-preview":"max-video-preview:-1"},"canonical":"https:\/\/akiarabooks.com\/pt\/livro\/durmo-na-rua\/","og_locale":"pt_PT","og_type":"article","og_title":"Durmo na rua - AKIARA books","og_description":"A MONTSE trabalhava num lar de idosos. O JUAN foi-se embora de casa aos 14 anos. O IGNACIO deixou a Argentina para ter&hellip;","og_url":"https:\/\/akiarabooks.com\/pt\/livro\/durmo-na-rua\/","og_site_name":"AKIARA books","article_modified_time":"2025-10-20T19:44:38+00:00","og_image":[{"width":1819,"height":2560,"url":"https:\/\/akiarabooks.com\/wp-content\/uploads\/2025\/09\/DURMO_NA_RUA_capa_PT-1-scaled.jpg","type":"image\/jpeg"}],"twitter_card":"summary_large_image","twitter_misc":{"Est. reading time":"2 minutes"},"schema":{"@context":"https:\/\/schema.org","@graph":[{"@type":"WebPage","@id":"https:\/\/akiarabooks.com\/pt\/livro\/durmo-na-rua\/","url":"https:\/\/akiarabooks.com\/pt\/livro\/durmo-na-rua\/","name":"Durmo na rua - AKIARA books","isPartOf":{"@id":"https:\/\/akiarabooks.com\/pt\/#website"},"primaryImageOfPage":{"@id":"https:\/\/akiarabooks.com\/pt\/livro\/durmo-na-rua\/#primaryimage"},"image":{"@id":"https:\/\/akiarabooks.com\/pt\/livro\/durmo-na-rua\/#primaryimage"},"thumbnailUrl":"https:\/\/akiarabooks.com\/wp-content\/uploads\/2025\/09\/DURMO_NA_RUA_capa_PT-1-scaled.jpg","datePublished":"2025-09-11T07:00:20+00:00","dateModified":"2025-10-20T19:44:38+00:00","breadcrumb":{"@id":"https:\/\/akiarabooks.com\/pt\/livro\/durmo-na-rua\/#breadcrumb"},"inLanguage":"pt","potentialAction":[{"@type":"ReadAction","target":["https:\/\/akiarabooks.com\/pt\/livro\/durmo-na-rua\/"]}]},{"@type":"ImageObject","inLanguage":"pt","@id":"https:\/\/akiarabooks.com\/pt\/livro\/durmo-na-rua\/#primaryimage","url":"https:\/\/akiarabooks.com\/wp-content\/uploads\/2025\/09\/DURMO_NA_RUA_capa_PT-1-scaled.jpg","contentUrl":"https:\/\/akiarabooks.com\/wp-content\/uploads\/2025\/09\/DURMO_NA_RUA_capa_PT-1-scaled.jpg","width":1819,"height":2560},{"@type":"BreadcrumbList","@id":"https:\/\/akiarabooks.com\/pt\/livro\/durmo-na-rua\/#breadcrumb","itemListElement":[{"@type":"ListItem","position":1,"name":"Inici","item":"https:\/\/akiarabooks.com\/pt\/"},{"@type":"ListItem","position":2,"name":"Livros","item":"https:\/\/akiarabooks.com\/pt\/livros\/"},{"@type":"ListItem","position":3,"name":"Durmo na rua"}]},{"@type":"WebSite","@id":"https:\/\/akiarabooks.com\/pt\/#website","url":"https:\/\/akiarabooks.com\/pt\/","name":"AKIARA books","description":"Llibres inspiradors per a petits i grans","publisher":{"@id":"https:\/\/akiarabooks.com\/pt\/#organization"},"potentialAction":[{"@type":"SearchAction","target":{"@type":"EntryPoint","urlTemplate":"https:\/\/akiarabooks.com\/pt\/?s={search_term_string}"},"query-input":{"@type":"PropertyValueSpecification","valueRequired":true,"valueName":"search_term_string"}}],"inLanguage":"pt"},{"@type":"Organization","@id":"https:\/\/akiarabooks.com\/pt\/#organization","name":"AKIARA books","url":"https:\/\/akiarabooks.com\/pt\/","logo":{"@type":"ImageObject","inLanguage":"pt","@id":"https:\/\/akiarabooks.com\/pt\/#\/schema\/logo\/image\/","url":"https:\/\/akiarabooks.com\/wp-content\/uploads\/2018\/02\/cropped-akiara-black.png","contentUrl":"https:\/\/akiarabooks.com\/wp-content\/uploads\/2018\/02\/cropped-akiara-black.png","width":520,"height":236,"caption":"AKIARA books"},"image":{"@id":"https:\/\/akiarabooks.com\/pt\/#\/schema\/logo\/image\/"}}]}},"_links":{"self":[{"href":"https:\/\/akiarabooks.com\/pt\/wp-json\/wp\/v2\/product\/15124","targetHints":{"allow":["GET"]}}],"collection":[{"href":"https:\/\/akiarabooks.com\/pt\/wp-json\/wp\/v2\/product"}],"about":[{"href":"https:\/\/akiarabooks.com\/pt\/wp-json\/wp\/v2\/types\/product"}],"replies":[{"embeddable":true,"href":"https:\/\/akiarabooks.com\/pt\/wp-json\/wp\/v2\/comments?post=15124"}],"wp:featuredmedia":[{"embeddable":true,"href":"https:\/\/akiarabooks.com\/pt\/wp-json\/wp\/v2\/media\/15204"}],"wp:attachment":[{"href":"https:\/\/akiarabooks.com\/pt\/wp-json\/wp\/v2\/media?parent=15124"}],"wp:term":[{"taxonomy":"product_brand","embeddable":true,"href":"https:\/\/akiarabooks.com\/pt\/wp-json\/wp\/v2\/product_brand?post=15124"},{"taxonomy":"product_cat","embeddable":true,"href":"https:\/\/akiarabooks.com\/pt\/wp-json\/wp\/v2\/product_cat?post=15124"},{"taxonomy":"product_tag","embeddable":true,"href":"https:\/\/akiarabooks.com\/pt\/wp-json\/wp\/v2\/product_tag?post=15124"}],"curies":[{"name":"wp","href":"https:\/\/api.w.org\/{rel}","templated":true}]}}