{"id":15681,"date":"2025-09-22T11:17:29","date_gmt":"2025-09-22T09:17:29","guid":{"rendered":"https:\/\/akiarabooks.com\/?post_type=product&#038;p=15681"},"modified":"2025-11-11T13:54:44","modified_gmt":"2025-11-11T11:54:44","slug":"pequena-mae-avo","status":"publish","type":"product","link":"https:\/\/akiarabooks.com\/pt\/livro\/pequena-mae-avo\/","title":{"rendered":"Pequena, M\u00e3e, Av\u00f3"},"content":{"rendered":"<div class=\"gmail_default\">\n<p>A Av\u00f3 canta hist\u00f3rias, conta can\u00e7\u00f5es. Os seus dedos s\u00e3o como ramos que dan\u00e7am e tecem as personagens dos seus contos, que v\u00e3o ficando entran\u00e7adas na colcha. E quase n\u00e3o cabem mais hist\u00f3rias na colcha\u2026<br \/>\n\u2014 Um, dois, tr\u00eas \u2014 murmura a Av\u00f3, contando enquanto faz croch\u00e9. \u2014 Um, dois, tr\u00eas, minha menina, meu amor, minha querida. Um, dois, tr\u00eas, Pequena, M\u00e3e, Av\u00f3. Um, dois, tr\u00eas, n\u00f3s as tr\u00eas, meu tesouro. Um, dois, tr\u00eas, as tr\u00eas que somos todas juntas.<\/p>\n<p>Um conto que \u00e9 uma homenagem de duas netas \u00e0 sua av\u00f3, um canto \u00e0 transmiss\u00e3o geracional e ao legado das mulheres, que mant\u00e9m viva a sabedoria popular.<\/p>\n<\/div>\n","protected":false},"excerpt":{"rendered":"<p>A Av\u00f3 canta hist\u00f3rias, conta can\u00e7\u00f5es. Os seus dedos s\u00e3o como ramos que dan\u00e7am e tecem as personagens dos seus contos, que v\u00e3o&hellip;<\/p>\n","protected":false},"featured_media":15241,"comment_status":"closed","ping_status":"closed","template":"","meta":{"_acf_changed":false},"product_brand":[],"product_cat":[408],"product_tag":[],"class_list":{"0":"post-15681","1":"product","2":"type-product","3":"status-publish","4":"has-post-thumbnail","6":"product_cat-akialbum-pt","8":"first","9":"instock","10":"taxable","11":"shipping-taxable","12":"purchasable","13":"product-type-simple"},"acf":[],"yoast_head":"<!-- This site is optimized with the Yoast SEO plugin v27.1.1 - https:\/\/yoast.com\/product\/yoast-seo-wordpress\/ -->\n<title>Pequena, M\u00e3e, Av\u00f3 - AKIARA books<\/title>\n<meta name=\"robots\" content=\"index, follow, max-snippet:-1, max-image-preview:large, max-video-preview:-1\" \/>\n<link rel=\"canonical\" href=\"https:\/\/akiarabooks.com\/pt\/livro\/pequena-mae-avo\/\" \/>\n<meta property=\"og:locale\" content=\"pt_PT\" \/>\n<meta property=\"og:type\" content=\"article\" \/>\n<meta property=\"og:title\" content=\"Pequena, M\u00e3e, Av\u00f3 - AKIARA books\" \/>\n<meta property=\"og:description\" content=\"A Av\u00f3 canta hist\u00f3rias, conta can\u00e7\u00f5es. Os seus dedos s\u00e3o como ramos que dan\u00e7am e tecem as personagens dos seus contos, que v\u00e3o&hellip;\" \/>\n<meta property=\"og:url\" content=\"https:\/\/akiarabooks.com\/pt\/livro\/pequena-mae-avo\/\" \/>\n<meta property=\"og:site_name\" content=\"AKIARA books\" \/>\n<meta property=\"article:modified_time\" content=\"2025-11-11T11:54:44+00:00\" \/>\n<meta property=\"og:image\" content=\"https:\/\/akiarabooks.com\/wp-content\/uploads\/2025\/09\/PEQUENA_MAE_AVO_capa_PT-scaled.jpg\" \/>\n\t<meta property=\"og:image:width\" content=\"2560\" \/>\n\t<meta property=\"og:image:height\" content=\"2228\" \/>\n\t<meta property=\"og:image:type\" content=\"image\/jpeg\" \/>\n<meta name=\"twitter:card\" content=\"summary_large_image\" \/>\n<meta name=\"twitter:label1\" content=\"Est. reading time\" \/>\n\t<meta name=\"twitter:data1\" content=\"1 minute\" \/>\n<script type=\"application\/ld+json\" class=\"yoast-schema-graph\">{\"@context\":\"https:\/\/schema.org\",\"@graph\":[{\"@type\":\"WebPage\",\"@id\":\"https:\/\/akiarabooks.com\/pt\/livro\/pequena-mae-avo\/\",\"url\":\"https:\/\/akiarabooks.com\/pt\/livro\/pequena-mae-avo\/\",\"name\":\"Pequena, M\u00e3e, Av\u00f3 - AKIARA books\",\"isPartOf\":{\"@id\":\"https:\/\/akiarabooks.com\/pt\/#website\"},\"primaryImageOfPage\":{\"@id\":\"https:\/\/akiarabooks.com\/pt\/livro\/pequena-mae-avo\/#primaryimage\"},\"image\":{\"@id\":\"https:\/\/akiarabooks.com\/pt\/livro\/pequena-mae-avo\/#primaryimage\"},\"thumbnailUrl\":\"https:\/\/akiarabooks.com\/wp-content\/uploads\/2025\/09\/PEQUENA_MAE_AVO_capa_PT-scaled.jpg\",\"datePublished\":\"2025-09-22T09:17:29+00:00\",\"dateModified\":\"2025-11-11T11:54:44+00:00\",\"breadcrumb\":{\"@id\":\"https:\/\/akiarabooks.com\/pt\/livro\/pequena-mae-avo\/#breadcrumb\"},\"inLanguage\":\"pt\",\"potentialAction\":[{\"@type\":\"ReadAction\",\"target\":[\"https:\/\/akiarabooks.com\/pt\/livro\/pequena-mae-avo\/\"]}]},{\"@type\":\"ImageObject\",\"inLanguage\":\"pt\",\"@id\":\"https:\/\/akiarabooks.com\/pt\/livro\/pequena-mae-avo\/#primaryimage\",\"url\":\"https:\/\/akiarabooks.com\/wp-content\/uploads\/2025\/09\/PEQUENA_MAE_AVO_capa_PT-scaled.jpg\",\"contentUrl\":\"https:\/\/akiarabooks.com\/wp-content\/uploads\/2025\/09\/PEQUENA_MAE_AVO_capa_PT-scaled.jpg\",\"width\":\"2560\",\"height\":\"2228\"},{\"@type\":\"BreadcrumbList\",\"@id\":\"https:\/\/akiarabooks.com\/pt\/livro\/pequena-mae-avo\/#breadcrumb\",\"itemListElement\":[{\"@type\":\"ListItem\",\"position\":1,\"name\":\"Inici\",\"item\":\"https:\/\/akiarabooks.com\/pt\/\"},{\"@type\":\"ListItem\",\"position\":2,\"name\":\"Livros\",\"item\":\"https:\/\/akiarabooks.com\/pt\/livros\/\"},{\"@type\":\"ListItem\",\"position\":3,\"name\":\"Pequena, M\u00e3e, Av\u00f3\"}]},{\"@type\":\"WebSite\",\"@id\":\"https:\/\/akiarabooks.com\/pt\/#website\",\"url\":\"https:\/\/akiarabooks.com\/pt\/\",\"name\":\"AKIARA books\",\"description\":\"Llibres inspiradors per a petits i grans\",\"publisher\":{\"@id\":\"https:\/\/akiarabooks.com\/pt\/#organization\"},\"potentialAction\":[{\"@type\":\"SearchAction\",\"target\":{\"@type\":\"EntryPoint\",\"urlTemplate\":\"https:\/\/akiarabooks.com\/pt\/?s={search_term_string}\"},\"query-input\":{\"@type\":\"PropertyValueSpecification\",\"valueRequired\":true,\"valueName\":\"search_term_string\"}}],\"inLanguage\":\"pt\"},{\"@type\":\"Organization\",\"@id\":\"https:\/\/akiarabooks.com\/pt\/#organization\",\"name\":\"AKIARA books\",\"url\":\"https:\/\/akiarabooks.com\/pt\/\",\"logo\":{\"@type\":\"ImageObject\",\"inLanguage\":\"pt\",\"@id\":\"https:\/\/akiarabooks.com\/pt\/#\/schema\/logo\/image\/\",\"url\":\"https:\/\/akiarabooks.com\/wp-content\/uploads\/2018\/02\/cropped-akiara-black.png\",\"contentUrl\":\"https:\/\/akiarabooks.com\/wp-content\/uploads\/2018\/02\/cropped-akiara-black.png\",\"width\":520,\"height\":236,\"caption\":\"AKIARA books\"},\"image\":{\"@id\":\"https:\/\/akiarabooks.com\/pt\/#\/schema\/logo\/image\/\"}}]}<\/script>\n<!-- \/ Yoast SEO plugin. -->","yoast_head_json":{"title":"Pequena, M\u00e3e, Av\u00f3 - AKIARA books","robots":{"index":"index","follow":"follow","max-snippet":"max-snippet:-1","max-image-preview":"max-image-preview:large","max-video-preview":"max-video-preview:-1"},"canonical":"https:\/\/akiarabooks.com\/pt\/livro\/pequena-mae-avo\/","og_locale":"pt_PT","og_type":"article","og_title":"Pequena, M\u00e3e, Av\u00f3 - AKIARA books","og_description":"A Av\u00f3 canta hist\u00f3rias, conta can\u00e7\u00f5es. Os seus dedos s\u00e3o como ramos que dan\u00e7am e tecem as personagens dos seus contos, que v\u00e3o&hellip;","og_url":"https:\/\/akiarabooks.com\/pt\/livro\/pequena-mae-avo\/","og_site_name":"AKIARA books","article_modified_time":"2025-11-11T11:54:44+00:00","og_image":[{"width":2560,"height":2228,"url":"https:\/\/akiarabooks.com\/wp-content\/uploads\/2025\/09\/PEQUENA_MAE_AVO_capa_PT-scaled.jpg","type":"image\/jpeg"}],"twitter_card":"summary_large_image","twitter_misc":{"Est. reading time":"1 minute"},"schema":{"@context":"https:\/\/schema.org","@graph":[{"@type":"WebPage","@id":"https:\/\/akiarabooks.com\/pt\/livro\/pequena-mae-avo\/","url":"https:\/\/akiarabooks.com\/pt\/livro\/pequena-mae-avo\/","name":"Pequena, M\u00e3e, Av\u00f3 - AKIARA books","isPartOf":{"@id":"https:\/\/akiarabooks.com\/pt\/#website"},"primaryImageOfPage":{"@id":"https:\/\/akiarabooks.com\/pt\/livro\/pequena-mae-avo\/#primaryimage"},"image":{"@id":"https:\/\/akiarabooks.com\/pt\/livro\/pequena-mae-avo\/#primaryimage"},"thumbnailUrl":"https:\/\/akiarabooks.com\/wp-content\/uploads\/2025\/09\/PEQUENA_MAE_AVO_capa_PT-scaled.jpg","datePublished":"2025-09-22T09:17:29+00:00","dateModified":"2025-11-11T11:54:44+00:00","breadcrumb":{"@id":"https:\/\/akiarabooks.com\/pt\/livro\/pequena-mae-avo\/#breadcrumb"},"inLanguage":"pt","potentialAction":[{"@type":"ReadAction","target":["https:\/\/akiarabooks.com\/pt\/livro\/pequena-mae-avo\/"]}]},{"@type":"ImageObject","inLanguage":"pt","@id":"https:\/\/akiarabooks.com\/pt\/livro\/pequena-mae-avo\/#primaryimage","url":"https:\/\/akiarabooks.com\/wp-content\/uploads\/2025\/09\/PEQUENA_MAE_AVO_capa_PT-scaled.jpg","contentUrl":"https:\/\/akiarabooks.com\/wp-content\/uploads\/2025\/09\/PEQUENA_MAE_AVO_capa_PT-scaled.jpg","width":"2560","height":"2228"},{"@type":"BreadcrumbList","@id":"https:\/\/akiarabooks.com\/pt\/livro\/pequena-mae-avo\/#breadcrumb","itemListElement":[{"@type":"ListItem","position":1,"name":"Inici","item":"https:\/\/akiarabooks.com\/pt\/"},{"@type":"ListItem","position":2,"name":"Livros","item":"https:\/\/akiarabooks.com\/pt\/livros\/"},{"@type":"ListItem","position":3,"name":"Pequena, M\u00e3e, Av\u00f3"}]},{"@type":"WebSite","@id":"https:\/\/akiarabooks.com\/pt\/#website","url":"https:\/\/akiarabooks.com\/pt\/","name":"AKIARA books","description":"Llibres inspiradors per a petits i grans","publisher":{"@id":"https:\/\/akiarabooks.com\/pt\/#organization"},"potentialAction":[{"@type":"SearchAction","target":{"@type":"EntryPoint","urlTemplate":"https:\/\/akiarabooks.com\/pt\/?s={search_term_string}"},"query-input":{"@type":"PropertyValueSpecification","valueRequired":true,"valueName":"search_term_string"}}],"inLanguage":"pt"},{"@type":"Organization","@id":"https:\/\/akiarabooks.com\/pt\/#organization","name":"AKIARA books","url":"https:\/\/akiarabooks.com\/pt\/","logo":{"@type":"ImageObject","inLanguage":"pt","@id":"https:\/\/akiarabooks.com\/pt\/#\/schema\/logo\/image\/","url":"https:\/\/akiarabooks.com\/wp-content\/uploads\/2018\/02\/cropped-akiara-black.png","contentUrl":"https:\/\/akiarabooks.com\/wp-content\/uploads\/2018\/02\/cropped-akiara-black.png","width":520,"height":236,"caption":"AKIARA books"},"image":{"@id":"https:\/\/akiarabooks.com\/pt\/#\/schema\/logo\/image\/"}}]}},"_links":{"self":[{"href":"https:\/\/akiarabooks.com\/pt\/wp-json\/wp\/v2\/product\/15681","targetHints":{"allow":["GET"]}}],"collection":[{"href":"https:\/\/akiarabooks.com\/pt\/wp-json\/wp\/v2\/product"}],"about":[{"href":"https:\/\/akiarabooks.com\/pt\/wp-json\/wp\/v2\/types\/product"}],"replies":[{"embeddable":true,"href":"https:\/\/akiarabooks.com\/pt\/wp-json\/wp\/v2\/comments?post=15681"}],"wp:featuredmedia":[{"embeddable":true,"href":"https:\/\/akiarabooks.com\/pt\/wp-json\/wp\/v2\/media\/15241"}],"wp:attachment":[{"href":"https:\/\/akiarabooks.com\/pt\/wp-json\/wp\/v2\/media?parent=15681"}],"wp:term":[{"taxonomy":"product_brand","embeddable":true,"href":"https:\/\/akiarabooks.com\/pt\/wp-json\/wp\/v2\/product_brand?post=15681"},{"taxonomy":"product_cat","embeddable":true,"href":"https:\/\/akiarabooks.com\/pt\/wp-json\/wp\/v2\/product_cat?post=15681"},{"taxonomy":"product_tag","embeddable":true,"href":"https:\/\/akiarabooks.com\/pt\/wp-json\/wp\/v2\/product_tag?post=15681"}],"curies":[{"name":"wp","href":"https:\/\/api.w.org\/{rel}","templated":true}]}}