{"id":4084,"date":"2018-07-25T00:22:26","date_gmt":"2018-07-24T22:22:26","guid":{"rendered":"https:\/\/akiarabooks.com\/llibre\/lescola-de-la-haru\/"},"modified":"2018-12-08T14:31:49","modified_gmt":"2018-12-08T12:31:49","slug":"a-escola-da-haru","status":"publish","type":"product","link":"https:\/\/akiarabooks.com\/pt\/livro\/a-escola-da-haru\/","title":{"rendered":"A escola da Haru"},"content":{"rendered":"<p>A Haru d\u00e1 o sinal. Come\u00e7a a dan\u00e7a de movimentos para alcan\u00e7ar a posi\u00e7\u00e3o adequada. As pernas, os ombros, o olhar, as m\u00e3os, o arco. Relaxamento, concentra\u00e7\u00e3o, observa\u00e7\u00e3o. Todos respiram ao mesmo tempo, com a pausa necess\u00e1ria para manter a calma. Nada os distrai. Nem o voo das aves nem a leve agita\u00e7\u00e3o das \u00e1rvores mais pr\u00f3ximas.<br \/>\nSimultaneamente, como se fossem uma s\u00f3, as quatro setas saem a voar at\u00e9 ao seu destino, como em breve far\u00e3o os alunos ao sa\u00edrem do dojo.<\/p>\n","protected":false},"excerpt":{"rendered":"<p>A Haru d\u00e1 o sinal. Come\u00e7a a dan\u00e7a de movimentos para alcan\u00e7ar a posi\u00e7\u00e3o adequada. As pernas, os ombros, o olhar, as m\u00e3os,&hellip;<\/p>\n","protected":false},"featured_media":4461,"comment_status":"closed","ping_status":"closed","template":"","meta":{"_acf_changed":false},"product_brand":[],"product_cat":[354],"product_tag":[372,363,364,365,366,367,368,369,370,371,373,374,360,375],"class_list":{"0":"post-4084","1":"product","2":"type-product","3":"status-publish","4":"has-post-thumbnail","6":"product_cat-pequena-fragmenta-pt","7":"product_tag-a-escola-da-haru-pt","8":"product_tag-akiara-pt","9":"product_tag-arco-pt","10":"product_tag-books-pt","11":"product_tag-budismo-pt","12":"product_tag-caligrafia-pt","13":"product_tag-dojo-pt","14":"product_tag-flavia-company-pt","15":"product_tag-haru-pt","16":"product_tag-japao-pt","17":"product_tag-lij-pt","18":"product_tag-luciano-lozano-pt","19":"product_tag-pequena-fragmenta-pt","20":"product_tag-zen-pt","22":"first","23":"instock","24":"taxable","25":"shipping-taxable","26":"purchasable","27":"product-type-simple"},"acf":[],"yoast_head":"<!-- This site is optimized with the Yoast SEO plugin v27.1.1 - https:\/\/yoast.com\/product\/yoast-seo-wordpress\/ -->\n<title>A escola da Haru - AKIARA books<\/title>\n<meta name=\"robots\" content=\"index, follow, max-snippet:-1, max-image-preview:large, max-video-preview:-1\" \/>\n<link rel=\"canonical\" href=\"https:\/\/akiarabooks.com\/pt\/livro\/a-escola-da-haru\/\" \/>\n<meta property=\"og:locale\" content=\"pt_PT\" \/>\n<meta property=\"og:type\" content=\"article\" \/>\n<meta property=\"og:title\" content=\"A escola da Haru - AKIARA books\" \/>\n<meta property=\"og:description\" content=\"A Haru d\u00e1 o sinal. Come\u00e7a a dan\u00e7a de movimentos para alcan\u00e7ar a posi\u00e7\u00e3o adequada. As pernas, os ombros, o olhar, as m\u00e3os,&hellip;\" \/>\n<meta property=\"og:url\" content=\"https:\/\/akiarabooks.com\/pt\/livro\/a-escola-da-haru\/\" \/>\n<meta property=\"og:site_name\" content=\"AKIARA books\" \/>\n<meta property=\"article:modified_time\" content=\"2018-12-08T12:31:49+00:00\" \/>\n<meta property=\"og:image\" content=\"https:\/\/akiarabooks.com\/wp-content\/uploads\/2018\/07\/A-escola-da-Haru-capa-PT-1151x1000.jpg\" \/>\n\t<meta property=\"og:image:width\" content=\"1151\" \/>\n\t<meta property=\"og:image:height\" content=\"1000\" \/>\n\t<meta property=\"og:image:type\" content=\"image\/jpeg\" \/>\n<meta name=\"twitter:card\" content=\"summary_large_image\" \/>\n<script type=\"application\/ld+json\" class=\"yoast-schema-graph\">{\"@context\":\"https:\/\/schema.org\",\"@graph\":[{\"@type\":\"WebPage\",\"@id\":\"https:\/\/akiarabooks.com\/pt\/livro\/a-escola-da-haru\/\",\"url\":\"https:\/\/akiarabooks.com\/pt\/livro\/a-escola-da-haru\/\",\"name\":\"A escola da Haru - AKIARA books\",\"isPartOf\":{\"@id\":\"https:\/\/akiarabooks.com\/pt\/#website\"},\"primaryImageOfPage\":{\"@id\":\"https:\/\/akiarabooks.com\/pt\/livro\/a-escola-da-haru\/#primaryimage\"},\"image\":{\"@id\":\"https:\/\/akiarabooks.com\/pt\/livro\/a-escola-da-haru\/#primaryimage\"},\"thumbnailUrl\":\"https:\/\/akiarabooks.com\/wp-content\/uploads\/2018\/07\/A-escola-da-Haru-capa-PT.jpg\",\"datePublished\":\"2018-07-24T22:22:26+00:00\",\"dateModified\":\"2018-12-08T12:31:49+00:00\",\"breadcrumb\":{\"@id\":\"https:\/\/akiarabooks.com\/pt\/livro\/a-escola-da-haru\/#breadcrumb\"},\"inLanguage\":\"pt\",\"potentialAction\":[{\"@type\":\"ReadAction\",\"target\":[\"https:\/\/akiarabooks.com\/pt\/livro\/a-escola-da-haru\/\"]}]},{\"@type\":\"ImageObject\",\"inLanguage\":\"pt\",\"@id\":\"https:\/\/akiarabooks.com\/pt\/livro\/a-escola-da-haru\/#primaryimage\",\"url\":\"https:\/\/akiarabooks.com\/wp-content\/uploads\/2018\/07\/A-escola-da-Haru-capa-PT.jpg\",\"contentUrl\":\"https:\/\/akiarabooks.com\/wp-content\/uploads\/2018\/07\/A-escola-da-Haru-capa-PT.jpg\",\"width\":3359,\"height\":2918},{\"@type\":\"BreadcrumbList\",\"@id\":\"https:\/\/akiarabooks.com\/pt\/livro\/a-escola-da-haru\/#breadcrumb\",\"itemListElement\":[{\"@type\":\"ListItem\",\"position\":1,\"name\":\"Inici\",\"item\":\"https:\/\/akiarabooks.com\/pt\/\"},{\"@type\":\"ListItem\",\"position\":2,\"name\":\"Livros\",\"item\":\"https:\/\/akiarabooks.com\/pt\/livros\/\"},{\"@type\":\"ListItem\",\"position\":3,\"name\":\"A escola da Haru\"}]},{\"@type\":\"WebSite\",\"@id\":\"https:\/\/akiarabooks.com\/pt\/#website\",\"url\":\"https:\/\/akiarabooks.com\/pt\/\",\"name\":\"AKIARA books\",\"description\":\"Llibres inspiradors per a petits i grans\",\"publisher\":{\"@id\":\"https:\/\/akiarabooks.com\/pt\/#organization\"},\"potentialAction\":[{\"@type\":\"SearchAction\",\"target\":{\"@type\":\"EntryPoint\",\"urlTemplate\":\"https:\/\/akiarabooks.com\/pt\/?s={search_term_string}\"},\"query-input\":{\"@type\":\"PropertyValueSpecification\",\"valueRequired\":true,\"valueName\":\"search_term_string\"}}],\"inLanguage\":\"pt\"},{\"@type\":\"Organization\",\"@id\":\"https:\/\/akiarabooks.com\/pt\/#organization\",\"name\":\"AKIARA books\",\"url\":\"https:\/\/akiarabooks.com\/pt\/\",\"logo\":{\"@type\":\"ImageObject\",\"inLanguage\":\"pt\",\"@id\":\"https:\/\/akiarabooks.com\/pt\/#\/schema\/logo\/image\/\",\"url\":\"https:\/\/akiarabooks.com\/wp-content\/uploads\/2018\/02\/cropped-akiara-black.png\",\"contentUrl\":\"https:\/\/akiarabooks.com\/wp-content\/uploads\/2018\/02\/cropped-akiara-black.png\",\"width\":520,\"height\":236,\"caption\":\"AKIARA books\"},\"image\":{\"@id\":\"https:\/\/akiarabooks.com\/pt\/#\/schema\/logo\/image\/\"}}]}<\/script>\n<!-- \/ Yoast SEO plugin. -->","yoast_head_json":{"title":"A escola da Haru - AKIARA books","robots":{"index":"index","follow":"follow","max-snippet":"max-snippet:-1","max-image-preview":"max-image-preview:large","max-video-preview":"max-video-preview:-1"},"canonical":"https:\/\/akiarabooks.com\/pt\/livro\/a-escola-da-haru\/","og_locale":"pt_PT","og_type":"article","og_title":"A escola da Haru - AKIARA books","og_description":"A Haru d\u00e1 o sinal. Come\u00e7a a dan\u00e7a de movimentos para alcan\u00e7ar a posi\u00e7\u00e3o adequada. As pernas, os ombros, o olhar, as m\u00e3os,&hellip;","og_url":"https:\/\/akiarabooks.com\/pt\/livro\/a-escola-da-haru\/","og_site_name":"AKIARA books","article_modified_time":"2018-12-08T12:31:49+00:00","og_image":[{"width":1151,"height":1000,"url":"https:\/\/akiarabooks.com\/wp-content\/uploads\/2018\/07\/A-escola-da-Haru-capa-PT-1151x1000.jpg","type":"image\/jpeg"}],"twitter_card":"summary_large_image","schema":{"@context":"https:\/\/schema.org","@graph":[{"@type":"WebPage","@id":"https:\/\/akiarabooks.com\/pt\/livro\/a-escola-da-haru\/","url":"https:\/\/akiarabooks.com\/pt\/livro\/a-escola-da-haru\/","name":"A escola da Haru - AKIARA books","isPartOf":{"@id":"https:\/\/akiarabooks.com\/pt\/#website"},"primaryImageOfPage":{"@id":"https:\/\/akiarabooks.com\/pt\/livro\/a-escola-da-haru\/#primaryimage"},"image":{"@id":"https:\/\/akiarabooks.com\/pt\/livro\/a-escola-da-haru\/#primaryimage"},"thumbnailUrl":"https:\/\/akiarabooks.com\/wp-content\/uploads\/2018\/07\/A-escola-da-Haru-capa-PT.jpg","datePublished":"2018-07-24T22:22:26+00:00","dateModified":"2018-12-08T12:31:49+00:00","breadcrumb":{"@id":"https:\/\/akiarabooks.com\/pt\/livro\/a-escola-da-haru\/#breadcrumb"},"inLanguage":"pt","potentialAction":[{"@type":"ReadAction","target":["https:\/\/akiarabooks.com\/pt\/livro\/a-escola-da-haru\/"]}]},{"@type":"ImageObject","inLanguage":"pt","@id":"https:\/\/akiarabooks.com\/pt\/livro\/a-escola-da-haru\/#primaryimage","url":"https:\/\/akiarabooks.com\/wp-content\/uploads\/2018\/07\/A-escola-da-Haru-capa-PT.jpg","contentUrl":"https:\/\/akiarabooks.com\/wp-content\/uploads\/2018\/07\/A-escola-da-Haru-capa-PT.jpg","width":3359,"height":2918},{"@type":"BreadcrumbList","@id":"https:\/\/akiarabooks.com\/pt\/livro\/a-escola-da-haru\/#breadcrumb","itemListElement":[{"@type":"ListItem","position":1,"name":"Inici","item":"https:\/\/akiarabooks.com\/pt\/"},{"@type":"ListItem","position":2,"name":"Livros","item":"https:\/\/akiarabooks.com\/pt\/livros\/"},{"@type":"ListItem","position":3,"name":"A escola da Haru"}]},{"@type":"WebSite","@id":"https:\/\/akiarabooks.com\/pt\/#website","url":"https:\/\/akiarabooks.com\/pt\/","name":"AKIARA books","description":"Llibres inspiradors per a petits i grans","publisher":{"@id":"https:\/\/akiarabooks.com\/pt\/#organization"},"potentialAction":[{"@type":"SearchAction","target":{"@type":"EntryPoint","urlTemplate":"https:\/\/akiarabooks.com\/pt\/?s={search_term_string}"},"query-input":{"@type":"PropertyValueSpecification","valueRequired":true,"valueName":"search_term_string"}}],"inLanguage":"pt"},{"@type":"Organization","@id":"https:\/\/akiarabooks.com\/pt\/#organization","name":"AKIARA books","url":"https:\/\/akiarabooks.com\/pt\/","logo":{"@type":"ImageObject","inLanguage":"pt","@id":"https:\/\/akiarabooks.com\/pt\/#\/schema\/logo\/image\/","url":"https:\/\/akiarabooks.com\/wp-content\/uploads\/2018\/02\/cropped-akiara-black.png","contentUrl":"https:\/\/akiarabooks.com\/wp-content\/uploads\/2018\/02\/cropped-akiara-black.png","width":520,"height":236,"caption":"AKIARA books"},"image":{"@id":"https:\/\/akiarabooks.com\/pt\/#\/schema\/logo\/image\/"}}]}},"_links":{"self":[{"href":"https:\/\/akiarabooks.com\/pt\/wp-json\/wp\/v2\/product\/4084","targetHints":{"allow":["GET"]}}],"collection":[{"href":"https:\/\/akiarabooks.com\/pt\/wp-json\/wp\/v2\/product"}],"about":[{"href":"https:\/\/akiarabooks.com\/pt\/wp-json\/wp\/v2\/types\/product"}],"replies":[{"embeddable":true,"href":"https:\/\/akiarabooks.com\/pt\/wp-json\/wp\/v2\/comments?post=4084"}],"wp:featuredmedia":[{"embeddable":true,"href":"https:\/\/akiarabooks.com\/pt\/wp-json\/wp\/v2\/media\/4461"}],"wp:attachment":[{"href":"https:\/\/akiarabooks.com\/pt\/wp-json\/wp\/v2\/media?parent=4084"}],"wp:term":[{"taxonomy":"product_brand","embeddable":true,"href":"https:\/\/akiarabooks.com\/pt\/wp-json\/wp\/v2\/product_brand?post=4084"},{"taxonomy":"product_cat","embeddable":true,"href":"https:\/\/akiarabooks.com\/pt\/wp-json\/wp\/v2\/product_cat?post=4084"},{"taxonomy":"product_tag","embeddable":true,"href":"https:\/\/akiarabooks.com\/pt\/wp-json\/wp\/v2\/product_tag?post=4084"}],"curies":[{"name":"wp","href":"https:\/\/api.w.org\/{rel}","templated":true}]}}