{"id":4105,"date":"2018-07-25T00:20:09","date_gmt":"2018-07-24T22:20:09","guid":{"rendered":"https:\/\/akiarabooks.com\/llibre\/jatakes\/"},"modified":"2020-07-29T12:26:18","modified_gmt":"2020-07-29T10:26:18","slug":"jatakas","status":"publish","type":"product","link":"https:\/\/akiarabooks.com\/pt\/livro\/jatakas\/","title":{"rendered":"Jatakas (PT)"},"content":{"rendered":"<p>H\u00e1 muitos, muitos anos, nasceram no sudeste asi\u00e1tico uns animais singulares que tinham poderes m\u00e1gicos. Conta-se que por onde passavam transformavam as sombras em luz porque contagiavam todos os seres vivos com a alegria e a bondade dos seus cora\u00e7\u00f5es.<\/p>\n<p>As jatakas narram as hist\u00f3rias destes animais exemplares. Fazem parte da cole\u00e7\u00e3o de obras que preservam os princ\u00edpios do budismo mais primitivo. N\u00e3o pretendem dar li\u00e7\u00f5es, apenas inspirar uma conduta consciente e \u00e9tica.<\/p>\n","protected":false},"excerpt":{"rendered":"<p>H\u00e1 muitos, muitos anos, nasceram no sudeste asi\u00e1tico uns animais singulares que tinham poderes m\u00e1gicos. Conta-se que por onde passavam transformavam as sombras&hellip;<\/p>\n","protected":false},"featured_media":8320,"comment_status":"closed","ping_status":"closed","template":"","meta":{"_acf_changed":false},"product_brand":[],"product_cat":[354],"product_tag":[],"class_list":{"0":"post-4105","1":"product","2":"type-product","3":"status-publish","4":"has-post-thumbnail","6":"product_cat-pequena-fragmenta-pt","8":"first","9":"instock","10":"taxable","11":"shipping-taxable","12":"purchasable","13":"product-type-simple"},"acf":[],"yoast_head":"<!-- This site is optimized with the Yoast SEO plugin v27.1.1 - https:\/\/yoast.com\/product\/yoast-seo-wordpress\/ -->\n<title>Jatakas (PT) - AKIARA books<\/title>\n<meta name=\"robots\" content=\"index, follow, max-snippet:-1, max-image-preview:large, max-video-preview:-1\" \/>\n<link rel=\"canonical\" href=\"https:\/\/akiarabooks.com\/pt\/livro\/jatakas\/\" \/>\n<meta property=\"og:locale\" content=\"pt_PT\" \/>\n<meta property=\"og:type\" content=\"article\" \/>\n<meta property=\"og:title\" content=\"Jatakas (PT) - AKIARA books\" \/>\n<meta property=\"og:description\" content=\"H\u00e1 muitos, muitos anos, nasceram no sudeste asi\u00e1tico uns animais singulares que tinham poderes m\u00e1gicos. Conta-se que por onde passavam transformavam as sombras&hellip;\" \/>\n<meta property=\"og:url\" content=\"https:\/\/akiarabooks.com\/pt\/livro\/jatakas\/\" \/>\n<meta property=\"og:site_name\" content=\"AKIARA books\" \/>\n<meta property=\"article:modified_time\" content=\"2020-07-29T10:26:18+00:00\" \/>\n<meta property=\"og:image\" content=\"https:\/\/akiarabooks.com\/wp-content\/uploads\/2018\/07\/JATAKAS-capa-PT-1-scaled.jpg\" \/>\n\t<meta property=\"og:image:width\" content=\"2560\" \/>\n\t<meta property=\"og:image:height\" content=\"2219\" \/>\n\t<meta property=\"og:image:type\" content=\"image\/jpeg\" \/>\n<meta name=\"twitter:card\" content=\"summary_large_image\" \/>\n<script type=\"application\/ld+json\" class=\"yoast-schema-graph\">{\"@context\":\"https:\/\/schema.org\",\"@graph\":[{\"@type\":\"WebPage\",\"@id\":\"https:\/\/akiarabooks.com\/pt\/livro\/jatakas\/\",\"url\":\"https:\/\/akiarabooks.com\/pt\/livro\/jatakas\/\",\"name\":\"Jatakas (PT) - AKIARA books\",\"isPartOf\":{\"@id\":\"https:\/\/akiarabooks.com\/pt\/#website\"},\"primaryImageOfPage\":{\"@id\":\"https:\/\/akiarabooks.com\/pt\/livro\/jatakas\/#primaryimage\"},\"image\":{\"@id\":\"https:\/\/akiarabooks.com\/pt\/livro\/jatakas\/#primaryimage\"},\"thumbnailUrl\":\"https:\/\/akiarabooks.com\/wp-content\/uploads\/2018\/07\/JATAKAS-capa-PT-1-scaled.jpg\",\"datePublished\":\"2018-07-24T22:20:09+00:00\",\"dateModified\":\"2020-07-29T10:26:18+00:00\",\"breadcrumb\":{\"@id\":\"https:\/\/akiarabooks.com\/pt\/livro\/jatakas\/#breadcrumb\"},\"inLanguage\":\"pt\",\"potentialAction\":[{\"@type\":\"ReadAction\",\"target\":[\"https:\/\/akiarabooks.com\/pt\/livro\/jatakas\/\"]}]},{\"@type\":\"ImageObject\",\"inLanguage\":\"pt\",\"@id\":\"https:\/\/akiarabooks.com\/pt\/livro\/jatakas\/#primaryimage\",\"url\":\"https:\/\/akiarabooks.com\/wp-content\/uploads\/2018\/07\/JATAKAS-capa-PT-1-scaled.jpg\",\"contentUrl\":\"https:\/\/akiarabooks.com\/wp-content\/uploads\/2018\/07\/JATAKAS-capa-PT-1-scaled.jpg\",\"width\":2560,\"height\":2219},{\"@type\":\"BreadcrumbList\",\"@id\":\"https:\/\/akiarabooks.com\/pt\/livro\/jatakas\/#breadcrumb\",\"itemListElement\":[{\"@type\":\"ListItem\",\"position\":1,\"name\":\"Inici\",\"item\":\"https:\/\/akiarabooks.com\/pt\/\"},{\"@type\":\"ListItem\",\"position\":2,\"name\":\"Livros\",\"item\":\"https:\/\/akiarabooks.com\/pt\/livros\/\"},{\"@type\":\"ListItem\",\"position\":3,\"name\":\"Jatakas (PT)\"}]},{\"@type\":\"WebSite\",\"@id\":\"https:\/\/akiarabooks.com\/pt\/#website\",\"url\":\"https:\/\/akiarabooks.com\/pt\/\",\"name\":\"AKIARA books\",\"description\":\"Llibres inspiradors per a petits i grans\",\"publisher\":{\"@id\":\"https:\/\/akiarabooks.com\/pt\/#organization\"},\"potentialAction\":[{\"@type\":\"SearchAction\",\"target\":{\"@type\":\"EntryPoint\",\"urlTemplate\":\"https:\/\/akiarabooks.com\/pt\/?s={search_term_string}\"},\"query-input\":{\"@type\":\"PropertyValueSpecification\",\"valueRequired\":true,\"valueName\":\"search_term_string\"}}],\"inLanguage\":\"pt\"},{\"@type\":\"Organization\",\"@id\":\"https:\/\/akiarabooks.com\/pt\/#organization\",\"name\":\"AKIARA books\",\"url\":\"https:\/\/akiarabooks.com\/pt\/\",\"logo\":{\"@type\":\"ImageObject\",\"inLanguage\":\"pt\",\"@id\":\"https:\/\/akiarabooks.com\/pt\/#\/schema\/logo\/image\/\",\"url\":\"https:\/\/akiarabooks.com\/wp-content\/uploads\/2018\/02\/cropped-akiara-black.png\",\"contentUrl\":\"https:\/\/akiarabooks.com\/wp-content\/uploads\/2018\/02\/cropped-akiara-black.png\",\"width\":520,\"height\":236,\"caption\":\"AKIARA books\"},\"image\":{\"@id\":\"https:\/\/akiarabooks.com\/pt\/#\/schema\/logo\/image\/\"}}]}<\/script>\n<!-- \/ Yoast SEO plugin. -->","yoast_head_json":{"title":"Jatakas (PT) - AKIARA books","robots":{"index":"index","follow":"follow","max-snippet":"max-snippet:-1","max-image-preview":"max-image-preview:large","max-video-preview":"max-video-preview:-1"},"canonical":"https:\/\/akiarabooks.com\/pt\/livro\/jatakas\/","og_locale":"pt_PT","og_type":"article","og_title":"Jatakas (PT) - AKIARA books","og_description":"H\u00e1 muitos, muitos anos, nasceram no sudeste asi\u00e1tico uns animais singulares que tinham poderes m\u00e1gicos. Conta-se que por onde passavam transformavam as sombras&hellip;","og_url":"https:\/\/akiarabooks.com\/pt\/livro\/jatakas\/","og_site_name":"AKIARA books","article_modified_time":"2020-07-29T10:26:18+00:00","og_image":[{"width":2560,"height":2219,"url":"https:\/\/akiarabooks.com\/wp-content\/uploads\/2018\/07\/JATAKAS-capa-PT-1-scaled.jpg","type":"image\/jpeg"}],"twitter_card":"summary_large_image","schema":{"@context":"https:\/\/schema.org","@graph":[{"@type":"WebPage","@id":"https:\/\/akiarabooks.com\/pt\/livro\/jatakas\/","url":"https:\/\/akiarabooks.com\/pt\/livro\/jatakas\/","name":"Jatakas (PT) - AKIARA books","isPartOf":{"@id":"https:\/\/akiarabooks.com\/pt\/#website"},"primaryImageOfPage":{"@id":"https:\/\/akiarabooks.com\/pt\/livro\/jatakas\/#primaryimage"},"image":{"@id":"https:\/\/akiarabooks.com\/pt\/livro\/jatakas\/#primaryimage"},"thumbnailUrl":"https:\/\/akiarabooks.com\/wp-content\/uploads\/2018\/07\/JATAKAS-capa-PT-1-scaled.jpg","datePublished":"2018-07-24T22:20:09+00:00","dateModified":"2020-07-29T10:26:18+00:00","breadcrumb":{"@id":"https:\/\/akiarabooks.com\/pt\/livro\/jatakas\/#breadcrumb"},"inLanguage":"pt","potentialAction":[{"@type":"ReadAction","target":["https:\/\/akiarabooks.com\/pt\/livro\/jatakas\/"]}]},{"@type":"ImageObject","inLanguage":"pt","@id":"https:\/\/akiarabooks.com\/pt\/livro\/jatakas\/#primaryimage","url":"https:\/\/akiarabooks.com\/wp-content\/uploads\/2018\/07\/JATAKAS-capa-PT-1-scaled.jpg","contentUrl":"https:\/\/akiarabooks.com\/wp-content\/uploads\/2018\/07\/JATAKAS-capa-PT-1-scaled.jpg","width":2560,"height":2219},{"@type":"BreadcrumbList","@id":"https:\/\/akiarabooks.com\/pt\/livro\/jatakas\/#breadcrumb","itemListElement":[{"@type":"ListItem","position":1,"name":"Inici","item":"https:\/\/akiarabooks.com\/pt\/"},{"@type":"ListItem","position":2,"name":"Livros","item":"https:\/\/akiarabooks.com\/pt\/livros\/"},{"@type":"ListItem","position":3,"name":"Jatakas (PT)"}]},{"@type":"WebSite","@id":"https:\/\/akiarabooks.com\/pt\/#website","url":"https:\/\/akiarabooks.com\/pt\/","name":"AKIARA books","description":"Llibres inspiradors per a petits i grans","publisher":{"@id":"https:\/\/akiarabooks.com\/pt\/#organization"},"potentialAction":[{"@type":"SearchAction","target":{"@type":"EntryPoint","urlTemplate":"https:\/\/akiarabooks.com\/pt\/?s={search_term_string}"},"query-input":{"@type":"PropertyValueSpecification","valueRequired":true,"valueName":"search_term_string"}}],"inLanguage":"pt"},{"@type":"Organization","@id":"https:\/\/akiarabooks.com\/pt\/#organization","name":"AKIARA books","url":"https:\/\/akiarabooks.com\/pt\/","logo":{"@type":"ImageObject","inLanguage":"pt","@id":"https:\/\/akiarabooks.com\/pt\/#\/schema\/logo\/image\/","url":"https:\/\/akiarabooks.com\/wp-content\/uploads\/2018\/02\/cropped-akiara-black.png","contentUrl":"https:\/\/akiarabooks.com\/wp-content\/uploads\/2018\/02\/cropped-akiara-black.png","width":520,"height":236,"caption":"AKIARA books"},"image":{"@id":"https:\/\/akiarabooks.com\/pt\/#\/schema\/logo\/image\/"}}]}},"_links":{"self":[{"href":"https:\/\/akiarabooks.com\/pt\/wp-json\/wp\/v2\/product\/4105","targetHints":{"allow":["GET"]}}],"collection":[{"href":"https:\/\/akiarabooks.com\/pt\/wp-json\/wp\/v2\/product"}],"about":[{"href":"https:\/\/akiarabooks.com\/pt\/wp-json\/wp\/v2\/types\/product"}],"replies":[{"embeddable":true,"href":"https:\/\/akiarabooks.com\/pt\/wp-json\/wp\/v2\/comments?post=4105"}],"wp:featuredmedia":[{"embeddable":true,"href":"https:\/\/akiarabooks.com\/pt\/wp-json\/wp\/v2\/media\/8320"}],"wp:attachment":[{"href":"https:\/\/akiarabooks.com\/pt\/wp-json\/wp\/v2\/media?parent=4105"}],"wp:term":[{"taxonomy":"product_brand","embeddable":true,"href":"https:\/\/akiarabooks.com\/pt\/wp-json\/wp\/v2\/product_brand?post=4105"},{"taxonomy":"product_cat","embeddable":true,"href":"https:\/\/akiarabooks.com\/pt\/wp-json\/wp\/v2\/product_cat?post=4105"},{"taxonomy":"product_tag","embeddable":true,"href":"https:\/\/akiarabooks.com\/pt\/wp-json\/wp\/v2\/product_tag?post=4105"}],"curies":[{"name":"wp","href":"https:\/\/api.w.org\/{rel}","templated":true}]}}