{"id":4118,"date":"2018-07-25T00:14:44","date_gmt":"2018-07-24T22:14:44","guid":{"rendered":"https:\/\/akiarabooks.com\/llibre\/el-dia-danar-i-venir\/"},"modified":"2022-08-04T23:20:37","modified_gmt":"2022-08-04T21:20:37","slug":"o-dia-de-ir-e-vir","status":"publish","type":"product","link":"https:\/\/akiarabooks.com\/pt\/livro\/o-dia-de-ir-e-vir\/","title":{"rendered":"O dia de Ir e Vir"},"content":{"rendered":"<p>Era o dia de Ir e Vir.<br \/>\nToda a gente ia ou vinha de algum lugar.<\/p>\n<p>Durante milhares de anos os seres humanos tinham sido n\u00f3madas.<br \/>\nTinham acompanhado os ritmos da Terra, os movimentos do sol e a dan\u00e7a do tempo.<br \/>\nTinham aprendido a interpretar as ervas e a cheirar a chegada da chuva.<br \/>\nTinham percorrido todos os cantos do mundo, navegado pelos rios e dormido pelos montes.<\/p>\n<p>Agora, por\u00e9m, viviam em casas e quase n\u00e3o se deslocavam ao longo do ano.<br \/>\nMal olhavam para o c\u00e9u e, para muitos, o mar e as estrelas ficavam l\u00e1 longe, muito longe.<br \/>\nDizia-se que se tinham tornado sedent\u00e1rios e que nunca mais seriam\u00a0 e r r a n t e s.<\/p>\n<p>Mas, no fundo dos seus cora\u00e7\u00f5es, bem l\u00e1 dentro, sabiam que a mudan\u00e7a est\u00e1 sempre presente,<br \/>\ne que o que parece quieto s\u00f3 o est\u00e1 por um instante&#8230;<\/p>\n<h6><img loading=\"lazy\" decoding=\"async\" class=\"wp-image-10108 alignleft\" src=\"https:\/\/akiarabooks.com\/wp-content\/uploads\/2018\/07\/Junceda-2017.jpg\" alt=\"\" width=\"247\" height=\"171\" srcset=\"https:\/\/akiarabooks.com\/wp-content\/uploads\/2018\/07\/Junceda-2017.jpg 606w, https:\/\/akiarabooks.com\/wp-content\/uploads\/2018\/07\/Junceda-2017-300x208.jpg 300w, https:\/\/akiarabooks.com\/wp-content\/uploads\/2018\/07\/Junceda-2017-500x347.jpg 500w, https:\/\/akiarabooks.com\/wp-content\/uploads\/2018\/07\/Junceda-2017-600x416.jpg 600w\" sizes=\"auto, (max-width: 247px) 100vw, 247px\" \/><\/h6>\n<h6>\u00a0Pr\u00e9mio Junceda de ilustra\u00e7\u00e3o 2017<\/h6>\n<p>&nbsp;<\/p>\n<p>&nbsp;<\/p>\n<h6><\/h6>\n","protected":false},"excerpt":{"rendered":"<p>Era o dia de Ir e Vir. Toda a gente ia ou vinha de algum lugar. Durante milhares de anos os seres humanos&hellip;<\/p>\n","protected":false},"featured_media":10989,"comment_status":"closed","ping_status":"closed","template":"","meta":{"_acf_changed":false},"product_brand":[],"product_cat":[354],"product_tag":[],"class_list":{"0":"post-4118","1":"product","2":"type-product","3":"status-publish","4":"has-post-thumbnail","6":"product_cat-pequena-fragmenta-pt","8":"first","9":"instock","10":"taxable","11":"shipping-taxable","12":"purchasable","13":"product-type-simple"},"acf":[],"yoast_head":"<!-- This site is optimized with the Yoast SEO plugin v27.1.1 - https:\/\/yoast.com\/product\/yoast-seo-wordpress\/ -->\n<title>O dia de Ir e Vir - AKIARA books<\/title>\n<meta name=\"robots\" content=\"index, follow, max-snippet:-1, max-image-preview:large, max-video-preview:-1\" \/>\n<link rel=\"canonical\" href=\"https:\/\/akiarabooks.com\/pt\/livro\/o-dia-de-ir-e-vir\/\" \/>\n<meta property=\"og:locale\" content=\"pt_PT\" \/>\n<meta property=\"og:type\" content=\"article\" \/>\n<meta property=\"og:title\" content=\"O dia de Ir e Vir - AKIARA books\" \/>\n<meta property=\"og:description\" content=\"Era o dia de Ir e Vir. Toda a gente ia ou vinha de algum lugar. Durante milhares de anos os seres humanos&hellip;\" \/>\n<meta property=\"og:url\" content=\"https:\/\/akiarabooks.com\/pt\/livro\/o-dia-de-ir-e-vir\/\" \/>\n<meta property=\"og:site_name\" content=\"AKIARA books\" \/>\n<meta property=\"article:modified_time\" content=\"2022-08-04T21:20:37+00:00\" \/>\n<meta property=\"og:image\" content=\"https:\/\/akiarabooks.com\/wp-content\/uploads\/2018\/07\/O-dia-de-Ir-e-Vir-capa-PT-scaled.jpg\" \/>\n\t<meta property=\"og:image:width\" content=\"2560\" \/>\n\t<meta property=\"og:image:height\" content=\"2215\" \/>\n\t<meta property=\"og:image:type\" content=\"image\/jpeg\" \/>\n<meta name=\"twitter:card\" content=\"summary_large_image\" \/>\n<meta name=\"twitter:label1\" content=\"Est. reading time\" \/>\n\t<meta name=\"twitter:data1\" content=\"1 minute\" \/>\n<script type=\"application\/ld+json\" class=\"yoast-schema-graph\">{\"@context\":\"https:\/\/schema.org\",\"@graph\":[{\"@type\":\"WebPage\",\"@id\":\"https:\/\/akiarabooks.com\/pt\/livro\/o-dia-de-ir-e-vir\/\",\"url\":\"https:\/\/akiarabooks.com\/pt\/livro\/o-dia-de-ir-e-vir\/\",\"name\":\"O dia de Ir e Vir - AKIARA books\",\"isPartOf\":{\"@id\":\"https:\/\/akiarabooks.com\/pt\/#website\"},\"primaryImageOfPage\":{\"@id\":\"https:\/\/akiarabooks.com\/pt\/livro\/o-dia-de-ir-e-vir\/#primaryimage\"},\"image\":{\"@id\":\"https:\/\/akiarabooks.com\/pt\/livro\/o-dia-de-ir-e-vir\/#primaryimage\"},\"thumbnailUrl\":\"https:\/\/akiarabooks.com\/wp-content\/uploads\/2018\/07\/O-dia-de-Ir-e-Vir-capa-PT-scaled.jpg\",\"datePublished\":\"2018-07-24T22:14:44+00:00\",\"dateModified\":\"2022-08-04T21:20:37+00:00\",\"breadcrumb\":{\"@id\":\"https:\/\/akiarabooks.com\/pt\/livro\/o-dia-de-ir-e-vir\/#breadcrumb\"},\"inLanguage\":\"pt\",\"potentialAction\":[{\"@type\":\"ReadAction\",\"target\":[\"https:\/\/akiarabooks.com\/pt\/livro\/o-dia-de-ir-e-vir\/\"]}]},{\"@type\":\"ImageObject\",\"inLanguage\":\"pt\",\"@id\":\"https:\/\/akiarabooks.com\/pt\/livro\/o-dia-de-ir-e-vir\/#primaryimage\",\"url\":\"https:\/\/akiarabooks.com\/wp-content\/uploads\/2018\/07\/O-dia-de-Ir-e-Vir-capa-PT-scaled.jpg\",\"contentUrl\":\"https:\/\/akiarabooks.com\/wp-content\/uploads\/2018\/07\/O-dia-de-Ir-e-Vir-capa-PT-scaled.jpg\",\"width\":2560,\"height\":2215},{\"@type\":\"BreadcrumbList\",\"@id\":\"https:\/\/akiarabooks.com\/pt\/livro\/o-dia-de-ir-e-vir\/#breadcrumb\",\"itemListElement\":[{\"@type\":\"ListItem\",\"position\":1,\"name\":\"Inici\",\"item\":\"https:\/\/akiarabooks.com\/pt\/\"},{\"@type\":\"ListItem\",\"position\":2,\"name\":\"Livros\",\"item\":\"https:\/\/akiarabooks.com\/pt\/livros\/\"},{\"@type\":\"ListItem\",\"position\":3,\"name\":\"O dia de Ir e Vir\"}]},{\"@type\":\"WebSite\",\"@id\":\"https:\/\/akiarabooks.com\/pt\/#website\",\"url\":\"https:\/\/akiarabooks.com\/pt\/\",\"name\":\"AKIARA books\",\"description\":\"Llibres inspiradors per a petits i grans\",\"publisher\":{\"@id\":\"https:\/\/akiarabooks.com\/pt\/#organization\"},\"potentialAction\":[{\"@type\":\"SearchAction\",\"target\":{\"@type\":\"EntryPoint\",\"urlTemplate\":\"https:\/\/akiarabooks.com\/pt\/?s={search_term_string}\"},\"query-input\":{\"@type\":\"PropertyValueSpecification\",\"valueRequired\":true,\"valueName\":\"search_term_string\"}}],\"inLanguage\":\"pt\"},{\"@type\":\"Organization\",\"@id\":\"https:\/\/akiarabooks.com\/pt\/#organization\",\"name\":\"AKIARA books\",\"url\":\"https:\/\/akiarabooks.com\/pt\/\",\"logo\":{\"@type\":\"ImageObject\",\"inLanguage\":\"pt\",\"@id\":\"https:\/\/akiarabooks.com\/pt\/#\/schema\/logo\/image\/\",\"url\":\"https:\/\/akiarabooks.com\/wp-content\/uploads\/2018\/02\/cropped-akiara-black.png\",\"contentUrl\":\"https:\/\/akiarabooks.com\/wp-content\/uploads\/2018\/02\/cropped-akiara-black.png\",\"width\":520,\"height\":236,\"caption\":\"AKIARA books\"},\"image\":{\"@id\":\"https:\/\/akiarabooks.com\/pt\/#\/schema\/logo\/image\/\"}}]}<\/script>\n<!-- \/ Yoast SEO plugin. -->","yoast_head_json":{"title":"O dia de Ir e Vir - AKIARA books","robots":{"index":"index","follow":"follow","max-snippet":"max-snippet:-1","max-image-preview":"max-image-preview:large","max-video-preview":"max-video-preview:-1"},"canonical":"https:\/\/akiarabooks.com\/pt\/livro\/o-dia-de-ir-e-vir\/","og_locale":"pt_PT","og_type":"article","og_title":"O dia de Ir e Vir - AKIARA books","og_description":"Era o dia de Ir e Vir. Toda a gente ia ou vinha de algum lugar. Durante milhares de anos os seres humanos&hellip;","og_url":"https:\/\/akiarabooks.com\/pt\/livro\/o-dia-de-ir-e-vir\/","og_site_name":"AKIARA books","article_modified_time":"2022-08-04T21:20:37+00:00","og_image":[{"width":2560,"height":2215,"url":"https:\/\/akiarabooks.com\/wp-content\/uploads\/2018\/07\/O-dia-de-Ir-e-Vir-capa-PT-scaled.jpg","type":"image\/jpeg"}],"twitter_card":"summary_large_image","twitter_misc":{"Est. reading time":"1 minute"},"schema":{"@context":"https:\/\/schema.org","@graph":[{"@type":"WebPage","@id":"https:\/\/akiarabooks.com\/pt\/livro\/o-dia-de-ir-e-vir\/","url":"https:\/\/akiarabooks.com\/pt\/livro\/o-dia-de-ir-e-vir\/","name":"O dia de Ir e Vir - AKIARA books","isPartOf":{"@id":"https:\/\/akiarabooks.com\/pt\/#website"},"primaryImageOfPage":{"@id":"https:\/\/akiarabooks.com\/pt\/livro\/o-dia-de-ir-e-vir\/#primaryimage"},"image":{"@id":"https:\/\/akiarabooks.com\/pt\/livro\/o-dia-de-ir-e-vir\/#primaryimage"},"thumbnailUrl":"https:\/\/akiarabooks.com\/wp-content\/uploads\/2018\/07\/O-dia-de-Ir-e-Vir-capa-PT-scaled.jpg","datePublished":"2018-07-24T22:14:44+00:00","dateModified":"2022-08-04T21:20:37+00:00","breadcrumb":{"@id":"https:\/\/akiarabooks.com\/pt\/livro\/o-dia-de-ir-e-vir\/#breadcrumb"},"inLanguage":"pt","potentialAction":[{"@type":"ReadAction","target":["https:\/\/akiarabooks.com\/pt\/livro\/o-dia-de-ir-e-vir\/"]}]},{"@type":"ImageObject","inLanguage":"pt","@id":"https:\/\/akiarabooks.com\/pt\/livro\/o-dia-de-ir-e-vir\/#primaryimage","url":"https:\/\/akiarabooks.com\/wp-content\/uploads\/2018\/07\/O-dia-de-Ir-e-Vir-capa-PT-scaled.jpg","contentUrl":"https:\/\/akiarabooks.com\/wp-content\/uploads\/2018\/07\/O-dia-de-Ir-e-Vir-capa-PT-scaled.jpg","width":2560,"height":2215},{"@type":"BreadcrumbList","@id":"https:\/\/akiarabooks.com\/pt\/livro\/o-dia-de-ir-e-vir\/#breadcrumb","itemListElement":[{"@type":"ListItem","position":1,"name":"Inici","item":"https:\/\/akiarabooks.com\/pt\/"},{"@type":"ListItem","position":2,"name":"Livros","item":"https:\/\/akiarabooks.com\/pt\/livros\/"},{"@type":"ListItem","position":3,"name":"O dia de Ir e Vir"}]},{"@type":"WebSite","@id":"https:\/\/akiarabooks.com\/pt\/#website","url":"https:\/\/akiarabooks.com\/pt\/","name":"AKIARA books","description":"Llibres inspiradors per a petits i grans","publisher":{"@id":"https:\/\/akiarabooks.com\/pt\/#organization"},"potentialAction":[{"@type":"SearchAction","target":{"@type":"EntryPoint","urlTemplate":"https:\/\/akiarabooks.com\/pt\/?s={search_term_string}"},"query-input":{"@type":"PropertyValueSpecification","valueRequired":true,"valueName":"search_term_string"}}],"inLanguage":"pt"},{"@type":"Organization","@id":"https:\/\/akiarabooks.com\/pt\/#organization","name":"AKIARA books","url":"https:\/\/akiarabooks.com\/pt\/","logo":{"@type":"ImageObject","inLanguage":"pt","@id":"https:\/\/akiarabooks.com\/pt\/#\/schema\/logo\/image\/","url":"https:\/\/akiarabooks.com\/wp-content\/uploads\/2018\/02\/cropped-akiara-black.png","contentUrl":"https:\/\/akiarabooks.com\/wp-content\/uploads\/2018\/02\/cropped-akiara-black.png","width":520,"height":236,"caption":"AKIARA books"},"image":{"@id":"https:\/\/akiarabooks.com\/pt\/#\/schema\/logo\/image\/"}}]}},"_links":{"self":[{"href":"https:\/\/akiarabooks.com\/pt\/wp-json\/wp\/v2\/product\/4118","targetHints":{"allow":["GET"]}}],"collection":[{"href":"https:\/\/akiarabooks.com\/pt\/wp-json\/wp\/v2\/product"}],"about":[{"href":"https:\/\/akiarabooks.com\/pt\/wp-json\/wp\/v2\/types\/product"}],"replies":[{"embeddable":true,"href":"https:\/\/akiarabooks.com\/pt\/wp-json\/wp\/v2\/comments?post=4118"}],"wp:featuredmedia":[{"embeddable":true,"href":"https:\/\/akiarabooks.com\/pt\/wp-json\/wp\/v2\/media\/10989"}],"wp:attachment":[{"href":"https:\/\/akiarabooks.com\/pt\/wp-json\/wp\/v2\/media?parent=4118"}],"wp:term":[{"taxonomy":"product_brand","embeddable":true,"href":"https:\/\/akiarabooks.com\/pt\/wp-json\/wp\/v2\/product_brand?post=4118"},{"taxonomy":"product_cat","embeddable":true,"href":"https:\/\/akiarabooks.com\/pt\/wp-json\/wp\/v2\/product_cat?post=4118"},{"taxonomy":"product_tag","embeddable":true,"href":"https:\/\/akiarabooks.com\/pt\/wp-json\/wp\/v2\/product_tag?post=4118"}],"curies":[{"name":"wp","href":"https:\/\/api.w.org\/{rel}","templated":true}]}}