{"id":4157,"date":"2018-07-24T23:05:04","date_gmt":"2018-07-24T21:05:04","guid":{"rendered":"https:\/\/akiarabooks.com\/llibre\/llibre-del-gentil-i-dels-tres-savis\/"},"modified":"2018-12-08T14:28:36","modified_gmt":"2018-12-08T12:28:36","slug":"livro-do-gentio-e-dos-tres-sabios","status":"publish","type":"product","link":"https:\/\/akiarabooks.com\/pt\/livro\/livro-do-gentio-e-dos-tres-sabios\/","title":{"rendered":"Livro do gentio e dos tr\u00eas s\u00e1bios"},"content":{"rendered":"<p>Era uma vez um gentio, quer dizer, um homem que n\u00e3o praticava nenhuma religi\u00e3o. Era muito s\u00e1bio mas n\u00e3o tinha nenhum conhecimento de Deus nem acreditava que houvesse alguma coisa depois da morte. Procurando rem\u00e9dio para a sua tristeza, dirigiu-se a um bosque cheio de fontes e de belas \u00e1rvores de fruto.<\/p>\n<p>Entretanto, tr\u00eas s\u00e1bios encontraram-se \u00e0 sa\u00edda de uma cidade. Um era judeu, o outro crist\u00e3o e o terceiro mu\u00e7ulmano. Ao verem-se, cumprimentaram-se, acolheram-se mutuamente e decidiram acompanhar-se. Cada um falava aos outros dois sobre a sua cren\u00e7a e os seus pensamentos, e falando, falando, chegaram ao bosque por onde andava o gentio&#8230;<\/p>\n<p>Com o\u00a0<em>Livro do gentio e dos tr\u00eas s\u00e1bios<\/em>, Ramon Llull (1232-1316) oferece-nos uma surpreendente par\u00e1bola inter-religiosa com um desenlace desconcertante.<\/p>\n","protected":false},"excerpt":{"rendered":"<p>Era uma vez um gentio, quer dizer, um homem que n\u00e3o praticava nenhuma religi\u00e3o. Era muito s\u00e1bio mas n\u00e3o tinha nenhum conhecimento de&hellip;<\/p>\n","protected":false},"featured_media":4486,"comment_status":"closed","ping_status":"closed","template":"","meta":{"_acf_changed":false},"product_brand":[],"product_cat":[354],"product_tag":[376,363,365,377,378,379,380,360,381,382],"class_list":{"0":"post-4157","1":"product","2":"type-product","3":"status-publish","4":"has-post-thumbnail","6":"product_cat-pequena-fragmenta-pt","7":"product_tag-africa-fanlo-pt","8":"product_tag-akiara-pt","9":"product_tag-books-pt","10":"product_tag-fragmenta-pt","11":"product_tag-gentio-pt","12":"product_tag-ignasi-moreta-pt","13":"product_tag-livro-do-gentio-e-dos-tres-sabios-pt","14":"product_tag-pequena-fragmenta-pt","15":"product_tag-ramon-llull-pt","16":"product_tag-sabios-pt","18":"first","19":"instock","20":"taxable","21":"shipping-taxable","22":"purchasable","23":"product-type-simple"},"acf":[],"yoast_head":"<!-- This site is optimized with the Yoast SEO plugin v27.1.1 - https:\/\/yoast.com\/product\/yoast-seo-wordpress\/ -->\n<title>Livro do gentio e dos tr\u00eas s\u00e1bios - AKIARA books<\/title>\n<meta name=\"robots\" content=\"index, follow, max-snippet:-1, max-image-preview:large, max-video-preview:-1\" \/>\n<link rel=\"canonical\" href=\"https:\/\/akiarabooks.com\/pt\/livro\/livro-do-gentio-e-dos-tres-sabios\/\" \/>\n<meta property=\"og:locale\" content=\"pt_PT\" \/>\n<meta property=\"og:type\" content=\"article\" \/>\n<meta property=\"og:title\" content=\"Livro do gentio e dos tr\u00eas s\u00e1bios - AKIARA books\" \/>\n<meta property=\"og:description\" content=\"Era uma vez um gentio, quer dizer, um homem que n\u00e3o praticava nenhuma religi\u00e3o. Era muito s\u00e1bio mas n\u00e3o tinha nenhum conhecimento de&hellip;\" \/>\n<meta property=\"og:url\" content=\"https:\/\/akiarabooks.com\/pt\/livro\/livro-do-gentio-e-dos-tres-sabios\/\" \/>\n<meta property=\"og:site_name\" content=\"AKIARA books\" \/>\n<meta property=\"article:modified_time\" content=\"2018-12-08T12:28:36+00:00\" \/>\n<meta property=\"og:image\" content=\"https:\/\/akiarabooks.com\/wp-content\/uploads\/2018\/07\/GENTIL-coberta-PT-1154x1000.jpg\" \/>\n\t<meta property=\"og:image:width\" content=\"1154\" \/>\n\t<meta property=\"og:image:height\" content=\"1000\" \/>\n\t<meta property=\"og:image:type\" content=\"image\/jpeg\" \/>\n<meta name=\"twitter:card\" content=\"summary_large_image\" \/>\n<meta name=\"twitter:label1\" content=\"Est. reading time\" \/>\n\t<meta name=\"twitter:data1\" content=\"1 minute\" \/>\n<script type=\"application\/ld+json\" class=\"yoast-schema-graph\">{\"@context\":\"https:\/\/schema.org\",\"@graph\":[{\"@type\":\"WebPage\",\"@id\":\"https:\/\/akiarabooks.com\/pt\/livro\/livro-do-gentio-e-dos-tres-sabios\/\",\"url\":\"https:\/\/akiarabooks.com\/pt\/livro\/livro-do-gentio-e-dos-tres-sabios\/\",\"name\":\"Livro do gentio e dos tr\u00eas s\u00e1bios - AKIARA books\",\"isPartOf\":{\"@id\":\"https:\/\/akiarabooks.com\/pt\/#website\"},\"primaryImageOfPage\":{\"@id\":\"https:\/\/akiarabooks.com\/pt\/livro\/livro-do-gentio-e-dos-tres-sabios\/#primaryimage\"},\"image\":{\"@id\":\"https:\/\/akiarabooks.com\/pt\/livro\/livro-do-gentio-e-dos-tres-sabios\/#primaryimage\"},\"thumbnailUrl\":\"https:\/\/akiarabooks.com\/wp-content\/uploads\/2018\/07\/GENTIL-coberta-PT.jpg\",\"datePublished\":\"2018-07-24T21:05:04+00:00\",\"dateModified\":\"2018-12-08T12:28:36+00:00\",\"breadcrumb\":{\"@id\":\"https:\/\/akiarabooks.com\/pt\/livro\/livro-do-gentio-e-dos-tres-sabios\/#breadcrumb\"},\"inLanguage\":\"pt\",\"potentialAction\":[{\"@type\":\"ReadAction\",\"target\":[\"https:\/\/akiarabooks.com\/pt\/livro\/livro-do-gentio-e-dos-tres-sabios\/\"]}]},{\"@type\":\"ImageObject\",\"inLanguage\":\"pt\",\"@id\":\"https:\/\/akiarabooks.com\/pt\/livro\/livro-do-gentio-e-dos-tres-sabios\/#primaryimage\",\"url\":\"https:\/\/akiarabooks.com\/wp-content\/uploads\/2018\/07\/GENTIL-coberta-PT.jpg\",\"contentUrl\":\"https:\/\/akiarabooks.com\/wp-content\/uploads\/2018\/07\/GENTIL-coberta-PT.jpg\",\"width\":3367,\"height\":2918},{\"@type\":\"BreadcrumbList\",\"@id\":\"https:\/\/akiarabooks.com\/pt\/livro\/livro-do-gentio-e-dos-tres-sabios\/#breadcrumb\",\"itemListElement\":[{\"@type\":\"ListItem\",\"position\":1,\"name\":\"Inici\",\"item\":\"https:\/\/akiarabooks.com\/pt\/\"},{\"@type\":\"ListItem\",\"position\":2,\"name\":\"Livros\",\"item\":\"https:\/\/akiarabooks.com\/pt\/livros\/\"},{\"@type\":\"ListItem\",\"position\":3,\"name\":\"Livro do gentio e dos tr\u00eas s\u00e1bios\"}]},{\"@type\":\"WebSite\",\"@id\":\"https:\/\/akiarabooks.com\/pt\/#website\",\"url\":\"https:\/\/akiarabooks.com\/pt\/\",\"name\":\"AKIARA books\",\"description\":\"Llibres inspiradors per a petits i grans\",\"publisher\":{\"@id\":\"https:\/\/akiarabooks.com\/pt\/#organization\"},\"potentialAction\":[{\"@type\":\"SearchAction\",\"target\":{\"@type\":\"EntryPoint\",\"urlTemplate\":\"https:\/\/akiarabooks.com\/pt\/?s={search_term_string}\"},\"query-input\":{\"@type\":\"PropertyValueSpecification\",\"valueRequired\":true,\"valueName\":\"search_term_string\"}}],\"inLanguage\":\"pt\"},{\"@type\":\"Organization\",\"@id\":\"https:\/\/akiarabooks.com\/pt\/#organization\",\"name\":\"AKIARA books\",\"url\":\"https:\/\/akiarabooks.com\/pt\/\",\"logo\":{\"@type\":\"ImageObject\",\"inLanguage\":\"pt\",\"@id\":\"https:\/\/akiarabooks.com\/pt\/#\/schema\/logo\/image\/\",\"url\":\"https:\/\/akiarabooks.com\/wp-content\/uploads\/2018\/02\/cropped-akiara-black.png\",\"contentUrl\":\"https:\/\/akiarabooks.com\/wp-content\/uploads\/2018\/02\/cropped-akiara-black.png\",\"width\":520,\"height\":236,\"caption\":\"AKIARA books\"},\"image\":{\"@id\":\"https:\/\/akiarabooks.com\/pt\/#\/schema\/logo\/image\/\"}}]}<\/script>\n<!-- \/ Yoast SEO plugin. -->","yoast_head_json":{"title":"Livro do gentio e dos tr\u00eas s\u00e1bios - AKIARA books","robots":{"index":"index","follow":"follow","max-snippet":"max-snippet:-1","max-image-preview":"max-image-preview:large","max-video-preview":"max-video-preview:-1"},"canonical":"https:\/\/akiarabooks.com\/pt\/livro\/livro-do-gentio-e-dos-tres-sabios\/","og_locale":"pt_PT","og_type":"article","og_title":"Livro do gentio e dos tr\u00eas s\u00e1bios - AKIARA books","og_description":"Era uma vez um gentio, quer dizer, um homem que n\u00e3o praticava nenhuma religi\u00e3o. Era muito s\u00e1bio mas n\u00e3o tinha nenhum conhecimento de&hellip;","og_url":"https:\/\/akiarabooks.com\/pt\/livro\/livro-do-gentio-e-dos-tres-sabios\/","og_site_name":"AKIARA books","article_modified_time":"2018-12-08T12:28:36+00:00","og_image":[{"width":1154,"height":1000,"url":"https:\/\/akiarabooks.com\/wp-content\/uploads\/2018\/07\/GENTIL-coberta-PT-1154x1000.jpg","type":"image\/jpeg"}],"twitter_card":"summary_large_image","twitter_misc":{"Est. reading time":"1 minute"},"schema":{"@context":"https:\/\/schema.org","@graph":[{"@type":"WebPage","@id":"https:\/\/akiarabooks.com\/pt\/livro\/livro-do-gentio-e-dos-tres-sabios\/","url":"https:\/\/akiarabooks.com\/pt\/livro\/livro-do-gentio-e-dos-tres-sabios\/","name":"Livro do gentio e dos tr\u00eas s\u00e1bios - AKIARA books","isPartOf":{"@id":"https:\/\/akiarabooks.com\/pt\/#website"},"primaryImageOfPage":{"@id":"https:\/\/akiarabooks.com\/pt\/livro\/livro-do-gentio-e-dos-tres-sabios\/#primaryimage"},"image":{"@id":"https:\/\/akiarabooks.com\/pt\/livro\/livro-do-gentio-e-dos-tres-sabios\/#primaryimage"},"thumbnailUrl":"https:\/\/akiarabooks.com\/wp-content\/uploads\/2018\/07\/GENTIL-coberta-PT.jpg","datePublished":"2018-07-24T21:05:04+00:00","dateModified":"2018-12-08T12:28:36+00:00","breadcrumb":{"@id":"https:\/\/akiarabooks.com\/pt\/livro\/livro-do-gentio-e-dos-tres-sabios\/#breadcrumb"},"inLanguage":"pt","potentialAction":[{"@type":"ReadAction","target":["https:\/\/akiarabooks.com\/pt\/livro\/livro-do-gentio-e-dos-tres-sabios\/"]}]},{"@type":"ImageObject","inLanguage":"pt","@id":"https:\/\/akiarabooks.com\/pt\/livro\/livro-do-gentio-e-dos-tres-sabios\/#primaryimage","url":"https:\/\/akiarabooks.com\/wp-content\/uploads\/2018\/07\/GENTIL-coberta-PT.jpg","contentUrl":"https:\/\/akiarabooks.com\/wp-content\/uploads\/2018\/07\/GENTIL-coberta-PT.jpg","width":3367,"height":2918},{"@type":"BreadcrumbList","@id":"https:\/\/akiarabooks.com\/pt\/livro\/livro-do-gentio-e-dos-tres-sabios\/#breadcrumb","itemListElement":[{"@type":"ListItem","position":1,"name":"Inici","item":"https:\/\/akiarabooks.com\/pt\/"},{"@type":"ListItem","position":2,"name":"Livros","item":"https:\/\/akiarabooks.com\/pt\/livros\/"},{"@type":"ListItem","position":3,"name":"Livro do gentio e dos tr\u00eas s\u00e1bios"}]},{"@type":"WebSite","@id":"https:\/\/akiarabooks.com\/pt\/#website","url":"https:\/\/akiarabooks.com\/pt\/","name":"AKIARA books","description":"Llibres inspiradors per a petits i grans","publisher":{"@id":"https:\/\/akiarabooks.com\/pt\/#organization"},"potentialAction":[{"@type":"SearchAction","target":{"@type":"EntryPoint","urlTemplate":"https:\/\/akiarabooks.com\/pt\/?s={search_term_string}"},"query-input":{"@type":"PropertyValueSpecification","valueRequired":true,"valueName":"search_term_string"}}],"inLanguage":"pt"},{"@type":"Organization","@id":"https:\/\/akiarabooks.com\/pt\/#organization","name":"AKIARA books","url":"https:\/\/akiarabooks.com\/pt\/","logo":{"@type":"ImageObject","inLanguage":"pt","@id":"https:\/\/akiarabooks.com\/pt\/#\/schema\/logo\/image\/","url":"https:\/\/akiarabooks.com\/wp-content\/uploads\/2018\/02\/cropped-akiara-black.png","contentUrl":"https:\/\/akiarabooks.com\/wp-content\/uploads\/2018\/02\/cropped-akiara-black.png","width":520,"height":236,"caption":"AKIARA books"},"image":{"@id":"https:\/\/akiarabooks.com\/pt\/#\/schema\/logo\/image\/"}}]}},"_links":{"self":[{"href":"https:\/\/akiarabooks.com\/pt\/wp-json\/wp\/v2\/product\/4157","targetHints":{"allow":["GET"]}}],"collection":[{"href":"https:\/\/akiarabooks.com\/pt\/wp-json\/wp\/v2\/product"}],"about":[{"href":"https:\/\/akiarabooks.com\/pt\/wp-json\/wp\/v2\/types\/product"}],"replies":[{"embeddable":true,"href":"https:\/\/akiarabooks.com\/pt\/wp-json\/wp\/v2\/comments?post=4157"}],"wp:featuredmedia":[{"embeddable":true,"href":"https:\/\/akiarabooks.com\/pt\/wp-json\/wp\/v2\/media\/4486"}],"wp:attachment":[{"href":"https:\/\/akiarabooks.com\/pt\/wp-json\/wp\/v2\/media?parent=4157"}],"wp:term":[{"taxonomy":"product_brand","embeddable":true,"href":"https:\/\/akiarabooks.com\/pt\/wp-json\/wp\/v2\/product_brand?post=4157"},{"taxonomy":"product_cat","embeddable":true,"href":"https:\/\/akiarabooks.com\/pt\/wp-json\/wp\/v2\/product_cat?post=4157"},{"taxonomy":"product_tag","embeddable":true,"href":"https:\/\/akiarabooks.com\/pt\/wp-json\/wp\/v2\/product_tag?post=4157"}],"curies":[{"name":"wp","href":"https:\/\/api.w.org\/{rel}","templated":true}]}}