{"id":4168,"date":"2018-07-24T21:55:49","date_gmt":"2018-07-24T19:55:49","guid":{"rendered":"https:\/\/akiarabooks.com\/llibre\/on-es-la-lluna\/"},"modified":"2022-03-02T11:35:06","modified_gmt":"2022-03-02T09:35:06","slug":"onde-esta-a-lua","status":"publish","type":"product","link":"https:\/\/akiarabooks.com\/pt\/livro\/onde-esta-a-lua\/","title":{"rendered":"Onde est\u00e1 a lua?"},"content":{"rendered":"<p>Numa noite, o Paulo observou que a lua brilhava grande e redonda no c\u00e9u.<br \/>\nNo dia seguinte, reparou que era um pouco mais pequena, e mais pequena ainda com o passar dos dias\u2026 at\u00e9 que desapareceu completamente. Que mist\u00e9rio! O Paulo, com a ajuda dos seus amigos, vai querer saber o que aconteceu \u00e0 lua.<\/p>\n<p>Este livro convida-nos a imaginar contos em fam\u00edlia para despertar a criatividade e reinventar o mundo.<\/p>\n","protected":false},"excerpt":{"rendered":"<p>Numa noite, o Paulo observou que a lua brilhava grande e redonda no c\u00e9u. No dia seguinte, reparou que era um pouco mais&hellip;<\/p>\n","protected":false},"featured_media":10290,"comment_status":"closed","ping_status":"closed","template":"","meta":{"_acf_changed":false},"product_brand":[],"product_cat":[408],"product_tag":[363,383,365,384,385,386,373,387,388,360],"class_list":{"0":"post-4168","1":"product","2":"type-product","3":"status-publish","4":"has-post-thumbnail","6":"product_cat-akialbum-pt","7":"product_tag-akiara-pt","8":"product_tag-albert-arrayas-pt","9":"product_tag-books-pt","10":"product_tag-conto-pt","11":"product_tag-criatividade-pt","12":"product_tag-jordi-amenos-pt","13":"product_tag-lij-pt","14":"product_tag-lua-pt","15":"product_tag-onde-esta-a-lua-pt","16":"product_tag-pequena-fragmenta-pt","18":"first","19":"instock","20":"taxable","21":"shipping-taxable","22":"purchasable","23":"product-type-simple"},"acf":[],"yoast_head":"<!-- This site is optimized with the Yoast SEO plugin v27.1.1 - https:\/\/yoast.com\/product\/yoast-seo-wordpress\/ -->\n<title>Onde est\u00e1 a lua? - AKIARA books<\/title>\n<meta name=\"robots\" content=\"index, follow, max-snippet:-1, max-image-preview:large, max-video-preview:-1\" \/>\n<link rel=\"canonical\" href=\"https:\/\/akiarabooks.com\/pt\/livro\/onde-esta-a-lua\/\" \/>\n<meta property=\"og:locale\" content=\"pt_PT\" \/>\n<meta property=\"og:type\" content=\"article\" \/>\n<meta property=\"og:title\" content=\"Onde est\u00e1 a lua? - AKIARA books\" \/>\n<meta property=\"og:description\" content=\"Numa noite, o Paulo observou que a lua brilhava grande e redonda no c\u00e9u. No dia seguinte, reparou que era um pouco mais&hellip;\" \/>\n<meta property=\"og:url\" content=\"https:\/\/akiarabooks.com\/pt\/livro\/onde-esta-a-lua\/\" \/>\n<meta property=\"og:site_name\" content=\"AKIARA books\" \/>\n<meta property=\"article:modified_time\" content=\"2022-03-02T09:35:06+00:00\" \/>\n<meta property=\"og:image\" content=\"https:\/\/akiarabooks.com\/wp-content\/uploads\/2018\/07\/ONDE_ESTA_A_LUA_3a_edicao_PT.jpg\" \/>\n\t<meta property=\"og:image:width\" content=\"2362\" \/>\n\t<meta property=\"og:image:height\" content=\"2047\" \/>\n\t<meta property=\"og:image:type\" content=\"image\/jpeg\" \/>\n<meta name=\"twitter:card\" content=\"summary_large_image\" \/>\n<script type=\"application\/ld+json\" class=\"yoast-schema-graph\">{\"@context\":\"https:\/\/schema.org\",\"@graph\":[{\"@type\":\"WebPage\",\"@id\":\"https:\/\/akiarabooks.com\/pt\/livro\/onde-esta-a-lua\/\",\"url\":\"https:\/\/akiarabooks.com\/pt\/livro\/onde-esta-a-lua\/\",\"name\":\"Onde est\u00e1 a lua? - AKIARA books\",\"isPartOf\":{\"@id\":\"https:\/\/akiarabooks.com\/pt\/#website\"},\"primaryImageOfPage\":{\"@id\":\"https:\/\/akiarabooks.com\/pt\/livro\/onde-esta-a-lua\/#primaryimage\"},\"image\":{\"@id\":\"https:\/\/akiarabooks.com\/pt\/livro\/onde-esta-a-lua\/#primaryimage\"},\"thumbnailUrl\":\"https:\/\/akiarabooks.com\/wp-content\/uploads\/2018\/07\/ONDE_ESTA_A_LUA_3a_edicao_PT.jpg\",\"datePublished\":\"2018-07-24T19:55:49+00:00\",\"dateModified\":\"2022-03-02T09:35:06+00:00\",\"breadcrumb\":{\"@id\":\"https:\/\/akiarabooks.com\/pt\/livro\/onde-esta-a-lua\/#breadcrumb\"},\"inLanguage\":\"pt\",\"potentialAction\":[{\"@type\":\"ReadAction\",\"target\":[\"https:\/\/akiarabooks.com\/pt\/livro\/onde-esta-a-lua\/\"]}]},{\"@type\":\"ImageObject\",\"inLanguage\":\"pt\",\"@id\":\"https:\/\/akiarabooks.com\/pt\/livro\/onde-esta-a-lua\/#primaryimage\",\"url\":\"https:\/\/akiarabooks.com\/wp-content\/uploads\/2018\/07\/ONDE_ESTA_A_LUA_3a_edicao_PT.jpg\",\"contentUrl\":\"https:\/\/akiarabooks.com\/wp-content\/uploads\/2018\/07\/ONDE_ESTA_A_LUA_3a_edicao_PT.jpg\",\"width\":2362,\"height\":2047},{\"@type\":\"BreadcrumbList\",\"@id\":\"https:\/\/akiarabooks.com\/pt\/livro\/onde-esta-a-lua\/#breadcrumb\",\"itemListElement\":[{\"@type\":\"ListItem\",\"position\":1,\"name\":\"Inici\",\"item\":\"https:\/\/akiarabooks.com\/pt\/\"},{\"@type\":\"ListItem\",\"position\":2,\"name\":\"Livros\",\"item\":\"https:\/\/akiarabooks.com\/pt\/livros\/\"},{\"@type\":\"ListItem\",\"position\":3,\"name\":\"Onde est\u00e1 a lua?\"}]},{\"@type\":\"WebSite\",\"@id\":\"https:\/\/akiarabooks.com\/pt\/#website\",\"url\":\"https:\/\/akiarabooks.com\/pt\/\",\"name\":\"AKIARA books\",\"description\":\"Llibres inspiradors per a petits i grans\",\"publisher\":{\"@id\":\"https:\/\/akiarabooks.com\/pt\/#organization\"},\"potentialAction\":[{\"@type\":\"SearchAction\",\"target\":{\"@type\":\"EntryPoint\",\"urlTemplate\":\"https:\/\/akiarabooks.com\/pt\/?s={search_term_string}\"},\"query-input\":{\"@type\":\"PropertyValueSpecification\",\"valueRequired\":true,\"valueName\":\"search_term_string\"}}],\"inLanguage\":\"pt\"},{\"@type\":\"Organization\",\"@id\":\"https:\/\/akiarabooks.com\/pt\/#organization\",\"name\":\"AKIARA books\",\"url\":\"https:\/\/akiarabooks.com\/pt\/\",\"logo\":{\"@type\":\"ImageObject\",\"inLanguage\":\"pt\",\"@id\":\"https:\/\/akiarabooks.com\/pt\/#\/schema\/logo\/image\/\",\"url\":\"https:\/\/akiarabooks.com\/wp-content\/uploads\/2018\/02\/cropped-akiara-black.png\",\"contentUrl\":\"https:\/\/akiarabooks.com\/wp-content\/uploads\/2018\/02\/cropped-akiara-black.png\",\"width\":520,\"height\":236,\"caption\":\"AKIARA books\"},\"image\":{\"@id\":\"https:\/\/akiarabooks.com\/pt\/#\/schema\/logo\/image\/\"}}]}<\/script>\n<!-- \/ Yoast SEO plugin. -->","yoast_head_json":{"title":"Onde est\u00e1 a lua? - AKIARA books","robots":{"index":"index","follow":"follow","max-snippet":"max-snippet:-1","max-image-preview":"max-image-preview:large","max-video-preview":"max-video-preview:-1"},"canonical":"https:\/\/akiarabooks.com\/pt\/livro\/onde-esta-a-lua\/","og_locale":"pt_PT","og_type":"article","og_title":"Onde est\u00e1 a lua? - AKIARA books","og_description":"Numa noite, o Paulo observou que a lua brilhava grande e redonda no c\u00e9u. No dia seguinte, reparou que era um pouco mais&hellip;","og_url":"https:\/\/akiarabooks.com\/pt\/livro\/onde-esta-a-lua\/","og_site_name":"AKIARA books","article_modified_time":"2022-03-02T09:35:06+00:00","og_image":[{"width":2362,"height":2047,"url":"https:\/\/akiarabooks.com\/wp-content\/uploads\/2018\/07\/ONDE_ESTA_A_LUA_3a_edicao_PT.jpg","type":"image\/jpeg"}],"twitter_card":"summary_large_image","schema":{"@context":"https:\/\/schema.org","@graph":[{"@type":"WebPage","@id":"https:\/\/akiarabooks.com\/pt\/livro\/onde-esta-a-lua\/","url":"https:\/\/akiarabooks.com\/pt\/livro\/onde-esta-a-lua\/","name":"Onde est\u00e1 a lua? - AKIARA books","isPartOf":{"@id":"https:\/\/akiarabooks.com\/pt\/#website"},"primaryImageOfPage":{"@id":"https:\/\/akiarabooks.com\/pt\/livro\/onde-esta-a-lua\/#primaryimage"},"image":{"@id":"https:\/\/akiarabooks.com\/pt\/livro\/onde-esta-a-lua\/#primaryimage"},"thumbnailUrl":"https:\/\/akiarabooks.com\/wp-content\/uploads\/2018\/07\/ONDE_ESTA_A_LUA_3a_edicao_PT.jpg","datePublished":"2018-07-24T19:55:49+00:00","dateModified":"2022-03-02T09:35:06+00:00","breadcrumb":{"@id":"https:\/\/akiarabooks.com\/pt\/livro\/onde-esta-a-lua\/#breadcrumb"},"inLanguage":"pt","potentialAction":[{"@type":"ReadAction","target":["https:\/\/akiarabooks.com\/pt\/livro\/onde-esta-a-lua\/"]}]},{"@type":"ImageObject","inLanguage":"pt","@id":"https:\/\/akiarabooks.com\/pt\/livro\/onde-esta-a-lua\/#primaryimage","url":"https:\/\/akiarabooks.com\/wp-content\/uploads\/2018\/07\/ONDE_ESTA_A_LUA_3a_edicao_PT.jpg","contentUrl":"https:\/\/akiarabooks.com\/wp-content\/uploads\/2018\/07\/ONDE_ESTA_A_LUA_3a_edicao_PT.jpg","width":2362,"height":2047},{"@type":"BreadcrumbList","@id":"https:\/\/akiarabooks.com\/pt\/livro\/onde-esta-a-lua\/#breadcrumb","itemListElement":[{"@type":"ListItem","position":1,"name":"Inici","item":"https:\/\/akiarabooks.com\/pt\/"},{"@type":"ListItem","position":2,"name":"Livros","item":"https:\/\/akiarabooks.com\/pt\/livros\/"},{"@type":"ListItem","position":3,"name":"Onde est\u00e1 a lua?"}]},{"@type":"WebSite","@id":"https:\/\/akiarabooks.com\/pt\/#website","url":"https:\/\/akiarabooks.com\/pt\/","name":"AKIARA books","description":"Llibres inspiradors per a petits i grans","publisher":{"@id":"https:\/\/akiarabooks.com\/pt\/#organization"},"potentialAction":[{"@type":"SearchAction","target":{"@type":"EntryPoint","urlTemplate":"https:\/\/akiarabooks.com\/pt\/?s={search_term_string}"},"query-input":{"@type":"PropertyValueSpecification","valueRequired":true,"valueName":"search_term_string"}}],"inLanguage":"pt"},{"@type":"Organization","@id":"https:\/\/akiarabooks.com\/pt\/#organization","name":"AKIARA books","url":"https:\/\/akiarabooks.com\/pt\/","logo":{"@type":"ImageObject","inLanguage":"pt","@id":"https:\/\/akiarabooks.com\/pt\/#\/schema\/logo\/image\/","url":"https:\/\/akiarabooks.com\/wp-content\/uploads\/2018\/02\/cropped-akiara-black.png","contentUrl":"https:\/\/akiarabooks.com\/wp-content\/uploads\/2018\/02\/cropped-akiara-black.png","width":520,"height":236,"caption":"AKIARA books"},"image":{"@id":"https:\/\/akiarabooks.com\/pt\/#\/schema\/logo\/image\/"}}]}},"_links":{"self":[{"href":"https:\/\/akiarabooks.com\/pt\/wp-json\/wp\/v2\/product\/4168","targetHints":{"allow":["GET"]}}],"collection":[{"href":"https:\/\/akiarabooks.com\/pt\/wp-json\/wp\/v2\/product"}],"about":[{"href":"https:\/\/akiarabooks.com\/pt\/wp-json\/wp\/v2\/types\/product"}],"replies":[{"embeddable":true,"href":"https:\/\/akiarabooks.com\/pt\/wp-json\/wp\/v2\/comments?post=4168"}],"wp:featuredmedia":[{"embeddable":true,"href":"https:\/\/akiarabooks.com\/pt\/wp-json\/wp\/v2\/media\/10290"}],"wp:attachment":[{"href":"https:\/\/akiarabooks.com\/pt\/wp-json\/wp\/v2\/media?parent=4168"}],"wp:term":[{"taxonomy":"product_brand","embeddable":true,"href":"https:\/\/akiarabooks.com\/pt\/wp-json\/wp\/v2\/product_brand?post=4168"},{"taxonomy":"product_cat","embeddable":true,"href":"https:\/\/akiarabooks.com\/pt\/wp-json\/wp\/v2\/product_cat?post=4168"},{"taxonomy":"product_tag","embeddable":true,"href":"https:\/\/akiarabooks.com\/pt\/wp-json\/wp\/v2\/product_tag?post=4168"}],"curies":[{"name":"wp","href":"https:\/\/api.w.org\/{rel}","templated":true}]}}