{"id":4179,"date":"2018-07-24T19:17:57","date_gmt":"2018-07-24T17:17:57","guid":{"rendered":"https:\/\/akiarabooks.com\/llibre\/la-teva-canco\/"},"modified":"2022-03-02T12:13:42","modified_gmt":"2022-03-02T10:13:42","slug":"a-tua-cancao","status":"publish","type":"product","link":"https:\/\/akiarabooks.com\/pt\/livro\/a-tua-cancao\/","title":{"rendered":"A tua can\u00e7\u00e3o"},"content":{"rendered":"<p>Diz a lenda que numa tribo de \u00c1frica, quando uma mulher sabe que est\u00e1 \u00e0 espera de um filho, apressa-se a cont\u00e1-lo \u00e0s outras mulheres. Elas acreditam que cada pessoa tem uma can\u00e7\u00e3o s\u00f3 sua, a Can\u00e7\u00e3o da Vida. Por isso, passados alguns dias, logo pela manh\u00e3, entram na selva para descobrirem, juntas, a can\u00e7\u00e3o do novo ser.<\/p>\n<p>Um conto para nos lembrar de que, antes de chegarmos a este mundo, j\u00e1 \u00e9ramos esperados, sonhados, amados. E que cada ser tem uma can\u00e7\u00e3o, um nome, uma vibra\u00e7\u00e3o especial que o torna \u00fanico.<\/p>\n","protected":false},"excerpt":{"rendered":"<p>Diz a lenda que numa tribo de \u00c1frica, quando uma mulher sabe que est\u00e1 \u00e0 espera de um filho, apressa-se a cont\u00e1-lo \u00e0s&hellip;<\/p>\n","protected":false},"featured_media":9663,"comment_status":"closed","ping_status":"closed","template":"","meta":{"_acf_changed":false},"product_brand":[],"product_cat":[354],"product_tag":[392,389,363,365,390,391,393,360,394,395,396],"class_list":{"0":"post-4179","1":"product","2":"type-product","3":"status-publish","4":"has-post-thumbnail","6":"product_cat-pequena-fragmenta-pt","7":"product_tag-a-tua-cancao-pt","8":"product_tag-africa-pt","9":"product_tag-akiara-pt","10":"product_tag-books-pt","11":"product_tag-cancao-pt","12":"product_tag-ines-castel-branco-pt","13":"product_tag-maria-ella-carrera-pt","14":"product_tag-pequena-fragmenta-pt","15":"product_tag-tribo-pt","16":"product_tag-ubuntu-pt","17":"product_tag-xavier-melloni-pt","19":"first","20":"instock","21":"taxable","22":"shipping-taxable","23":"purchasable","24":"product-type-simple"},"acf":[],"yoast_head":"<!-- This site is optimized with the Yoast SEO plugin v27.1.1 - https:\/\/yoast.com\/product\/yoast-seo-wordpress\/ -->\n<title>A tua can\u00e7\u00e3o - AKIARA books<\/title>\n<meta name=\"robots\" content=\"index, follow, max-snippet:-1, max-image-preview:large, max-video-preview:-1\" \/>\n<link rel=\"canonical\" href=\"https:\/\/akiarabooks.com\/pt\/livro\/a-tua-cancao\/\" \/>\n<meta property=\"og:locale\" content=\"pt_PT\" \/>\n<meta property=\"og:type\" content=\"article\" \/>\n<meta property=\"og:title\" content=\"A tua can\u00e7\u00e3o - AKIARA books\" \/>\n<meta property=\"og:description\" content=\"Diz a lenda que numa tribo de \u00c1frica, quando uma mulher sabe que est\u00e1 \u00e0 espera de um filho, apressa-se a cont\u00e1-lo \u00e0s&hellip;\" \/>\n<meta property=\"og:url\" content=\"https:\/\/akiarabooks.com\/pt\/livro\/a-tua-cancao\/\" \/>\n<meta property=\"og:site_name\" content=\"AKIARA books\" \/>\n<meta property=\"article:modified_time\" content=\"2022-03-02T10:13:42+00:00\" \/>\n<meta property=\"og:image\" content=\"https:\/\/akiarabooks.com\/wp-content\/uploads\/2018\/07\/A_TUA_CANCAO_capa_PT-scaled.jpg\" \/>\n\t<meta property=\"og:image:width\" content=\"2560\" \/>\n\t<meta property=\"og:image:height\" content=\"2218\" \/>\n\t<meta property=\"og:image:type\" content=\"image\/jpeg\" \/>\n<meta name=\"twitter:card\" content=\"summary_large_image\" \/>\n<meta name=\"twitter:label1\" content=\"Est. reading time\" \/>\n\t<meta name=\"twitter:data1\" content=\"1 minute\" \/>\n<script type=\"application\/ld+json\" class=\"yoast-schema-graph\">{\"@context\":\"https:\/\/schema.org\",\"@graph\":[{\"@type\":\"WebPage\",\"@id\":\"https:\/\/akiarabooks.com\/pt\/livro\/a-tua-cancao\/\",\"url\":\"https:\/\/akiarabooks.com\/pt\/livro\/a-tua-cancao\/\",\"name\":\"A tua can\u00e7\u00e3o - AKIARA books\",\"isPartOf\":{\"@id\":\"https:\/\/akiarabooks.com\/pt\/#website\"},\"primaryImageOfPage\":{\"@id\":\"https:\/\/akiarabooks.com\/pt\/livro\/a-tua-cancao\/#primaryimage\"},\"image\":{\"@id\":\"https:\/\/akiarabooks.com\/pt\/livro\/a-tua-cancao\/#primaryimage\"},\"thumbnailUrl\":\"https:\/\/akiarabooks.com\/wp-content\/uploads\/2018\/07\/A_TUA_CANCAO_capa_PT-scaled.jpg\",\"datePublished\":\"2018-07-24T17:17:57+00:00\",\"dateModified\":\"2022-03-02T10:13:42+00:00\",\"breadcrumb\":{\"@id\":\"https:\/\/akiarabooks.com\/pt\/livro\/a-tua-cancao\/#breadcrumb\"},\"inLanguage\":\"pt\",\"potentialAction\":[{\"@type\":\"ReadAction\",\"target\":[\"https:\/\/akiarabooks.com\/pt\/livro\/a-tua-cancao\/\"]}]},{\"@type\":\"ImageObject\",\"inLanguage\":\"pt\",\"@id\":\"https:\/\/akiarabooks.com\/pt\/livro\/a-tua-cancao\/#primaryimage\",\"url\":\"https:\/\/akiarabooks.com\/wp-content\/uploads\/2018\/07\/A_TUA_CANCAO_capa_PT-scaled.jpg\",\"contentUrl\":\"https:\/\/akiarabooks.com\/wp-content\/uploads\/2018\/07\/A_TUA_CANCAO_capa_PT-scaled.jpg\",\"width\":2560,\"height\":2218},{\"@type\":\"BreadcrumbList\",\"@id\":\"https:\/\/akiarabooks.com\/pt\/livro\/a-tua-cancao\/#breadcrumb\",\"itemListElement\":[{\"@type\":\"ListItem\",\"position\":1,\"name\":\"Inici\",\"item\":\"https:\/\/akiarabooks.com\/pt\/\"},{\"@type\":\"ListItem\",\"position\":2,\"name\":\"Livros\",\"item\":\"https:\/\/akiarabooks.com\/pt\/livros\/\"},{\"@type\":\"ListItem\",\"position\":3,\"name\":\"A tua can\u00e7\u00e3o\"}]},{\"@type\":\"WebSite\",\"@id\":\"https:\/\/akiarabooks.com\/pt\/#website\",\"url\":\"https:\/\/akiarabooks.com\/pt\/\",\"name\":\"AKIARA books\",\"description\":\"Llibres inspiradors per a petits i grans\",\"publisher\":{\"@id\":\"https:\/\/akiarabooks.com\/pt\/#organization\"},\"potentialAction\":[{\"@type\":\"SearchAction\",\"target\":{\"@type\":\"EntryPoint\",\"urlTemplate\":\"https:\/\/akiarabooks.com\/pt\/?s={search_term_string}\"},\"query-input\":{\"@type\":\"PropertyValueSpecification\",\"valueRequired\":true,\"valueName\":\"search_term_string\"}}],\"inLanguage\":\"pt\"},{\"@type\":\"Organization\",\"@id\":\"https:\/\/akiarabooks.com\/pt\/#organization\",\"name\":\"AKIARA books\",\"url\":\"https:\/\/akiarabooks.com\/pt\/\",\"logo\":{\"@type\":\"ImageObject\",\"inLanguage\":\"pt\",\"@id\":\"https:\/\/akiarabooks.com\/pt\/#\/schema\/logo\/image\/\",\"url\":\"https:\/\/akiarabooks.com\/wp-content\/uploads\/2018\/02\/cropped-akiara-black.png\",\"contentUrl\":\"https:\/\/akiarabooks.com\/wp-content\/uploads\/2018\/02\/cropped-akiara-black.png\",\"width\":520,\"height\":236,\"caption\":\"AKIARA books\"},\"image\":{\"@id\":\"https:\/\/akiarabooks.com\/pt\/#\/schema\/logo\/image\/\"}}]}<\/script>\n<!-- \/ Yoast SEO plugin. -->","yoast_head_json":{"title":"A tua can\u00e7\u00e3o - AKIARA books","robots":{"index":"index","follow":"follow","max-snippet":"max-snippet:-1","max-image-preview":"max-image-preview:large","max-video-preview":"max-video-preview:-1"},"canonical":"https:\/\/akiarabooks.com\/pt\/livro\/a-tua-cancao\/","og_locale":"pt_PT","og_type":"article","og_title":"A tua can\u00e7\u00e3o - AKIARA books","og_description":"Diz a lenda que numa tribo de \u00c1frica, quando uma mulher sabe que est\u00e1 \u00e0 espera de um filho, apressa-se a cont\u00e1-lo \u00e0s&hellip;","og_url":"https:\/\/akiarabooks.com\/pt\/livro\/a-tua-cancao\/","og_site_name":"AKIARA books","article_modified_time":"2022-03-02T10:13:42+00:00","og_image":[{"width":2560,"height":2218,"url":"https:\/\/akiarabooks.com\/wp-content\/uploads\/2018\/07\/A_TUA_CANCAO_capa_PT-scaled.jpg","type":"image\/jpeg"}],"twitter_card":"summary_large_image","twitter_misc":{"Est. reading time":"1 minute"},"schema":{"@context":"https:\/\/schema.org","@graph":[{"@type":"WebPage","@id":"https:\/\/akiarabooks.com\/pt\/livro\/a-tua-cancao\/","url":"https:\/\/akiarabooks.com\/pt\/livro\/a-tua-cancao\/","name":"A tua can\u00e7\u00e3o - AKIARA books","isPartOf":{"@id":"https:\/\/akiarabooks.com\/pt\/#website"},"primaryImageOfPage":{"@id":"https:\/\/akiarabooks.com\/pt\/livro\/a-tua-cancao\/#primaryimage"},"image":{"@id":"https:\/\/akiarabooks.com\/pt\/livro\/a-tua-cancao\/#primaryimage"},"thumbnailUrl":"https:\/\/akiarabooks.com\/wp-content\/uploads\/2018\/07\/A_TUA_CANCAO_capa_PT-scaled.jpg","datePublished":"2018-07-24T17:17:57+00:00","dateModified":"2022-03-02T10:13:42+00:00","breadcrumb":{"@id":"https:\/\/akiarabooks.com\/pt\/livro\/a-tua-cancao\/#breadcrumb"},"inLanguage":"pt","potentialAction":[{"@type":"ReadAction","target":["https:\/\/akiarabooks.com\/pt\/livro\/a-tua-cancao\/"]}]},{"@type":"ImageObject","inLanguage":"pt","@id":"https:\/\/akiarabooks.com\/pt\/livro\/a-tua-cancao\/#primaryimage","url":"https:\/\/akiarabooks.com\/wp-content\/uploads\/2018\/07\/A_TUA_CANCAO_capa_PT-scaled.jpg","contentUrl":"https:\/\/akiarabooks.com\/wp-content\/uploads\/2018\/07\/A_TUA_CANCAO_capa_PT-scaled.jpg","width":2560,"height":2218},{"@type":"BreadcrumbList","@id":"https:\/\/akiarabooks.com\/pt\/livro\/a-tua-cancao\/#breadcrumb","itemListElement":[{"@type":"ListItem","position":1,"name":"Inici","item":"https:\/\/akiarabooks.com\/pt\/"},{"@type":"ListItem","position":2,"name":"Livros","item":"https:\/\/akiarabooks.com\/pt\/livros\/"},{"@type":"ListItem","position":3,"name":"A tua can\u00e7\u00e3o"}]},{"@type":"WebSite","@id":"https:\/\/akiarabooks.com\/pt\/#website","url":"https:\/\/akiarabooks.com\/pt\/","name":"AKIARA books","description":"Llibres inspiradors per a petits i grans","publisher":{"@id":"https:\/\/akiarabooks.com\/pt\/#organization"},"potentialAction":[{"@type":"SearchAction","target":{"@type":"EntryPoint","urlTemplate":"https:\/\/akiarabooks.com\/pt\/?s={search_term_string}"},"query-input":{"@type":"PropertyValueSpecification","valueRequired":true,"valueName":"search_term_string"}}],"inLanguage":"pt"},{"@type":"Organization","@id":"https:\/\/akiarabooks.com\/pt\/#organization","name":"AKIARA books","url":"https:\/\/akiarabooks.com\/pt\/","logo":{"@type":"ImageObject","inLanguage":"pt","@id":"https:\/\/akiarabooks.com\/pt\/#\/schema\/logo\/image\/","url":"https:\/\/akiarabooks.com\/wp-content\/uploads\/2018\/02\/cropped-akiara-black.png","contentUrl":"https:\/\/akiarabooks.com\/wp-content\/uploads\/2018\/02\/cropped-akiara-black.png","width":520,"height":236,"caption":"AKIARA books"},"image":{"@id":"https:\/\/akiarabooks.com\/pt\/#\/schema\/logo\/image\/"}}]}},"_links":{"self":[{"href":"https:\/\/akiarabooks.com\/pt\/wp-json\/wp\/v2\/product\/4179","targetHints":{"allow":["GET"]}}],"collection":[{"href":"https:\/\/akiarabooks.com\/pt\/wp-json\/wp\/v2\/product"}],"about":[{"href":"https:\/\/akiarabooks.com\/pt\/wp-json\/wp\/v2\/types\/product"}],"replies":[{"embeddable":true,"href":"https:\/\/akiarabooks.com\/pt\/wp-json\/wp\/v2\/comments?post=4179"}],"wp:featuredmedia":[{"embeddable":true,"href":"https:\/\/akiarabooks.com\/pt\/wp-json\/wp\/v2\/media\/9663"}],"wp:attachment":[{"href":"https:\/\/akiarabooks.com\/pt\/wp-json\/wp\/v2\/media?parent=4179"}],"wp:term":[{"taxonomy":"product_brand","embeddable":true,"href":"https:\/\/akiarabooks.com\/pt\/wp-json\/wp\/v2\/product_brand?post=4179"},{"taxonomy":"product_cat","embeddable":true,"href":"https:\/\/akiarabooks.com\/pt\/wp-json\/wp\/v2\/product_cat?post=4179"},{"taxonomy":"product_tag","embeddable":true,"href":"https:\/\/akiarabooks.com\/pt\/wp-json\/wp\/v2\/product_tag?post=4179"}],"curies":[{"name":"wp","href":"https:\/\/api.w.org\/{rel}","templated":true}]}}