{"id":4232,"date":"2018-04-18T11:42:13","date_gmt":"2018-04-18T09:42:13","guid":{"rendered":"https:\/\/akiarabooks.com\/llibre\/els-dos-llops\/"},"modified":"2021-07-16T15:51:04","modified_gmt":"2021-07-16T13:51:04","slug":"os-dois-lobos","status":"publish","type":"product","link":"https:\/\/akiarabooks.com\/pt\/livro\/os-dois-lobos\/","title":{"rendered":"Os dois lobos"},"content":{"rendered":"<p>Conta uma lenda dos \u00edndios Cherokee que cada um de n\u00f3s cont\u00e9m em si um lobo bom e um lobo mau. \u00abQual dos dois ganhar\u00e1?\u00bb, pergunta a pequena \u00edndia ao av\u00f4. A resposta do velho \u00edndio ser\u00e1 surpreendente&#8230;<\/p>\n","protected":false},"excerpt":{"rendered":"<p>Conta uma lenda dos \u00edndios Cherokee que cada um de n\u00f3s cont\u00e9m em si um lobo bom e um lobo mau. \u00abQual dos&hellip;<\/p>\n","protected":false},"featured_media":4239,"comment_status":"closed","ping_status":"closed","template":"","meta":{"_acf_changed":false},"product_brand":[],"product_cat":[408],"product_tag":[397,418,419,421,422,373,423,420,424],"class_list":{"0":"post-4232","1":"product","2":"type-product","3":"status-publish","4":"has-post-thumbnail","6":"product_cat-akialbum-pt","7":"product_tag-album-ilustrado-pt","8":"product_tag-cherokee-pt","9":"product_tag-dois-lobos-pt","10":"product_tag-indios-cherokee-pt","11":"product_tag-lenda-pt","12":"product_tag-lij-pt","13":"product_tag-lobos-pt","14":"product_tag-os-dois-lobos-pt","15":"product_tag-wilfred-pt","17":"first","18":"instock","19":"taxable","20":"shipping-taxable","21":"purchasable","22":"product-type-simple"},"acf":[],"yoast_head":"<!-- This site is optimized with the Yoast SEO plugin v27.1.1 - https:\/\/yoast.com\/product\/yoast-seo-wordpress\/ -->\n<title>Os dois lobos - AKIARA books<\/title>\n<meta name=\"robots\" content=\"index, follow, max-snippet:-1, max-image-preview:large, max-video-preview:-1\" \/>\n<link rel=\"canonical\" href=\"https:\/\/akiarabooks.com\/pt\/livro\/os-dois-lobos\/\" \/>\n<meta property=\"og:locale\" content=\"pt_PT\" \/>\n<meta property=\"og:type\" content=\"article\" \/>\n<meta property=\"og:title\" content=\"Os dois lobos - AKIARA books\" \/>\n<meta property=\"og:description\" content=\"Conta uma lenda dos \u00edndios Cherokee que cada um de n\u00f3s cont\u00e9m em si um lobo bom e um lobo mau. \u00abQual dos&hellip;\" \/>\n<meta property=\"og:url\" content=\"https:\/\/akiarabooks.com\/pt\/livro\/os-dois-lobos\/\" \/>\n<meta property=\"og:site_name\" content=\"AKIARA books\" \/>\n<meta property=\"article:modified_time\" content=\"2021-07-16T13:51:04+00:00\" \/>\n<meta property=\"og:image\" content=\"https:\/\/akiarabooks.com\/wp-content\/uploads\/2018\/04\/els-dos-llops-akiara-books.jpg\" \/>\n\t<meta property=\"og:image:width\" content=\"800\" \/>\n\t<meta property=\"og:image:height\" content=\"705\" \/>\n\t<meta property=\"og:image:type\" content=\"image\/jpeg\" \/>\n<meta name=\"twitter:card\" content=\"summary_large_image\" \/>\n<script type=\"application\/ld+json\" class=\"yoast-schema-graph\">{\"@context\":\"https:\/\/schema.org\",\"@graph\":[{\"@type\":\"WebPage\",\"@id\":\"https:\/\/akiarabooks.com\/pt\/livro\/os-dois-lobos\/\",\"url\":\"https:\/\/akiarabooks.com\/pt\/livro\/os-dois-lobos\/\",\"name\":\"Os dois lobos - AKIARA books\",\"isPartOf\":{\"@id\":\"https:\/\/akiarabooks.com\/pt\/#website\"},\"primaryImageOfPage\":{\"@id\":\"https:\/\/akiarabooks.com\/pt\/livro\/os-dois-lobos\/#primaryimage\"},\"image\":{\"@id\":\"https:\/\/akiarabooks.com\/pt\/livro\/os-dois-lobos\/#primaryimage\"},\"thumbnailUrl\":\"https:\/\/akiarabooks.com\/wp-content\/uploads\/2018\/04\/els-dos-llops-akiara-books.jpg\",\"datePublished\":\"2018-04-18T09:42:13+00:00\",\"dateModified\":\"2021-07-16T13:51:04+00:00\",\"breadcrumb\":{\"@id\":\"https:\/\/akiarabooks.com\/pt\/livro\/os-dois-lobos\/#breadcrumb\"},\"inLanguage\":\"pt\",\"potentialAction\":[{\"@type\":\"ReadAction\",\"target\":[\"https:\/\/akiarabooks.com\/pt\/livro\/os-dois-lobos\/\"]}]},{\"@type\":\"ImageObject\",\"inLanguage\":\"pt\",\"@id\":\"https:\/\/akiarabooks.com\/pt\/livro\/os-dois-lobos\/#primaryimage\",\"url\":\"https:\/\/akiarabooks.com\/wp-content\/uploads\/2018\/04\/els-dos-llops-akiara-books.jpg\",\"contentUrl\":\"https:\/\/akiarabooks.com\/wp-content\/uploads\/2018\/04\/els-dos-llops-akiara-books.jpg\",\"width\":800,\"height\":705},{\"@type\":\"BreadcrumbList\",\"@id\":\"https:\/\/akiarabooks.com\/pt\/livro\/os-dois-lobos\/#breadcrumb\",\"itemListElement\":[{\"@type\":\"ListItem\",\"position\":1,\"name\":\"Inici\",\"item\":\"https:\/\/akiarabooks.com\/pt\/\"},{\"@type\":\"ListItem\",\"position\":2,\"name\":\"Livros\",\"item\":\"https:\/\/akiarabooks.com\/pt\/livros\/\"},{\"@type\":\"ListItem\",\"position\":3,\"name\":\"Os dois lobos\"}]},{\"@type\":\"WebSite\",\"@id\":\"https:\/\/akiarabooks.com\/pt\/#website\",\"url\":\"https:\/\/akiarabooks.com\/pt\/\",\"name\":\"AKIARA books\",\"description\":\"Llibres inspiradors per a petits i grans\",\"publisher\":{\"@id\":\"https:\/\/akiarabooks.com\/pt\/#organization\"},\"potentialAction\":[{\"@type\":\"SearchAction\",\"target\":{\"@type\":\"EntryPoint\",\"urlTemplate\":\"https:\/\/akiarabooks.com\/pt\/?s={search_term_string}\"},\"query-input\":{\"@type\":\"PropertyValueSpecification\",\"valueRequired\":true,\"valueName\":\"search_term_string\"}}],\"inLanguage\":\"pt\"},{\"@type\":\"Organization\",\"@id\":\"https:\/\/akiarabooks.com\/pt\/#organization\",\"name\":\"AKIARA books\",\"url\":\"https:\/\/akiarabooks.com\/pt\/\",\"logo\":{\"@type\":\"ImageObject\",\"inLanguage\":\"pt\",\"@id\":\"https:\/\/akiarabooks.com\/pt\/#\/schema\/logo\/image\/\",\"url\":\"https:\/\/akiarabooks.com\/wp-content\/uploads\/2018\/02\/cropped-akiara-black.png\",\"contentUrl\":\"https:\/\/akiarabooks.com\/wp-content\/uploads\/2018\/02\/cropped-akiara-black.png\",\"width\":520,\"height\":236,\"caption\":\"AKIARA books\"},\"image\":{\"@id\":\"https:\/\/akiarabooks.com\/pt\/#\/schema\/logo\/image\/\"}}]}<\/script>\n<!-- \/ Yoast SEO plugin. -->","yoast_head_json":{"title":"Os dois lobos - AKIARA books","robots":{"index":"index","follow":"follow","max-snippet":"max-snippet:-1","max-image-preview":"max-image-preview:large","max-video-preview":"max-video-preview:-1"},"canonical":"https:\/\/akiarabooks.com\/pt\/livro\/os-dois-lobos\/","og_locale":"pt_PT","og_type":"article","og_title":"Os dois lobos - AKIARA books","og_description":"Conta uma lenda dos \u00edndios Cherokee que cada um de n\u00f3s cont\u00e9m em si um lobo bom e um lobo mau. \u00abQual dos&hellip;","og_url":"https:\/\/akiarabooks.com\/pt\/livro\/os-dois-lobos\/","og_site_name":"AKIARA books","article_modified_time":"2021-07-16T13:51:04+00:00","og_image":[{"width":800,"height":705,"url":"https:\/\/akiarabooks.com\/wp-content\/uploads\/2018\/04\/els-dos-llops-akiara-books.jpg","type":"image\/jpeg"}],"twitter_card":"summary_large_image","schema":{"@context":"https:\/\/schema.org","@graph":[{"@type":"WebPage","@id":"https:\/\/akiarabooks.com\/pt\/livro\/os-dois-lobos\/","url":"https:\/\/akiarabooks.com\/pt\/livro\/os-dois-lobos\/","name":"Os dois lobos - AKIARA books","isPartOf":{"@id":"https:\/\/akiarabooks.com\/pt\/#website"},"primaryImageOfPage":{"@id":"https:\/\/akiarabooks.com\/pt\/livro\/os-dois-lobos\/#primaryimage"},"image":{"@id":"https:\/\/akiarabooks.com\/pt\/livro\/os-dois-lobos\/#primaryimage"},"thumbnailUrl":"https:\/\/akiarabooks.com\/wp-content\/uploads\/2018\/04\/els-dos-llops-akiara-books.jpg","datePublished":"2018-04-18T09:42:13+00:00","dateModified":"2021-07-16T13:51:04+00:00","breadcrumb":{"@id":"https:\/\/akiarabooks.com\/pt\/livro\/os-dois-lobos\/#breadcrumb"},"inLanguage":"pt","potentialAction":[{"@type":"ReadAction","target":["https:\/\/akiarabooks.com\/pt\/livro\/os-dois-lobos\/"]}]},{"@type":"ImageObject","inLanguage":"pt","@id":"https:\/\/akiarabooks.com\/pt\/livro\/os-dois-lobos\/#primaryimage","url":"https:\/\/akiarabooks.com\/wp-content\/uploads\/2018\/04\/els-dos-llops-akiara-books.jpg","contentUrl":"https:\/\/akiarabooks.com\/wp-content\/uploads\/2018\/04\/els-dos-llops-akiara-books.jpg","width":800,"height":705},{"@type":"BreadcrumbList","@id":"https:\/\/akiarabooks.com\/pt\/livro\/os-dois-lobos\/#breadcrumb","itemListElement":[{"@type":"ListItem","position":1,"name":"Inici","item":"https:\/\/akiarabooks.com\/pt\/"},{"@type":"ListItem","position":2,"name":"Livros","item":"https:\/\/akiarabooks.com\/pt\/livros\/"},{"@type":"ListItem","position":3,"name":"Os dois lobos"}]},{"@type":"WebSite","@id":"https:\/\/akiarabooks.com\/pt\/#website","url":"https:\/\/akiarabooks.com\/pt\/","name":"AKIARA books","description":"Llibres inspiradors per a petits i grans","publisher":{"@id":"https:\/\/akiarabooks.com\/pt\/#organization"},"potentialAction":[{"@type":"SearchAction","target":{"@type":"EntryPoint","urlTemplate":"https:\/\/akiarabooks.com\/pt\/?s={search_term_string}"},"query-input":{"@type":"PropertyValueSpecification","valueRequired":true,"valueName":"search_term_string"}}],"inLanguage":"pt"},{"@type":"Organization","@id":"https:\/\/akiarabooks.com\/pt\/#organization","name":"AKIARA books","url":"https:\/\/akiarabooks.com\/pt\/","logo":{"@type":"ImageObject","inLanguage":"pt","@id":"https:\/\/akiarabooks.com\/pt\/#\/schema\/logo\/image\/","url":"https:\/\/akiarabooks.com\/wp-content\/uploads\/2018\/02\/cropped-akiara-black.png","contentUrl":"https:\/\/akiarabooks.com\/wp-content\/uploads\/2018\/02\/cropped-akiara-black.png","width":520,"height":236,"caption":"AKIARA books"},"image":{"@id":"https:\/\/akiarabooks.com\/pt\/#\/schema\/logo\/image\/"}}]}},"_links":{"self":[{"href":"https:\/\/akiarabooks.com\/pt\/wp-json\/wp\/v2\/product\/4232","targetHints":{"allow":["GET"]}}],"collection":[{"href":"https:\/\/akiarabooks.com\/pt\/wp-json\/wp\/v2\/product"}],"about":[{"href":"https:\/\/akiarabooks.com\/pt\/wp-json\/wp\/v2\/types\/product"}],"replies":[{"embeddable":true,"href":"https:\/\/akiarabooks.com\/pt\/wp-json\/wp\/v2\/comments?post=4232"}],"wp:featuredmedia":[{"embeddable":true,"href":"https:\/\/akiarabooks.com\/pt\/wp-json\/wp\/v2\/media\/4239"}],"wp:attachment":[{"href":"https:\/\/akiarabooks.com\/pt\/wp-json\/wp\/v2\/media?parent=4232"}],"wp:term":[{"taxonomy":"product_brand","embeddable":true,"href":"https:\/\/akiarabooks.com\/pt\/wp-json\/wp\/v2\/product_brand?post=4232"},{"taxonomy":"product_cat","embeddable":true,"href":"https:\/\/akiarabooks.com\/pt\/wp-json\/wp\/v2\/product_cat?post=4232"},{"taxonomy":"product_tag","embeddable":true,"href":"https:\/\/akiarabooks.com\/pt\/wp-json\/wp\/v2\/product_tag?post=4232"}],"curies":[{"name":"wp","href":"https:\/\/api.w.org\/{rel}","templated":true}]}}