{"id":5972,"date":"2019-02-27T12:02:04","date_gmt":"2019-02-27T10:02:04","guid":{"rendered":"https:\/\/akiarabooks.com\/llibre\/el-meu-avi-pirata\/"},"modified":"2023-08-13T00:09:09","modified_gmt":"2023-08-12T22:09:09","slug":"el-meu-avi-pirata","status":"publish","type":"product","link":"https:\/\/akiarabooks.com\/pt\/livro\/el-meu-avi-pirata\/","title":{"rendered":"O meu av\u00f4 pirata"},"content":{"rendered":"<p>Todos os domingos o av\u00f4 contava hist\u00f3rias aos netos, sentados no banco do parque que havia ao lado de casa. Hist\u00f3rias de piratas ou recorda\u00e7\u00f5es de inf\u00e2ncia, nascidas da imagina\u00e7\u00e3o ou repescadas das \u00e1guas profundas da mem\u00f3ria. At\u00e9 que, um dia, levaram o av\u00f4 para o hospital e tudo mudou.<\/p>\n<p><img loading=\"lazy\" decoding=\"async\" class=\"alignleft wp-image-8269 size-thumbnail\" src=\"https:\/\/akiarabooks.com\/wp-content\/uploads\/2018\/04\/Sello-Los-Mejores-para-redes-comprimido-150x150.jpg\" alt=\"\" width=\"150\" height=\"150\" srcset=\"https:\/\/akiarabooks.com\/wp-content\/uploads\/2018\/04\/Sello-Los-Mejores-para-redes-comprimido-150x150.jpg 150w, https:\/\/akiarabooks.com\/wp-content\/uploads\/2018\/04\/Sello-Los-Mejores-para-redes-comprimido-100x100.jpg 100w\" sizes=\"auto, (max-width: 150px) 100vw, 150px\" \/><\/p>\n<p>&nbsp;<\/p>\n<p>&nbsp;<\/p>\n<p>&nbsp;<\/p>\n<h6>Banco del Libro &#8220;Men\u00e7\u00e3o Cativante 2020&#8221;<\/h6>\n","protected":false},"excerpt":{"rendered":"<p>Todos os domingos o av\u00f4 contava hist\u00f3rias aos netos, sentados no banco do parque que havia ao lado de casa. Hist\u00f3rias de piratas&hellip;<\/p>\n","protected":false},"featured_media":12381,"comment_status":"closed","ping_status":"closed","template":"","meta":{"_acf_changed":false},"product_brand":[],"product_cat":[408],"product_tag":[363,397,373],"class_list":{"0":"post-5972","1":"product","2":"type-product","3":"status-publish","4":"has-post-thumbnail","6":"product_cat-akialbum-pt","7":"product_tag-akiara-pt","8":"product_tag-album-ilustrado-pt","9":"product_tag-lij-pt","11":"first","12":"instock","13":"taxable","14":"shipping-taxable","15":"purchasable","16":"product-type-simple"},"acf":[],"yoast_head":"<!-- This site is optimized with the Yoast SEO plugin v27.1.1 - https:\/\/yoast.com\/product\/yoast-seo-wordpress\/ -->\n<title>O meu av\u00f4 pirata - AKIARA books<\/title>\n<meta name=\"robots\" content=\"index, follow, max-snippet:-1, max-image-preview:large, max-video-preview:-1\" \/>\n<link rel=\"canonical\" href=\"https:\/\/akiarabooks.com\/pt\/livro\/el-meu-avi-pirata\/\" \/>\n<meta property=\"og:locale\" content=\"pt_PT\" \/>\n<meta property=\"og:type\" content=\"article\" \/>\n<meta property=\"og:title\" content=\"O meu av\u00f4 pirata - AKIARA books\" \/>\n<meta property=\"og:description\" content=\"Todos os domingos o av\u00f4 contava hist\u00f3rias aos netos, sentados no banco do parque que havia ao lado de casa. Hist\u00f3rias de piratas&hellip;\" \/>\n<meta property=\"og:url\" content=\"https:\/\/akiarabooks.com\/pt\/livro\/el-meu-avi-pirata\/\" \/>\n<meta property=\"og:site_name\" content=\"AKIARA books\" \/>\n<meta property=\"article:modified_time\" content=\"2023-08-12T22:09:09+00:00\" \/>\n<meta property=\"og:image\" content=\"https:\/\/akiarabooks.com\/wp-content\/uploads\/2019\/02\/O-MEU-AVO-PIRATA_capa_PT-scaled.jpg\" \/>\n\t<meta property=\"og:image:width\" content=\"2560\" \/>\n\t<meta property=\"og:image:height\" content=\"2217\" \/>\n\t<meta property=\"og:image:type\" content=\"image\/jpeg\" \/>\n<meta name=\"twitter:card\" content=\"summary_large_image\" \/>\n<meta name=\"twitter:label1\" content=\"Est. reading time\" \/>\n\t<meta name=\"twitter:data1\" content=\"1 minute\" \/>\n<script type=\"application\/ld+json\" class=\"yoast-schema-graph\">{\"@context\":\"https:\/\/schema.org\",\"@graph\":[{\"@type\":\"WebPage\",\"@id\":\"https:\/\/akiarabooks.com\/pt\/livro\/el-meu-avi-pirata\/\",\"url\":\"https:\/\/akiarabooks.com\/pt\/livro\/el-meu-avi-pirata\/\",\"name\":\"O meu av\u00f4 pirata - AKIARA books\",\"isPartOf\":{\"@id\":\"https:\/\/akiarabooks.com\/pt\/#website\"},\"primaryImageOfPage\":{\"@id\":\"https:\/\/akiarabooks.com\/pt\/livro\/el-meu-avi-pirata\/#primaryimage\"},\"image\":{\"@id\":\"https:\/\/akiarabooks.com\/pt\/livro\/el-meu-avi-pirata\/#primaryimage\"},\"thumbnailUrl\":\"https:\/\/akiarabooks.com\/wp-content\/uploads\/2019\/02\/O-MEU-AVO-PIRATA_capa_PT-scaled.jpg\",\"datePublished\":\"2019-02-27T10:02:04+00:00\",\"dateModified\":\"2023-08-12T22:09:09+00:00\",\"breadcrumb\":{\"@id\":\"https:\/\/akiarabooks.com\/pt\/livro\/el-meu-avi-pirata\/#breadcrumb\"},\"inLanguage\":\"pt\",\"potentialAction\":[{\"@type\":\"ReadAction\",\"target\":[\"https:\/\/akiarabooks.com\/pt\/livro\/el-meu-avi-pirata\/\"]}]},{\"@type\":\"ImageObject\",\"inLanguage\":\"pt\",\"@id\":\"https:\/\/akiarabooks.com\/pt\/livro\/el-meu-avi-pirata\/#primaryimage\",\"url\":\"https:\/\/akiarabooks.com\/wp-content\/uploads\/2019\/02\/O-MEU-AVO-PIRATA_capa_PT-scaled.jpg\",\"contentUrl\":\"https:\/\/akiarabooks.com\/wp-content\/uploads\/2019\/02\/O-MEU-AVO-PIRATA_capa_PT-scaled.jpg\",\"width\":\"2560\",\"height\":\"2217\"},{\"@type\":\"BreadcrumbList\",\"@id\":\"https:\/\/akiarabooks.com\/pt\/livro\/el-meu-avi-pirata\/#breadcrumb\",\"itemListElement\":[{\"@type\":\"ListItem\",\"position\":1,\"name\":\"Inici\",\"item\":\"https:\/\/akiarabooks.com\/pt\/\"},{\"@type\":\"ListItem\",\"position\":2,\"name\":\"Livros\",\"item\":\"https:\/\/akiarabooks.com\/pt\/livros\/\"},{\"@type\":\"ListItem\",\"position\":3,\"name\":\"O meu av\u00f4 pirata\"}]},{\"@type\":\"WebSite\",\"@id\":\"https:\/\/akiarabooks.com\/pt\/#website\",\"url\":\"https:\/\/akiarabooks.com\/pt\/\",\"name\":\"AKIARA books\",\"description\":\"Llibres inspiradors per a petits i grans\",\"publisher\":{\"@id\":\"https:\/\/akiarabooks.com\/pt\/#organization\"},\"potentialAction\":[{\"@type\":\"SearchAction\",\"target\":{\"@type\":\"EntryPoint\",\"urlTemplate\":\"https:\/\/akiarabooks.com\/pt\/?s={search_term_string}\"},\"query-input\":{\"@type\":\"PropertyValueSpecification\",\"valueRequired\":true,\"valueName\":\"search_term_string\"}}],\"inLanguage\":\"pt\"},{\"@type\":\"Organization\",\"@id\":\"https:\/\/akiarabooks.com\/pt\/#organization\",\"name\":\"AKIARA books\",\"url\":\"https:\/\/akiarabooks.com\/pt\/\",\"logo\":{\"@type\":\"ImageObject\",\"inLanguage\":\"pt\",\"@id\":\"https:\/\/akiarabooks.com\/pt\/#\/schema\/logo\/image\/\",\"url\":\"https:\/\/akiarabooks.com\/wp-content\/uploads\/2018\/02\/cropped-akiara-black.png\",\"contentUrl\":\"https:\/\/akiarabooks.com\/wp-content\/uploads\/2018\/02\/cropped-akiara-black.png\",\"width\":520,\"height\":236,\"caption\":\"AKIARA books\"},\"image\":{\"@id\":\"https:\/\/akiarabooks.com\/pt\/#\/schema\/logo\/image\/\"}}]}<\/script>\n<!-- \/ Yoast SEO plugin. -->","yoast_head_json":{"title":"O meu av\u00f4 pirata - AKIARA books","robots":{"index":"index","follow":"follow","max-snippet":"max-snippet:-1","max-image-preview":"max-image-preview:large","max-video-preview":"max-video-preview:-1"},"canonical":"https:\/\/akiarabooks.com\/pt\/livro\/el-meu-avi-pirata\/","og_locale":"pt_PT","og_type":"article","og_title":"O meu av\u00f4 pirata - AKIARA books","og_description":"Todos os domingos o av\u00f4 contava hist\u00f3rias aos netos, sentados no banco do parque que havia ao lado de casa. Hist\u00f3rias de piratas&hellip;","og_url":"https:\/\/akiarabooks.com\/pt\/livro\/el-meu-avi-pirata\/","og_site_name":"AKIARA books","article_modified_time":"2023-08-12T22:09:09+00:00","og_image":[{"width":2560,"height":2217,"url":"https:\/\/akiarabooks.com\/wp-content\/uploads\/2019\/02\/O-MEU-AVO-PIRATA_capa_PT-scaled.jpg","type":"image\/jpeg"}],"twitter_card":"summary_large_image","twitter_misc":{"Est. reading time":"1 minute"},"schema":{"@context":"https:\/\/schema.org","@graph":[{"@type":"WebPage","@id":"https:\/\/akiarabooks.com\/pt\/livro\/el-meu-avi-pirata\/","url":"https:\/\/akiarabooks.com\/pt\/livro\/el-meu-avi-pirata\/","name":"O meu av\u00f4 pirata - AKIARA books","isPartOf":{"@id":"https:\/\/akiarabooks.com\/pt\/#website"},"primaryImageOfPage":{"@id":"https:\/\/akiarabooks.com\/pt\/livro\/el-meu-avi-pirata\/#primaryimage"},"image":{"@id":"https:\/\/akiarabooks.com\/pt\/livro\/el-meu-avi-pirata\/#primaryimage"},"thumbnailUrl":"https:\/\/akiarabooks.com\/wp-content\/uploads\/2019\/02\/O-MEU-AVO-PIRATA_capa_PT-scaled.jpg","datePublished":"2019-02-27T10:02:04+00:00","dateModified":"2023-08-12T22:09:09+00:00","breadcrumb":{"@id":"https:\/\/akiarabooks.com\/pt\/livro\/el-meu-avi-pirata\/#breadcrumb"},"inLanguage":"pt","potentialAction":[{"@type":"ReadAction","target":["https:\/\/akiarabooks.com\/pt\/livro\/el-meu-avi-pirata\/"]}]},{"@type":"ImageObject","inLanguage":"pt","@id":"https:\/\/akiarabooks.com\/pt\/livro\/el-meu-avi-pirata\/#primaryimage","url":"https:\/\/akiarabooks.com\/wp-content\/uploads\/2019\/02\/O-MEU-AVO-PIRATA_capa_PT-scaled.jpg","contentUrl":"https:\/\/akiarabooks.com\/wp-content\/uploads\/2019\/02\/O-MEU-AVO-PIRATA_capa_PT-scaled.jpg","width":"2560","height":"2217"},{"@type":"BreadcrumbList","@id":"https:\/\/akiarabooks.com\/pt\/livro\/el-meu-avi-pirata\/#breadcrumb","itemListElement":[{"@type":"ListItem","position":1,"name":"Inici","item":"https:\/\/akiarabooks.com\/pt\/"},{"@type":"ListItem","position":2,"name":"Livros","item":"https:\/\/akiarabooks.com\/pt\/livros\/"},{"@type":"ListItem","position":3,"name":"O meu av\u00f4 pirata"}]},{"@type":"WebSite","@id":"https:\/\/akiarabooks.com\/pt\/#website","url":"https:\/\/akiarabooks.com\/pt\/","name":"AKIARA books","description":"Llibres inspiradors per a petits i grans","publisher":{"@id":"https:\/\/akiarabooks.com\/pt\/#organization"},"potentialAction":[{"@type":"SearchAction","target":{"@type":"EntryPoint","urlTemplate":"https:\/\/akiarabooks.com\/pt\/?s={search_term_string}"},"query-input":{"@type":"PropertyValueSpecification","valueRequired":true,"valueName":"search_term_string"}}],"inLanguage":"pt"},{"@type":"Organization","@id":"https:\/\/akiarabooks.com\/pt\/#organization","name":"AKIARA books","url":"https:\/\/akiarabooks.com\/pt\/","logo":{"@type":"ImageObject","inLanguage":"pt","@id":"https:\/\/akiarabooks.com\/pt\/#\/schema\/logo\/image\/","url":"https:\/\/akiarabooks.com\/wp-content\/uploads\/2018\/02\/cropped-akiara-black.png","contentUrl":"https:\/\/akiarabooks.com\/wp-content\/uploads\/2018\/02\/cropped-akiara-black.png","width":520,"height":236,"caption":"AKIARA books"},"image":{"@id":"https:\/\/akiarabooks.com\/pt\/#\/schema\/logo\/image\/"}}]}},"_links":{"self":[{"href":"https:\/\/akiarabooks.com\/pt\/wp-json\/wp\/v2\/product\/5972","targetHints":{"allow":["GET"]}}],"collection":[{"href":"https:\/\/akiarabooks.com\/pt\/wp-json\/wp\/v2\/product"}],"about":[{"href":"https:\/\/akiarabooks.com\/pt\/wp-json\/wp\/v2\/types\/product"}],"replies":[{"embeddable":true,"href":"https:\/\/akiarabooks.com\/pt\/wp-json\/wp\/v2\/comments?post=5972"}],"wp:featuredmedia":[{"embeddable":true,"href":"https:\/\/akiarabooks.com\/pt\/wp-json\/wp\/v2\/media\/12381"}],"wp:attachment":[{"href":"https:\/\/akiarabooks.com\/pt\/wp-json\/wp\/v2\/media?parent=5972"}],"wp:term":[{"taxonomy":"product_brand","embeddable":true,"href":"https:\/\/akiarabooks.com\/pt\/wp-json\/wp\/v2\/product_brand?post=5972"},{"taxonomy":"product_cat","embeddable":true,"href":"https:\/\/akiarabooks.com\/pt\/wp-json\/wp\/v2\/product_cat?post=5972"},{"taxonomy":"product_tag","embeddable":true,"href":"https:\/\/akiarabooks.com\/pt\/wp-json\/wp\/v2\/product_tag?post=5972"}],"curies":[{"name":"wp","href":"https:\/\/api.w.org\/{rel}","templated":true}]}}