{"id":6232,"date":"2019-03-28T11:27:47","date_gmt":"2019-03-28T09:27:47","guid":{"rendered":"https:\/\/akiarabooks.com\/llibre\/mariner-de-terra-endins\/"},"modified":"2026-03-11T11:00:19","modified_gmt":"2026-03-11T09:00:19","slug":"mariner-de-terra-endins","status":"publish","type":"product","link":"https:\/\/akiarabooks.com\/pt\/livro\/mariner-de-terra-endins\/","title":{"rendered":"Marinheiro em terra firme"},"content":{"rendered":"<p>\u00c9 o primeiro ver\u00e3o do Jan na montanha, sozinho com a av\u00f3, depois de ter passado toda a vida num veleiro com os pais. Ter\u00e1 de descobrir os segredos da terra, ele que conhece t\u00e3o bem os do mar. No seu di\u00e1rio de bordo ir\u00e1 anotando essas descobertas e, quase sem se dar conta, deixar\u00e1 para tr\u00e1s a inf\u00e2ncia para entrar em cheio na idade das decis\u00f5es.<\/p>\n<p>* TEMPORALMENTE ESGOTADO *<\/p>\n","protected":false},"excerpt":{"rendered":"<p>\u00c9 o primeiro ver\u00e3o do Jan na montanha, sozinho com a av\u00f3, depois de ter passado toda a vida num veleiro com os&hellip;<\/p>\n","protected":false},"featured_media":6229,"comment_status":"closed","ping_status":"closed","template":"","meta":{"_acf_changed":false},"product_brand":[],"product_cat":[643],"product_tag":[363,365,373],"class_list":{"0":"post-6232","1":"product","2":"type-product","3":"status-publish","4":"has-post-thumbnail","6":"product_cat-akinarra-pt","7":"product_tag-akiara-pt","8":"product_tag-books-pt","9":"product_tag-lij-pt","11":"first","12":"instock","13":"taxable","14":"shipping-taxable","15":"purchasable","16":"product-type-simple"},"acf":[],"yoast_head":"<!-- This site is optimized with the Yoast SEO plugin v27.1.1 - https:\/\/yoast.com\/product\/yoast-seo-wordpress\/ -->\n<title>Marinheiro em terra firme - AKIARA books<\/title>\n<meta name=\"robots\" content=\"index, follow, max-snippet:-1, max-image-preview:large, max-video-preview:-1\" \/>\n<link rel=\"canonical\" href=\"https:\/\/akiarabooks.com\/pt\/livro\/mariner-de-terra-endins\/\" \/>\n<meta property=\"og:locale\" content=\"pt_PT\" \/>\n<meta property=\"og:type\" content=\"article\" \/>\n<meta property=\"og:title\" content=\"Marinheiro em terra firme - AKIARA books\" \/>\n<meta property=\"og:description\" content=\"\u00c9 o primeiro ver\u00e3o do Jan na montanha, sozinho com a av\u00f3, depois de ter passado toda a vida num veleiro com os&hellip;\" \/>\n<meta property=\"og:url\" content=\"https:\/\/akiarabooks.com\/pt\/livro\/mariner-de-terra-endins\/\" \/>\n<meta property=\"og:site_name\" content=\"AKIARA books\" \/>\n<meta property=\"article:modified_time\" content=\"2026-03-11T09:00:19+00:00\" \/>\n<meta property=\"og:image\" content=\"https:\/\/akiarabooks.com\/wp-content\/uploads\/2019\/03\/AKINARRA-2-marinero-CAT.jpg\" \/>\n\t<meta property=\"og:image:width\" content=\"1427\" \/>\n\t<meta property=\"og:image:height\" content=\"2350\" \/>\n\t<meta property=\"og:image:type\" content=\"image\/jpeg\" \/>\n<meta name=\"twitter:card\" content=\"summary_large_image\" \/>\n<meta name=\"twitter:label1\" content=\"Est. reading time\" \/>\n\t<meta name=\"twitter:data1\" content=\"1 minute\" \/>\n<script type=\"application\/ld+json\" class=\"yoast-schema-graph\">{\"@context\":\"https:\/\/schema.org\",\"@graph\":[{\"@type\":\"WebPage\",\"@id\":\"https:\/\/akiarabooks.com\/pt\/livro\/mariner-de-terra-endins\/\",\"url\":\"https:\/\/akiarabooks.com\/pt\/livro\/mariner-de-terra-endins\/\",\"name\":\"Marinheiro em terra firme - AKIARA books\",\"isPartOf\":{\"@id\":\"https:\/\/akiarabooks.com\/pt\/#website\"},\"primaryImageOfPage\":{\"@id\":\"https:\/\/akiarabooks.com\/pt\/livro\/mariner-de-terra-endins\/#primaryimage\"},\"image\":{\"@id\":\"https:\/\/akiarabooks.com\/pt\/livro\/mariner-de-terra-endins\/#primaryimage\"},\"thumbnailUrl\":\"https:\/\/akiarabooks.com\/wp-content\/uploads\/2019\/03\/AKINARRA-2-marinero-CAT.jpg\",\"datePublished\":\"2019-03-28T09:27:47+00:00\",\"dateModified\":\"2026-03-11T09:00:19+00:00\",\"breadcrumb\":{\"@id\":\"https:\/\/akiarabooks.com\/pt\/livro\/mariner-de-terra-endins\/#breadcrumb\"},\"inLanguage\":\"pt\",\"potentialAction\":[{\"@type\":\"ReadAction\",\"target\":[\"https:\/\/akiarabooks.com\/pt\/livro\/mariner-de-terra-endins\/\"]}]},{\"@type\":\"ImageObject\",\"inLanguage\":\"pt\",\"@id\":\"https:\/\/akiarabooks.com\/pt\/livro\/mariner-de-terra-endins\/#primaryimage\",\"url\":\"https:\/\/akiarabooks.com\/wp-content\/uploads\/2019\/03\/AKINARRA-2-marinero-CAT.jpg\",\"contentUrl\":\"https:\/\/akiarabooks.com\/wp-content\/uploads\/2019\/03\/AKINARRA-2-marinero-CAT.jpg\",\"width\":1427,\"height\":2350},{\"@type\":\"BreadcrumbList\",\"@id\":\"https:\/\/akiarabooks.com\/pt\/livro\/mariner-de-terra-endins\/#breadcrumb\",\"itemListElement\":[{\"@type\":\"ListItem\",\"position\":1,\"name\":\"Inici\",\"item\":\"https:\/\/akiarabooks.com\/pt\/\"},{\"@type\":\"ListItem\",\"position\":2,\"name\":\"Livros\",\"item\":\"https:\/\/akiarabooks.com\/pt\/livros\/\"},{\"@type\":\"ListItem\",\"position\":3,\"name\":\"Marinheiro em terra firme\"}]},{\"@type\":\"WebSite\",\"@id\":\"https:\/\/akiarabooks.com\/pt\/#website\",\"url\":\"https:\/\/akiarabooks.com\/pt\/\",\"name\":\"AKIARA books\",\"description\":\"Llibres inspiradors per a petits i grans\",\"publisher\":{\"@id\":\"https:\/\/akiarabooks.com\/pt\/#organization\"},\"potentialAction\":[{\"@type\":\"SearchAction\",\"target\":{\"@type\":\"EntryPoint\",\"urlTemplate\":\"https:\/\/akiarabooks.com\/pt\/?s={search_term_string}\"},\"query-input\":{\"@type\":\"PropertyValueSpecification\",\"valueRequired\":true,\"valueName\":\"search_term_string\"}}],\"inLanguage\":\"pt\"},{\"@type\":\"Organization\",\"@id\":\"https:\/\/akiarabooks.com\/pt\/#organization\",\"name\":\"AKIARA books\",\"url\":\"https:\/\/akiarabooks.com\/pt\/\",\"logo\":{\"@type\":\"ImageObject\",\"inLanguage\":\"pt\",\"@id\":\"https:\/\/akiarabooks.com\/pt\/#\/schema\/logo\/image\/\",\"url\":\"https:\/\/akiarabooks.com\/wp-content\/uploads\/2018\/02\/cropped-akiara-black.png\",\"contentUrl\":\"https:\/\/akiarabooks.com\/wp-content\/uploads\/2018\/02\/cropped-akiara-black.png\",\"width\":520,\"height\":236,\"caption\":\"AKIARA books\"},\"image\":{\"@id\":\"https:\/\/akiarabooks.com\/pt\/#\/schema\/logo\/image\/\"}}]}<\/script>\n<!-- \/ Yoast SEO plugin. -->","yoast_head_json":{"title":"Marinheiro em terra firme - AKIARA books","robots":{"index":"index","follow":"follow","max-snippet":"max-snippet:-1","max-image-preview":"max-image-preview:large","max-video-preview":"max-video-preview:-1"},"canonical":"https:\/\/akiarabooks.com\/pt\/livro\/mariner-de-terra-endins\/","og_locale":"pt_PT","og_type":"article","og_title":"Marinheiro em terra firme - AKIARA books","og_description":"\u00c9 o primeiro ver\u00e3o do Jan na montanha, sozinho com a av\u00f3, depois de ter passado toda a vida num veleiro com os&hellip;","og_url":"https:\/\/akiarabooks.com\/pt\/livro\/mariner-de-terra-endins\/","og_site_name":"AKIARA books","article_modified_time":"2026-03-11T09:00:19+00:00","og_image":[{"width":1427,"height":2350,"url":"https:\/\/akiarabooks.com\/wp-content\/uploads\/2019\/03\/AKINARRA-2-marinero-CAT.jpg","type":"image\/jpeg"}],"twitter_card":"summary_large_image","twitter_misc":{"Est. reading time":"1 minute"},"schema":{"@context":"https:\/\/schema.org","@graph":[{"@type":"WebPage","@id":"https:\/\/akiarabooks.com\/pt\/livro\/mariner-de-terra-endins\/","url":"https:\/\/akiarabooks.com\/pt\/livro\/mariner-de-terra-endins\/","name":"Marinheiro em terra firme - AKIARA books","isPartOf":{"@id":"https:\/\/akiarabooks.com\/pt\/#website"},"primaryImageOfPage":{"@id":"https:\/\/akiarabooks.com\/pt\/livro\/mariner-de-terra-endins\/#primaryimage"},"image":{"@id":"https:\/\/akiarabooks.com\/pt\/livro\/mariner-de-terra-endins\/#primaryimage"},"thumbnailUrl":"https:\/\/akiarabooks.com\/wp-content\/uploads\/2019\/03\/AKINARRA-2-marinero-CAT.jpg","datePublished":"2019-03-28T09:27:47+00:00","dateModified":"2026-03-11T09:00:19+00:00","breadcrumb":{"@id":"https:\/\/akiarabooks.com\/pt\/livro\/mariner-de-terra-endins\/#breadcrumb"},"inLanguage":"pt","potentialAction":[{"@type":"ReadAction","target":["https:\/\/akiarabooks.com\/pt\/livro\/mariner-de-terra-endins\/"]}]},{"@type":"ImageObject","inLanguage":"pt","@id":"https:\/\/akiarabooks.com\/pt\/livro\/mariner-de-terra-endins\/#primaryimage","url":"https:\/\/akiarabooks.com\/wp-content\/uploads\/2019\/03\/AKINARRA-2-marinero-CAT.jpg","contentUrl":"https:\/\/akiarabooks.com\/wp-content\/uploads\/2019\/03\/AKINARRA-2-marinero-CAT.jpg","width":1427,"height":2350},{"@type":"BreadcrumbList","@id":"https:\/\/akiarabooks.com\/pt\/livro\/mariner-de-terra-endins\/#breadcrumb","itemListElement":[{"@type":"ListItem","position":1,"name":"Inici","item":"https:\/\/akiarabooks.com\/pt\/"},{"@type":"ListItem","position":2,"name":"Livros","item":"https:\/\/akiarabooks.com\/pt\/livros\/"},{"@type":"ListItem","position":3,"name":"Marinheiro em terra firme"}]},{"@type":"WebSite","@id":"https:\/\/akiarabooks.com\/pt\/#website","url":"https:\/\/akiarabooks.com\/pt\/","name":"AKIARA books","description":"Llibres inspiradors per a petits i grans","publisher":{"@id":"https:\/\/akiarabooks.com\/pt\/#organization"},"potentialAction":[{"@type":"SearchAction","target":{"@type":"EntryPoint","urlTemplate":"https:\/\/akiarabooks.com\/pt\/?s={search_term_string}"},"query-input":{"@type":"PropertyValueSpecification","valueRequired":true,"valueName":"search_term_string"}}],"inLanguage":"pt"},{"@type":"Organization","@id":"https:\/\/akiarabooks.com\/pt\/#organization","name":"AKIARA books","url":"https:\/\/akiarabooks.com\/pt\/","logo":{"@type":"ImageObject","inLanguage":"pt","@id":"https:\/\/akiarabooks.com\/pt\/#\/schema\/logo\/image\/","url":"https:\/\/akiarabooks.com\/wp-content\/uploads\/2018\/02\/cropped-akiara-black.png","contentUrl":"https:\/\/akiarabooks.com\/wp-content\/uploads\/2018\/02\/cropped-akiara-black.png","width":520,"height":236,"caption":"AKIARA books"},"image":{"@id":"https:\/\/akiarabooks.com\/pt\/#\/schema\/logo\/image\/"}}]}},"_links":{"self":[{"href":"https:\/\/akiarabooks.com\/pt\/wp-json\/wp\/v2\/product\/6232","targetHints":{"allow":["GET"]}}],"collection":[{"href":"https:\/\/akiarabooks.com\/pt\/wp-json\/wp\/v2\/product"}],"about":[{"href":"https:\/\/akiarabooks.com\/pt\/wp-json\/wp\/v2\/types\/product"}],"replies":[{"embeddable":true,"href":"https:\/\/akiarabooks.com\/pt\/wp-json\/wp\/v2\/comments?post=6232"}],"wp:featuredmedia":[{"embeddable":true,"href":"https:\/\/akiarabooks.com\/pt\/wp-json\/wp\/v2\/media\/6229"}],"wp:attachment":[{"href":"https:\/\/akiarabooks.com\/pt\/wp-json\/wp\/v2\/media?parent=6232"}],"wp:term":[{"taxonomy":"product_brand","embeddable":true,"href":"https:\/\/akiarabooks.com\/pt\/wp-json\/wp\/v2\/product_brand?post=6232"},{"taxonomy":"product_cat","embeddable":true,"href":"https:\/\/akiarabooks.com\/pt\/wp-json\/wp\/v2\/product_cat?post=6232"},{"taxonomy":"product_tag","embeddable":true,"href":"https:\/\/akiarabooks.com\/pt\/wp-json\/wp\/v2\/product_tag?post=6232"}],"curies":[{"name":"wp","href":"https:\/\/api.w.org\/{rel}","templated":true}]}}