{"id":8398,"date":"2020-10-13T15:19:18","date_gmt":"2020-10-13T13:19:18","guid":{"rendered":"https:\/\/akiarabooks.com\/llibre\/wangari-maathai-plantar-arbres-sembrar-idees\/"},"modified":"2021-10-07T11:53:16","modified_gmt":"2021-10-07T09:53:16","slug":"wangari-maathai-plantar-arbres-sembrar-idees","status":"publish","type":"product","link":"https:\/\/akiarabooks.com\/pt\/livro\/wangari-maathai-plantar-arbres-sembrar-idees\/","title":{"rendered":"Wangari Maathai: Plantar \u00e1rvores, semear ideias"},"content":{"rendered":"<p>Wangari Maathai recebeu o Pr\u00e9mio Nobel da Paz pelo seu papel como l\u00edder<br \/>\ndo Movimento Green Belt, que plantou mais de 30 milh\u00f5es de \u00e1rvores e transformou a paisagem e a sociedade do Qu\u00e9nia. O seu contributo foi decisivo para a melhoria da vida das mulheres, bem como na luta pela democracia. Foi a primeira vez que o Nobel da Paz distinguiu uma mulher africana, e foi tamb\u00e9m a primeira vez que este pr\u00e9mio reconheceu a defesa do meio ambiente como elemento-chave para a paz.<br \/>\nApresentamos o discurso em edi\u00e7\u00e3o bilingue, em ingl\u00eas e portugu\u00eas, acompanhado por um coment\u00e1rio aprofundado e ilustra\u00e7\u00f5es que recriam a vitalidade desta mulher excecional.<\/p>\n","protected":false},"excerpt":{"rendered":"<p>Wangari Maathai recebeu o Pr\u00e9mio Nobel da Paz pelo seu papel como l\u00edder do Movimento Green Belt, que plantou mais de 30 milh\u00f5es&hellip;<\/p>\n","protected":false},"featured_media":8390,"comment_status":"closed","ping_status":"closed","template":"","meta":{"_acf_changed":false},"product_brand":[],"product_cat":[696],"product_tag":[],"class_list":{"0":"post-8398","1":"product","2":"type-product","3":"status-publish","4":"has-post-thumbnail","6":"product_cat-akiparla","8":"first","9":"instock","10":"taxable","11":"shipping-taxable","12":"purchasable","13":"product-type-simple"},"acf":[],"yoast_head":"<!-- This site is optimized with the Yoast SEO plugin v27.1.1 - https:\/\/yoast.com\/product\/yoast-seo-wordpress\/ -->\n<title>Wangari Maathai: Plantar \u00e1rvores, semear ideias - AKIARA books<\/title>\n<meta name=\"robots\" content=\"index, follow, max-snippet:-1, max-image-preview:large, max-video-preview:-1\" \/>\n<link rel=\"canonical\" href=\"https:\/\/akiarabooks.com\/pt\/livro\/wangari-maathai-plantar-arbres-sembrar-idees\/\" \/>\n<meta property=\"og:locale\" content=\"pt_PT\" \/>\n<meta property=\"og:type\" content=\"article\" \/>\n<meta property=\"og:title\" content=\"Wangari Maathai: Plantar \u00e1rvores, semear ideias - AKIARA books\" \/>\n<meta property=\"og:description\" content=\"Wangari Maathai recebeu o Pr\u00e9mio Nobel da Paz pelo seu papel como l\u00edder do Movimento Green Belt, que plantou mais de 30 milh\u00f5es&hellip;\" \/>\n<meta property=\"og:url\" content=\"https:\/\/akiarabooks.com\/pt\/livro\/wangari-maathai-plantar-arbres-sembrar-idees\/\" \/>\n<meta property=\"og:site_name\" content=\"AKIARA books\" \/>\n<meta property=\"article:modified_time\" content=\"2021-10-07T09:53:16+00:00\" \/>\n<meta property=\"og:image\" content=\"https:\/\/akiarabooks.com\/wp-content\/uploads\/2020\/10\/AKIPARLA-5-Wangari-capa-PT-600x1000.jpg\" \/>\n\t<meta property=\"og:image:width\" content=\"600\" \/>\n\t<meta property=\"og:image:height\" content=\"1000\" \/>\n\t<meta property=\"og:image:type\" content=\"image\/jpeg\" \/>\n<meta name=\"twitter:card\" content=\"summary_large_image\" \/>\n<meta name=\"twitter:label1\" content=\"Est. reading time\" \/>\n\t<meta name=\"twitter:data1\" content=\"1 minute\" \/>\n<script type=\"application\/ld+json\" class=\"yoast-schema-graph\">{\"@context\":\"https:\/\/schema.org\",\"@graph\":[{\"@type\":\"WebPage\",\"@id\":\"https:\/\/akiarabooks.com\/pt\/livro\/wangari-maathai-plantar-arbres-sembrar-idees\/\",\"url\":\"https:\/\/akiarabooks.com\/pt\/livro\/wangari-maathai-plantar-arbres-sembrar-idees\/\",\"name\":\"Wangari Maathai: Plantar \u00e1rvores, semear ideias - AKIARA books\",\"isPartOf\":{\"@id\":\"https:\/\/akiarabooks.com\/pt\/#website\"},\"primaryImageOfPage\":{\"@id\":\"https:\/\/akiarabooks.com\/pt\/livro\/wangari-maathai-plantar-arbres-sembrar-idees\/#primaryimage\"},\"image\":{\"@id\":\"https:\/\/akiarabooks.com\/pt\/livro\/wangari-maathai-plantar-arbres-sembrar-idees\/#primaryimage\"},\"thumbnailUrl\":\"https:\/\/akiarabooks.com\/wp-content\/uploads\/2020\/10\/AKIPARLA-5-Wangari-coberta-CAT.jpg\",\"datePublished\":\"2020-10-13T13:19:18+00:00\",\"dateModified\":\"2021-10-07T09:53:16+00:00\",\"breadcrumb\":{\"@id\":\"https:\/\/akiarabooks.com\/pt\/livro\/wangari-maathai-plantar-arbres-sembrar-idees\/#breadcrumb\"},\"inLanguage\":\"pt\",\"potentialAction\":[{\"@type\":\"ReadAction\",\"target\":[\"https:\/\/akiarabooks.com\/pt\/livro\/wangari-maathai-plantar-arbres-sembrar-idees\/\"]}]},{\"@type\":\"ImageObject\",\"inLanguage\":\"pt\",\"@id\":\"https:\/\/akiarabooks.com\/pt\/livro\/wangari-maathai-plantar-arbres-sembrar-idees\/#primaryimage\",\"url\":\"https:\/\/akiarabooks.com\/wp-content\/uploads\/2020\/10\/AKIPARLA-5-Wangari-coberta-CAT.jpg\",\"contentUrl\":\"https:\/\/akiarabooks.com\/wp-content\/uploads\/2020\/10\/AKIPARLA-5-Wangari-coberta-CAT.jpg\",\"width\":1417,\"height\":2362},{\"@type\":\"BreadcrumbList\",\"@id\":\"https:\/\/akiarabooks.com\/pt\/livro\/wangari-maathai-plantar-arbres-sembrar-idees\/#breadcrumb\",\"itemListElement\":[{\"@type\":\"ListItem\",\"position\":1,\"name\":\"Inici\",\"item\":\"https:\/\/akiarabooks.com\/pt\/\"},{\"@type\":\"ListItem\",\"position\":2,\"name\":\"Livros\",\"item\":\"https:\/\/akiarabooks.com\/pt\/livros\/\"},{\"@type\":\"ListItem\",\"position\":3,\"name\":\"Wangari Maathai: Plantar \u00e1rvores, semear ideias\"}]},{\"@type\":\"WebSite\",\"@id\":\"https:\/\/akiarabooks.com\/pt\/#website\",\"url\":\"https:\/\/akiarabooks.com\/pt\/\",\"name\":\"AKIARA books\",\"description\":\"Llibres inspiradors per a petits i grans\",\"publisher\":{\"@id\":\"https:\/\/akiarabooks.com\/pt\/#organization\"},\"potentialAction\":[{\"@type\":\"SearchAction\",\"target\":{\"@type\":\"EntryPoint\",\"urlTemplate\":\"https:\/\/akiarabooks.com\/pt\/?s={search_term_string}\"},\"query-input\":{\"@type\":\"PropertyValueSpecification\",\"valueRequired\":true,\"valueName\":\"search_term_string\"}}],\"inLanguage\":\"pt\"},{\"@type\":\"Organization\",\"@id\":\"https:\/\/akiarabooks.com\/pt\/#organization\",\"name\":\"AKIARA books\",\"url\":\"https:\/\/akiarabooks.com\/pt\/\",\"logo\":{\"@type\":\"ImageObject\",\"inLanguage\":\"pt\",\"@id\":\"https:\/\/akiarabooks.com\/pt\/#\/schema\/logo\/image\/\",\"url\":\"https:\/\/akiarabooks.com\/wp-content\/uploads\/2018\/02\/cropped-akiara-black.png\",\"contentUrl\":\"https:\/\/akiarabooks.com\/wp-content\/uploads\/2018\/02\/cropped-akiara-black.png\",\"width\":520,\"height\":236,\"caption\":\"AKIARA books\"},\"image\":{\"@id\":\"https:\/\/akiarabooks.com\/pt\/#\/schema\/logo\/image\/\"}}]}<\/script>\n<!-- \/ Yoast SEO plugin. -->","yoast_head_json":{"title":"Wangari Maathai: Plantar \u00e1rvores, semear ideias - AKIARA books","robots":{"index":"index","follow":"follow","max-snippet":"max-snippet:-1","max-image-preview":"max-image-preview:large","max-video-preview":"max-video-preview:-1"},"canonical":"https:\/\/akiarabooks.com\/pt\/livro\/wangari-maathai-plantar-arbres-sembrar-idees\/","og_locale":"pt_PT","og_type":"article","og_title":"Wangari Maathai: Plantar \u00e1rvores, semear ideias - AKIARA books","og_description":"Wangari Maathai recebeu o Pr\u00e9mio Nobel da Paz pelo seu papel como l\u00edder do Movimento Green Belt, que plantou mais de 30 milh\u00f5es&hellip;","og_url":"https:\/\/akiarabooks.com\/pt\/livro\/wangari-maathai-plantar-arbres-sembrar-idees\/","og_site_name":"AKIARA books","article_modified_time":"2021-10-07T09:53:16+00:00","og_image":[{"width":600,"height":1000,"url":"https:\/\/akiarabooks.com\/wp-content\/uploads\/2020\/10\/AKIPARLA-5-Wangari-capa-PT-600x1000.jpg","type":"image\/jpeg"}],"twitter_card":"summary_large_image","twitter_misc":{"Est. reading time":"1 minute"},"schema":{"@context":"https:\/\/schema.org","@graph":[{"@type":"WebPage","@id":"https:\/\/akiarabooks.com\/pt\/livro\/wangari-maathai-plantar-arbres-sembrar-idees\/","url":"https:\/\/akiarabooks.com\/pt\/livro\/wangari-maathai-plantar-arbres-sembrar-idees\/","name":"Wangari Maathai: Plantar \u00e1rvores, semear ideias - AKIARA books","isPartOf":{"@id":"https:\/\/akiarabooks.com\/pt\/#website"},"primaryImageOfPage":{"@id":"https:\/\/akiarabooks.com\/pt\/livro\/wangari-maathai-plantar-arbres-sembrar-idees\/#primaryimage"},"image":{"@id":"https:\/\/akiarabooks.com\/pt\/livro\/wangari-maathai-plantar-arbres-sembrar-idees\/#primaryimage"},"thumbnailUrl":"https:\/\/akiarabooks.com\/wp-content\/uploads\/2020\/10\/AKIPARLA-5-Wangari-coberta-CAT.jpg","datePublished":"2020-10-13T13:19:18+00:00","dateModified":"2021-10-07T09:53:16+00:00","breadcrumb":{"@id":"https:\/\/akiarabooks.com\/pt\/livro\/wangari-maathai-plantar-arbres-sembrar-idees\/#breadcrumb"},"inLanguage":"pt","potentialAction":[{"@type":"ReadAction","target":["https:\/\/akiarabooks.com\/pt\/livro\/wangari-maathai-plantar-arbres-sembrar-idees\/"]}]},{"@type":"ImageObject","inLanguage":"pt","@id":"https:\/\/akiarabooks.com\/pt\/livro\/wangari-maathai-plantar-arbres-sembrar-idees\/#primaryimage","url":"https:\/\/akiarabooks.com\/wp-content\/uploads\/2020\/10\/AKIPARLA-5-Wangari-coberta-CAT.jpg","contentUrl":"https:\/\/akiarabooks.com\/wp-content\/uploads\/2020\/10\/AKIPARLA-5-Wangari-coberta-CAT.jpg","width":1417,"height":2362},{"@type":"BreadcrumbList","@id":"https:\/\/akiarabooks.com\/pt\/livro\/wangari-maathai-plantar-arbres-sembrar-idees\/#breadcrumb","itemListElement":[{"@type":"ListItem","position":1,"name":"Inici","item":"https:\/\/akiarabooks.com\/pt\/"},{"@type":"ListItem","position":2,"name":"Livros","item":"https:\/\/akiarabooks.com\/pt\/livros\/"},{"@type":"ListItem","position":3,"name":"Wangari Maathai: Plantar \u00e1rvores, semear ideias"}]},{"@type":"WebSite","@id":"https:\/\/akiarabooks.com\/pt\/#website","url":"https:\/\/akiarabooks.com\/pt\/","name":"AKIARA books","description":"Llibres inspiradors per a petits i grans","publisher":{"@id":"https:\/\/akiarabooks.com\/pt\/#organization"},"potentialAction":[{"@type":"SearchAction","target":{"@type":"EntryPoint","urlTemplate":"https:\/\/akiarabooks.com\/pt\/?s={search_term_string}"},"query-input":{"@type":"PropertyValueSpecification","valueRequired":true,"valueName":"search_term_string"}}],"inLanguage":"pt"},{"@type":"Organization","@id":"https:\/\/akiarabooks.com\/pt\/#organization","name":"AKIARA books","url":"https:\/\/akiarabooks.com\/pt\/","logo":{"@type":"ImageObject","inLanguage":"pt","@id":"https:\/\/akiarabooks.com\/pt\/#\/schema\/logo\/image\/","url":"https:\/\/akiarabooks.com\/wp-content\/uploads\/2018\/02\/cropped-akiara-black.png","contentUrl":"https:\/\/akiarabooks.com\/wp-content\/uploads\/2018\/02\/cropped-akiara-black.png","width":520,"height":236,"caption":"AKIARA books"},"image":{"@id":"https:\/\/akiarabooks.com\/pt\/#\/schema\/logo\/image\/"}}]}},"_links":{"self":[{"href":"https:\/\/akiarabooks.com\/pt\/wp-json\/wp\/v2\/product\/8398","targetHints":{"allow":["GET"]}}],"collection":[{"href":"https:\/\/akiarabooks.com\/pt\/wp-json\/wp\/v2\/product"}],"about":[{"href":"https:\/\/akiarabooks.com\/pt\/wp-json\/wp\/v2\/types\/product"}],"replies":[{"embeddable":true,"href":"https:\/\/akiarabooks.com\/pt\/wp-json\/wp\/v2\/comments?post=8398"}],"wp:featuredmedia":[{"embeddable":true,"href":"https:\/\/akiarabooks.com\/pt\/wp-json\/wp\/v2\/media\/8390"}],"wp:attachment":[{"href":"https:\/\/akiarabooks.com\/pt\/wp-json\/wp\/v2\/media?parent=8398"}],"wp:term":[{"taxonomy":"product_brand","embeddable":true,"href":"https:\/\/akiarabooks.com\/pt\/wp-json\/wp\/v2\/product_brand?post=8398"},{"taxonomy":"product_cat","embeddable":true,"href":"https:\/\/akiarabooks.com\/pt\/wp-json\/wp\/v2\/product_cat?post=8398"},{"taxonomy":"product_tag","embeddable":true,"href":"https:\/\/akiarabooks.com\/pt\/wp-json\/wp\/v2\/product_tag?post=8398"}],"curies":[{"name":"wp","href":"https:\/\/api.w.org\/{rel}","templated":true}]}}