{"id":8443,"date":"2020-10-14T16:21:25","date_gmt":"2020-10-14T14:34:26","guid":{"rendered":"https:\/\/akiarabooks.com\/?post_type=product&#038;p=8443"},"modified":"2020-12-02T09:45:50","modified_gmt":"2020-12-02T07:45:50","slug":"steve-jobs-atrevam-se-a-seguir-a-intuicao","status":"publish","type":"product","link":"https:\/\/akiarabooks.com\/pt\/livro\/steve-jobs-atrevam-se-a-seguir-a-intuicao\/","title":{"rendered":"Steve Jobs: Atrevam-se a seguir a intui\u00e7\u00e3o"},"content":{"rendered":"<p>Neste discurso dirigido aos jovens, o cofundador da Apple e o maior pioneiro do mundo digital, Steve Jobs, reconhece que nunca completou um curso superior e explica aquilo que realmente o ajudou a aprender, a partir de tr\u00eas momentos-chave da sua vida intensa e cheia de contrastes. As suas palavras s\u00e3o um poderoso convite a escutar o cora\u00e7\u00e3o e seguir a intui\u00e7\u00e3o para descobrir o que realmente nos entusiasma.<br \/>\nApresentamos este discurso em edi\u00e7\u00e3o ilustrada e bilingue, em ingl\u00eas e em portugu\u00eas, com uma an\u00e1lise em profundidade da sua mensagem.<\/p>\n","protected":false},"excerpt":{"rendered":"<p>Neste discurso dirigido aos jovens, o cofundador da Apple e o maior pioneiro do mundo digital, Steve Jobs, reconhece que nunca completou um&hellip;<\/p>\n","protected":false},"featured_media":8444,"comment_status":"closed","ping_status":"closed","template":"","meta":{"_acf_changed":false},"product_brand":[],"product_cat":[696],"product_tag":[],"class_list":{"0":"post-8443","1":"product","2":"type-product","3":"status-publish","4":"has-post-thumbnail","6":"product_cat-akiparla","8":"first","9":"instock","10":"taxable","11":"shipping-taxable","12":"purchasable","13":"product-type-simple"},"acf":[],"yoast_head":"<!-- This site is optimized with the Yoast SEO plugin v27.1.1 - https:\/\/yoast.com\/product\/yoast-seo-wordpress\/ -->\n<title>Steve Jobs: Atrevam-se a seguir a intui\u00e7\u00e3o - AKIARA books<\/title>\n<meta name=\"robots\" content=\"index, follow, max-snippet:-1, max-image-preview:large, max-video-preview:-1\" \/>\n<link rel=\"canonical\" href=\"https:\/\/akiarabooks.com\/pt\/livro\/steve-jobs-atrevam-se-a-seguir-a-intuicao\/\" \/>\n<meta property=\"og:locale\" content=\"pt_PT\" \/>\n<meta property=\"og:type\" content=\"article\" \/>\n<meta property=\"og:title\" content=\"Steve Jobs: Atrevam-se a seguir a intui\u00e7\u00e3o - AKIARA books\" \/>\n<meta property=\"og:description\" content=\"Neste discurso dirigido aos jovens, o cofundador da Apple e o maior pioneiro do mundo digital, Steve Jobs, reconhece que nunca completou um&hellip;\" \/>\n<meta property=\"og:url\" content=\"https:\/\/akiarabooks.com\/pt\/livro\/steve-jobs-atrevam-se-a-seguir-a-intuicao\/\" \/>\n<meta property=\"og:site_name\" content=\"AKIARA books\" \/>\n<meta property=\"article:modified_time\" content=\"2020-12-02T07:45:50+00:00\" \/>\n<meta property=\"og:image\" content=\"https:\/\/akiarabooks.com\/wp-content\/uploads\/2020\/10\/AKIPARLA-6-Jobs-capa-PT-600x1000.jpg\" \/>\n\t<meta property=\"og:image:width\" content=\"600\" \/>\n\t<meta property=\"og:image:height\" content=\"1000\" \/>\n\t<meta property=\"og:image:type\" content=\"image\/jpeg\" \/>\n<meta name=\"twitter:card\" content=\"summary_large_image\" \/>\n<script type=\"application\/ld+json\" class=\"yoast-schema-graph\">{\"@context\":\"https:\/\/schema.org\",\"@graph\":[{\"@type\":\"WebPage\",\"@id\":\"https:\/\/akiarabooks.com\/pt\/livro\/steve-jobs-atrevam-se-a-seguir-a-intuicao\/\",\"url\":\"https:\/\/akiarabooks.com\/pt\/livro\/steve-jobs-atrevam-se-a-seguir-a-intuicao\/\",\"name\":\"Steve Jobs: Atrevam-se a seguir a intui\u00e7\u00e3o - AKIARA books\",\"isPartOf\":{\"@id\":\"https:\/\/akiarabooks.com\/pt\/#website\"},\"primaryImageOfPage\":{\"@id\":\"https:\/\/akiarabooks.com\/pt\/livro\/steve-jobs-atrevam-se-a-seguir-a-intuicao\/#primaryimage\"},\"image\":{\"@id\":\"https:\/\/akiarabooks.com\/pt\/livro\/steve-jobs-atrevam-se-a-seguir-a-intuicao\/#primaryimage\"},\"thumbnailUrl\":\"https:\/\/akiarabooks.com\/wp-content\/uploads\/2020\/10\/AKIPARLA-6-Jobs-capa-PT.jpg\",\"datePublished\":\"2020-10-14T14:34:26+00:00\",\"dateModified\":\"2020-12-02T07:45:50+00:00\",\"breadcrumb\":{\"@id\":\"https:\/\/akiarabooks.com\/pt\/livro\/steve-jobs-atrevam-se-a-seguir-a-intuicao\/#breadcrumb\"},\"inLanguage\":\"pt\",\"potentialAction\":[{\"@type\":\"ReadAction\",\"target\":[\"https:\/\/akiarabooks.com\/pt\/livro\/steve-jobs-atrevam-se-a-seguir-a-intuicao\/\"]}]},{\"@type\":\"ImageObject\",\"inLanguage\":\"pt\",\"@id\":\"https:\/\/akiarabooks.com\/pt\/livro\/steve-jobs-atrevam-se-a-seguir-a-intuicao\/#primaryimage\",\"url\":\"https:\/\/akiarabooks.com\/wp-content\/uploads\/2020\/10\/AKIPARLA-6-Jobs-capa-PT.jpg\",\"contentUrl\":\"https:\/\/akiarabooks.com\/wp-content\/uploads\/2020\/10\/AKIPARLA-6-Jobs-capa-PT.jpg\",\"width\":1417,\"height\":2363},{\"@type\":\"BreadcrumbList\",\"@id\":\"https:\/\/akiarabooks.com\/pt\/livro\/steve-jobs-atrevam-se-a-seguir-a-intuicao\/#breadcrumb\",\"itemListElement\":[{\"@type\":\"ListItem\",\"position\":1,\"name\":\"Inici\",\"item\":\"https:\/\/akiarabooks.com\/pt\/\"},{\"@type\":\"ListItem\",\"position\":2,\"name\":\"Livros\",\"item\":\"https:\/\/akiarabooks.com\/pt\/livros\/\"},{\"@type\":\"ListItem\",\"position\":3,\"name\":\"Steve Jobs: Atrevam-se a seguir a intui\u00e7\u00e3o\"}]},{\"@type\":\"WebSite\",\"@id\":\"https:\/\/akiarabooks.com\/pt\/#website\",\"url\":\"https:\/\/akiarabooks.com\/pt\/\",\"name\":\"AKIARA books\",\"description\":\"Llibres inspiradors per a petits i grans\",\"publisher\":{\"@id\":\"https:\/\/akiarabooks.com\/pt\/#organization\"},\"potentialAction\":[{\"@type\":\"SearchAction\",\"target\":{\"@type\":\"EntryPoint\",\"urlTemplate\":\"https:\/\/akiarabooks.com\/pt\/?s={search_term_string}\"},\"query-input\":{\"@type\":\"PropertyValueSpecification\",\"valueRequired\":true,\"valueName\":\"search_term_string\"}}],\"inLanguage\":\"pt\"},{\"@type\":\"Organization\",\"@id\":\"https:\/\/akiarabooks.com\/pt\/#organization\",\"name\":\"AKIARA books\",\"url\":\"https:\/\/akiarabooks.com\/pt\/\",\"logo\":{\"@type\":\"ImageObject\",\"inLanguage\":\"pt\",\"@id\":\"https:\/\/akiarabooks.com\/pt\/#\/schema\/logo\/image\/\",\"url\":\"https:\/\/akiarabooks.com\/wp-content\/uploads\/2018\/02\/cropped-akiara-black.png\",\"contentUrl\":\"https:\/\/akiarabooks.com\/wp-content\/uploads\/2018\/02\/cropped-akiara-black.png\",\"width\":520,\"height\":236,\"caption\":\"AKIARA books\"},\"image\":{\"@id\":\"https:\/\/akiarabooks.com\/pt\/#\/schema\/logo\/image\/\"}}]}<\/script>\n<!-- \/ Yoast SEO plugin. -->","yoast_head_json":{"title":"Steve Jobs: Atrevam-se a seguir a intui\u00e7\u00e3o - AKIARA books","robots":{"index":"index","follow":"follow","max-snippet":"max-snippet:-1","max-image-preview":"max-image-preview:large","max-video-preview":"max-video-preview:-1"},"canonical":"https:\/\/akiarabooks.com\/pt\/livro\/steve-jobs-atrevam-se-a-seguir-a-intuicao\/","og_locale":"pt_PT","og_type":"article","og_title":"Steve Jobs: Atrevam-se a seguir a intui\u00e7\u00e3o - AKIARA books","og_description":"Neste discurso dirigido aos jovens, o cofundador da Apple e o maior pioneiro do mundo digital, Steve Jobs, reconhece que nunca completou um&hellip;","og_url":"https:\/\/akiarabooks.com\/pt\/livro\/steve-jobs-atrevam-se-a-seguir-a-intuicao\/","og_site_name":"AKIARA books","article_modified_time":"2020-12-02T07:45:50+00:00","og_image":[{"width":600,"height":1000,"url":"https:\/\/akiarabooks.com\/wp-content\/uploads\/2020\/10\/AKIPARLA-6-Jobs-capa-PT-600x1000.jpg","type":"image\/jpeg"}],"twitter_card":"summary_large_image","schema":{"@context":"https:\/\/schema.org","@graph":[{"@type":"WebPage","@id":"https:\/\/akiarabooks.com\/pt\/livro\/steve-jobs-atrevam-se-a-seguir-a-intuicao\/","url":"https:\/\/akiarabooks.com\/pt\/livro\/steve-jobs-atrevam-se-a-seguir-a-intuicao\/","name":"Steve Jobs: Atrevam-se a seguir a intui\u00e7\u00e3o - AKIARA books","isPartOf":{"@id":"https:\/\/akiarabooks.com\/pt\/#website"},"primaryImageOfPage":{"@id":"https:\/\/akiarabooks.com\/pt\/livro\/steve-jobs-atrevam-se-a-seguir-a-intuicao\/#primaryimage"},"image":{"@id":"https:\/\/akiarabooks.com\/pt\/livro\/steve-jobs-atrevam-se-a-seguir-a-intuicao\/#primaryimage"},"thumbnailUrl":"https:\/\/akiarabooks.com\/wp-content\/uploads\/2020\/10\/AKIPARLA-6-Jobs-capa-PT.jpg","datePublished":"2020-10-14T14:34:26+00:00","dateModified":"2020-12-02T07:45:50+00:00","breadcrumb":{"@id":"https:\/\/akiarabooks.com\/pt\/livro\/steve-jobs-atrevam-se-a-seguir-a-intuicao\/#breadcrumb"},"inLanguage":"pt","potentialAction":[{"@type":"ReadAction","target":["https:\/\/akiarabooks.com\/pt\/livro\/steve-jobs-atrevam-se-a-seguir-a-intuicao\/"]}]},{"@type":"ImageObject","inLanguage":"pt","@id":"https:\/\/akiarabooks.com\/pt\/livro\/steve-jobs-atrevam-se-a-seguir-a-intuicao\/#primaryimage","url":"https:\/\/akiarabooks.com\/wp-content\/uploads\/2020\/10\/AKIPARLA-6-Jobs-capa-PT.jpg","contentUrl":"https:\/\/akiarabooks.com\/wp-content\/uploads\/2020\/10\/AKIPARLA-6-Jobs-capa-PT.jpg","width":1417,"height":2363},{"@type":"BreadcrumbList","@id":"https:\/\/akiarabooks.com\/pt\/livro\/steve-jobs-atrevam-se-a-seguir-a-intuicao\/#breadcrumb","itemListElement":[{"@type":"ListItem","position":1,"name":"Inici","item":"https:\/\/akiarabooks.com\/pt\/"},{"@type":"ListItem","position":2,"name":"Livros","item":"https:\/\/akiarabooks.com\/pt\/livros\/"},{"@type":"ListItem","position":3,"name":"Steve Jobs: Atrevam-se a seguir a intui\u00e7\u00e3o"}]},{"@type":"WebSite","@id":"https:\/\/akiarabooks.com\/pt\/#website","url":"https:\/\/akiarabooks.com\/pt\/","name":"AKIARA books","description":"Llibres inspiradors per a petits i grans","publisher":{"@id":"https:\/\/akiarabooks.com\/pt\/#organization"},"potentialAction":[{"@type":"SearchAction","target":{"@type":"EntryPoint","urlTemplate":"https:\/\/akiarabooks.com\/pt\/?s={search_term_string}"},"query-input":{"@type":"PropertyValueSpecification","valueRequired":true,"valueName":"search_term_string"}}],"inLanguage":"pt"},{"@type":"Organization","@id":"https:\/\/akiarabooks.com\/pt\/#organization","name":"AKIARA books","url":"https:\/\/akiarabooks.com\/pt\/","logo":{"@type":"ImageObject","inLanguage":"pt","@id":"https:\/\/akiarabooks.com\/pt\/#\/schema\/logo\/image\/","url":"https:\/\/akiarabooks.com\/wp-content\/uploads\/2018\/02\/cropped-akiara-black.png","contentUrl":"https:\/\/akiarabooks.com\/wp-content\/uploads\/2018\/02\/cropped-akiara-black.png","width":520,"height":236,"caption":"AKIARA books"},"image":{"@id":"https:\/\/akiarabooks.com\/pt\/#\/schema\/logo\/image\/"}}]}},"_links":{"self":[{"href":"https:\/\/akiarabooks.com\/pt\/wp-json\/wp\/v2\/product\/8443","targetHints":{"allow":["GET"]}}],"collection":[{"href":"https:\/\/akiarabooks.com\/pt\/wp-json\/wp\/v2\/product"}],"about":[{"href":"https:\/\/akiarabooks.com\/pt\/wp-json\/wp\/v2\/types\/product"}],"replies":[{"embeddable":true,"href":"https:\/\/akiarabooks.com\/pt\/wp-json\/wp\/v2\/comments?post=8443"}],"wp:featuredmedia":[{"embeddable":true,"href":"https:\/\/akiarabooks.com\/pt\/wp-json\/wp\/v2\/media\/8444"}],"wp:attachment":[{"href":"https:\/\/akiarabooks.com\/pt\/wp-json\/wp\/v2\/media?parent=8443"}],"wp:term":[{"taxonomy":"product_brand","embeddable":true,"href":"https:\/\/akiarabooks.com\/pt\/wp-json\/wp\/v2\/product_brand?post=8443"},{"taxonomy":"product_cat","embeddable":true,"href":"https:\/\/akiarabooks.com\/pt\/wp-json\/wp\/v2\/product_cat?post=8443"},{"taxonomy":"product_tag","embeddable":true,"href":"https:\/\/akiarabooks.com\/pt\/wp-json\/wp\/v2\/product_tag?post=8443"}],"curies":[{"name":"wp","href":"https:\/\/api.w.org\/{rel}","templated":true}]}}