{"id":9438,"date":"2021-05-25T09:51:08","date_gmt":"2021-05-25T08:20:56","guid":{"rendered":"https:\/\/akiarabooks.com\/?post_type=product&#038;p=9438"},"modified":"2021-08-28T13:36:57","modified_gmt":"2021-08-28T11:36:57","slug":"o-neto-do-condor","status":"publish","type":"product","link":"https:\/\/akiarabooks.com\/pt\/livro\/o-neto-do-condor\/","title":{"rendered":"O neto do Condor"},"content":{"rendered":"<p>Um menino de dez anos chega sozinho a Barcelona, onde trabalha a sua m\u00e3e. Mas houve uma confus\u00e3o. Passam os dias e n\u00e3o a encontra. Desde logo compreende que n\u00e3o tem outra casa al\u00e9m de um banco numa pra\u00e7a.<\/p>\n<p>A vida numa aldeia dos Andes e o ritmo de uma cidade europeia, as esperan\u00e7as de uma crian\u00e7a e a dureza da rua, a amabilidade e a dist\u00e2ncia, o medo e a festa impregnam as p\u00e1ginas deste relato.<\/p>\n<p>Uma homenagem \u00e0s muitas hist\u00f3rias ocultas da imigra\u00e7\u00e3o e um convite a refletir sobre o acolhimento.<\/p>\n","protected":false},"excerpt":{"rendered":"<p>Um menino de dez anos chega sozinho a Barcelona, onde trabalha a sua m\u00e3e. Mas houve uma confus\u00e3o. Passam os dias e n\u00e3o&hellip;<\/p>\n","protected":false},"featured_media":9439,"comment_status":"closed","ping_status":"closed","template":"","meta":{"_acf_changed":false},"product_brand":[],"product_cat":[643],"product_tag":[],"class_list":{"0":"post-9438","1":"product","2":"type-product","3":"status-publish","4":"has-post-thumbnail","6":"product_cat-akinarra-pt","8":"first","9":"instock","10":"taxable","11":"shipping-taxable","12":"purchasable","13":"product-type-simple"},"acf":[],"yoast_head":"<!-- This site is optimized with the Yoast SEO plugin v27.1.1 - https:\/\/yoast.com\/product\/yoast-seo-wordpress\/ -->\n<title>O neto do Condor - AKIARA books<\/title>\n<meta name=\"robots\" content=\"index, follow, max-snippet:-1, max-image-preview:large, max-video-preview:-1\" \/>\n<link rel=\"canonical\" href=\"https:\/\/akiarabooks.com\/pt\/livro\/o-neto-do-condor\/\" \/>\n<meta property=\"og:locale\" content=\"pt_PT\" \/>\n<meta property=\"og:type\" content=\"article\" \/>\n<meta property=\"og:title\" content=\"O neto do Condor - AKIARA books\" \/>\n<meta property=\"og:description\" content=\"Um menino de dez anos chega sozinho a Barcelona, onde trabalha a sua m\u00e3e. Mas houve uma confus\u00e3o. Passam os dias e n\u00e3o&hellip;\" \/>\n<meta property=\"og:url\" content=\"https:\/\/akiarabooks.com\/pt\/livro\/o-neto-do-condor\/\" \/>\n<meta property=\"og:site_name\" content=\"AKIARA books\" \/>\n<meta property=\"article:modified_time\" content=\"2021-08-28T11:36:57+00:00\" \/>\n<meta property=\"og:image\" content=\"https:\/\/akiarabooks.com\/wp-content\/uploads\/2021\/05\/AKINARRA-3-O-neto-do-Condor-capa-PT.jpg\" \/>\n\t<meta property=\"og:image:width\" content=\"1435\" \/>\n\t<meta property=\"og:image:height\" content=\"2357\" \/>\n\t<meta property=\"og:image:type\" content=\"image\/jpeg\" \/>\n<meta name=\"twitter:card\" content=\"summary_large_image\" \/>\n<meta name=\"twitter:label1\" content=\"Est. reading time\" \/>\n\t<meta name=\"twitter:data1\" content=\"1 minute\" \/>\n<script type=\"application\/ld+json\" class=\"yoast-schema-graph\">{\"@context\":\"https:\/\/schema.org\",\"@graph\":[{\"@type\":\"WebPage\",\"@id\":\"https:\/\/akiarabooks.com\/pt\/livro\/o-neto-do-condor\/\",\"url\":\"https:\/\/akiarabooks.com\/pt\/livro\/o-neto-do-condor\/\",\"name\":\"O neto do Condor - AKIARA books\",\"isPartOf\":{\"@id\":\"https:\/\/akiarabooks.com\/pt\/#website\"},\"primaryImageOfPage\":{\"@id\":\"https:\/\/akiarabooks.com\/pt\/livro\/o-neto-do-condor\/#primaryimage\"},\"image\":{\"@id\":\"https:\/\/akiarabooks.com\/pt\/livro\/o-neto-do-condor\/#primaryimage\"},\"thumbnailUrl\":\"https:\/\/akiarabooks.com\/wp-content\/uploads\/2021\/05\/AKINARRA-3-O-neto-do-Condor-capa-PT.jpg\",\"datePublished\":\"2021-05-25T08:20:56+00:00\",\"dateModified\":\"2021-08-28T11:36:57+00:00\",\"breadcrumb\":{\"@id\":\"https:\/\/akiarabooks.com\/pt\/livro\/o-neto-do-condor\/#breadcrumb\"},\"inLanguage\":\"pt\",\"potentialAction\":[{\"@type\":\"ReadAction\",\"target\":[\"https:\/\/akiarabooks.com\/pt\/livro\/o-neto-do-condor\/\"]}]},{\"@type\":\"ImageObject\",\"inLanguage\":\"pt\",\"@id\":\"https:\/\/akiarabooks.com\/pt\/livro\/o-neto-do-condor\/#primaryimage\",\"url\":\"https:\/\/akiarabooks.com\/wp-content\/uploads\/2021\/05\/AKINARRA-3-O-neto-do-Condor-capa-PT.jpg\",\"contentUrl\":\"https:\/\/akiarabooks.com\/wp-content\/uploads\/2021\/05\/AKINARRA-3-O-neto-do-Condor-capa-PT.jpg\",\"width\":1435,\"height\":2357},{\"@type\":\"BreadcrumbList\",\"@id\":\"https:\/\/akiarabooks.com\/pt\/livro\/o-neto-do-condor\/#breadcrumb\",\"itemListElement\":[{\"@type\":\"ListItem\",\"position\":1,\"name\":\"Inici\",\"item\":\"https:\/\/akiarabooks.com\/pt\/\"},{\"@type\":\"ListItem\",\"position\":2,\"name\":\"Livros\",\"item\":\"https:\/\/akiarabooks.com\/pt\/livros\/\"},{\"@type\":\"ListItem\",\"position\":3,\"name\":\"O neto do Condor\"}]},{\"@type\":\"WebSite\",\"@id\":\"https:\/\/akiarabooks.com\/pt\/#website\",\"url\":\"https:\/\/akiarabooks.com\/pt\/\",\"name\":\"AKIARA books\",\"description\":\"Llibres inspiradors per a petits i grans\",\"publisher\":{\"@id\":\"https:\/\/akiarabooks.com\/pt\/#organization\"},\"potentialAction\":[{\"@type\":\"SearchAction\",\"target\":{\"@type\":\"EntryPoint\",\"urlTemplate\":\"https:\/\/akiarabooks.com\/pt\/?s={search_term_string}\"},\"query-input\":{\"@type\":\"PropertyValueSpecification\",\"valueRequired\":true,\"valueName\":\"search_term_string\"}}],\"inLanguage\":\"pt\"},{\"@type\":\"Organization\",\"@id\":\"https:\/\/akiarabooks.com\/pt\/#organization\",\"name\":\"AKIARA books\",\"url\":\"https:\/\/akiarabooks.com\/pt\/\",\"logo\":{\"@type\":\"ImageObject\",\"inLanguage\":\"pt\",\"@id\":\"https:\/\/akiarabooks.com\/pt\/#\/schema\/logo\/image\/\",\"url\":\"https:\/\/akiarabooks.com\/wp-content\/uploads\/2018\/02\/cropped-akiara-black.png\",\"contentUrl\":\"https:\/\/akiarabooks.com\/wp-content\/uploads\/2018\/02\/cropped-akiara-black.png\",\"width\":520,\"height\":236,\"caption\":\"AKIARA books\"},\"image\":{\"@id\":\"https:\/\/akiarabooks.com\/pt\/#\/schema\/logo\/image\/\"}}]}<\/script>\n<!-- \/ Yoast SEO plugin. -->","yoast_head_json":{"title":"O neto do Condor - AKIARA books","robots":{"index":"index","follow":"follow","max-snippet":"max-snippet:-1","max-image-preview":"max-image-preview:large","max-video-preview":"max-video-preview:-1"},"canonical":"https:\/\/akiarabooks.com\/pt\/livro\/o-neto-do-condor\/","og_locale":"pt_PT","og_type":"article","og_title":"O neto do Condor - AKIARA books","og_description":"Um menino de dez anos chega sozinho a Barcelona, onde trabalha a sua m\u00e3e. Mas houve uma confus\u00e3o. Passam os dias e n\u00e3o&hellip;","og_url":"https:\/\/akiarabooks.com\/pt\/livro\/o-neto-do-condor\/","og_site_name":"AKIARA books","article_modified_time":"2021-08-28T11:36:57+00:00","og_image":[{"width":1435,"height":2357,"url":"https:\/\/akiarabooks.com\/wp-content\/uploads\/2021\/05\/AKINARRA-3-O-neto-do-Condor-capa-PT.jpg","type":"image\/jpeg"}],"twitter_card":"summary_large_image","twitter_misc":{"Est. reading time":"1 minute"},"schema":{"@context":"https:\/\/schema.org","@graph":[{"@type":"WebPage","@id":"https:\/\/akiarabooks.com\/pt\/livro\/o-neto-do-condor\/","url":"https:\/\/akiarabooks.com\/pt\/livro\/o-neto-do-condor\/","name":"O neto do Condor - AKIARA books","isPartOf":{"@id":"https:\/\/akiarabooks.com\/pt\/#website"},"primaryImageOfPage":{"@id":"https:\/\/akiarabooks.com\/pt\/livro\/o-neto-do-condor\/#primaryimage"},"image":{"@id":"https:\/\/akiarabooks.com\/pt\/livro\/o-neto-do-condor\/#primaryimage"},"thumbnailUrl":"https:\/\/akiarabooks.com\/wp-content\/uploads\/2021\/05\/AKINARRA-3-O-neto-do-Condor-capa-PT.jpg","datePublished":"2021-05-25T08:20:56+00:00","dateModified":"2021-08-28T11:36:57+00:00","breadcrumb":{"@id":"https:\/\/akiarabooks.com\/pt\/livro\/o-neto-do-condor\/#breadcrumb"},"inLanguage":"pt","potentialAction":[{"@type":"ReadAction","target":["https:\/\/akiarabooks.com\/pt\/livro\/o-neto-do-condor\/"]}]},{"@type":"ImageObject","inLanguage":"pt","@id":"https:\/\/akiarabooks.com\/pt\/livro\/o-neto-do-condor\/#primaryimage","url":"https:\/\/akiarabooks.com\/wp-content\/uploads\/2021\/05\/AKINARRA-3-O-neto-do-Condor-capa-PT.jpg","contentUrl":"https:\/\/akiarabooks.com\/wp-content\/uploads\/2021\/05\/AKINARRA-3-O-neto-do-Condor-capa-PT.jpg","width":1435,"height":2357},{"@type":"BreadcrumbList","@id":"https:\/\/akiarabooks.com\/pt\/livro\/o-neto-do-condor\/#breadcrumb","itemListElement":[{"@type":"ListItem","position":1,"name":"Inici","item":"https:\/\/akiarabooks.com\/pt\/"},{"@type":"ListItem","position":2,"name":"Livros","item":"https:\/\/akiarabooks.com\/pt\/livros\/"},{"@type":"ListItem","position":3,"name":"O neto do Condor"}]},{"@type":"WebSite","@id":"https:\/\/akiarabooks.com\/pt\/#website","url":"https:\/\/akiarabooks.com\/pt\/","name":"AKIARA books","description":"Llibres inspiradors per a petits i grans","publisher":{"@id":"https:\/\/akiarabooks.com\/pt\/#organization"},"potentialAction":[{"@type":"SearchAction","target":{"@type":"EntryPoint","urlTemplate":"https:\/\/akiarabooks.com\/pt\/?s={search_term_string}"},"query-input":{"@type":"PropertyValueSpecification","valueRequired":true,"valueName":"search_term_string"}}],"inLanguage":"pt"},{"@type":"Organization","@id":"https:\/\/akiarabooks.com\/pt\/#organization","name":"AKIARA books","url":"https:\/\/akiarabooks.com\/pt\/","logo":{"@type":"ImageObject","inLanguage":"pt","@id":"https:\/\/akiarabooks.com\/pt\/#\/schema\/logo\/image\/","url":"https:\/\/akiarabooks.com\/wp-content\/uploads\/2018\/02\/cropped-akiara-black.png","contentUrl":"https:\/\/akiarabooks.com\/wp-content\/uploads\/2018\/02\/cropped-akiara-black.png","width":520,"height":236,"caption":"AKIARA books"},"image":{"@id":"https:\/\/akiarabooks.com\/pt\/#\/schema\/logo\/image\/"}}]}},"_links":{"self":[{"href":"https:\/\/akiarabooks.com\/pt\/wp-json\/wp\/v2\/product\/9438","targetHints":{"allow":["GET"]}}],"collection":[{"href":"https:\/\/akiarabooks.com\/pt\/wp-json\/wp\/v2\/product"}],"about":[{"href":"https:\/\/akiarabooks.com\/pt\/wp-json\/wp\/v2\/types\/product"}],"replies":[{"embeddable":true,"href":"https:\/\/akiarabooks.com\/pt\/wp-json\/wp\/v2\/comments?post=9438"}],"wp:featuredmedia":[{"embeddable":true,"href":"https:\/\/akiarabooks.com\/pt\/wp-json\/wp\/v2\/media\/9439"}],"wp:attachment":[{"href":"https:\/\/akiarabooks.com\/pt\/wp-json\/wp\/v2\/media?parent=9438"}],"wp:term":[{"taxonomy":"product_brand","embeddable":true,"href":"https:\/\/akiarabooks.com\/pt\/wp-json\/wp\/v2\/product_brand?post=9438"},{"taxonomy":"product_cat","embeddable":true,"href":"https:\/\/akiarabooks.com\/pt\/wp-json\/wp\/v2\/product_cat?post=9438"},{"taxonomy":"product_tag","embeddable":true,"href":"https:\/\/akiarabooks.com\/pt\/wp-json\/wp\/v2\/product_tag?post=9438"}],"curies":[{"name":"wp","href":"https:\/\/api.w.org\/{rel}","templated":true}]}}